{"id":11962,"date":"2024-09-19T17:43:35","date_gmt":"2024-09-19T09:43:35","guid":{"rendered":"https:\/\/pecpets.com\/?post_type=product&#038;p=11962"},"modified":"2024-10-23T17:40:45","modified_gmt":"2024-10-23T09:40:45","slug":"waterproof-stormsuit-warm-pet-dog-clothing","status":"publish","type":"product","link":"https:\/\/pecpets.com\/pl\/product\/waterproof-stormsuit-warm-pet-dog-clothing\/","title":{"rendered":"Wodoodporny kombinezon przeciwdeszczowy Ciep\u0142a odzie\u017c dla psa"},"content":{"rendered":"<h2>Hurtownia wodoodpornych i ciep\u0142ych ubra\u0144 dla ps\u00f3w - fabryczne noside\u0142ka i akcesoria dla ps\u00f3w w podr\u00f3\u017cy<\/h2>\n<table style=\"border-collapse: collapse; background-color: #ffffff; width: 332px; height: 312px;\" border=\"1\">\n<tbody>\n<tr>\n<td style=\"font-family: Verdana, Arial, Helvetica, sans-serif; font-size: 12px; color: #000000; margin: 8px; width: 187px; text-align: center;\"><span style=\"line-height: 21px; font-size: 14px;\">Nazwa produktu<\/span><\/td>\n<td style=\"font-family: Verdana, Arial, Helvetica, sans-serif; font-size: 12px; color: #000000; margin: 8px; width: 526px; text-align: center;\">P\u0142aszcz dla zwierz\u0105t<\/td>\n<\/tr>\n<tr>\n<td style=\"font-family: Verdana, Arial, Helvetica, sans-serif; font-size: 12px; color: #000000; margin: 8px; width: 187px; text-align: center;\"><span style=\"line-height: 21px; font-size: 14px;\">Pozycja nr.<\/span><\/td>\n<td style=\"font-family: Verdana, Arial, Helvetica, sans-serif; font-size: 12px; color: #000000; margin: 8px; width: 526px; text-align: center;\"><span style=\"line-height: 21px; font-size: 14px;\">P-C2014<\/span><\/td>\n<\/tr>\n<tr>\n<td style=\"font-family: Verdana, Arial, Helvetica, sans-serif; font-size: 12px; color: #000000; margin: 8px; width: 187px; text-align: center;\"><span style=\"line-height: 21px; color: #333333; font-family: Arial, Helvetica; font-size: 14px; font-style: normal; font-weight: 400; background-color: #ffffff; float: none; display: inline !important;\">Materia\u0142<\/span><\/td>\n<td style=\"font-family: Verdana, Arial, Helvetica, sans-serif; font-size: 12px; color: #000000; margin: 8px; width: 526px; text-align: center;\">Bawe\u0142na, poliester, ramia<\/td>\n<\/tr>\n<tr>\n<td style=\"font-family: Verdana, Arial, Helvetica, sans-serif; font-size: 12px; color: #000000; margin: 8px; width: 187px; text-align: center;\"><span style=\"line-height: 21px; font-size: 14px;\">\u00a0Rozmiar<\/span><\/td>\n<td style=\"font-family: Verdana, Arial, Helvetica, sans-serif; font-size: 12px; color: #000000; margin: 8px; width: 526px; text-align: center;\"><span style=\"font-size: 14px;\">Rozmiar niestandardowy<\/span><\/td>\n<\/tr>\n<tr>\n<td style=\"font-family: Verdana, Arial, Helvetica, sans-serif; font-size: 12px; color: #000000; margin: 8px; width: 187px; text-align: center;\"><span style=\"line-height: 21px; font-size: 14px;\">\u00a0Kolor<\/span><\/td>\n<td style=\"font-family: Verdana, Arial, Helvetica, sans-serif; font-size: 12px; color: #000000; margin: 8px; width: 526px; text-align: center;\"><span style=\"line-height: 21px; font-size: 14px;\">Kolor niestandardowy\u00a0<\/span><\/td>\n<\/tr>\n<tr>\n<td style=\"font-family: Verdana, Arial, Helvetica, sans-serif; font-size: 12px; color: #000000; margin: 8px; width: 187px; text-align: center;\"><span style=\"line-height: 21px; font-size: 14px;\">\u00a0<span style=\"line-height: 21px; color: #333333; font-family: Arial, Helvetica; font-size: 14px; font-style: normal; font-weight: 400; background-color: #ffffff; float: none; display: inline !important;\">Typ zwierz\u0119cia<\/span><\/span><\/td>\n<td style=\"font-family: Verdana, Arial, Helvetica, sans-serif; font-size: 12px; color: #000000; margin: 8px; width: 526px; text-align: center;\"><span style=\"line-height: 21px; font-size: 14px;\">\u00a0Ca\u0142y pies<\/span><\/td>\n<\/tr>\n<tr>\n<td style=\"font-family: Verdana, Arial, Helvetica, sans-serif; font-size: 12px; color: #000000; margin: 8px; width: 187px; text-align: center;\"><span style=\"line-height: 21px; font-size: 14px;\">\u00a0<span style=\"line-height: 21px; color: #333333; font-family: Arial, Helvetica; font-size: 14px; font-style: normal; font-weight: 400; background-color: #ffffff; float: none; display: inline !important;\">Czas dostawy<\/span><\/span><\/td>\n<td style=\"font-family: Verdana, Arial, Helvetica, sans-serif; font-size: 12px; color: #000000; margin: 8px; width: 526px; text-align: center;\"><span style=\"line-height: 21px; font-size: 14px;\"><span style=\"line-height: 21px; color: #000000; font-family: Verdana, Arial, Helvetica, sans-serif; font-size: 14px; font-style: normal; font-weight: 400; background-color: #ffffff; float: none; display: inline !important;\">1-5 dni dla ma\u0142ych ilo\u015bci drog\u0105 lotnicz\u0105 i 30-35 dni dla du\u017cych ilo\u015bci drog\u0105 morsk\u0105<\/span>\u00a0<\/span><\/td>\n<\/tr>\n<tr>\n<td style=\"font-family: Verdana, Arial, Helvetica, sans-serif; font-size: 12px; color: #000000; margin: 8px; width: 187px; text-align: center;\"><span style=\"line-height: 21px; font-size: 14px;\">\u00a0<span style=\"line-height: 21px; color: #333333; font-family: Arial, Helvetica; font-size: 14px; font-style: normal; font-weight: 400; background-color: #ffffff; float: none; display: inline !important;\">Port wysy\u0142ki<\/span><\/span><\/td>\n<td style=\"font-family: Verdana, Arial, Helvetica, sans-serif; font-size: 12px; color: #000000; margin: 8px; width: 526px; text-align: center;\"><span style=\"line-height: 21px; font-size: 14px;\">Xiamen\u00a0<\/span><\/td>\n<\/tr>\n<tr>\n<td style=\"font-family: Verdana, Arial, Helvetica, sans-serif; font-size: 12px; color: #000000; margin: 8px; width: 187px; text-align: center;\"><span style=\"line-height: 21px; font-size: 14px;\">\u00a0<span style=\"line-height: 21px; color: #333333; font-family: Arial, Helvetica; font-size: 14px; font-style: normal; font-weight: 400; background-color: #ffffff; float: none; display: inline !important;\">OEM\/ODM<\/span><\/span><\/td>\n<td style=\"font-family: Verdana, Arial, Helvetica, sans-serif; font-size: 12px; color: #000000; margin: 8px; width: 526px; text-align: center;\"><span style=\"line-height: 21px; font-size: 14px;\">\u00a0<span style=\"line-height: 21px; color: #333333; font-family: Arial, Helvetica; font-size: 14px; font-style: normal; font-weight: 400; background-color: #ffffff; float: none; display: inline !important;\">Dost\u0119pne<\/span><\/span><\/td>\n<\/tr>\n<tr>\n<td style=\"font-family: Verdana, Arial, Helvetica, sans-serif; font-size: 12px; color: #000000; margin: 8px; width: 187px; text-align: center;\"><span style=\"line-height: 21px; font-size: 14px;\">\u00a0<span style=\"line-height: 21px; color: #333333; font-family: Arial, Helvetica; font-size: 14px; font-style: normal; font-weight: 400; background-color: #ffffff; float: none; display: inline !important;\">Pakiet<\/span><\/span><\/td>\n<td style=\"font-family: Verdana, Arial, Helvetica, sans-serif; font-size: 12px; color: #000000; margin: 8px; width: 526px; text-align: center;\"><span style=\"line-height: 21px; font-size: 14px;\"><span style=\"line-height: 21px; color: #333333; font-family: Arial, Helvetica; font-size: 14px; font-style: normal; font-weight: 400; background-color: #ffffff; float: none; display: inline !important;\">Ka\u017cdy zapakowany w PPB, a nast\u0119pnie w karton lub wed\u0142ug potrzeb<\/span><\/span><\/td>\n<\/tr>\n<\/tbody>\n<\/table>\n<p>Przygotuj swojego zwierzaka na zimowe przygody dzi\u0119ki naszym zimowym p\u0142aszczom OEM\/ODM dla zwierz\u0105t domowych, zaprojektowanym tak, aby zapewni\u0107 ciep\u0142o, wygod\u0119 i styl w ch\u0142odniejszych miesi\u0105cach. P\u0142aszcze te s\u0105 idealne dla zwierz\u0105t, kt\u00f3re kochaj\u0105 sp\u0119dza\u0107 czas na \u015bwie\u017cym powietrzu i potrzebuj\u0105 dodatkowej ochrony przed \u017cywio\u0142ami. Jako wiod\u0105ca hurtownia oferujemy opcje dostosowywania tych wysokiej jako\u015bci p\u0142aszczy dla zwierz\u0105t domowych, zapewniaj\u0105c, \u017ce spe\u0142niaj\u0105 one specyficzne potrzeby Twojej firmy i klient\u00f3w.<\/p>\n<p><strong>Kluczowe cechy:<\/strong><\/p>\n<ul>\n<li><strong>Konfigurowalna us\u0142uga OEM\/ODM:<\/strong>\u00a0Wsp\u00f3\u0142pracuj z naszym zespo\u0142em, aby stworzy\u0107 unikalny projekt lub doda\u0107 logo swojej marki do tych zimowych p\u0142aszczy dla zwierz\u0105t.<\/li>\n<li><strong>Konstrukcja gotowa na zim\u0119:<\/strong>\u00a0Specjalnie zaprojektowany, aby wytrzyma\u0107 niskie temperatury i chroni\u0107 zwierz\u0119ta przed trudnymi zimowymi warunkami pogodowymi.<\/li>\n<li><strong>Trwa\u0142y i wodoodporny:<\/strong>\u00a0Wykonane z trwa\u0142ych materia\u0142\u00f3w, kt\u00f3re s\u0105 r\u00f3wnie\u017c wodoodporne, zapewniaj\u0105c zwierz\u0119tom sucho\u015b\u0107 i wygod\u0119.<\/li>\n<li><strong>Oddychaj\u0105ce i ciep\u0142e:<\/strong>\u00a0Posiada oddychaj\u0105c\u0105, ale izolowan\u0105 konstrukcj\u0119, kt\u00f3ra zapewnia zwierz\u0119tom ciep\u0142o bez przegrzania.<\/li>\n<li><strong>Sprzeda\u017c hurtowa i Factory Direct:<\/strong>\u00a0Dost\u0119pne do zakupu hurtowego bezpo\u015brednio z naszej fabryki, zapewniaj\u0105c jako\u015b\u0107 i op\u0142acalno\u015b\u0107.<\/li>\n<\/ul>\n<p><strong>Korzy\u015bci dla sprzedawc\u00f3w detalicznych:<\/strong><\/p>\n<ul>\n<li><strong>Ceny hurtowe:<\/strong>\u00a0Skorzystaj z bezpo\u015brednich cen fabrycznych, dzi\u0119ki czemu mo\u017cesz oferowa\u0107 wysokiej jako\u015bci odzie\u017c dla zwierz\u0105t w konkurencyjnych cenach.<\/li>\n<li><strong>Opcje dostosowywania:<\/strong>\u00a0Zaoferuj swoim klientom spersonalizowany produkt z opcjami dostosowywania, kt\u00f3re odzwierciedlaj\u0105 ich styl.<\/li>\n<li><strong>Zapewnienie jako\u015bci:<\/strong>\u00a0Ka\u017cdy p\u0142aszcz jest produkowany zgodnie z rygorystycznymi standardami jako\u015bci, zapewniaj\u0105c trwa\u0142o\u015b\u0107 i funkcjonalno\u015b\u0107.<\/li>\n<li><strong>Efektywna wysy\u0142ka:<\/strong>\u00a0Polegaj na naszym wydajnym \u0142a\u0144cuchu dostaw, aby terminowo realizowa\u0107 zam\u00f3wienia hurtowe i utrzymywa\u0107 zapasy na odpowiednim poziomie.<\/li>\n<\/ul>\n<p><strong>Wzboga\u0107 swoj\u0105 ofert\u0119 odzie\u017cy dla zwierz\u0105t domowych dzi\u0119ki naszym zimowym p\u0142aszczom OEM\/ODM dla zwierz\u0105t domowych - idealnym dla sprzedawc\u00f3w detalicznych, kt\u00f3rzy chc\u0105 zapewni\u0107 funkcjonaln\u0105 i modn\u0105 odzie\u017c dla zwierz\u0105t domowych.<\/strong> Skontaktuj si\u0119 z nami ju\u017c dzi\u015b, aby pozna\u0107 nasze mo\u017cliwo\u015bci sprzeda\u017cy hurtowej i wnie\u015b\u0107 odrobin\u0119 luksusu do zimowej garderoby Twojego pupila.<\/p>","protected":false},"excerpt":{"rendered":"<h2>Fabryczne podr\u00f3\u017cne noside\u0142ka dla ps\u00f3w i akcesoria<\/h2>\n<p>Poznaj OEMODM Winter Pet Outdoor Apparel Coat.<\/p>\n<p>Sklep <span style=\"color: #ff0000;\"><a style=\"color: #ff0000;\" href=\"https:\/\/pecpets.com\/pl\/kategoria-produktu\/pet-clothing\/\" target=\"_blank\" rel=\"noopener\">hurtowa odzie\u017c dla zwierz\u0105t<\/a><\/span> z fabryki za bezkonkurencyjn\u0105 cen\u0119 i jako\u015b\u0107.<\/p>","protected":false},"featured_media":11990,"template":"","meta":{"_seopress_robots_primary_cat":"none","_seopress_titles_title":"Waterproof Stormsuit Warm Pet Dog Clothing","_seopress_titles_desc":"Explore Waterproof Stormsuit Warm Pet Dog Clothing. Shop wholesale pet clothes from the factory for unbeatable prices and quality.","_seopress_robots_index":"","_uag_custom_page_level_css":""},"product_brand":[],"product_cat":[364,342,23],"product_tag":[],"class_list":{"0":"post-11962","1":"product","2":"type-product","3":"status-publish","4":"has-post-thumbnail","6":"product_cat-basic-dog-clothing","7":"product_cat-pet-coat","8":"product_cat-pet-clothing","10":"first","11":"instock","12":"shipping-taxable","13":"product-type-simple"},"uagb_featured_image_src":{"full":["https:\/\/pecpets.com\/wp-content\/uploads\/2024\/09\/75eb1b8d-fd3e-4737-bf37-f1d23f28944a.jpeg",800,800,false],"thumbnail":["https:\/\/pecpets.com\/wp-content\/uploads\/2024\/09\/75eb1b8d-fd3e-4737-bf37-f1d23f28944a-150x150.jpeg",150,150,true],"medium":["https:\/\/pecpets.com\/wp-content\/uploads\/2024\/09\/75eb1b8d-fd3e-4737-bf37-f1d23f28944a-300x300.jpeg",300,300,true],"medium_large":["https:\/\/pecpets.com\/wp-content\/uploads\/2024\/09\/75eb1b8d-fd3e-4737-bf37-f1d23f28944a-768x768.jpeg",768,768,true],"large":["https:\/\/pecpets.com\/wp-content\/uploads\/2024\/09\/75eb1b8d-fd3e-4737-bf37-f1d23f28944a.jpeg",800,800,false],"1536x1536":["https:\/\/pecpets.com\/wp-content\/uploads\/2024\/09\/75eb1b8d-fd3e-4737-bf37-f1d23f28944a.jpeg",800,800,false],"2048x2048":["https:\/\/pecpets.com\/wp-content\/uploads\/2024\/09\/75eb1b8d-fd3e-4737-bf37-f1d23f28944a.jpeg",800,800,false],"trp-custom-language-flag":["https:\/\/pecpets.com\/wp-content\/uploads\/2024\/09\/75eb1b8d-fd3e-4737-bf37-f1d23f28944a-12x12.jpeg",12,12,true],"woocommerce_thumbnail":["https:\/\/pecpets.com\/wp-content\/uploads\/2024\/09\/75eb1b8d-fd3e-4737-bf37-f1d23f28944a-300x300.jpeg",300,300,true],"woocommerce_single":["https:\/\/pecpets.com\/wp-content\/uploads\/2024\/09\/75eb1b8d-fd3e-4737-bf37-f1d23f28944a-600x600.jpeg",600,600,true],"woocommerce_gallery_thumbnail":["https:\/\/pecpets.com\/wp-content\/uploads\/2024\/09\/75eb1b8d-fd3e-4737-bf37-f1d23f28944a-100x100.jpeg",100,100,true]},"uagb_author_info":{"display_name":"Lawrence\u00a0\u52b3\u4f26\u65af","author_link":"https:\/\/pecpets.com\/pl\/author\/"},"uagb_comment_info":0,"uagb_excerpt":"Factory Direct Travel Dog Carriers and Accessories Explore OEMODM Winter Pet Outdoor Apparel Coat. Shop wholesale pet clothes from the factory for unbeatable prices and quality.","_links":{"self":[{"href":"https:\/\/pecpets.com\/pl\/wp-json\/wp\/v2\/product\/11962","targetHints":{"allow":["GET"]}}],"collection":[{"href":"https:\/\/pecpets.com\/pl\/wp-json\/wp\/v2\/product"}],"about":[{"href":"https:\/\/pecpets.com\/pl\/wp-json\/wp\/v2\/types\/product"}],"wp:featuredmedia":[{"embeddable":true,"href":"https:\/\/pecpets.com\/pl\/wp-json\/wp\/v2\/media\/11990"}],"wp:attachment":[{"href":"https:\/\/pecpets.com\/pl\/wp-json\/wp\/v2\/media?parent=11962"}],"wp:term":[{"taxonomy":"product_brand","embeddable":true,"href":"https:\/\/pecpets.com\/pl\/wp-json\/wp\/v2\/product_brand?post=11962"},{"taxonomy":"product_cat","embeddable":true,"href":"https:\/\/pecpets.com\/pl\/wp-json\/wp\/v2\/product_cat?post=11962"},{"taxonomy":"product_tag","embeddable":true,"href":"https:\/\/pecpets.com\/pl\/wp-json\/wp\/v2\/product_tag?post=11962"}],"curies":[{"name":"wp","href":"https:\/\/api.w.org\/{rel}","templated":true}]}}