{"id":1693,"date":"2022-07-15T16:38:50","date_gmt":"2022-07-15T08:38:50","guid":{"rendered":"https:\/\/pecpets.com\/?post_type=product&#038;p=1693"},"modified":"2024-06-15T14:11:27","modified_gmt":"2024-06-15T06:11:27","slug":"squeaky-sound-dog-toy","status":"publish","type":"product","link":"https:\/\/pecpets.com\/pl\/product\/squeaky-sound-dog-toy\/","title":{"rendered":"Piszcz\u0105ca zabawka dla psa"},"content":{"rendered":"<h2>Dog Chew Toy<\/h2>\n<p>The toy that the doggy can enjoy it outdoor or indoor. Doggy plays this toy all the time, it will increase doggy&#8217;s IQ and relieve the anxiety in daily life, the best way to burn doggy&#8217;s excess energy, let the stress out of doggy&#8217;s life. Also, it can prevent your furniture and clothes from a real &#8220;war&#8221; in your home.<\/p>\n<p><span style=\"color: #ff0000;\"><strong>Length: 5.91in Width: 5.91in Height: 3.46in Weight: 8.48oz<\/strong><\/span><\/p>\n<p><span style=\"color: #ff9900;\"><strong>[Toy with sound]<\/strong><\/span> We put the sound device inside the toy, during doggy&#8217;s chewing time, you can hear the sound from those generators squeak, attracting doggy&#8217;s attention.<\/p>\n<p><span style=\"color: #ff9900;\"><strong>[Frisbee function]<\/strong><\/span> We can use our toy as a Frisbee toy, the owner can throw it away, let doggy pick it back to you, then we can try to do it over and over repeatedly, it is the key to make the relationship bond between you and your pet stronger, training your doggy, bringing different experiences to your buddy.<\/p>\n<p><span style=\"color: #ff9900;\"><strong>[Durable and hard to destroy]<\/strong><\/span> This doggy toy can&#8217;t be easily destroyed broken smashed, the round shape is high hardness nylon material, the spherical body is made of high tenacity soft TPR material, our toy is for big size doggies medium size doggies or small cutie or else, even using it for a long time, it can&#8217;t be easily broken. You can squeeze doggy-toothpaste on the toy&#8217;s teeth grinding points for attracting doggy&#8217;s attention. Cleaning teeth in a better way, a true way to let doggy brush teeth by itself.<\/p>\n<p><span style=\"color: #ff9900;\"><strong>[Easy to use, using it as Interaction training ball]<\/strong><\/span> When the doggy is swimming, the owner can throw the ball away and let buddy pick it back to you, enjoying the water sports, especially the interaction training with doggy. developing a close relationship with your doggy. But considering the doggy&#8217;s health, we recommend 20-30 mins for every single day to enjoy this game with your lovely one.<\/p>\n<p><span style=\"color: #ff9900;\"><strong>[Multifunctional doggy toy]<\/strong><\/span> This is the multifunctional doggy chewing toy for teeth grinding, a combination of teeth grinding function cleaning teeth frisbee sound entertaining and else functions. The toy brings endless fun to doggies.<\/p>\n<p><span style=\"color: #ff9900;\"><strong>[Teeth grinding &amp; cleaning]<\/strong><\/span> The whole brand new design irregular soft teeth grinding cubes, ring shape hard curved surface, cleaning doggy&#8217;s incisors, sharp teeth, molars during playing from all ways, effective way to remove dental calculus and clean the dirt, protecting buddy&#8217;s dental health, a true believer in saving doggy&#8217;s oral health.<\/p>\n","protected":false},"excerpt":{"rendered":"<h3 data-spm-anchor-id=\"a2700.wholesale.0.i20.695d64e6pLf37Y\"><span style=\"color: #000000;\"><strong>Zabawki do \u017cucia dla agresywnych ps\u00f3w Trwa\u0142a gumowa szczoteczka do z\u0119b\u00f3w Interaktywny dinozaur Twarde zabawki dla ma\u0142ego psa<\/strong><\/span><\/h3>\n<h2 class=\"EllipsisTextContainer-wz2pam-1 ihPcpc\"><\/h2>","protected":false},"featured_media":1694,"template":"","meta":{"_seopress_robots_primary_cat":"none","_seopress_titles_title":"Pet Toy:Dog Chew Toy - Professional Pet Product Manufacturer","_seopress_titles_desc":"Explore our durable dog chew toy designed for long-lasting use. Ideal for wholesalers, factories, and manufacturers looking for premium pet accessories.","_seopress_robots_index":"","_uag_custom_page_level_css":""},"product_brand":[],"product_cat":[29],"product_tag":[169,170,168],"class_list":{"0":"post-1693","1":"product","2":"type-product","3":"status-publish","4":"has-post-thumbnail","6":"product_cat-pet-toys","7":"product_tag-dog-toy","8":"product_tag-food-toy","9":"product_tag-pet-toy","11":"first","12":"instock","13":"shipping-taxable","14":"product-type-simple"},"uagb_featured_image_src":{"full":["https:\/\/pecpets.com\/wp-content\/uploads\/2022\/07\/\u8be6\u60c5-20.jpg",1600,1600,false],"thumbnail":["https:\/\/pecpets.com\/wp-content\/uploads\/2022\/07\/\u8be6\u60c5-20.jpg",150,150,false],"medium":["https:\/\/pecpets.com\/wp-content\/uploads\/2022\/07\/\u8be6\u60c5-20.jpg",300,300,false],"medium_large":["https:\/\/pecpets.com\/wp-content\/uploads\/2022\/07\/\u8be6\u60c5-20.jpg",768,768,false],"large":["https:\/\/pecpets.com\/wp-content\/uploads\/2022\/07\/\u8be6\u60c5-20.jpg",800,800,false],"1536x1536":["https:\/\/pecpets.com\/wp-content\/uploads\/2022\/07\/\u8be6\u60c5-20.jpg",1536,1536,false],"2048x2048":["https:\/\/pecpets.com\/wp-content\/uploads\/2022\/07\/\u8be6\u60c5-20.jpg",1600,1600,false],"trp-custom-language-flag":["https:\/\/pecpets.com\/wp-content\/uploads\/2022\/07\/\u8be6\u60c5-20.jpg",12,12,false],"woocommerce_thumbnail":["https:\/\/pecpets.com\/wp-content\/uploads\/2022\/07\/\u8be6\u60c5-20.jpg",300,300,false],"woocommerce_single":["https:\/\/pecpets.com\/wp-content\/uploads\/2022\/07\/\u8be6\u60c5-20.jpg",600,600,false],"woocommerce_gallery_thumbnail":["https:\/\/pecpets.com\/wp-content\/uploads\/2022\/07\/\u8be6\u60c5-20.jpg",100,100,false]},"uagb_author_info":{"display_name":"Lawrence\u00a0\u52b3\u4f26\u65af","author_link":"https:\/\/pecpets.com\/pl\/author\/"},"uagb_comment_info":0,"uagb_excerpt":"Dog Chew Toys for Aggressive Chewers Durable Rubber Toothbrush Toy Interactive Dinosaur Tough Dog Toys for Small Dog","_links":{"self":[{"href":"https:\/\/pecpets.com\/pl\/wp-json\/wp\/v2\/product\/1693","targetHints":{"allow":["GET"]}}],"collection":[{"href":"https:\/\/pecpets.com\/pl\/wp-json\/wp\/v2\/product"}],"about":[{"href":"https:\/\/pecpets.com\/pl\/wp-json\/wp\/v2\/types\/product"}],"wp:featuredmedia":[{"embeddable":true,"href":"https:\/\/pecpets.com\/pl\/wp-json\/wp\/v2\/media\/1694"}],"wp:attachment":[{"href":"https:\/\/pecpets.com\/pl\/wp-json\/wp\/v2\/media?parent=1693"}],"wp:term":[{"taxonomy":"product_brand","embeddable":true,"href":"https:\/\/pecpets.com\/pl\/wp-json\/wp\/v2\/product_brand?post=1693"},{"taxonomy":"product_cat","embeddable":true,"href":"https:\/\/pecpets.com\/pl\/wp-json\/wp\/v2\/product_cat?post=1693"},{"taxonomy":"product_tag","embeddable":true,"href":"https:\/\/pecpets.com\/pl\/wp-json\/wp\/v2\/product_tag?post=1693"}],"curies":[{"name":"wp","href":"https:\/\/api.w.org\/{rel}","templated":true}]}}