{"id":21835,"date":"2025-07-22T10:14:25","date_gmt":"2025-07-22T02:14:25","guid":{"rendered":"https:\/\/pecpets.com\/?post_type=product&#038;p=21835"},"modified":"2025-08-20T16:14:53","modified_gmt":"2025-08-20T08:14:53","slug":"affordable-dog-clothes-company","status":"publish","type":"product","link":"https:\/\/pecpets.com\/pl\/product\/affordable-dog-clothes-company\/","title":{"rendered":"Niedrogie ubranka dla ps\u00f3w"},"content":{"rendered":"<h5>China-Based Pet Apparel Factory &amp; Dog Clothes Manufacturer | Trusted Affordable Dog Clothes Company<\/h5>\n<p class=\"ds-markdown-paragraph\">Need a reliable, Affordable Dog Clothes Company?<\/p>\n<p class=\"ds-markdown-paragraph\">As an ISO-certified affordable dog clothes manufacturer in Fujian, we deliver premium pet apparel at unbeatable prices. Partner with our affordable dog clothes company for:<\/p>\n<div class=\"flex flex-grow flex-col max-w-full\">\n<div class=\"min-h-[20px] text-message flex flex-col items-start whitespace-pre-wrap break-words [.text-message+&amp;]:mt-5 juice:w-full juice:items-end overflow-x-auto gap-2\" dir=\"auto\" data-message-author-role=\"assistant\" data-message-id=\"0128ad4d-678a-477a-b363-469a57c3e696\">\n<div class=\"flex w-full flex-col gap-1 juice:empty:hidden juice:first:pt-[3px]\">\n<div class=\"markdown prose w-full break-words dark:prose-invert light\">\n<div class=\"paragraph\">\n<div class=\"paragraph\">\n<div class=\"paragraph\">\n<table style=\"height: 269px;\" width=\"287\">\n<tbody>\n<tr>\n<td width=\"137\"><span style=\"color: #333333;\">Product Name<\/span><\/td>\n<td width=\"151\"><span style=\"color: #333333;\">Pet Clothes<\/span><\/td>\n<\/tr>\n<tr>\n<td><span style=\"color: #333333;\">Item No.<\/span><\/td>\n<td><span style=\"color: #333333;\">P-C2183<\/span><\/td>\n<\/tr>\n<tr>\n<td><span style=\"color: #333333;\">Material<\/span><\/td>\n<td>Cotton, Polyester, Fleece<\/td>\n<\/tr>\n<tr>\n<td><span style=\"color: #333333;\">\u00a0Size and Color<\/span><\/td>\n<td><span style=\"color: #333333;\">Customized<\/span><\/td>\n<\/tr>\n<tr>\n<td><span style=\"color: #333333;\">\u00a0Delivery time<\/span><\/td>\n<td><span style=\"color: #333333;\">1- 5 days for small quantities by air and 30- 35 days for large quantities by sea<\/span><\/td>\n<\/tr>\n<\/tbody>\n<\/table>\n<p class=\"ds-markdown-paragraph\">\u2705 <strong>Cost Leadership<\/strong><br \/>\n\u2022 Factory-direct\u00a0affordable dog clothes wholesale\u00a0programs<br \/>\n\u2022 REACH-compliant, affordable dog clothes export<\/p>\n<p class=\"ds-markdown-paragraph\">\u2705\u00a0<strong>One-Stop Solutions<\/strong><br \/>\nAffordable dog clothes ODM\/OEM\u00a0+\u00a0private label<br \/>\nBasic designs MOQ 300 units<\/p>\n<p class=\"ds-markdown-paragraph\">\u2705\u00a0<strong>Company Advantages<\/strong><br \/>\n\u2192\u00a0Affordable dog clothes supplier\u00a0portal: Live order tracking<br \/>\n\u2192 FBA prep for\u00a0affordable dog clothes vendor\u00a0partners<br \/>\n\u2192 72hr sampling with free express shipping<br \/>\n\u2192 30-day deadstock exchange<\/p>\n<p class=\"ds-markdown-paragraph\"><strong>Why Global Retailers Choose Our China Company:<\/strong><br \/>\n\u2714 50% lower vs. Western suppliers<br \/>\n\u2714 OEKO-TEX\u00ae certified fabrics<br \/>\n\u2714 Carbon-neutral shipping options<br \/>\n\u2714 Dedicated QC team for\u00a0affordable dog clothes wholesaler\u00a0clients<\/p>\n<p class=\"ds-markdown-paragraph\">Your strategic\u00a0Affordable Dog Clothes Company\u00a0&#8211; combining quality, speed &amp; true bulk savings.<\/p>\n<p class=\"ds-markdown-paragraph\">Email for company catalog!<\/p>\n<\/div>\n<\/div>\n<\/div>\n<\/div>\n<\/div>\n<\/div>\n<\/div>\n","protected":false},"excerpt":{"rendered":"<h2 class=\"styles_productName__klctO\" data-testid=\"product-title-heading\">Niedrogie ubranka dla ps\u00f3w Retro Floral Camp<\/h2>\n<ul>\n<li>Ta koszula z ko\u0142nierzykiem campingowym ma jednolite t\u0142o w kolorze \u0142ososiowym z inspirowanym stylem retro wielokolorowym nadrukiem kwiatowym i ozdobnymi guzikami.<\/li>\n<li>Regulowane zapi\u0119cie na rzep z przodu u\u0142atwia zak\u0142adanie i zdejmowanie oraz pomaga zapewni\u0107 wygodne dopasowanie, a otw\u00f3r na smycz sprawia, \u017ce przerwy na nocnik s\u0105 dziecinnie proste.<\/li>\n<li>Lekki materia\u0142 mo\u017cna pra\u0107 w pralce, co u\u0142atwia czyszczenie.<\/li>\n<li>Dost\u0119pne w wielu rozmiarach, dzi\u0119ki czemu mo\u017cna znale\u017a\u0107 idealne dopasowanie dla swojego zwierzaka.<\/li>\n<\/ul>","protected":false},"featured_media":21839,"template":"","meta":{"_seopress_robots_primary_cat":"none","_seopress_titles_title":"Affordable Dog Clothes Company | China Manufacturer","_seopress_titles_desc":"As Affordable Dog Clothes Company Factory, we design premium knitwear for pets worldwide. Bulk orders, OEM services. Request free cozy samples today!","_seopress_robots_index":"","_uag_custom_page_level_css":""},"product_brand":[],"product_cat":[364,343,23],"product_tag":[],"class_list":{"0":"post-21835","1":"product","2":"type-product","3":"status-publish","4":"has-post-thumbnail","6":"product_cat-basic-dog-clothing","7":"product_cat-pet-shirts","8":"product_cat-pet-clothing","10":"first","11":"instock","12":"shipping-taxable","13":"product-type-simple"},"uagb_featured_image_src":{"full":["https:\/\/pecpets.com\/wp-content\/uploads\/2025\/07\/Affordable-Dog-Clothes-Company-2.jpg",561,600,false],"thumbnail":["https:\/\/pecpets.com\/wp-content\/uploads\/2025\/07\/Affordable-Dog-Clothes-Company-2-150x150.jpg",150,150,true],"medium":["https:\/\/pecpets.com\/wp-content\/uploads\/2025\/07\/Affordable-Dog-Clothes-Company-2-281x300.jpg",281,300,true],"medium_large":["https:\/\/pecpets.com\/wp-content\/uploads\/2025\/07\/Affordable-Dog-Clothes-Company-2.jpg",561,600,false],"large":["https:\/\/pecpets.com\/wp-content\/uploads\/2025\/07\/Affordable-Dog-Clothes-Company-2.jpg",561,600,false],"1536x1536":["https:\/\/pecpets.com\/wp-content\/uploads\/2025\/07\/Affordable-Dog-Clothes-Company-2.jpg",561,600,false],"2048x2048":["https:\/\/pecpets.com\/wp-content\/uploads\/2025\/07\/Affordable-Dog-Clothes-Company-2.jpg",561,600,false],"trp-custom-language-flag":["https:\/\/pecpets.com\/wp-content\/uploads\/2025\/07\/Affordable-Dog-Clothes-Company-2-11x12.jpg",11,12,true],"woocommerce_thumbnail":["https:\/\/pecpets.com\/wp-content\/uploads\/2025\/07\/Affordable-Dog-Clothes-Company-2-300x300.jpg",300,300,true],"woocommerce_single":["https:\/\/pecpets.com\/wp-content\/uploads\/2025\/07\/Affordable-Dog-Clothes-Company-2.jpg",561,600,false],"woocommerce_gallery_thumbnail":["https:\/\/pecpets.com\/wp-content\/uploads\/2025\/07\/Affordable-Dog-Clothes-Company-2-100x100.jpg",100,100,true]},"uagb_author_info":{"display_name":"Lawrence\u00a0\u52b3\u4f26\u65af","author_link":"https:\/\/pecpets.com\/pl\/author\/"},"uagb_comment_info":0,"uagb_excerpt":"Retro Floral Camp\u00a0Affordable Dog Clothes Company This camp-collar shirt features a solid salmon-colored background with a retro-inspired multicolor flower print and decorative buttons on a classic staple of summertime style. Adjustable hook-and-loop fastening down the front makes getting it on and off easy and helps secure a comfortable fit, while the leash hole makes potty&hellip;","_links":{"self":[{"href":"https:\/\/pecpets.com\/pl\/wp-json\/wp\/v2\/product\/21835","targetHints":{"allow":["GET"]}}],"collection":[{"href":"https:\/\/pecpets.com\/pl\/wp-json\/wp\/v2\/product"}],"about":[{"href":"https:\/\/pecpets.com\/pl\/wp-json\/wp\/v2\/types\/product"}],"wp:featuredmedia":[{"embeddable":true,"href":"https:\/\/pecpets.com\/pl\/wp-json\/wp\/v2\/media\/21839"}],"wp:attachment":[{"href":"https:\/\/pecpets.com\/pl\/wp-json\/wp\/v2\/media?parent=21835"}],"wp:term":[{"taxonomy":"product_brand","embeddable":true,"href":"https:\/\/pecpets.com\/pl\/wp-json\/wp\/v2\/product_brand?post=21835"},{"taxonomy":"product_cat","embeddable":true,"href":"https:\/\/pecpets.com\/pl\/wp-json\/wp\/v2\/product_cat?post=21835"},{"taxonomy":"product_tag","embeddable":true,"href":"https:\/\/pecpets.com\/pl\/wp-json\/wp\/v2\/product_tag?post=21835"}],"curies":[{"name":"wp","href":"https:\/\/api.w.org\/{rel}","templated":true}]}}