{"id":22139,"date":"2025-09-02T09:15:57","date_gmt":"2025-09-02T01:15:57","guid":{"rendered":"https:\/\/pecpets.com\/?post_type=product&#038;p=22139"},"modified":"2025-09-02T09:34:34","modified_gmt":"2025-09-02T01:34:34","slug":"dog-coats-for-winter","status":"publish","type":"product","link":"https:\/\/pecpets.com\/pl\/product\/dog-coats-for-winter\/","title":{"rendered":"P\u0142aszcze dla ps\u00f3w na zim\u0119"},"content":{"rendered":"<h3>Producent odzie\u017cy dla zwierz\u0105t | Fabryka kurtek wodoodpornych | P\u0142aszcze dla ps\u00f3w premium na zim\u0119<\/h3>\n<p data-start=\"307\" data-end=\"797\">Szukasz wysokiej jako\u015bci zimowej kurtki dla psa, kt\u00f3ra \u0142\u0105czy w sobie ciep\u0142o, wodoodporno\u015b\u0107 i styl?<\/p>\n<p data-start=\"307\" data-end=\"797\">Jako wiod\u0105cy producent odzie\u017cy dla zwierz\u0105t domowych i fabryka wodoodpornych kurtek w Chinach, specjalizujemy si\u0119 w produkcji trwa\u0142ych i wygodnych kurtek na rynki \u015bwiatowe.<\/p>\n<p data-start=\"307\" data-end=\"797\">Od masowej produkcji kurtek dla ps\u00f3w po projekty OEM, ODM i marki w\u0142asne, nasza fabryka cieszy si\u0119 zaufaniem sprzedawc\u00f3w detalicznych, dystrybutor\u00f3w i hurtownik\u00f3w na ca\u0142ym \u015bwiecie.<\/p>\n<p data-start=\"799\" data-end=\"1241\">Jako do\u015bwiadczona firma produkuj\u0105ca kurtki dla ps\u00f3w, dostarczamy innowacyjne projekty i niezawodn\u0105 jako\u015b\u0107.<\/p>\n<p data-start=\"799\" data-end=\"1241\">Nasz zesp\u00f3\u0142 zapewnia kompleksowe us\u0142ugi eksportu kurtek dla ps\u00f3w, umo\u017cliwiaj\u0105c klientom zaopatrywanie si\u0119 bezpo\u015brednio z Chin w op\u0142acalne rozwi\u0105zania.<\/p>\n<p data-start=\"799\" data-end=\"1241\">Niezale\u017cnie od tego, czy szukasz certyfikowanego producenta kurtek dla ps\u00f3w, dostawcy kurtek dla ps\u00f3w na du\u017c\u0105 skal\u0119, czy zaufanej fabryki kurtek dla ps\u00f3w, zapewniamy kompleksowe wsparcie dla ka\u017cdego modelu biznesowego.<\/p>\n<p data-start=\"1243\" data-end=\"1293\">\u2705<strong> Dlaczego warto z nami wsp\u00f3\u0142pracowa\u0107 w zakresie kurtek dla ps\u00f3w na zim\u0119?<\/strong>:<\/p>\n<ul data-start=\"1294\" data-end=\"1680\">\n<li data-start=\"1294\" data-end=\"1358\">\n<p data-start=\"1296\" data-end=\"1358\">Specjalizuje si\u0119 w hurtowych zam\u00f3wieniach kurtek dla ps\u00f3w z elastycznymi MOQ<\/p>\n<\/li>\n<li data-start=\"1359\" data-end=\"1431\">\n<p data-start=\"1361\" data-end=\"1431\">Pe\u0142na personalizacja OEM\/ODM kurtki dla psa i marka w\u0142asna<\/p>\n<\/li>\n<li data-start=\"1432\" data-end=\"1513\">\n<p data-start=\"1434\" data-end=\"1513\">Szybki i wydajny eksport kurtek dla ps\u00f3w z mi\u0119dzynarodowym wsparciem logistycznym<\/p>\n<\/li>\n<li data-start=\"1514\" data-end=\"1595\">\n<p data-start=\"1516\" data-end=\"1595\">Wysokiej jako\u015bci materia\u0142y: wodoodporne pow\u0142oki, podszewki termiczne i regulowane dopasowanie<\/p>\n<\/li>\n<li data-start=\"1596\" data-end=\"1680\">\n<p data-start=\"1598\" data-end=\"1680\">Zaufany sprzedawca kurtek dla ps\u00f3w i hurtownia kurtek dla ps\u00f3w dla globalnych sprzedawc\u00f3w detalicznych<\/p>\n<\/li>\n<\/ul>\n<p data-start=\"1682\" data-end=\"2003\">Nasze kurtki dla ps\u00f3w na zim\u0119 s\u0105 zaprojektowane z najwy\u017cszej jako\u015bci wodoodpornych materia\u0142\u00f3w, polaru lub wy\u015bcie\u0142anej izolacji i otwor\u00f3w przyjaznych dla uprz\u0119\u017cy - idealne na zimne klimaty.<\/p>\n<p data-start=\"1682\" data-end=\"2003\">Niezale\u017cnie od tego, czy jeste\u015b mark\u0105 butikow\u0105, czy hurtownikiem du\u017cych kurtek dla ps\u00f3w, nasz producent kurtek dla ps\u00f3w w Chinach zapewnia sta\u0142\u0105 jako\u015b\u0107 i szybk\u0105 dostaw\u0119.<\/p>\n<p data-start=\"2005\" data-end=\"2161\">Wsp\u00f3\u0142pracuj z nami ju\u017c dzi\u015b i odkryj, dlaczego tak wiele firm na ca\u0142ym \u015bwiecie wybiera nasz\u0105 fabryk\u0119 kurtek dla ps\u00f3w jako swojego partnera w zakresie kurtek dla ps\u00f3w na zim\u0119.<\/p>","protected":false},"excerpt":{"rendered":"<h2>P\u0142aszcze dla ps\u00f3w na zim\u0119<\/h2>\n<table width=\"288\">\n<tbody>\n<tr>\n<td width=\"137\"><span style=\"color: #333333;\">Nazwa produktu<\/span><\/td>\n<td width=\"151\"><span style=\"color: #333333;\">Odzie\u017c dla zwierz\u0105t<\/span><\/td>\n<\/tr>\n<tr>\n<td><span style=\"color: #333333;\">Pozycja nr.<\/span><\/td>\n<td><span style=\"color: #333333;\">P-C3003<\/span><\/td>\n<\/tr>\n<tr>\n<td><span style=\"color: #333333;\">Materia\u0142<\/span><\/td>\n<td>Bawe\u0142na, poliester, polar<\/td>\n<\/tr>\n<tr>\n<td><span style=\"color: #333333;\">\u00a0Rozmiar i kolor<\/span><\/td>\n<td><span style=\"color: #333333;\">Dostosowane<\/span><\/td>\n<\/tr>\n<tr>\n<td><span style=\"color: #333333;\">\u00a0Czas dostawy<\/span><\/td>\n<td><span style=\"color: #333333;\">1-5 dni dla ma\u0142ych ilo\u015bci drog\u0105 lotnicz\u0105 i 30-35 dni dla du\u017cych ilo\u015bci drog\u0105 morsk\u0105.<\/span><\/td>\n<\/tr>\n<\/tbody>\n<\/table>","protected":false},"featured_media":22143,"template":"","meta":{"_seopress_robots_primary_cat":"none","_seopress_titles_title":"High Quality Dog Coats for Winter\u200b | ODM & OEM Solutions","_seopress_titles_desc":"Are you looking for Dog Coats for Winter, we design premium knitwear for pets worldwide. Bulk orders, OEM services. Request free cozy samples today!","_seopress_robots_index":"","_uag_custom_page_level_css":""},"product_brand":[],"product_cat":[364,342,23],"product_tag":[],"class_list":{"0":"post-22139","1":"product","2":"type-product","3":"status-publish","4":"has-post-thumbnail","6":"product_cat-basic-dog-clothing","7":"product_cat-pet-coat","8":"product_cat-pet-clothing","10":"first","11":"instock","12":"shipping-taxable","13":"product-type-simple"},"uagb_featured_image_src":{"full":["https:\/\/pecpets.com\/wp-content\/uploads\/2025\/09\/f9e62651-b32c-4661-b166-2d4f58330c0b.jpeg",1200,1200,false],"thumbnail":["https:\/\/pecpets.com\/wp-content\/uploads\/2025\/09\/f9e62651-b32c-4661-b166-2d4f58330c0b-150x150.jpeg",150,150,true],"medium":["https:\/\/pecpets.com\/wp-content\/uploads\/2025\/09\/f9e62651-b32c-4661-b166-2d4f58330c0b-300x300.jpeg",300,300,true],"medium_large":["https:\/\/pecpets.com\/wp-content\/uploads\/2025\/09\/f9e62651-b32c-4661-b166-2d4f58330c0b-768x768.jpeg",768,768,true],"large":["https:\/\/pecpets.com\/wp-content\/uploads\/2025\/09\/f9e62651-b32c-4661-b166-2d4f58330c0b-1024x1024.jpeg",800,800,true],"1536x1536":["https:\/\/pecpets.com\/wp-content\/uploads\/2025\/09\/f9e62651-b32c-4661-b166-2d4f58330c0b.jpeg",1200,1200,false],"2048x2048":["https:\/\/pecpets.com\/wp-content\/uploads\/2025\/09\/f9e62651-b32c-4661-b166-2d4f58330c0b.jpeg",1200,1200,false],"trp-custom-language-flag":["https:\/\/pecpets.com\/wp-content\/uploads\/2025\/09\/f9e62651-b32c-4661-b166-2d4f58330c0b-12x12.jpeg",12,12,true],"woocommerce_thumbnail":["https:\/\/pecpets.com\/wp-content\/uploads\/2025\/09\/f9e62651-b32c-4661-b166-2d4f58330c0b-300x300.jpeg",300,300,true],"woocommerce_single":["https:\/\/pecpets.com\/wp-content\/uploads\/2025\/09\/f9e62651-b32c-4661-b166-2d4f58330c0b-600x600.jpeg",600,600,true],"woocommerce_gallery_thumbnail":["https:\/\/pecpets.com\/wp-content\/uploads\/2025\/09\/f9e62651-b32c-4661-b166-2d4f58330c0b-100x100.jpeg",100,100,true]},"uagb_author_info":{"display_name":"Lawrence\u00a0\u52b3\u4f26\u65af","author_link":"https:\/\/pecpets.com\/pl\/author\/"},"uagb_comment_info":0,"uagb_excerpt":"Dog Coats for Winter\u200b Product Name Pet Clothes Item No. P-C3003 Material Cotton, Polyester, Fleece \u00a0Size and Color Customized \u00a0Delivery time 1- 5 days for small quantities by air and 30- 35 days for large quantities by sea","_links":{"self":[{"href":"https:\/\/pecpets.com\/pl\/wp-json\/wp\/v2\/product\/22139","targetHints":{"allow":["GET"]}}],"collection":[{"href":"https:\/\/pecpets.com\/pl\/wp-json\/wp\/v2\/product"}],"about":[{"href":"https:\/\/pecpets.com\/pl\/wp-json\/wp\/v2\/types\/product"}],"wp:featuredmedia":[{"embeddable":true,"href":"https:\/\/pecpets.com\/pl\/wp-json\/wp\/v2\/media\/22143"}],"wp:attachment":[{"href":"https:\/\/pecpets.com\/pl\/wp-json\/wp\/v2\/media?parent=22139"}],"wp:term":[{"taxonomy":"product_brand","embeddable":true,"href":"https:\/\/pecpets.com\/pl\/wp-json\/wp\/v2\/product_brand?post=22139"},{"taxonomy":"product_cat","embeddable":true,"href":"https:\/\/pecpets.com\/pl\/wp-json\/wp\/v2\/product_cat?post=22139"},{"taxonomy":"product_tag","embeddable":true,"href":"https:\/\/pecpets.com\/pl\/wp-json\/wp\/v2\/product_tag?post=22139"}],"curies":[{"name":"wp","href":"https:\/\/api.w.org\/{rel}","templated":true}]}}