{"id":22147,"date":"2026-01-28T17:38:25","date_gmt":"2026-01-28T09:38:25","guid":{"rendered":"https:\/\/pecpets.com\/?post_type=product&#038;p=22147"},"modified":"2026-01-28T18:08:33","modified_gmt":"2026-01-28T10:08:33","slug":"fleece-dog-coats","status":"publish","type":"product","link":"https:\/\/pecpets.com\/pl\/product\/fleece-dog-coats\/","title":{"rendered":"Polarowe p\u0142aszcze dla ps\u00f3w"},"content":{"rendered":"<h3>Pet Clothes Manufacturer | Waterproof Jacket Factory | Premium Fleece Dog Coats<\/h3>\n<p data-start=\"328\" data-end=\"803\">Looking for high-quality Fleece Dog Coats to add to your winter pet apparel collection?<\/p>\n<p data-start=\"328\" data-end=\"803\">As a trusted Pet Clothes Manufacturer and Waterproof Jacket Factory in China, we specialize in producing durable, stylish, and warm fleece designs.<\/p>\n<p data-start=\"328\" data-end=\"803\">Od zam\u00f3wie\u0144 hurtowych Dog Coat po niestandardowe rozwi\u0105zania OEM Dog Coat, ODM Dog Coat i marki w\u0142asne Dog Coat, nasza fabryka zapewnia niezawodne wsparcie dla marek, sprzedawc\u00f3w detalicznych i dystrybutor\u00f3w na ca\u0142ym \u015bwiecie.<\/p>\n<p data-start=\"805\" data-end=\"1253\">Jako profesjonalna firma Dog Coat zarz\u0105dzamy ca\u0142ym procesem - od pozyskiwania tkanin i projektowania po eksport i dostaw\u0119 Dog Coat.<\/p>\n<p data-start=\"805\" data-end=\"1253\">Dzi\u0119ki wieloletniemu do\u015bwiadczeniu jako wiod\u0105cy producent p\u0142aszczy dla ps\u00f3w w Chinach, nasz zesp\u00f3\u0142 zapewnia sta\u0142\u0105 jako\u015b\u0107, konkurencyjne ceny i terminowe wysy\u0142ki.<\/p>\n<p data-start=\"805\" data-end=\"1253\">Niezale\u017cnie od tego, czy szukasz fabryki ko\u017cuch\u00f3w dla ps\u00f3w, dostawcy ko\u017cuch\u00f3w dla ps\u00f3w, sprzedawcy ko\u017cuch\u00f3w dla ps\u00f3w czy hurtownika ko\u017cuch\u00f3w dla ps\u00f3w, jeste\u015bmy Twoim kompleksowym partnerem.<\/p>\n<p data-start=\"1255\" data-end=\"1295\">\u2705 <strong>Why Choose Our Fleece Dog Coats<\/strong>:<\/p>\n<ul data-start=\"1296\" data-end=\"1668\">\n<li data-start=\"1296\" data-end=\"1373\">\n<p data-start=\"1298\" data-end=\"1373\">Expert Dog Coat factory specializing in fleece and waterproof designs<\/p>\n<\/li>\n<li data-start=\"1374\" data-end=\"1424\">\n<p data-start=\"1376\" data-end=\"1424\">Elastyczne MOQ dla produkcji masowej Dog Coat<\/p>\n<\/li>\n<li data-start=\"1425\" data-end=\"1496\">\n<p data-start=\"1427\" data-end=\"1496\">Full Dog Coat OEM\/ODM customization with private label branding<\/p>\n<\/li>\n<li data-start=\"1497\" data-end=\"1570\">\n<p data-start=\"1499\" data-end=\"1570\">Bezszwowa globalna logistyka eksportu p\u0142aszczy dla ps\u00f3w z Chin<\/p>\n<\/li>\n<li data-start=\"1571\" data-end=\"1668\">\n<p data-start=\"1573\" data-end=\"1668\">Ciesz\u0105 si\u0119 zaufaniem mi\u0119dzynarodowych sprzedawc\u00f3w detalicznych, marek butikowych i du\u017cych hurtowni ko\u017cuch\u00f3w dla ps\u00f3w.<\/p>\n<\/li>\n<\/ul>\n<p data-start=\"1670\" data-end=\"1966\">Our Fleece Dog Coats feature soft-touch fleece lining, adjustable straps for a secure fit, and weather-resistant fabrics that keep pets warm and comfortable.<\/p>\n<p data-start=\"1670\" data-end=\"1966\">Zaprojektowane z my\u015bl\u0105 o modzie i funkcjonalno\u015bci, p\u0142aszcze te s\u0105 idealne dla ka\u017cdego segmentu rynku - od niedrogich linii po kolekcje premium.<\/p>\n<p data-start=\"1968\" data-end=\"2152\">Partner with us today to source Fleece Dog Coats directly from a reliable Dog Coat manufacturer in China and grow your business with trusted Dog Coat suppliers worldwide.<\/p>","protected":false},"excerpt":{"rendered":"<h2>Wholesale Fleece Dog Coats\u200b<\/h2>\n<ul>\n<li>This reversible jacket has a removable drawstring hood with the Original Peanuts print on one side and solid beige on the other.<\/li>\n<li>This jacket features soft Sherpa for added warmth and cozy comfort.<\/li>\n<li>The stylish, patterned exterior is made of plush microfiber.<\/li>\n<li>This jacket is made with 100% polyester for practical appeal and comfort.<\/li>\n<li>For your convenience, this jacket features a hole opening on the back for easy D-Ring leash attachment.<\/li>\n<\/ul>\n<table width=\"288\">\n<tbody>\n<tr>\n<td width=\"137\"><span style=\"color: #333333;\">Nazwa produktu<\/span><\/td>\n<td width=\"151\"><span style=\"color: #333333;\">Odzie\u017c dla zwierz\u0105t<\/span><\/td>\n<\/tr>\n<tr>\n<td><span style=\"color: #333333;\">Pozycja nr.<\/span><\/td>\n<td><span style=\"color: #333333;\">P-C3004<\/span><\/td>\n<\/tr>\n<tr>\n<td><span style=\"color: #333333;\">Materia\u0142<\/span><\/td>\n<td>Bawe\u0142na, poliester, polar<\/td>\n<\/tr>\n<tr>\n<td><span style=\"color: #333333;\">\u00a0Rozmiar i kolor<\/span><\/td>\n<td><span style=\"color: #333333;\">Dostosowane<\/span><\/td>\n<\/tr>\n<tr>\n<td><span style=\"color: #333333;\">\u00a0Czas dostawy<\/span><\/td>\n<td><span style=\"color: #333333;\">1-5 dni dla ma\u0142ych ilo\u015bci drog\u0105 lotnicz\u0105 i 30-35 dni dla du\u017cych ilo\u015bci drog\u0105 morsk\u0105.<\/span><\/td>\n<\/tr>\n<\/tbody>\n<\/table>","protected":false},"featured_media":22152,"template":"","meta":{"_seopress_robots_primary_cat":"none","_seopress_titles_title":"Wholesale Fleece Dog Coats\u200b\u200b | ODM & OEM Solutions","_seopress_titles_desc":"As Fleece Dog Coats China Factory, we design premium knitwear for pets worldwide. Bulk orders, OEM services. Request free cozy samples today!","_seopress_robots_index":"","_seopress_analysis_target_kw":"Fleece Dog Coats\u200b","_uag_custom_page_level_css":""},"product_brand":[],"product_cat":[364,342,23],"product_tag":[],"class_list":{"0":"post-22147","1":"product","2":"type-product","3":"status-publish","4":"has-post-thumbnail","6":"product_cat-basic-dog-clothing","7":"product_cat-pet-coat","8":"product_cat-pet-clothing","10":"first","11":"instock","12":"shipping-taxable","13":"product-type-simple"},"uagb_featured_image_src":{"full":["https:\/\/pecpets.com\/wp-content\/uploads\/2025\/09\/9ecbe2c8-80d3-4ed6-96b0-92d81cd3e010.jpeg",1200,1200,false],"thumbnail":["https:\/\/pecpets.com\/wp-content\/uploads\/2025\/09\/9ecbe2c8-80d3-4ed6-96b0-92d81cd3e010-150x150.jpeg",150,150,true],"medium":["https:\/\/pecpets.com\/wp-content\/uploads\/2025\/09\/9ecbe2c8-80d3-4ed6-96b0-92d81cd3e010-300x300.jpeg",300,300,true],"medium_large":["https:\/\/pecpets.com\/wp-content\/uploads\/2025\/09\/9ecbe2c8-80d3-4ed6-96b0-92d81cd3e010-768x768.jpeg",768,768,true],"large":["https:\/\/pecpets.com\/wp-content\/uploads\/2025\/09\/9ecbe2c8-80d3-4ed6-96b0-92d81cd3e010-1024x1024.jpeg",800,800,true],"1536x1536":["https:\/\/pecpets.com\/wp-content\/uploads\/2025\/09\/9ecbe2c8-80d3-4ed6-96b0-92d81cd3e010.jpeg",1200,1200,false],"2048x2048":["https:\/\/pecpets.com\/wp-content\/uploads\/2025\/09\/9ecbe2c8-80d3-4ed6-96b0-92d81cd3e010.jpeg",1200,1200,false],"trp-custom-language-flag":["https:\/\/pecpets.com\/wp-content\/uploads\/2025\/09\/9ecbe2c8-80d3-4ed6-96b0-92d81cd3e010-12x12.jpeg",12,12,true],"woocommerce_thumbnail":["https:\/\/pecpets.com\/wp-content\/uploads\/2025\/09\/9ecbe2c8-80d3-4ed6-96b0-92d81cd3e010-300x300.jpeg",300,300,true],"woocommerce_single":["https:\/\/pecpets.com\/wp-content\/uploads\/2025\/09\/9ecbe2c8-80d3-4ed6-96b0-92d81cd3e010-600x600.jpeg",600,600,true],"woocommerce_gallery_thumbnail":["https:\/\/pecpets.com\/wp-content\/uploads\/2025\/09\/9ecbe2c8-80d3-4ed6-96b0-92d81cd3e010-100x100.jpeg",100,100,true]},"uagb_author_info":{"display_name":"Lawrence\u00a0\u52b3\u4f26\u65af","author_link":"https:\/\/pecpets.com\/pl\/author\/"},"uagb_comment_info":0,"uagb_excerpt":"Wholesale Fleece Dog Coats\u200b This reversible jacket has a removable drawstring hood with the Original Peanuts print on one side and solid beige on the other. This jacket features soft Sherpa for added warmth and cozy comfort. The stylish, patterned exterior is made of plush microfiber. This jacket is made with 100% polyester for practical&hellip;","_links":{"self":[{"href":"https:\/\/pecpets.com\/pl\/wp-json\/wp\/v2\/product\/22147","targetHints":{"allow":["GET"]}}],"collection":[{"href":"https:\/\/pecpets.com\/pl\/wp-json\/wp\/v2\/product"}],"about":[{"href":"https:\/\/pecpets.com\/pl\/wp-json\/wp\/v2\/types\/product"}],"wp:featuredmedia":[{"embeddable":true,"href":"https:\/\/pecpets.com\/pl\/wp-json\/wp\/v2\/media\/22152"}],"wp:attachment":[{"href":"https:\/\/pecpets.com\/pl\/wp-json\/wp\/v2\/media?parent=22147"}],"wp:term":[{"taxonomy":"product_brand","embeddable":true,"href":"https:\/\/pecpets.com\/pl\/wp-json\/wp\/v2\/product_brand?post=22147"},{"taxonomy":"product_cat","embeddable":true,"href":"https:\/\/pecpets.com\/pl\/wp-json\/wp\/v2\/product_cat?post=22147"},{"taxonomy":"product_tag","embeddable":true,"href":"https:\/\/pecpets.com\/pl\/wp-json\/wp\/v2\/product_tag?post=22147"}],"curies":[{"name":"wp","href":"https:\/\/api.w.org\/{rel}","templated":true}]}}