{"id":22154,"date":"2025-09-04T09:23:49","date_gmt":"2025-09-04T01:23:49","guid":{"rendered":"https:\/\/pecpets.com\/?post_type=product&#038;p=22154"},"modified":"2025-09-04T14:35:54","modified_gmt":"2025-09-04T06:35:54","slug":"custom-pet-t-shirts","status":"publish","type":"product","link":"https:\/\/pecpets.com\/pl\/product\/custom-pet-t-shirts\/","title":{"rendered":"Niestandardowe koszulki dla zwierz\u0105t"},"content":{"rendered":"<h3>Dostawca niestandardowych koszulek dla zwierz\u0105t | Fabryka kurtek wodoodpornych | Producent odzie\u017cy dla zwierz\u0105t domowych<\/h3>\n<p data-start=\"335\" data-end=\"831\">Szukasz stylowych i wygodnych niestandardowych koszulek dla zwierz\u0105t, aby rozszerzy\u0107 swoj\u0105 lini\u0119 odzie\u017cy dla zwierz\u0105t?<\/p>\n<p data-start=\"335\" data-end=\"831\">Jako zaufany producent odzie\u017cy dla zwierz\u0105t domowych i fabryka kurtek wodoodpornych w Chinach, specjalizujemy si\u0119 w produkcji wysokiej jako\u015bci odzie\u017cy dla zwierz\u0105t domowych, kt\u00f3ra jest zar\u00f3wno modna, jak i funkcjonalna. Od\u00a0<span style=\"box-sizing: border-box; margin: 0px; padding: 0px;\">masowa produkcja koszulek dla zwierz\u0105t domowych dla OEM, ODM i <\/span>Zapewniamy rozwi\u0105zania dostosowane do potrzeb sprzedawc\u00f3w detalicznych, dystrybutor\u00f3w i globalnych marek. Zajmujemy si\u0119 ka\u017cdym etapem - od wyboru tkaniny i niestandardowego nadruku po eksport i dostaw\u0119 koszulek dla zwierz\u0105t. Nasza fabryka koszulek dla zwierz\u0105t domowych \u0142\u0105czy zaawansowane techniki produkcji ze \u015bcis\u0142\u0105 kontrol\u0105 jako\u015bci, zapewniaj\u0105c, \u017ce ka\u017cde zam\u00f3wienie spe\u0142nia mi\u0119dzynarodowe standardy.<\/p>\n<p data-start=\"833\" data-end=\"1294\">Niezale\u017cnie od tego, czy potrzebujesz niezawodnego producenta koszulek dla zwierz\u0105t domowych, kreatywnego dostawcy koszulek dla zwierz\u0105t domowych, czy d\u0142ugoterminowego dostawcy koszulek dla zwierz\u0105t domowych, zapewniamy Ci ochron\u0119.<\/p>\n<p data-start=\"1296\" data-end=\"1342\">\u2705<strong> Dlaczego warto wybra\u0107 nas dla niestandardowych koszulek dla zwierz\u0105t:<\/strong><\/p>\n<ul data-start=\"1343\" data-end=\"1700\">\n<li data-start=\"1343\" data-end=\"1392\">\n<p data-start=\"1345\" data-end=\"1392\">Elastyczne MOQ dla masowych zam\u00f3wie\u0144 koszulek dla zwierz\u0105t domowych<\/p>\n<\/li>\n<li data-start=\"1393\" data-end=\"1463\">\n<p data-start=\"1395\" data-end=\"1463\">Kompletne koszulki dla zwierz\u0105t domowych OEM \/ ODM us\u0142ugi dostosowywania marki<\/p>\n<\/li>\n<li data-start=\"1464\" data-end=\"1520\">\n<p data-start=\"1466\" data-end=\"1520\">Szybki i niezawodny eksport koszulek dla zwierz\u0105t domowych z Chin<\/p>\n<\/li>\n<li data-start=\"1521\" data-end=\"1597\">\n<p data-start=\"1523\" data-end=\"1597\">Do\u015bwiadczony producent koszulek dla zwierz\u0105t z ponad 10-letnim do\u015bwiadczeniem w bran\u017cy<\/p>\n<\/li>\n<li data-start=\"1598\" data-end=\"1700\">\n<p data-start=\"1600\" data-end=\"1700\">Zaufany partner dla hurtownik\u00f3w koszulek dla zwierz\u0105t, butikowych sprzedawc\u00f3w detalicznych i du\u017cych dystrybutor\u00f3w.<\/p>\n<\/li>\n<\/ul>\n<p data-start=\"1702\" data-end=\"1968\">Nasze niestandardowe koszulki dla zwierz\u0105t s\u0105 wykonane z oddychaj\u0105cej bawe\u0142ny, mieszanek poliestru i ekologicznych tkanin, z opcjami sitodruku, haftu lub sublimacji. Dost\u0119pne w wielu rozmiarach, kolorach i wzorach, s\u0105 idealne do brandingu lub kolekcji sezonowych.<\/p>\n<p data-start=\"1970\" data-end=\"2144\">Wsp\u00f3\u0142pracuj z nami ju\u017c dzi\u015b i pozyskuj bezpo\u015brednio z niezawodnej fabryki koszulek dla zwierz\u0105t domowych w Chinach - Twojego dostawcy, sprzedawcy i hurtownika koszulek dla zwierz\u0105t domowych na rynki \u015bwiatowe.<\/p>","protected":false},"excerpt":{"rendered":"<h1>Niestandardowe koszulki dla zwierz\u0105t<\/h1>\n<ul>\n<li>Sweter polo w stylu rugby z otworem na smycz pasuje do g\u0142owy zwierz\u0119cia i ma zapi\u0119cia na rzepy zapewniaj\u0105ce bezpieczne dopasowanie.<\/li>\n<li>Posiada sitodrukow\u0105 grafik\u0119 Mickey z ty\u0142u, detale na r\u0119kawach i sztuczne guziki.<\/li>\n<li>Mo\u017cna pra\u0107 w pralce w zimnej wodzie, dzi\u0119ki czemu ulubiony wygl\u0105d Twojego zwierzaka pozostanie wygodny i uroczy.<\/li>\n<li>Dost\u0119pne w sze\u015bciu rozmiarach, dzi\u0119ki czemu wi\u0119kszo\u015b\u0107 zwierzak\u00f3w mo\u017ce pokaza\u0107 swoj\u0105 sympati\u0119 do Disneya.<\/li>\n<\/ul>\n<table width=\"288\">\n<tbody>\n<tr>\n<td width=\"137\"><span style=\"color: #333333;\">Nazwa produktu<\/span><\/td>\n<td width=\"151\"><span style=\"color: #333333;\">Odzie\u017c dla zwierz\u0105t<\/span><\/td>\n<\/tr>\n<tr>\n<td><span style=\"color: #333333;\">Pozycja nr.<\/span><\/td>\n<td><span style=\"color: #333333;\">P-C3005<\/span><\/td>\n<\/tr>\n<tr>\n<td><span style=\"color: #333333;\">Materia\u0142<\/span><\/td>\n<td>Bawe\u0142na, poliester, polar<\/td>\n<\/tr>\n<tr>\n<td><span style=\"color: #333333;\">\u00a0Rozmiar i kolor<\/span><\/td>\n<td><span style=\"color: #333333;\">Dostosowane<\/span><\/td>\n<\/tr>\n<tr>\n<td><span style=\"color: #333333;\">\u00a0Czas dostawy<\/span><\/td>\n<td><span style=\"color: #333333;\">1-5 dni dla ma\u0142ych ilo\u015bci drog\u0105 lotnicz\u0105 i 30-35 dni dla du\u017cych ilo\u015bci drog\u0105 morsk\u0105.<\/span><\/td>\n<\/tr>\n<\/tbody>\n<\/table>","protected":false},"featured_media":22165,"template":"","meta":{"_seopress_robots_primary_cat":"none","_seopress_titles_title":"Wholesale Custom Pet T-Shirts\u200b\u200b\u200b | ODM & OEM Solutions","_seopress_titles_desc":"As Custom Pet T-Shirts\u200b China Factory, we design premium knitwear for pets worldwide. Bulk orders, OEM services. Request free cozy samples today!","_seopress_robots_index":"","_uag_custom_page_level_css":""},"product_brand":[],"product_cat":[364,343,23],"product_tag":[],"class_list":{"0":"post-22154","1":"product","2":"type-product","3":"status-publish","4":"has-post-thumbnail","6":"product_cat-basic-dog-clothing","7":"product_cat-pet-shirts","8":"product_cat-pet-clothing","10":"first","11":"instock","12":"shipping-taxable","13":"product-type-simple"},"uagb_featured_image_src":{"full":["https:\/\/pecpets.com\/wp-content\/uploads\/2025\/09\/e2547078-6352-4eeb-97ea-2184cb1543f2.jpg",1200,1200,false],"thumbnail":["https:\/\/pecpets.com\/wp-content\/uploads\/2025\/09\/e2547078-6352-4eeb-97ea-2184cb1543f2-150x150.jpg",150,150,true],"medium":["https:\/\/pecpets.com\/wp-content\/uploads\/2025\/09\/e2547078-6352-4eeb-97ea-2184cb1543f2-300x300.jpg",300,300,true],"medium_large":["https:\/\/pecpets.com\/wp-content\/uploads\/2025\/09\/e2547078-6352-4eeb-97ea-2184cb1543f2-768x768.jpg",768,768,true],"large":["https:\/\/pecpets.com\/wp-content\/uploads\/2025\/09\/e2547078-6352-4eeb-97ea-2184cb1543f2-1024x1024.jpg",800,800,true],"1536x1536":["https:\/\/pecpets.com\/wp-content\/uploads\/2025\/09\/e2547078-6352-4eeb-97ea-2184cb1543f2.jpg",1200,1200,false],"2048x2048":["https:\/\/pecpets.com\/wp-content\/uploads\/2025\/09\/e2547078-6352-4eeb-97ea-2184cb1543f2.jpg",1200,1200,false],"trp-custom-language-flag":["https:\/\/pecpets.com\/wp-content\/uploads\/2025\/09\/e2547078-6352-4eeb-97ea-2184cb1543f2-12x12.jpg",12,12,true],"woocommerce_thumbnail":["https:\/\/pecpets.com\/wp-content\/uploads\/2025\/09\/e2547078-6352-4eeb-97ea-2184cb1543f2-300x300.jpg",300,300,true],"woocommerce_single":["https:\/\/pecpets.com\/wp-content\/uploads\/2025\/09\/e2547078-6352-4eeb-97ea-2184cb1543f2-600x600.jpg",600,600,true],"woocommerce_gallery_thumbnail":["https:\/\/pecpets.com\/wp-content\/uploads\/2025\/09\/e2547078-6352-4eeb-97ea-2184cb1543f2-100x100.jpg",100,100,true]},"uagb_author_info":{"display_name":"Lawrence\u00a0\u52b3\u4f26\u65af","author_link":"https:\/\/pecpets.com\/pl\/author\/"},"uagb_comment_info":0,"uagb_excerpt":"Custom Pet T-Shirts\u200b Rugby-style pullover polo with a leash hole fits over your pet\u2019s head and has hook-and-loop fasteners for a secure fit. Features a screen-printed Mickey graphic on the back, sleeve details, and faux buttons. Machine-washable in cold water, so your pet\u2019s favorite look stays comfy and cute. Available in six sizes, so most&hellip;","_links":{"self":[{"href":"https:\/\/pecpets.com\/pl\/wp-json\/wp\/v2\/product\/22154","targetHints":{"allow":["GET"]}}],"collection":[{"href":"https:\/\/pecpets.com\/pl\/wp-json\/wp\/v2\/product"}],"about":[{"href":"https:\/\/pecpets.com\/pl\/wp-json\/wp\/v2\/types\/product"}],"wp:featuredmedia":[{"embeddable":true,"href":"https:\/\/pecpets.com\/pl\/wp-json\/wp\/v2\/media\/22165"}],"wp:attachment":[{"href":"https:\/\/pecpets.com\/pl\/wp-json\/wp\/v2\/media?parent=22154"}],"wp:term":[{"taxonomy":"product_brand","embeddable":true,"href":"https:\/\/pecpets.com\/pl\/wp-json\/wp\/v2\/product_brand?post=22154"},{"taxonomy":"product_cat","embeddable":true,"href":"https:\/\/pecpets.com\/pl\/wp-json\/wp\/v2\/product_cat?post=22154"},{"taxonomy":"product_tag","embeddable":true,"href":"https:\/\/pecpets.com\/pl\/wp-json\/wp\/v2\/product_tag?post=22154"}],"curies":[{"name":"wp","href":"https:\/\/api.w.org\/{rel}","templated":true}]}}