{"id":22177,"date":"2025-09-04T14:53:21","date_gmt":"2025-09-04T06:53:21","guid":{"rendered":"https:\/\/pecpets.com\/?post_type=product&#038;p=22177"},"modified":"2025-09-04T15:02:39","modified_gmt":"2025-09-04T07:02:39","slug":"personalized-pet-shirts","status":"publish","type":"product","link":"https:\/\/pecpets.com\/pl\/product\/personalized-pet-shirts\/","title":{"rendered":"Spersonalizowane koszulki dla zwierz\u0105t"},"content":{"rendered":"<h3>Dostawca spersonalizowanych koszulek dla zwierz\u0105t | Fabryka kurtek wodoodpornych | Producent odzie\u017cy dla zwierz\u0105t domowych<\/h3>\n<p data-start=\"299\" data-end=\"770\">Szukasz wysokiej jako\u015bci spersonalizowanych koszulek dla zwierz\u0105t, kt\u00f3re \u0142\u0105cz\u0105 w sobie wygod\u0119, styl i personalizacj\u0119?<\/p>\n<p data-start=\"299\" data-end=\"770\">Jako zaufany producent odzie\u017cy dla zwierz\u0105t domowych i fabryka wodoodpornych kurtek w Chinach, specjalizujemy si\u0119 w produkcji niestandardowej odzie\u017cy dla zwierz\u0105t domowych. Od\u00a0<span style=\"box-sizing: border-box; margin: 0px; padding: 0px;\">masowa produkcja koszulek dla zwierz\u0105t domowych dla OEM, ODM i <\/span>Pomagamy markom, sprzedawcom detalicznym i dystrybutorom wprowadza\u0107 w \u017cycie unikalne kolekcje. Zarz\u0105dzamy ca\u0142ym procesem - od pozyskiwania tkanin i projektowania po produkcj\u0119 i eksport koszulek dla zwierz\u0105t. Nasza fabryka koszulek dla zwierz\u0105t w Chinach jest wyposa\u017cona w zaawansowan\u0105 technologi\u0119 druku, haftu i sublimacji, dzi\u0119ki czemu ka\u017cde zam\u00f3wienie spe\u0142nia mi\u0119dzynarodowe standardy jako\u015bci. Niezale\u017cnie od tego, czy szukasz niezawodnego producenta koszulek dla zwierz\u0105t domowych, kreatywnego dostawcy koszulek dla zwierz\u0105t domowych, czy niezawodnego sprzedawcy koszulek dla zwierz\u0105t domowych, zapewniamy Ci ochron\u0119.<\/p>\n<p data-start=\"1270\" data-end=\"1320\">\u2705 <strong>Dlaczego warto wybra\u0107 spersonalizowane koszulki dla zwierz\u0105t<\/strong>:<\/p>\n<ul data-start=\"1321\" data-end=\"1643\">\n<li data-start=\"1321\" data-end=\"1378\">\n<p data-start=\"1323\" data-end=\"1378\">Niskie MOQ i skalowalna masowa produkcja koszulek dla zwierz\u0105t domowych<\/p>\n<\/li>\n<li data-start=\"1379\" data-end=\"1443\">\n<p data-start=\"1381\" data-end=\"1443\">Pe\u0142na personalizacja dzi\u0119ki programom OEM\/ODM dla koszulek dla zwierz\u0105t domowych<\/p>\n<\/li>\n<li data-start=\"1444\" data-end=\"1508\">\n<p data-start=\"1446\" data-end=\"1508\">Wsparcie brandingu dzi\u0119ki opcjom marki w\u0142asnej koszulek dla zwierz\u0105t domowych<\/p>\n<\/li>\n<li data-start=\"1509\" data-end=\"1570\">\n<p data-start=\"1511\" data-end=\"1570\">Szybki eksport koszulek dla zwierz\u0105t z bezpieczn\u0105 globaln\u0105 logistyk\u0105<\/p>\n<\/li>\n<li data-start=\"1571\" data-end=\"1643\">\n<p data-start=\"1573\" data-end=\"1643\">Zaufana hurtownia koszulek dla zwierz\u0105t z konkurencyjnymi cenami fabrycznymi<\/p>\n<\/li>\n<\/ul>\n<p data-start=\"1645\" data-end=\"1935\">Nasze spersonalizowane koszulki dla zwierz\u0105t s\u0105 dost\u0119pne w oddychaj\u0105cej bawe\u0142nie i ekologicznych tkaninach, z niesko\u0144czonymi mo\u017cliwo\u015bciami projektowania - logo, slogany, nadruki lub niestandardowe hafty. Idealne dla butik\u00f3w zoologicznych, sklep\u00f3w internetowych i wydarze\u0144 promocyjnych, koszulki te \u0142\u0105cz\u0105 wygod\u0119 z to\u017csamo\u015bci\u0105 marki.<\/p>\n<p data-start=\"1937\" data-end=\"2165\">Wsp\u00f3\u0142pracuj ze sprawdzonym producentem koszulek dla zwierz\u0105t domowych w Chinach i wsp\u00f3\u0142pracuj z niezawodn\u0105 fabryk\u0105, dostawc\u0105, sprzedawc\u0105 i hurtownikiem koszulek dla zwierz\u0105t domowych, aby skalowa\u0107 swoj\u0105 dzia\u0142alno\u015b\u0107 dzi\u0119ki niestandardowej odzie\u017cy dla zwierz\u0105t domowych, kt\u00f3ra wyr\u00f3\u017cnia si\u0119 na ka\u017cdym rynku.<\/p>","protected":false},"excerpt":{"rendered":"<h1>Spersonalizowane koszulki dla zwierz\u0105t<\/h1>\n<ul>\n<li>Ta lekka koszulka ma zabawny nadruk \u201cProblem Child\u201d, aby pokaza\u0107 g\u0142upi\u0105 stron\u0119 swojego zwierzaka, jednocze\u015bnie zapewniaj\u0105c mu wygod\u0119.<\/li>\n<li>Konstrukcja swetra sprawia, \u017ce zak\u0142adanie i zdejmowanie jest szybkie i \u0142atwe.<\/li>\n<li>Koszulka w stylu Ringer ma kontrastowe bordowe wyko\u0144czenia przy ko\u0142nierzyku, r\u0119kawach i u do\u0142u.<\/li>\n<li>Dost\u0119pne w wielu rozmiarach, dzi\u0119ki czemu mo\u017cna wybra\u0107 idealne dopasowanie dla swojego zwierzaka.<\/li>\n<\/ul>\n<table width=\"288\">\n<tbody>\n<tr>\n<td width=\"137\"><span style=\"color: #333333;\">Nazwa produktu<\/span><\/td>\n<td width=\"151\"><span style=\"color: #333333;\">Odzie\u017c dla zwierz\u0105t<\/span><\/td>\n<\/tr>\n<tr>\n<td><span style=\"color: #333333;\">Pozycja nr.<\/span><\/td>\n<td><span style=\"color: #333333;\">P-C3006<\/span><\/td>\n<\/tr>\n<tr>\n<td><span style=\"color: #333333;\">Materia\u0142<\/span><\/td>\n<td>Bawe\u0142na, poliester, polar<\/td>\n<\/tr>\n<tr>\n<td><span style=\"color: #333333;\">\u00a0Rozmiar i kolor<\/span><\/td>\n<td><span style=\"color: #333333;\">Dostosowane<\/span><\/td>\n<\/tr>\n<tr>\n<td><span style=\"color: #333333;\">\u00a0Czas dostawy<\/span><\/td>\n<td><span style=\"color: #333333;\">1-5 dni dla ma\u0142ych ilo\u015bci drog\u0105 lotnicz\u0105 i 30-35 dni dla du\u017cych ilo\u015bci drog\u0105 morsk\u0105.<\/span><\/td>\n<\/tr>\n<\/tbody>\n<\/table>","protected":false},"featured_media":22173,"template":"","meta":{"_seopress_robots_primary_cat":"none","_seopress_titles_title":"Personalized Pet Shirts\u200b Manufacturer | China Factory","_seopress_titles_desc":"As Personalized Pet Shirts Supplier, we design premium knitwear for pets worldwide. Bulk orders, OEM services. Request free cozy samples today!","_seopress_robots_index":"","_uag_custom_page_level_css":""},"product_brand":[],"product_cat":[364,343,23],"product_tag":[],"class_list":{"0":"post-22177","1":"product","2":"type-product","3":"status-publish","4":"has-post-thumbnail","6":"product_cat-basic-dog-clothing","7":"product_cat-pet-shirts","8":"product_cat-pet-clothing","10":"first","11":"instock","12":"shipping-taxable","13":"product-type-simple"},"uagb_featured_image_src":{"full":["https:\/\/pecpets.com\/wp-content\/uploads\/2025\/09\/7b8da6b3-e8a9-4ebe-8efe-aba2e7061cbb.jpg",1200,1200,false],"thumbnail":["https:\/\/pecpets.com\/wp-content\/uploads\/2025\/09\/7b8da6b3-e8a9-4ebe-8efe-aba2e7061cbb-150x150.jpg",150,150,true],"medium":["https:\/\/pecpets.com\/wp-content\/uploads\/2025\/09\/7b8da6b3-e8a9-4ebe-8efe-aba2e7061cbb-300x300.jpg",300,300,true],"medium_large":["https:\/\/pecpets.com\/wp-content\/uploads\/2025\/09\/7b8da6b3-e8a9-4ebe-8efe-aba2e7061cbb-768x768.jpg",768,768,true],"large":["https:\/\/pecpets.com\/wp-content\/uploads\/2025\/09\/7b8da6b3-e8a9-4ebe-8efe-aba2e7061cbb-1024x1024.jpg",800,800,true],"1536x1536":["https:\/\/pecpets.com\/wp-content\/uploads\/2025\/09\/7b8da6b3-e8a9-4ebe-8efe-aba2e7061cbb.jpg",1200,1200,false],"2048x2048":["https:\/\/pecpets.com\/wp-content\/uploads\/2025\/09\/7b8da6b3-e8a9-4ebe-8efe-aba2e7061cbb.jpg",1200,1200,false],"trp-custom-language-flag":["https:\/\/pecpets.com\/wp-content\/uploads\/2025\/09\/7b8da6b3-e8a9-4ebe-8efe-aba2e7061cbb-12x12.jpg",12,12,true],"woocommerce_thumbnail":["https:\/\/pecpets.com\/wp-content\/uploads\/2025\/09\/7b8da6b3-e8a9-4ebe-8efe-aba2e7061cbb-300x300.jpg",300,300,true],"woocommerce_single":["https:\/\/pecpets.com\/wp-content\/uploads\/2025\/09\/7b8da6b3-e8a9-4ebe-8efe-aba2e7061cbb-600x600.jpg",600,600,true],"woocommerce_gallery_thumbnail":["https:\/\/pecpets.com\/wp-content\/uploads\/2025\/09\/7b8da6b3-e8a9-4ebe-8efe-aba2e7061cbb-100x100.jpg",100,100,true]},"uagb_author_info":{"display_name":"Lawrence\u00a0\u52b3\u4f26\u65af","author_link":"https:\/\/pecpets.com\/pl\/author\/"},"uagb_comment_info":0,"uagb_excerpt":"Personalized Pet Shirts\u200b This lightweight shirt features a fun \u201cProblem Child\u201d print to show off your pet\u2019s silly side while keeping them comfortable. The pullover design makes getting it on and off quick and easy. Ringer-style tee features a contrast maroon trim at the collar, sleeves, and bottom. Available in multiple sizes, so you can&hellip;","_links":{"self":[{"href":"https:\/\/pecpets.com\/pl\/wp-json\/wp\/v2\/product\/22177","targetHints":{"allow":["GET"]}}],"collection":[{"href":"https:\/\/pecpets.com\/pl\/wp-json\/wp\/v2\/product"}],"about":[{"href":"https:\/\/pecpets.com\/pl\/wp-json\/wp\/v2\/types\/product"}],"wp:featuredmedia":[{"embeddable":true,"href":"https:\/\/pecpets.com\/pl\/wp-json\/wp\/v2\/media\/22173"}],"wp:attachment":[{"href":"https:\/\/pecpets.com\/pl\/wp-json\/wp\/v2\/media?parent=22177"}],"wp:term":[{"taxonomy":"product_brand","embeddable":true,"href":"https:\/\/pecpets.com\/pl\/wp-json\/wp\/v2\/product_brand?post=22177"},{"taxonomy":"product_cat","embeddable":true,"href":"https:\/\/pecpets.com\/pl\/wp-json\/wp\/v2\/product_cat?post=22177"},{"taxonomy":"product_tag","embeddable":true,"href":"https:\/\/pecpets.com\/pl\/wp-json\/wp\/v2\/product_tag?post=22177"}],"curies":[{"name":"wp","href":"https:\/\/api.w.org\/{rel}","templated":true}]}}