{"id":22268,"date":"2025-09-20T11:19:18","date_gmt":"2025-09-20T03:19:18","guid":{"rendered":"https:\/\/pecpets.com\/?post_type=product&#038;p=22268"},"modified":"2025-09-20T14:23:17","modified_gmt":"2025-09-20T06:23:17","slug":"memory-foam-couch-dog-bed","status":"publish","type":"product","link":"https:\/\/pecpets.com\/pl\/product\/memory-foam-couch-dog-bed\/","title":{"rendered":"Piankowe legowisko dla psa"},"content":{"rendered":"<h2 data-start=\"193\" data-end=\"275\">Producent \u0142\u00f3\u017cek dla ps\u00f3w z pianki memory | Zaufany producent \u0142\u00f3\u017cek dla zwierz\u0105t i partner fabryki luksusowych \u0142\u00f3\u017cek<\/h2>\n<p data-start=\"196\" data-end=\"644\">Szukasz niezawodnego partnera Dog Couch Bed dla swojej firmy hurtowej lub detalicznej?<\/p>\n<p data-start=\"196\" data-end=\"644\">Jako wiod\u0105cy producent legowisk dla ps\u00f3w i profesjonalna fabryka legowisk dla ps\u00f3w w Chinach, projektujemy i produkujemy wysokiej jako\u015bci legowiska dla ps\u00f3w, kt\u00f3re \u0142\u0105cz\u0105 w sobie wygod\u0119, trwa\u0142o\u015b\u0107 i nowoczesny styl.<\/p>\n<p data-start=\"196\" data-end=\"644\">Nasza firma Dog Bed zaopatruje rynki globalne w rozwi\u0105zania hurtowe i eksportowe Dog Bed dostosowane do potrzeb Twojej marki.<\/p>\n<p data-start=\"646\" data-end=\"989\">Oferujemy pe\u0142n\u0105 personalizacj\u0119 poprzez us\u0142ugi Dog Bed ODM i Dog Bed OEM, wspieraj\u0105c kolekcje marek w\u0142asnych Dog Bed dzi\u0119ki elastycznym projektom, tkaninom i opcjom brandingu.<\/p>\n<p data-start=\"646\" data-end=\"989\">Niezale\u017cnie od tego, czy jeste\u015b dystrybutorem, sprzedawc\u0105 e-commerce czy sprzedawc\u0105 detalicznym, jeste\u015bmy zaufanym dostawc\u0105 legowisk dla ps\u00f3w, sprzedawc\u0105 legowisk dla ps\u00f3w i hurtownikiem legowisk dla ps\u00f3w.<\/p>\n<p data-start=\"991\" data-end=\"1228\">Jako do\u015bwiadczony producent legowisk dla zwierz\u0105t i fabryka luksusowych \u0142\u00f3\u017cek, koncentrujemy si\u0119 na najwy\u017cszej jako\u015bci rzemio\u015ble - ka\u017cde legowisko dla psa jest wykonane z trwa\u0142ych materia\u0142\u00f3w, mi\u0119kkich poduszek i stylowych wyko\u0144cze\u0144, kt\u00f3re podnosz\u0105 jako\u015b\u0107 produkt\u00f3w dla zwierz\u0105t.<\/p>\n<p data-start=\"1230\" data-end=\"1397\">Wsp\u00f3\u0142pracuj z nami, aby zaspokoi\u0107 potrzeby zwi\u0105zane z legowiskami dla ps\u00f3w i ciesz si\u0119 cenami hurtowymi, szybkim pobieraniem pr\u00f3bek, niezawodnymi terminami produkcji i pe\u0142nym wsparciem eksportu legowisk dla ps\u00f3w na ca\u0142ym \u015bwiecie.<\/p>","protected":false},"excerpt":{"rendered":"<h3>Piankowe legowisko dla psa<\/h3>\n<ul>\n<li>Idealny dla wszystkich styl\u00f3w snu - Tw\u00f3j pies pokocha rozci\u0105ganie, zwijanie si\u0119 lub le\u017cenie w tym najlepiej sprzedaj\u0105cym si\u0119 kszta\u0142cie.<\/li>\n<li>Tr\u00f3jstronna podp\u00f3rka jest wykonana z element\u00f3w o pe\u0142nej wysoko\u015bci, dzi\u0119ki czemu nie przewraca si\u0119<\/li>\n<li>Oparcie daje psu poczucie bezpiecze\u0144stwa, a otwarta strona u\u0142atwia mu wsiadanie i zsiadanie.<\/li>\n<\/ul>\n<table width=\"288\">\n<tbody>\n<tr>\n<td width=\"137\"><span style=\"color: #333333;\">Nazwa produktu<\/span><\/td>\n<td width=\"151\"><span style=\"color: #333333;\">Legowisko dla zwierz\u0105t<\/span><\/td>\n<\/tr>\n<tr>\n<td><span style=\"color: #333333;\">Pozycja nr.<\/span><\/td>\n<td><span style=\"color: #333333;\">P-C3002<\/span><\/td>\n<\/tr>\n<tr>\n<td><span style=\"color: #333333;\">Materia\u0142<\/span><\/td>\n<td>Bawe\u0142na, poliester, polar<\/td>\n<\/tr>\n<tr>\n<td><span style=\"color: #333333;\">\u00a0Rozmiar i kolor<\/span><\/td>\n<td><span style=\"color: #333333;\">Dostosowane<\/span><\/td>\n<\/tr>\n<tr>\n<td><span style=\"color: #333333;\">\u00a0Czas dostawy<\/span><\/td>\n<td><span style=\"color: #333333;\">1-5 dni dla ma\u0142ych ilo\u015bci drog\u0105 lotnicz\u0105 i 30-35 dni dla du\u017cych ilo\u015bci drog\u0105 morsk\u0105.<\/span><\/td>\n<\/tr>\n<\/tbody>\n<\/table>","protected":false},"featured_media":22281,"template":"","meta":{"_seopress_robots_primary_cat":"none","_seopress_titles_title":"Memory Foam Couch Dog Bed | Professional Pet Bed Factory","_seopress_titles_desc":"Looking for Memory Foam Couch Dog Bed? we design premium knitwear for pets worldwide. Bulk orders, OEM services. Request free cozy samples today!","_seopress_robots_index":"","_uag_custom_page_level_css":""},"product_brand":[],"product_cat":[349,22],"product_tag":[],"class_list":{"0":"post-22268","1":"product","2":"type-product","3":"status-publish","4":"has-post-thumbnail","6":"product_cat-memory-foam-dog-beds","7":"product_cat-pet-bed","9":"first","10":"instock","11":"shipping-taxable","12":"product-type-simple"},"uagb_featured_image_src":{"full":["https:\/\/pecpets.com\/wp-content\/uploads\/2025\/09\/c1668def-f686-4dbc-87fa-1aaaa109085d.jpg",1280,1280,false],"thumbnail":["https:\/\/pecpets.com\/wp-content\/uploads\/2025\/09\/c1668def-f686-4dbc-87fa-1aaaa109085d-150x150.jpg",150,150,true],"medium":["https:\/\/pecpets.com\/wp-content\/uploads\/2025\/09\/c1668def-f686-4dbc-87fa-1aaaa109085d-300x300.jpg",300,300,true],"medium_large":["https:\/\/pecpets.com\/wp-content\/uploads\/2025\/09\/c1668def-f686-4dbc-87fa-1aaaa109085d-768x768.jpg",768,768,true],"large":["https:\/\/pecpets.com\/wp-content\/uploads\/2025\/09\/c1668def-f686-4dbc-87fa-1aaaa109085d-1024x1024.jpg",800,800,true],"1536x1536":["https:\/\/pecpets.com\/wp-content\/uploads\/2025\/09\/c1668def-f686-4dbc-87fa-1aaaa109085d.jpg",1280,1280,false],"2048x2048":["https:\/\/pecpets.com\/wp-content\/uploads\/2025\/09\/c1668def-f686-4dbc-87fa-1aaaa109085d.jpg",1280,1280,false],"trp-custom-language-flag":["https:\/\/pecpets.com\/wp-content\/uploads\/2025\/09\/c1668def-f686-4dbc-87fa-1aaaa109085d-12x12.jpg",12,12,true],"woocommerce_thumbnail":["https:\/\/pecpets.com\/wp-content\/uploads\/2025\/09\/c1668def-f686-4dbc-87fa-1aaaa109085d-300x300.jpg",300,300,true],"woocommerce_single":["https:\/\/pecpets.com\/wp-content\/uploads\/2025\/09\/c1668def-f686-4dbc-87fa-1aaaa109085d-600x600.jpg",600,600,true],"woocommerce_gallery_thumbnail":["https:\/\/pecpets.com\/wp-content\/uploads\/2025\/09\/c1668def-f686-4dbc-87fa-1aaaa109085d-100x100.jpg",100,100,true]},"uagb_author_info":{"display_name":"Lawrence\u00a0\u52b3\u4f26\u65af","author_link":"https:\/\/pecpets.com\/pl\/author\/"},"uagb_comment_info":0,"uagb_excerpt":"Memory Foam Couch Dog Bed Perfect for all sleep styles\u2014your dog will love to stretch, curl, or lean in this best-selling shape The three-sided bolster is made with full-height pieces, so it won\u2019t flop over Bolster gives your dog a sense of security, while an open side makes it easier for them to get on&hellip;","_links":{"self":[{"href":"https:\/\/pecpets.com\/pl\/wp-json\/wp\/v2\/product\/22268","targetHints":{"allow":["GET"]}}],"collection":[{"href":"https:\/\/pecpets.com\/pl\/wp-json\/wp\/v2\/product"}],"about":[{"href":"https:\/\/pecpets.com\/pl\/wp-json\/wp\/v2\/types\/product"}],"wp:featuredmedia":[{"embeddable":true,"href":"https:\/\/pecpets.com\/pl\/wp-json\/wp\/v2\/media\/22281"}],"wp:attachment":[{"href":"https:\/\/pecpets.com\/pl\/wp-json\/wp\/v2\/media?parent=22268"}],"wp:term":[{"taxonomy":"product_brand","embeddable":true,"href":"https:\/\/pecpets.com\/pl\/wp-json\/wp\/v2\/product_brand?post=22268"},{"taxonomy":"product_cat","embeddable":true,"href":"https:\/\/pecpets.com\/pl\/wp-json\/wp\/v2\/product_cat?post=22268"},{"taxonomy":"product_tag","embeddable":true,"href":"https:\/\/pecpets.com\/pl\/wp-json\/wp\/v2\/product_tag?post=22268"}],"curies":[{"name":"wp","href":"https:\/\/api.w.org\/{rel}","templated":true}]}}