{"id":22321,"date":"2025-09-25T09:11:04","date_gmt":"2025-09-25T01:11:04","guid":{"rendered":"https:\/\/pecpets.com\/?post_type=product&#038;p=22321"},"modified":"2025-09-25T09:38:33","modified_gmt":"2025-09-25T01:38:33","slug":"dog-couch-bed","status":"publish","type":"product","link":"https:\/\/pecpets.com\/pl\/product\/dog-couch-bed\/","title":{"rendered":"Kanapa dla psa"},"content":{"rendered":"<h2 data-start=\"193\" data-end=\"275\">Dostawca kanap dla ps\u00f3w | Producent \u0142\u00f3\u017cek dla zwierz\u0105t premium i fabryka luksusowych \u0142\u00f3\u017cek<\/h2>\n<p data-start=\"235\" data-end=\"716\">Szukasz stylowej i wygodnej kanapy dla psa do sprzeda\u017cy detalicznej lub hurtowej? Jako wiod\u0105cy producent legowisk dla zwierz\u0105t i zaufana fabryka legowisk dla ps\u00f3w w Chinach, specjalizujemy si\u0119 w tworzeniu wysokiej jako\u015bci legowisk dla ps\u00f3w zaprojektowanych z my\u015bl\u0105 zar\u00f3wno o luksusie, jak i komforcie. Niezale\u017cnie od tego, czy chcesz rozszerzy\u0107 swoj\u0105 lini\u0119 produkt\u00f3w o hurtow\u0105 sprzeda\u017c legowisk dla ps\u00f3w, czy te\u017c szukasz rozwi\u0105za\u0144 eksportowych dla legowisk dla ps\u00f3w, oferujemy niezawodne produkty, kt\u00f3re pokochaj\u0105 zwierz\u0119ta i ich w\u0142a\u015bciciele.<\/p>\n<p data-start=\"718\" data-end=\"1097\">Nasze legowiska dla ps\u00f3w \u0142\u0105cz\u0105 w sobie ortopedyczn\u0105 piank\u0119 z pami\u0119ci\u0105 kszta\u0142tu i wytrzyma\u0142e tkaniny, zapewniaj\u0105c psom najlepszy komfort i wsparcie. Dzi\u0119ki wieloletniemu do\u015bwiadczeniu jako firma produkuj\u0105ca legowiska dla ps\u00f3w, \u015bwiadczymy us\u0142ugi ODM i OEM dla legowisk dla ps\u00f3w, oferuj\u0105c opcje personalizacji dla kolekcji marek w\u0142asnych legowisk dla ps\u00f3w, a tak\u017ce zam\u00f3wienia hurtowe dla hurtownik\u00f3w i sprzedawc\u00f3w detalicznych legowisk dla ps\u00f3w.<\/p>\n<p data-start=\"1099\" data-end=\"1144\"><strong>Dlaczego warto wybra\u0107 nas jako dostawc\u0119 legowisk dla ps\u00f3w?<\/strong>:<\/p>\n<ul data-start=\"1145\" data-end=\"1488\">\n<li data-start=\"1145\" data-end=\"1208\">\n<p data-start=\"1147\" data-end=\"1208\">Wzory kanap dla ps\u00f3w, kt\u00f3re oferuj\u0105 zar\u00f3wno wygod\u0119, jak i styl<\/p>\n<\/li>\n<li data-start=\"1209\" data-end=\"1277\">\n<p data-start=\"1211\" data-end=\"1277\">Wysokiej jako\u015bci materia\u0142y, w tym pianka z pami\u0119ci\u0105 kszta\u0142tu i trwa\u0142e pokrowce<\/p>\n<\/li>\n<li data-start=\"1278\" data-end=\"1343\">\n<p data-start=\"1280\" data-end=\"1343\">Konkurencyjne ceny dla zam\u00f3wie\u0144 hurtowych i hurtowych na legowiska dla ps\u00f3w<\/p>\n<\/li>\n<li data-start=\"1344\" data-end=\"1423\">\n<p data-start=\"1346\" data-end=\"1423\">Opcje dostosowywania dost\u0119pne za po\u015brednictwem Dog Bed ODM i Dog Bed OEM<\/p>\n<\/li>\n<li data-start=\"1424\" data-end=\"1488\">\n<p data-start=\"1426\" data-end=\"1488\">Pe\u0142ne wsparcie eksportu legowisk dla ps\u00f3w i globalne us\u0142ugi wysy\u0142kowe<\/p>\n<\/li>\n<\/ul>\n<p data-start=\"1490\" data-end=\"1515\"><strong>Zalety fabryki<\/strong>:<\/p>\n<ul data-start=\"1516\" data-end=\"1782\">\n<li data-start=\"1516\" data-end=\"1578\">\n<p data-start=\"1518\" data-end=\"1578\">Bezpo\u015brednie ceny fabryczne dla partner\u00f3w sprzedaj\u0105cych legowiska dla ps\u00f3w<\/p>\n<\/li>\n<li data-start=\"1579\" data-end=\"1651\">\n<p data-start=\"1581\" data-end=\"1651\">Szybka realizacja prototyp\u00f3w kanap dla ps\u00f3w i produkcja masowa<\/p>\n<\/li>\n<li data-start=\"1652\" data-end=\"1710\">\n<p data-start=\"1654\" data-end=\"1710\">Niezawodna hurtownia legowisk dla ps\u00f3w z gwarancj\u0105 jako\u015bci<\/p>\n<\/li>\n<li data-start=\"1711\" data-end=\"1782\">\n<p data-start=\"1713\" data-end=\"1782\">Do\u015bwiadczenie w globalnym eksporcie legowisk dla ps\u00f3w z pe\u0142nym wsparciem w zakresie zgodno\u015bci z przepisami<\/p>\n<\/li>\n<\/ul>\n<p data-start=\"1784\" data-end=\"2078\">Jako zaufany producent legowisk dla ps\u00f3w wsp\u00f3\u0142pracujemy z firmami na ca\u0142ym \u015bwiecie, aby dostarcza\u0107 wysokiej jako\u015bci, wygodne i stylowe kolekcje legowisk dla ps\u00f3w. Niezale\u017cnie od tego, czy chcesz stworzy\u0107 mark\u0119 w\u0142asn\u0105, czy potrzebujesz zam\u00f3wie\u0144 hurtowych, jeste\u015bmy dostawc\u0105 i firm\u0105 produkuj\u0105c\u0105 legowiska dla ps\u00f3w.<\/p>","protected":false},"excerpt":{"rendered":"<h3>Kanapa dla psa<\/h3>\n<p>Legowisko Memory Foam Deluxe daje Twojemu psu wiele do kochania. Wspieraj\u0105ca poduszka z pianki memory o grubo\u015bci 4\u2033 jest skalibrowana specjalnie dla ps\u00f3w - pomaga zmniejszy\u0107 nacisk na stawy, wspiera mi\u0119\u015bnie i poprawia kr\u0105\u017cenie. Pluszowe, wype\u0142nione poliestrem, podw\u00f3jnie u\u0142o\u017cone poduszki pomagaj\u0105 psu czu\u0107 si\u0119 bezpiecznie i wygodnie, a aksamitnie mi\u0119kki pokrowiec wygl\u0105da tak dobrze, jak si\u0119 czuje. Personalizacja za pomoc\u0105 haftu, do 15 znak\u00f3w.<\/p>\n<p>Pokrowiec z poliestru. Pokrowiec jest zdejmowany i mo\u017cna go pra\u0107 w pralce. Importowane.<\/p>\n<table width=\"288\">\n<tbody>\n<tr>\n<td width=\"137\"><span style=\"color: #333333;\">Nazwa produktu<\/span><\/td>\n<td width=\"151\"><span style=\"color: #333333;\">Legowisko dla zwierz\u0105t<\/span><\/td>\n<\/tr>\n<tr>\n<td><span style=\"color: #333333;\">Pozycja nr.<\/span><\/td>\n<td><span style=\"color: #333333;\">P-C3007<\/span><\/td>\n<\/tr>\n<tr>\n<td><span style=\"color: #333333;\">Materia\u0142<\/span><\/td>\n<td>Bawe\u0142na, poliester, polar<\/td>\n<\/tr>\n<tr>\n<td><span style=\"color: #333333;\">\u00a0Rozmiar i kolor<\/span><\/td>\n<td><span style=\"color: #333333;\">Dostosowane<\/span><\/td>\n<\/tr>\n<tr>\n<td><span style=\"color: #333333;\">\u00a0Czas dostawy<\/span><\/td>\n<td><span style=\"color: #333333;\">1-5 dni dla ma\u0142ych ilo\u015bci drog\u0105 lotnicz\u0105 i 30-35 dni dla du\u017cych ilo\u015bci drog\u0105 morsk\u0105.<\/span><\/td>\n<\/tr>\n<\/tbody>\n<\/table>","protected":false},"featured_media":22325,"template":"","meta":{"_seopress_robots_primary_cat":"none","_seopress_titles_title":"Dog Couch Bed\u200b | China Pet Bed Manufacturer","_seopress_titles_desc":"Looking for Dog Couch Bed\u200b\u200b? we design premium knitwear for pets worldwide. Bulk orders, OEM services. Request free cozy samples today!","_seopress_robots_index":"","_uag_custom_page_level_css":""},"product_brand":[],"product_cat":[349,22],"product_tag":[],"class_list":{"0":"post-22321","1":"product","2":"type-product","3":"status-publish","4":"has-post-thumbnail","6":"product_cat-memory-foam-dog-beds","7":"product_cat-pet-bed","9":"first","10":"instock","11":"shipping-taxable","12":"product-type-simple"},"uagb_featured_image_src":{"full":["https:\/\/pecpets.com\/wp-content\/uploads\/2025\/09\/a733f475-8446-466a-86cc-f213ebfb85a8.jpg",1280,1280,false],"thumbnail":["https:\/\/pecpets.com\/wp-content\/uploads\/2025\/09\/a733f475-8446-466a-86cc-f213ebfb85a8-150x150.jpg",150,150,true],"medium":["https:\/\/pecpets.com\/wp-content\/uploads\/2025\/09\/a733f475-8446-466a-86cc-f213ebfb85a8-300x300.jpg",300,300,true],"medium_large":["https:\/\/pecpets.com\/wp-content\/uploads\/2025\/09\/a733f475-8446-466a-86cc-f213ebfb85a8-768x768.jpg",768,768,true],"large":["https:\/\/pecpets.com\/wp-content\/uploads\/2025\/09\/a733f475-8446-466a-86cc-f213ebfb85a8-1024x1024.jpg",800,800,true],"1536x1536":["https:\/\/pecpets.com\/wp-content\/uploads\/2025\/09\/a733f475-8446-466a-86cc-f213ebfb85a8.jpg",1280,1280,false],"2048x2048":["https:\/\/pecpets.com\/wp-content\/uploads\/2025\/09\/a733f475-8446-466a-86cc-f213ebfb85a8.jpg",1280,1280,false],"trp-custom-language-flag":["https:\/\/pecpets.com\/wp-content\/uploads\/2025\/09\/a733f475-8446-466a-86cc-f213ebfb85a8-12x12.jpg",12,12,true],"woocommerce_thumbnail":["https:\/\/pecpets.com\/wp-content\/uploads\/2025\/09\/a733f475-8446-466a-86cc-f213ebfb85a8-300x300.jpg",300,300,true],"woocommerce_single":["https:\/\/pecpets.com\/wp-content\/uploads\/2025\/09\/a733f475-8446-466a-86cc-f213ebfb85a8-600x600.jpg",600,600,true],"woocommerce_gallery_thumbnail":["https:\/\/pecpets.com\/wp-content\/uploads\/2025\/09\/a733f475-8446-466a-86cc-f213ebfb85a8-100x100.jpg",100,100,true]},"uagb_author_info":{"display_name":"Lawrence\u00a0\u52b3\u4f26\u65af","author_link":"https:\/\/pecpets.com\/pl\/author\/"},"uagb_comment_info":0,"uagb_excerpt":"Dog Couch Bed\u200b The Memory Foam Deluxe Bed gives your dog a whole lot to love. The supportive 4\"-thick memory foam cushion is calibrated specifically for canines\u2014helping to reduce pressure on joints, support muscles, and improve circulation. The plush polyester-filled, double-stacked bolsters help your dog feel secure and comfy, and the velvety-soft cover looks as&hellip;","_links":{"self":[{"href":"https:\/\/pecpets.com\/pl\/wp-json\/wp\/v2\/product\/22321","targetHints":{"allow":["GET"]}}],"collection":[{"href":"https:\/\/pecpets.com\/pl\/wp-json\/wp\/v2\/product"}],"about":[{"href":"https:\/\/pecpets.com\/pl\/wp-json\/wp\/v2\/types\/product"}],"wp:featuredmedia":[{"embeddable":true,"href":"https:\/\/pecpets.com\/pl\/wp-json\/wp\/v2\/media\/22325"}],"wp:attachment":[{"href":"https:\/\/pecpets.com\/pl\/wp-json\/wp\/v2\/media?parent=22321"}],"wp:term":[{"taxonomy":"product_brand","embeddable":true,"href":"https:\/\/pecpets.com\/pl\/wp-json\/wp\/v2\/product_brand?post=22321"},{"taxonomy":"product_cat","embeddable":true,"href":"https:\/\/pecpets.com\/pl\/wp-json\/wp\/v2\/product_cat?post=22321"},{"taxonomy":"product_tag","embeddable":true,"href":"https:\/\/pecpets.com\/pl\/wp-json\/wp\/v2\/product_tag?post=22321"}],"curies":[{"name":"wp","href":"https:\/\/api.w.org\/{rel}","templated":true}]}}