{"id":22378,"date":"2025-09-28T10:04:14","date_gmt":"2025-09-28T02:04:14","guid":{"rendered":"https:\/\/pecpets.com\/?post_type=product&#038;p=22378"},"modified":"2025-10-07T09:32:57","modified_gmt":"2025-10-07T01:32:57","slug":"orthopaedic-large-dog-bed","status":"publish","type":"product","link":"https:\/\/pecpets.com\/pl\/product\/orthopaedic-large-dog-bed\/","title":{"rendered":"\u0141\u00f3\u017cko ortopedyczne dla du\u017cego psa"},"content":{"rendered":"<h2 data-start=\"107\" data-end=\"201\"><strong data-start=\"107\" data-end=\"199\">\u0141\u00f3\u017cko ortopedyczne dla du\u017cego psa - Premium Comfort od producenta \u0142\u00f3\u017cek dla zwierz\u0105t i fabryki luksusowych \u0142\u00f3\u017cek<\/strong><\/h2>\n<p data-start=\"222\" data-end=\"581\">Nasze ortopedyczne du\u017ce legowisko dla psa zosta\u0142o zaprojektowane z my\u015bl\u0105 o najwy\u017cszym komforcie i wsparciu staw\u00f3w, dzi\u0119ki czemu jest idealnym wyborem dla starszych ps\u00f3w, du\u017cych ras i zwierz\u0105t wymagaj\u0105cych dodatkowej opieki. Jako profesjonalny producent legowisk dla ps\u00f3w i do\u015bwiadczona fabryka luksusowych legowisk dla ps\u00f3w w Chinach, koncentrujemy si\u0119 na dostarczaniu wysokiej jako\u015bci projekt\u00f3w, kt\u00f3re \u0142\u0105cz\u0105 trwa\u0142o\u015b\u0107 ze stylem.<\/p>\n<p data-start=\"583\" data-end=\"871\">Dzi\u0119ki solidnej reputacji zaufanej firmy produkuj\u0105cej legowiska dla ps\u00f3w, zapewniamy niezawodne rozwi\u0105zania dla hurtowych zam\u00f3wie\u0144 legowisk dla ps\u00f3w i globalnego eksportu legowisk dla ps\u00f3w. Ka\u017cdy produkt fabryczny Dog Bed jest wykonany z najwy\u017cszej jako\u015bci pianki z pami\u0119ci\u0105 kszta\u0142tu i konstrukcji wspieraj\u0105cej, aby zapewni\u0107 zwierz\u0119tom odpoczynek, na jaki zas\u0142uguj\u0105.<\/p>\n<p data-start=\"873\" data-end=\"1164\">Wspieramy projekty Dog Bed ODM i Dog Bed OEM, pomagaj\u0105c firmom tworzy\u0107 niestandardowe linie marek w\u0142asnych Dog Bed z unikalnym brandingiem. Niezale\u017cnie od tego, czy jeste\u015b dostawc\u0105 legowisk dla ps\u00f3w, sprzedawc\u0105 legowisk dla ps\u00f3w czy hurtownikiem legowisk dla ps\u00f3w, nasza fabryka jest przygotowana do zaspokojenia Twoich potrzeb rynkowych na du\u017c\u0105 skal\u0119.<\/p>\n<p data-start=\"1166\" data-end=\"1432\">Wsp\u00f3\u0142pracuj z wiod\u0105cym producentem legowisk dla ps\u00f3w, kt\u00f3ry rozumie jako\u015b\u0107 i sp\u00f3jno\u015b\u0107. Od masowych dostaw legowisk dla ps\u00f3w po dostosowane us\u0142ugi OEM\/ODM, nasza oferta ortopedycznych du\u017cych legowisk dla ps\u00f3w zapewnia komfort zwierz\u0119tom i du\u017ce mo\u017cliwo\u015bci rozwoju dla Twojej firmy.<\/p>","protected":false},"excerpt":{"rendered":"<h3>\u0141\u00f3\u017cko ortopedyczne dla du\u017cego psa<\/h3>\n<p>Psy uwielbiaj\u0105 podw\u00f3jne oparcie tego legowiska - dzi\u0119ki niemu czuj\u0105 si\u0119 bezpiecznie i maj\u0105 wsparcie. A super wy\u015bcie\u0142ana powierzchnia do spania pomaga im zatopi\u0107 si\u0119 w komforcie. Zdejmowana poduszka pozostaje na miejscu, bez wzgl\u0119du na to, jak bardzo pies si\u0119 porusza. Legowisko Orthopaedic Large Dog Bed jest spr\u0119\u017cyste i pluszowe, idealne dla ps\u00f3w, kt\u00f3re lubi\u0105 si\u0119 skuli\u0107 i zagnie\u017adzi\u0107, aby poczu\u0107 si\u0119 komfortowo - a komorowa wy\u015bci\u00f3\u0142ka gwarantuje, \u017ce nie sp\u0142aszczy si\u0119 ani nie zbryli. Wszystko to jest owini\u0119te w nasz aksamitnie mi\u0119kki, pikowany pokrowiec z lam\u00f3wk\u0105 wzd\u0142u\u017c podw\u00f3jnych kraw\u0119dzi. Personalizacja za pomoc\u0105 haftu.<\/p>\n<p>Poliestrowy pokrowiec mo\u017cna zdj\u0105\u0107 i wypra\u0107 w pralce. Importowane.<\/p>\n<table width=\"288\">\n<tbody>\n<tr>\n<td width=\"137\"><span style=\"color: #333333;\">Nazwa produktu<\/span><\/td>\n<td width=\"151\"><span style=\"color: #333333;\">Legowisko dla zwierz\u0105t<\/span><\/td>\n<\/tr>\n<tr>\n<td><span style=\"color: #333333;\">Pozycja nr.<\/span><\/td>\n<td><span style=\"color: #333333;\">P-C3012<\/span><\/td>\n<\/tr>\n<tr>\n<td><span style=\"color: #333333;\">Materia\u0142<\/span><\/td>\n<td>Bawe\u0142na, poliester, polar<\/td>\n<\/tr>\n<tr>\n<td><span style=\"color: #333333;\">\u00a0Rozmiar i kolor<\/span><\/td>\n<td><span style=\"color: #333333;\">Dostosowane<\/span><\/td>\n<\/tr>\n<tr>\n<td><span style=\"color: #333333;\">\u00a0Czas dostawy<\/span><\/td>\n<td><span style=\"color: #333333;\">1-5 dni dla ma\u0142ych ilo\u015bci drog\u0105 lotnicz\u0105 i 30-35 dni dla du\u017cych ilo\u015bci drog\u0105 morsk\u0105.<\/span><\/td>\n<\/tr>\n<\/tbody>\n<\/table>","protected":false},"featured_media":22387,"template":"","meta":{"_seopress_robots_primary_cat":"none","_seopress_titles_title":"Orthopaedic Large Dog Bed | China Pet Bed Manufacturer","_seopress_titles_desc":"Looking for Orthopaedic Large Dog Bed? we design premium knitwear for pets worldwide. Bulk orders, OEM services. Request free cozy samples today!","_seopress_robots_index":"","_uag_custom_page_level_css":""},"product_brand":[],"product_cat":[348,22],"product_tag":[],"class_list":{"0":"post-22378","1":"product","2":"type-product","3":"status-publish","4":"has-post-thumbnail","6":"product_cat-chew-resistant-dog-beds","7":"product_cat-pet-bed","9":"first","10":"instock","11":"shipping-taxable","12":"product-type-simple"},"uagb_featured_image_src":{"full":["https:\/\/pecpets.com\/wp-content\/uploads\/2025\/09\/a8f3543e-1baa-4d0d-94a1-949b0c8396f4.jpg",1280,1280,false],"thumbnail":["https:\/\/pecpets.com\/wp-content\/uploads\/2025\/09\/a8f3543e-1baa-4d0d-94a1-949b0c8396f4-150x150.jpg",150,150,true],"medium":["https:\/\/pecpets.com\/wp-content\/uploads\/2025\/09\/a8f3543e-1baa-4d0d-94a1-949b0c8396f4-300x300.jpg",300,300,true],"medium_large":["https:\/\/pecpets.com\/wp-content\/uploads\/2025\/09\/a8f3543e-1baa-4d0d-94a1-949b0c8396f4-768x768.jpg",768,768,true],"large":["https:\/\/pecpets.com\/wp-content\/uploads\/2025\/09\/a8f3543e-1baa-4d0d-94a1-949b0c8396f4-1024x1024.jpg",800,800,true],"1536x1536":["https:\/\/pecpets.com\/wp-content\/uploads\/2025\/09\/a8f3543e-1baa-4d0d-94a1-949b0c8396f4.jpg",1280,1280,false],"2048x2048":["https:\/\/pecpets.com\/wp-content\/uploads\/2025\/09\/a8f3543e-1baa-4d0d-94a1-949b0c8396f4.jpg",1280,1280,false],"trp-custom-language-flag":["https:\/\/pecpets.com\/wp-content\/uploads\/2025\/09\/a8f3543e-1baa-4d0d-94a1-949b0c8396f4-12x12.jpg",12,12,true],"woocommerce_thumbnail":["https:\/\/pecpets.com\/wp-content\/uploads\/2025\/09\/a8f3543e-1baa-4d0d-94a1-949b0c8396f4-300x300.jpg",300,300,true],"woocommerce_single":["https:\/\/pecpets.com\/wp-content\/uploads\/2025\/09\/a8f3543e-1baa-4d0d-94a1-949b0c8396f4-600x600.jpg",600,600,true],"woocommerce_gallery_thumbnail":["https:\/\/pecpets.com\/wp-content\/uploads\/2025\/09\/a8f3543e-1baa-4d0d-94a1-949b0c8396f4-100x100.jpg",100,100,true]},"uagb_author_info":{"display_name":"Lawrence\u00a0\u52b3\u4f26\u65af","author_link":"https:\/\/pecpets.com\/pl\/author\/"},"uagb_comment_info":0,"uagb_excerpt":"Orthopaedic Large Dog Bed Dogs love this bed\u2019s double-stacked bolster\u2014it helps them feel secure and supported. And the super-cushioned sleeping area helps them sink into comfort. The removable cushion stays in place, no matter how much your dog moves around. Orthopaedic Large Dog Bed is springy and plush, ideal for dogs who like to nuzzle&hellip;","_links":{"self":[{"href":"https:\/\/pecpets.com\/pl\/wp-json\/wp\/v2\/product\/22378","targetHints":{"allow":["GET"]}}],"collection":[{"href":"https:\/\/pecpets.com\/pl\/wp-json\/wp\/v2\/product"}],"about":[{"href":"https:\/\/pecpets.com\/pl\/wp-json\/wp\/v2\/types\/product"}],"wp:featuredmedia":[{"embeddable":true,"href":"https:\/\/pecpets.com\/pl\/wp-json\/wp\/v2\/media\/22387"}],"wp:attachment":[{"href":"https:\/\/pecpets.com\/pl\/wp-json\/wp\/v2\/media?parent=22378"}],"wp:term":[{"taxonomy":"product_brand","embeddable":true,"href":"https:\/\/pecpets.com\/pl\/wp-json\/wp\/v2\/product_brand?post=22378"},{"taxonomy":"product_cat","embeddable":true,"href":"https:\/\/pecpets.com\/pl\/wp-json\/wp\/v2\/product_cat?post=22378"},{"taxonomy":"product_tag","embeddable":true,"href":"https:\/\/pecpets.com\/pl\/wp-json\/wp\/v2\/product_tag?post=22378"}],"curies":[{"name":"wp","href":"https:\/\/api.w.org\/{rel}","templated":true}]}}