{"id":22557,"date":"2026-02-11T14:52:11","date_gmt":"2026-02-11T06:52:11","guid":{"rendered":"https:\/\/pecpets.com\/?post_type=product&#038;p=22557"},"modified":"2026-02-11T15:19:23","modified_gmt":"2026-02-11T07:19:23","slug":"outdoor-dog-bed","status":"publish","type":"product","link":"https:\/\/pecpets.com\/pl\/product\/outdoor-dog-bed\/","title":{"rendered":"Legowisko dla psa na zewn\u0105trz"},"content":{"rendered":"<h2 data-start=\"91\" data-end=\"196\">\u0141\u00f3\u017cko dla psa na zewn\u0105trz od producenta \u0142\u00f3\u017cek dla zwierz\u0105t i fabryki luksusowych \u0142\u00f3\u017cek<\/h2>\n<p data-start=\"216\" data-end=\"496\">Szukasz wytrzyma\u0142ego legowiska dla psa do swojej hurtowni?<\/p>\n<p data-start=\"216\" data-end=\"496\">Jako zaufany producent legowisk dla ps\u00f3w i fabryka luksusowych \u0142\u00f3\u017cek, specjalizujemy si\u0119 w wysokiej jako\u015bci zewn\u0119trznych legowiskach dla zwierz\u0105t, zaprojektowanych z my\u015bl\u0105 o komforcie i wydajno\u015bci.<\/p>\n<p data-start=\"216\" data-end=\"496\">Nasza fabryka \u0142\u00f3\u017cek dla ps\u00f3w w Chinach oferuje pe\u0142ne us\u0142ugi OEM i ODM, wspieraj\u0105c dostosowywanie marek w\u0142asnych dla globalnych marek.<\/p>\n<p data-start=\"216\" data-end=\"496\">Niezale\u017cnie od tego, czy potrzebujesz hurtowych zam\u00f3wie\u0144 na legowiska dla ps\u00f3w, czy ma\u0142ych serii, nasi dostawcy i hurtownicy legowisk dla ps\u00f3w zapewniaj\u0105 elastyczne rozwi\u0105zania.<\/p>\n<p data-start=\"216\" data-end=\"496\">Wsp\u00f3\u0142pracuj z wiod\u0105c\u0105 firm\u0105 produkuj\u0105c\u0105 legowiska dla ps\u00f3w, aby uzyska\u0107 niezawodny eksport legowisk dla ps\u00f3w i d\u0142ugotrwa\u0142\u0105 jako\u015b\u0107, kt\u00f3ra sprosta ka\u017cdej przygodzie na \u015bwie\u017cym powietrzu.<\/p>","protected":false},"excerpt":{"rendered":"<h3>Legowisko dla psa na zewn\u0105trz<\/h3>\n<ul class=\"a-unordered-list a-vertical a-spacing-mini\">\n<li><strong>Sk\u0142adana konstrukcja 2 w 1<\/strong>: Sofa w dzie\u0144, \u0142\u00f3\u017cko w nocy! Unikalna sk\u0142adana konstrukcja u\u0142atwia prze\u0142\u0105czanie mi\u0119dzy le\u017ceniem a drzemk\u0105, idealnie dostosowuj\u0105c si\u0119 do potrzeb Twojego zwierzaka.<\/li>\n<li><strong>Innowacje przyjazne dla \u015brodowiska:\u00a0<\/strong>Wykonane z zaawansowanych materia\u0142\u00f3w nanotechnologicznych pochodz\u0105cych z recyklingu, nasze legowiska dla ps\u00f3w s\u0105 przyjazne dla \u015brodowiska i wolne od szkodliwych chemikali\u00f3w.<\/li>\n<li><strong>Zaawansowany technologicznie wodoodporny materia\u0142:\u00a0<\/strong>Wykonany z wodoodpornej tkaniny poliestrowej, jest odporny na rozlane p\u0142yny i zabrudzenia, zapewniaj\u0105c czysto\u015b\u0107 i wygod\u0119 miejsca odpoczynku Twojego zwierzaka.<\/li>\n<li><strong>Wsparcie dla zdrowych g\u0105bek<\/strong>: Zaprojektowany z wy\u015bci\u00f3\u0142k\u0105 z g\u0105bki o du\u017cej g\u0119sto\u015bci, produkt ten zapewnia doskona\u0142e wsparcie staw\u00f3w, oferuj\u0105c psu wygodne miejsce do rozci\u0105gania si\u0119 i relaksu po dniu pe\u0142nym zabawy.<\/li>\n<li><strong>Stabilno\u015b\u0107 antypo\u015blizgowa<\/strong>: Antypo\u015blizgowa podstawa zapewnia, \u017ce legowisko pozostaje bezpiecznie na swoim miejscu, nawet podczas niespokojnych sn\u00f3w lub radosnych chwil machania ogonem.<\/li>\n<li><strong>\u0141atwo\u015b\u0107 czyszczenia<\/strong>: Zdejmowany pokrowiec, kt\u00f3ry mo\u017cna pra\u0107 w pralce, sprawia, \u017ce czyszczenie nie wymaga wysi\u0142ku, dzi\u0119ki czemu masz wi\u0119cej czasu, aby skupi\u0107 si\u0119 na zabawie ze swoim futrzanym przyjacielem.<\/li>\n<\/ul>\n<table width=\"288\">\n<tbody>\n<tr>\n<td width=\"137\"><span style=\"color: #333333;\">Nazwa produktu<\/span><\/td>\n<td width=\"151\"><span style=\"color: #333333;\">Legowisko dla zwierz\u0105t<\/span><\/td>\n<\/tr>\n<tr>\n<td><span style=\"color: #333333;\">Pozycja nr.<\/span><\/td>\n<td><span style=\"color: #333333;\">P-C3018<\/span><\/td>\n<\/tr>\n<tr>\n<td><span style=\"color: #333333;\">Materia\u0142<\/span><\/td>\n<td>Bawe\u0142na, poliester, polar<\/td>\n<\/tr>\n<tr>\n<td><span style=\"color: #333333;\">\u00a0Rozmiar i kolor<\/span><\/td>\n<td><span style=\"color: #333333;\">Dostosowane<\/span><\/td>\n<\/tr>\n<tr>\n<td><span style=\"color: #333333;\">\u00a0Czas dostawy<\/span><\/td>\n<td><span style=\"color: #333333;\">1-5 dni dla ma\u0142ych ilo\u015bci drog\u0105 lotnicz\u0105 i 30-35 dni dla du\u017cych ilo\u015bci drog\u0105 morsk\u0105.<\/span><\/td>\n<\/tr>\n<\/tbody>\n<\/table>","protected":false},"featured_media":22567,"template":"","meta":{"_seopress_robots_primary_cat":"none","_seopress_titles_title":"Outdoor Dog Bed | China Pet Bed Manufacturer","_seopress_titles_desc":"Looking for Outdoor Dog Bed? we design premium knitwear for pets worldwide. Bulk orders, OEM services. Request free cozy samples today!","_seopress_robots_index":"","_seopress_analysis_target_kw":"Outdoor Dog Bed","_uag_custom_page_level_css":""},"product_brand":[],"product_cat":[22,322],"product_tag":[],"class_list":{"0":"post-22557","1":"product","2":"type-product","3":"status-publish","4":"has-post-thumbnail","6":"product_cat-pet-bed","7":"product_cat-waterproof-dog-beds","9":"first","10":"instock","11":"shipping-taxable","12":"product-type-simple"},"uagb_featured_image_src":{"full":["https:\/\/pecpets.com\/wp-content\/uploads\/2025\/10\/ff5c1743-0729-466c-af33-fb356fc48e30.jpg",1000,1000,false],"thumbnail":["https:\/\/pecpets.com\/wp-content\/uploads\/2025\/10\/ff5c1743-0729-466c-af33-fb356fc48e30-150x150.jpg",150,150,true],"medium":["https:\/\/pecpets.com\/wp-content\/uploads\/2025\/10\/ff5c1743-0729-466c-af33-fb356fc48e30-300x300.jpg",300,300,true],"medium_large":["https:\/\/pecpets.com\/wp-content\/uploads\/2025\/10\/ff5c1743-0729-466c-af33-fb356fc48e30-768x768.jpg",768,768,true],"large":["https:\/\/pecpets.com\/wp-content\/uploads\/2025\/10\/ff5c1743-0729-466c-af33-fb356fc48e30.jpg",800,800,false],"1536x1536":["https:\/\/pecpets.com\/wp-content\/uploads\/2025\/10\/ff5c1743-0729-466c-af33-fb356fc48e30.jpg",1000,1000,false],"2048x2048":["https:\/\/pecpets.com\/wp-content\/uploads\/2025\/10\/ff5c1743-0729-466c-af33-fb356fc48e30.jpg",1000,1000,false],"trp-custom-language-flag":["https:\/\/pecpets.com\/wp-content\/uploads\/2025\/10\/ff5c1743-0729-466c-af33-fb356fc48e30-12x12.jpg",12,12,true],"woocommerce_thumbnail":["https:\/\/pecpets.com\/wp-content\/uploads\/2025\/10\/ff5c1743-0729-466c-af33-fb356fc48e30-300x300.jpg",300,300,true],"woocommerce_single":["https:\/\/pecpets.com\/wp-content\/uploads\/2025\/10\/ff5c1743-0729-466c-af33-fb356fc48e30-600x600.jpg",600,600,true],"woocommerce_gallery_thumbnail":["https:\/\/pecpets.com\/wp-content\/uploads\/2025\/10\/ff5c1743-0729-466c-af33-fb356fc48e30-100x100.jpg",100,100,true]},"uagb_author_info":{"display_name":"Lawrence\u00a0\u52b3\u4f26\u65af","author_link":"https:\/\/pecpets.com\/pl\/author\/"},"uagb_comment_info":0,"uagb_excerpt":"Outdoor Dog Bed 2-in-1 Foldable Design: A sofa by day, a bed by night! The unique foldable design makes it easy to switch between lounging and napping, perfectly adapting to your pet\u2019s needs. Eco-Friendly Innovation:\u00a0Crafted with advanced recycled nanotechnology materials, our dog beds are eco-conscious and free of harmful chemicals. High-Tech Waterproof Material:\u00a0Made with water-repellent&hellip;","_links":{"self":[{"href":"https:\/\/pecpets.com\/pl\/wp-json\/wp\/v2\/product\/22557","targetHints":{"allow":["GET"]}}],"collection":[{"href":"https:\/\/pecpets.com\/pl\/wp-json\/wp\/v2\/product"}],"about":[{"href":"https:\/\/pecpets.com\/pl\/wp-json\/wp\/v2\/types\/product"}],"wp:featuredmedia":[{"embeddable":true,"href":"https:\/\/pecpets.com\/pl\/wp-json\/wp\/v2\/media\/22567"}],"wp:attachment":[{"href":"https:\/\/pecpets.com\/pl\/wp-json\/wp\/v2\/media?parent=22557"}],"wp:term":[{"taxonomy":"product_brand","embeddable":true,"href":"https:\/\/pecpets.com\/pl\/wp-json\/wp\/v2\/product_brand?post=22557"},{"taxonomy":"product_cat","embeddable":true,"href":"https:\/\/pecpets.com\/pl\/wp-json\/wp\/v2\/product_cat?post=22557"},{"taxonomy":"product_tag","embeddable":true,"href":"https:\/\/pecpets.com\/pl\/wp-json\/wp\/v2\/product_tag?post=22557"}],"curies":[{"name":"wp","href":"https:\/\/api.w.org\/{rel}","templated":true}]}}