{"id":22688,"date":"2025-10-09T09:25:03","date_gmt":"2025-10-09T01:25:03","guid":{"rendered":"https:\/\/pecpets.com\/?post_type=product&#038;p=22688"},"modified":"2025-10-09T09:35:24","modified_gmt":"2025-10-09T01:35:24","slug":"orthopedic-dog-bed","status":"publish","type":"product","link":"https:\/\/pecpets.com\/pl\/product\/orthopedic-dog-bed\/","title":{"rendered":"\u0141\u00f3\u017cko ortopedyczne dla psa"},"content":{"rendered":"<h2 data-start=\"91\" data-end=\"196\">\u0141\u00f3\u017cko ortopedyczne dla psa od producenta \u0142\u00f3\u017cek dla zwierz\u0105t i fabryki luksusowych \u0142\u00f3\u017cek<\/h2>\n<p data-start=\"216\" data-end=\"496\">Odkryj wysokiej jako\u015bci ortopedyczne legowiska dla ps\u00f3w zaprojektowane z my\u015bl\u0105 o wygodzie, trwa\u0142o\u015bci i stylu.<\/p>\n<p data-start=\"216\" data-end=\"496\">Jako wiod\u0105cy producent legowisk dla zwierz\u0105t i fabryka luksusowych \u0142\u00f3\u017cek, specjalizujemy si\u0119 w produkcji wysokiej jako\u015bci ortopedycznych legowisk dla ps\u00f3w, kt\u00f3re wspieraj\u0105 zdrowie staw\u00f3w i spokojny sen.<\/p>\n<p data-start=\"216\" data-end=\"496\">Nasza fabryka \u0142\u00f3\u017cek dla ps\u00f3w w Chinach oferuje us\u0142ugi OEM, ODM i marki w\u0142asne dla marek poszukuj\u0105cych niezawodnej produkcji.<\/p>\n<p data-start=\"216\" data-end=\"496\">Niezale\u017cnie od tego, czy potrzebujesz hurtowych zam\u00f3wie\u0144 na legowiska dla ps\u00f3w, czy chcesz nawi\u0105za\u0107 wsp\u00f3\u0142prac\u0119 z zaufanym dostawc\u0105, producentem lub hurtownikiem legowisk dla ps\u00f3w, zapewniamy Ci wsparcie.<\/p>\n<p data-start=\"216\" data-end=\"496\">Dzi\u0119ki wieloletniemu do\u015bwiadczeniu w eksporcie legowisk dla ps\u00f3w, nasza firma i sprzedawca legowisk dla ps\u00f3w zapewniaj\u0105 niestandardowe rozwi\u0105zania, kt\u00f3re spe\u0142niaj\u0105 \u015bwiatowe standardy jako\u015bci i wzornictwa.<\/p>","protected":false},"excerpt":{"rendered":"<h3>\u0141\u00f3\u017cko ortopedyczne dla psa<\/h3>\n<ul>\n<li>Gruby ortopedyczny materac piankowy w stylowym kolorze lnu<\/li>\n<li>Idealny dla starszych ps\u00f3w lub ps\u00f3w z problemami staw\u00f3w<\/li>\n<li>Wygodny uchwyt do przenoszenia<\/li>\n<li>Zdejmowana pokrywa, kt\u00f3r\u0105 mo\u017cna pra\u0107 w pralce<\/li>\n<li>Pluszowe futro na g\u00f3rze dla dodatkowego komfortu<\/li>\n<li>R\u0119czna produkcja we W\u0142oszech<\/li>\n<li>Dost\u0119pne w trzech rozmiarach<\/li>\n<\/ul>\n<table width=\"288\">\n<tbody>\n<tr>\n<td width=\"137\"><span style=\"color: #333333;\">Nazwa produktu<\/span><\/td>\n<td width=\"151\"><span style=\"color: #333333;\">Legowisko dla zwierz\u0105t<\/span><\/td>\n<\/tr>\n<tr>\n<td><span style=\"color: #333333;\">Pozycja nr.<\/span><\/td>\n<td><span style=\"color: #333333;\">P-C3022<\/span><\/td>\n<\/tr>\n<tr>\n<td><span style=\"color: #333333;\">Materia\u0142<\/span><\/td>\n<td>Bawe\u0142na, poliester, polar<\/td>\n<\/tr>\n<tr>\n<td><span style=\"color: #333333;\">\u00a0Rozmiar i kolor<\/span><\/td>\n<td><span style=\"color: #333333;\">Mo\u017cliwo\u015b\u0107 dostosowania<\/span><\/td>\n<\/tr>\n<tr>\n<td><span style=\"color: #333333;\">\u00a0Czas dostawy<\/span><\/td>\n<td><span style=\"color: #333333;\">1-5 dni dla ma\u0142ych ilo\u015bci drog\u0105 lotnicz\u0105 i 30-35 dni dla du\u017cych ilo\u015bci drog\u0105 morsk\u0105.<\/span><\/td>\n<\/tr>\n<\/tbody>\n<\/table>","protected":false},"featured_media":22689,"template":"","meta":{"_seopress_robots_primary_cat":"none","_seopress_titles_title":"Orthopedic Dog Bed | China Pet Bed Manufacturer","_seopress_titles_desc":"Looking for Orthopedic Dog Bed? we design premium knitwear for pets worldwide. Bulk orders, OEM services. Request free cozy samples today!","_seopress_robots_index":"","_seopress_analysis_target_kw":"Orthopedic Dog Bed","_uag_custom_page_level_css":""},"product_brand":[],"product_cat":[345,22],"product_tag":[],"class_list":{"0":"post-22688","1":"product","2":"type-product","3":"status-publish","4":"has-post-thumbnail","6":"product_cat-orthopedic-dog-bed","7":"product_cat-pet-bed","9":"first","10":"instock","11":"shipping-taxable","12":"product-type-simple"},"uagb_featured_image_src":{"full":["https:\/\/pecpets.com\/wp-content\/uploads\/2025\/10\/twillorthomattresslinenLL-FOM-O.jpg",1400,1400,false],"thumbnail":["https:\/\/pecpets.com\/wp-content\/uploads\/2025\/10\/twillorthomattresslinenLL-FOM-O-150x150.jpg",150,150,true],"medium":["https:\/\/pecpets.com\/wp-content\/uploads\/2025\/10\/twillorthomattresslinenLL-FOM-O-300x300.jpg",300,300,true],"medium_large":["https:\/\/pecpets.com\/wp-content\/uploads\/2025\/10\/twillorthomattresslinenLL-FOM-O-768x768.jpg",768,768,true],"large":["https:\/\/pecpets.com\/wp-content\/uploads\/2025\/10\/twillorthomattresslinenLL-FOM-O-1024x1024.jpg",800,800,true],"1536x1536":["https:\/\/pecpets.com\/wp-content\/uploads\/2025\/10\/twillorthomattresslinenLL-FOM-O.jpg",1400,1400,false],"2048x2048":["https:\/\/pecpets.com\/wp-content\/uploads\/2025\/10\/twillorthomattresslinenLL-FOM-O.jpg",1400,1400,false],"trp-custom-language-flag":["https:\/\/pecpets.com\/wp-content\/uploads\/2025\/10\/twillorthomattresslinenLL-FOM-O-12x12.jpg",12,12,true],"woocommerce_thumbnail":["https:\/\/pecpets.com\/wp-content\/uploads\/2025\/10\/twillorthomattresslinenLL-FOM-O-300x300.jpg",300,300,true],"woocommerce_single":["https:\/\/pecpets.com\/wp-content\/uploads\/2025\/10\/twillorthomattresslinenLL-FOM-O-600x600.jpg",600,600,true],"woocommerce_gallery_thumbnail":["https:\/\/pecpets.com\/wp-content\/uploads\/2025\/10\/twillorthomattresslinenLL-FOM-O-100x100.jpg",100,100,true]},"uagb_author_info":{"display_name":"Lawrence\u00a0\u52b3\u4f26\u65af","author_link":"https:\/\/pecpets.com\/pl\/author\/"},"uagb_comment_info":0,"uagb_excerpt":"Orthopedic Dog Bed Thick orthopaedic foam mattress in a stylish linen colour Perfect for older dogs or dogs with joint problems Convenient\u00a0carry handle Removable cover that can be machine-washed Plush fur top for extra comfort Handmade in Italy Available in three sizes Product Name Pet Bed Item No. P-C3022 Material Cotton, Polyester, Fleece \u00a0Size and&hellip;","_links":{"self":[{"href":"https:\/\/pecpets.com\/pl\/wp-json\/wp\/v2\/product\/22688","targetHints":{"allow":["GET"]}}],"collection":[{"href":"https:\/\/pecpets.com\/pl\/wp-json\/wp\/v2\/product"}],"about":[{"href":"https:\/\/pecpets.com\/pl\/wp-json\/wp\/v2\/types\/product"}],"wp:featuredmedia":[{"embeddable":true,"href":"https:\/\/pecpets.com\/pl\/wp-json\/wp\/v2\/media\/22689"}],"wp:attachment":[{"href":"https:\/\/pecpets.com\/pl\/wp-json\/wp\/v2\/media?parent=22688"}],"wp:term":[{"taxonomy":"product_brand","embeddable":true,"href":"https:\/\/pecpets.com\/pl\/wp-json\/wp\/v2\/product_brand?post=22688"},{"taxonomy":"product_cat","embeddable":true,"href":"https:\/\/pecpets.com\/pl\/wp-json\/wp\/v2\/product_cat?post=22688"},{"taxonomy":"product_tag","embeddable":true,"href":"https:\/\/pecpets.com\/pl\/wp-json\/wp\/v2\/product_tag?post=22688"}],"curies":[{"name":"wp","href":"https:\/\/api.w.org\/{rel}","templated":true}]}}