{"id":22695,"date":"2025-10-10T09:21:52","date_gmt":"2025-10-10T01:21:52","guid":{"rendered":"https:\/\/pecpets.com\/?post_type=product&#038;p=22695"},"modified":"2025-10-13T16:58:40","modified_gmt":"2025-10-13T08:58:40","slug":"raised-dog-bed","status":"publish","type":"product","link":"https:\/\/pecpets.com\/pl\/product\/raised-dog-bed\/","title":{"rendered":"Podwy\u017cszone legowisko dla psa"},"content":{"rendered":"<h2 data-start=\"91\" data-end=\"196\">Podniesione \u0142\u00f3\u017cko dla psa od producenta \u0142\u00f3\u017cek dla zwierz\u0105t i fabryki luksusowych \u0142\u00f3\u017cek<\/h2>\n<p data-start=\"216\" data-end=\"496\">Zwi\u0119ksz komfort swojego pupila dzi\u0119ki naszemu wysokiej jako\u015bci podwy\u017cszonemu legowisku dla psa, zaprojektowanemu z my\u015bl\u0105 o trwa\u0142o\u015bci, wentylacji i ca\u0142orocznym u\u017cytkowaniu.<\/p>\n<p data-start=\"216\" data-end=\"496\">Jako zaufany producent legowisk dla zwierz\u0105t i fabryka luksusowych \u0142\u00f3\u017cek, produkujemy wysokiej jako\u015bci podwy\u017cszone legowiska dla ps\u00f3w, idealne do wn\u0119trz i na zewn\u0105trz.<\/p>\n<p data-start=\"216\" data-end=\"496\">Nasza fabryka legowisk dla ps\u00f3w w Chinach specjalizuje si\u0119 w produkcji OEM, ODM i marek w\u0142asnych, pomagaj\u0105c markom i sprzedawcom detalicznym tworzy\u0107 unikalne linie legowisk dla zwierz\u0105t.<\/p>\n<p data-start=\"216\" data-end=\"496\">Niezale\u017cnie od tego, czy pozyskujesz hurtowe zam\u00f3wienia na legowiska dla ps\u00f3w, czy wsp\u00f3\u0142pracujesz z niezawodnym dostawc\u0105 legowisk dla ps\u00f3w, producentem legowisk dla ps\u00f3w lub hurtownikiem legowisk dla ps\u00f3w, zapewniamy sta\u0142\u0105 jako\u015b\u0107 i terminowe us\u0142ugi eksportu legowisk dla ps\u00f3w na ca\u0142ym \u015bwiecie.<\/p>\n<p data-start=\"216\" data-end=\"496\">Wybierz profesjonaln\u0105 firm\u0119 i sprzedawc\u0119 legowisk dla ps\u00f3w, kt\u00f3ry koncentruje si\u0119 na innowacyjno\u015bci, komforcie i kunszcie - wybierz nasz\u0105 kolekcj\u0119 podwy\u017cszonych legowisk dla ps\u00f3w, aby ulepszy\u0107 swoj\u0105 ofert\u0119 produkt\u00f3w.<\/p>","protected":false},"excerpt":{"rendered":"<h3>Podwy\u017cszone legowisko dla psa<\/h3>\n<ul>\n<li><strong>Wytrzyma\u0142a konstrukcja krzy\u017cowa:<\/strong>\u00a0To podwy\u017cszone legowisko dla zwierz\u0105t zosta\u0142o zbudowane z wytrzyma\u0142ej ramy krzy\u017cowej ze stopu aluminium, zapewniaj\u0105cej d\u0142ugotrwa\u0142\u0105 stabilno\u015b\u0107 i wsparcie. Antypo\u015blizgowe n\u00f3\u017cki utrzymuj\u0105 legowisko na miejscu, zapewniaj\u0105c bezpieczne miejsce do odpoczynku dla zwierz\u0119cia, zar\u00f3wno w domu, jak i w podr\u00f3\u017cy.<\/li>\n<li><strong>Wygodny i oddychaj\u0105cy materia\u0142:<\/strong>\u00a0Wyposa\u017cone w pluszowy wierzch wykonany z wysokiej jako\u015bci sztucznej we\u0142ny jagni\u0119cej, legowisko zapewnia doskona\u0142e ciep\u0142o i przytulno\u015b\u0107 dla Twojego futrzanego przyjaciela. Oddychaj\u0105ca konstrukcja zapobiega przegrzaniu, zapewniaj\u0105c zwierz\u0119ciu komfort o ka\u017cdej porze roku.<\/li>\n<li><strong>Wytrzyma\u0142a podstawa z tkaniny Oxford:<\/strong>\u00a0Podstawa wykonana jest z odpornej na zarysowania tkaniny 600D Oxford, oferuj\u0105cej doskona\u0142\u0105 trwa\u0142o\u015b\u0107 i ochron\u0119 przed ostrymi pazurami i ugryzieniami. Jest r\u00f3wnie\u017c wodoodporna, dzi\u0119ki czemu idealnie nadaje si\u0119 zar\u00f3wno do u\u017cytku wewn\u0105trz, jak i na zewn\u0105trz.<\/li>\n<li><strong>Sk\u0142adana i przeno\u015bna konstrukcja:<\/strong>\u00a0Zaprojektowane z my\u015bl\u0105 o wygodzie, to \u0142\u00f3\u017cko mo\u017cna \u0142atwo z\u0142o\u017cy\u0107 w celu kompaktowego przechowywania lub transportu. Niezale\u017cnie od tego, czy wybierasz si\u0119 do parku, na kemping, czy po prostu przenosisz go do domu, konfiguracja i demonta\u017c s\u0105 szybkie i bezproblemowe.<\/li>\n<li><strong>Idealny do u\u017cytku wewn\u0105trz i na zewn\u0105trz:<\/strong>\u00a0Niezale\u017cnie od tego, czy zostanie umieszczone w salonie, czy na kempingu, to legowisko oferuje przytuln\u0105, bezpieczn\u0105 przestrze\u0144, w kt\u00f3rej zwierz\u0119 mo\u017ce si\u0119 zrelaksowa\u0107 i odpocz\u0105\u0107.<\/li>\n<\/ul>\n<table width=\"288\">\n<tbody>\n<tr>\n<td width=\"137\"><span style=\"color: #333333;\">Nazwa produktu<\/span><\/td>\n<td width=\"151\"><span style=\"color: #333333;\">Legowisko dla zwierz\u0105t<\/span><\/td>\n<\/tr>\n<tr>\n<td><span style=\"color: #333333;\">Pozycja nr.<\/span><\/td>\n<td><span style=\"color: #333333;\">P-C3023<\/span><\/td>\n<\/tr>\n<tr>\n<td><span style=\"color: #333333;\">Materia\u0142<\/span><\/td>\n<td>Bawe\u0142na, poliester, polar<\/td>\n<\/tr>\n<tr>\n<td><span style=\"color: #333333;\">\u00a0Rozmiar i kolor<\/span><\/td>\n<td><span style=\"color: #333333;\">Mo\u017cliwo\u015b\u0107 dostosowania<\/span><\/td>\n<\/tr>\n<tr>\n<td><span style=\"color: #333333;\">\u00a0Czas dostawy<\/span><\/td>\n<td><span style=\"color: #333333;\">1-5 dni dla ma\u0142ych ilo\u015bci drog\u0105 lotnicz\u0105 i 30-35 dni dla du\u017cych ilo\u015bci drog\u0105 morsk\u0105.<\/span><\/td>\n<\/tr>\n<\/tbody>\n<\/table>","protected":false},"featured_media":22703,"template":"","meta":{"_seopress_robots_primary_cat":"none","_seopress_titles_title":"Raised Dog Bed | China Pet Bed Manufacturer","_seopress_titles_desc":"Looking for Raised Dog Bed? we design premium knitwear for pets worldwide. Bulk orders, OEM services. Request free cozy samples today!","_seopress_robots_index":"","_uag_custom_page_level_css":""},"product_brand":[],"product_cat":[22,350],"product_tag":[],"class_list":{"0":"post-22695","1":"product","2":"type-product","3":"status-publish","4":"has-post-thumbnail","6":"product_cat-pet-bed","7":"product_cat-portable-dog-beds","9":"first","10":"instock","11":"shipping-taxable","12":"product-type-simple"},"uagb_featured_image_src":{"full":["https:\/\/pecpets.com\/wp-content\/uploads\/2025\/10\/SDFSADFASDF-1.jpeg",1000,1000,false],"thumbnail":["https:\/\/pecpets.com\/wp-content\/uploads\/2025\/10\/SDFSADFASDF-1-150x150.jpeg",150,150,true],"medium":["https:\/\/pecpets.com\/wp-content\/uploads\/2025\/10\/SDFSADFASDF-1-300x300.jpeg",300,300,true],"medium_large":["https:\/\/pecpets.com\/wp-content\/uploads\/2025\/10\/SDFSADFASDF-1-768x768.jpeg",768,768,true],"large":["https:\/\/pecpets.com\/wp-content\/uploads\/2025\/10\/SDFSADFASDF-1.jpeg",800,800,false],"1536x1536":["https:\/\/pecpets.com\/wp-content\/uploads\/2025\/10\/SDFSADFASDF-1.jpeg",1000,1000,false],"2048x2048":["https:\/\/pecpets.com\/wp-content\/uploads\/2025\/10\/SDFSADFASDF-1.jpeg",1000,1000,false],"trp-custom-language-flag":["https:\/\/pecpets.com\/wp-content\/uploads\/2025\/10\/SDFSADFASDF-1-12x12.jpeg",12,12,true],"woocommerce_thumbnail":["https:\/\/pecpets.com\/wp-content\/uploads\/2025\/10\/SDFSADFASDF-1-300x300.jpeg",300,300,true],"woocommerce_single":["https:\/\/pecpets.com\/wp-content\/uploads\/2025\/10\/SDFSADFASDF-1-600x600.jpeg",600,600,true],"woocommerce_gallery_thumbnail":["https:\/\/pecpets.com\/wp-content\/uploads\/2025\/10\/SDFSADFASDF-1-100x100.jpeg",100,100,true]},"uagb_author_info":{"display_name":"Lawrence\u00a0\u52b3\u4f26\u65af","author_link":"https:\/\/pecpets.com\/pl\/author\/"},"uagb_comment_info":0,"uagb_excerpt":"Raised Dog Bed Sturdy Cross-Frame Structure:\u00a0This elevated pet bed is built with a durable aluminum alloy cross-frame, ensuring long-lasting stability and support. The anti-slip feet design keeps it securely in place, offering a safe resting spot for your pet, whether at home or on the go. Comfortable &amp; Breathable Fabric:\u00a0Featuring a plush top made with&hellip;","_links":{"self":[{"href":"https:\/\/pecpets.com\/pl\/wp-json\/wp\/v2\/product\/22695","targetHints":{"allow":["GET"]}}],"collection":[{"href":"https:\/\/pecpets.com\/pl\/wp-json\/wp\/v2\/product"}],"about":[{"href":"https:\/\/pecpets.com\/pl\/wp-json\/wp\/v2\/types\/product"}],"wp:featuredmedia":[{"embeddable":true,"href":"https:\/\/pecpets.com\/pl\/wp-json\/wp\/v2\/media\/22703"}],"wp:attachment":[{"href":"https:\/\/pecpets.com\/pl\/wp-json\/wp\/v2\/media?parent=22695"}],"wp:term":[{"taxonomy":"product_brand","embeddable":true,"href":"https:\/\/pecpets.com\/pl\/wp-json\/wp\/v2\/product_brand?post=22695"},{"taxonomy":"product_cat","embeddable":true,"href":"https:\/\/pecpets.com\/pl\/wp-json\/wp\/v2\/product_cat?post=22695"},{"taxonomy":"product_tag","embeddable":true,"href":"https:\/\/pecpets.com\/pl\/wp-json\/wp\/v2\/product_tag?post=22695"}],"curies":[{"name":"wp","href":"https:\/\/api.w.org\/{rel}","templated":true}]}}