{"id":23431,"date":"2025-11-13T10:43:38","date_gmt":"2025-11-13T02:43:38","guid":{"rendered":"https:\/\/pecpets.com\/?post_type=product&#038;p=23431"},"modified":"2025-11-13T14:25:32","modified_gmt":"2025-11-13T06:25:32","slug":"dog-sweater-factory","status":"publish","type":"product","link":"https:\/\/pecpets.com\/pl\/product\/dog-sweater-factory\/","title":{"rendered":"Fabryka swetr\u00f3w dla ps\u00f3w"},"content":{"rendered":"<h2 data-start=\"193\" data-end=\"275\">Fabryka swetr\u00f3w dla ps\u00f3w | Ekspercki producent swetr\u00f3w dla zwierz\u0105t i fabryka luksusowych swetr\u00f3w<\/h2>\n<p data-start=\"254\" data-end=\"538\">Szukasz niezawodnej fabryki swetr\u00f3w dla ps\u00f3w do produkcji wysokiej jako\u015bci odzie\u017cy dla zwierz\u0105t domowych? Jako zaufany producent swetr\u00f3w dla zwierz\u0105t domowych i fabryka luksusowych swetr\u00f3w w Chinach, specjalizujemy si\u0119 w tworzeniu stylowych, trwa\u0142ych i konfigurowalnych swetr\u00f3w dla globalnych klient\u00f3w hurtowych.<\/p>\n<h4 data-start=\"540\" data-end=\"594\">Profesjonalne us\u0142ugi fabryki swetr\u00f3w dla ps\u00f3w<\/h4>\n<ul data-start=\"595\" data-end=\"916\">\n<li data-start=\"595\" data-end=\"678\">\n<p data-start=\"597\" data-end=\"678\">Ponad 150 sezonowych i klasycznych wzor\u00f3w dost\u0119pnych dla hurtowych zam\u00f3wie\u0144 swetr\u00f3w dla ps\u00f3w<\/p>\n<\/li>\n<li data-start=\"679\" data-end=\"769\">\n<p data-start=\"681\" data-end=\"769\">Niestandardowe us\u0142ugi OEM i ODM w zakresie swetr\u00f3w dla ps\u00f3w z obs\u0142ug\u0105 marek w\u0142asnych<\/p>\n<\/li>\n<li data-start=\"770\" data-end=\"843\">\n<p data-start=\"772\" data-end=\"843\">Wysokiej jako\u015bci materia\u0142y, w tym we\u0142na, akryl i wodoodporne mieszanki<\/p>\n<\/li>\n<li data-start=\"844\" data-end=\"916\">\n<p data-start=\"846\" data-end=\"916\">Elastyczne MOQ ju\u017c od 200 sztuk dla rozwijaj\u0105cych si\u0119 marek i sprzedawc\u00f3w detalicznych<\/p>\n<\/li>\n<\/ul>\n<h4 data-start=\"918\" data-end=\"960\">Personalizacja i marka w\u0142asna<\/h4>\n<ul data-start=\"961\" data-end=\"1216\">\n<li data-start=\"961\" data-end=\"1040\">\n<p data-start=\"963\" data-end=\"1040\">Opcje marki w\u0142asnej swetra dla psa z pe\u0142nymi rozwi\u0105zaniami brandingowymi<\/p>\n<\/li>\n<li data-start=\"1041\" data-end=\"1110\">\n<p data-start=\"1043\" data-end=\"1110\">Cyfrowe podgl\u0105dy 3D i 5-dniowe pobieranie pr\u00f3bek w celu szybszego wprowadzenia na rynek<\/p>\n<\/li>\n<li data-start=\"1111\" data-end=\"1216\">\n<p data-start=\"1113\" data-end=\"1216\">Ekskluzywne projekty stworzone dla firmy Dog Sweater, sprzedawcy swetr\u00f3w dla ps\u00f3w i butik\u00f3w.<\/p>\n<\/li>\n<\/ul>\n<h4 data-start=\"1218\" data-end=\"1257\">Globalny eksport i zgodno\u015b\u0107 z przepisami<\/h4>\n<ul data-start=\"1258\" data-end=\"1466\">\n<li data-start=\"1258\" data-end=\"1332\">\n<p data-start=\"1260\" data-end=\"1332\">Kompletna dokumentacja eksportowa swetra dla psa dla bezproblemowej dostawy<\/p>\n<\/li>\n<li data-start=\"1333\" data-end=\"1390\">\n<p data-start=\"1335\" data-end=\"1390\">Mi\u0119dzynarodowe wsparcie logistyczne z terminow\u0105 wysy\u0142k\u0105<\/p>\n<\/li>\n<li data-start=\"1391\" data-end=\"1466\">\n<p data-start=\"1393\" data-end=\"1466\">Zaufanie hurtowni swetr\u00f3w dla ps\u00f3w i du\u017cych sieci detalicznych na ca\u0142ym \u015bwiecie<\/p>\n<\/li>\n<\/ul>\n<h4 data-start=\"1468\" data-end=\"1520\">Dlaczego warto wsp\u00f3\u0142pracowa\u0107 z nasz\u0105 fabryk\u0105 swetr\u00f3w dla ps\u00f3w?<\/h4>\n<ul data-start=\"1521\" data-end=\"1788\">\n<li data-start=\"1521\" data-end=\"1587\">\n<p data-start=\"1523\" data-end=\"1587\">Konkurencyjne ceny hurtowe swetr\u00f3w dla ps\u00f3w z rabatami ilo\u015bciowymi<\/p>\n<\/li>\n<li data-start=\"1588\" data-end=\"1662\">\n<p data-start=\"1590\" data-end=\"1662\">Producent swetr\u00f3w dla ps\u00f3w z certyfikatem ISO i \u015bcis\u0142\u0105 kontrol\u0105 jako\u015bci<\/p>\n<\/li>\n<li data-start=\"1663\" data-end=\"1712\">\n<p data-start=\"1665\" data-end=\"1712\">25-dniowe cykle produkcyjne dla zam\u00f3wie\u0144 hurtowych<\/p>\n<\/li>\n<li data-start=\"1713\" data-end=\"1788\">\n<p data-start=\"1715\" data-end=\"1788\">Dedykowany zesp\u00f3\u0142 serwisowy dla sieci dostawc\u00f3w i sprzedawc\u00f3w swetr\u00f3w dla ps\u00f3w<\/p>\n<\/li>\n<\/ul>\n<p data-start=\"1790\" data-end=\"2111\">Niezale\u017cnie od tego, czy jeste\u015b firm\u0105 produkuj\u0105c\u0105 swetry dla ps\u00f3w, dostawc\u0105 swetr\u00f3w dla ps\u00f3w, czy hurtownikiem swetr\u00f3w dla ps\u00f3w na du\u017c\u0105 skal\u0119, nasza fabryka swetr\u00f3w dla ps\u00f3w oferuje niezawodn\u0105 produkcj\u0119, do\u015bwiadczenie w eksporcie i najwy\u017csz\u0105 jako\u015b\u0107, aby rozwin\u0105\u0107 Tw\u00f3j biznes. Skontaktuj si\u0119 z nami ju\u017c dzi\u015b, aby zam\u00f3wi\u0107 nasz\u0105 najnowsz\u0105 kolekcj\u0119 i rozpocz\u0105\u0107 projekt niestandardowego swetra!<\/p>","protected":false},"excerpt":{"rendered":"<h3>Fabryka swetr\u00f3w dla ps\u00f3w<\/h3>\n<ul>\n<li>Modny design w stylu retro przyci\u0105gnie wzrok ka\u017cdego.<\/li>\n<li>Golf, kt\u00f3ry zapewni Twojemu futrzanemu przyjacielowi przytulno\u015b\u0107 i ciep\u0142o.<\/li>\n<li>Wyrze\u017abiony, aby dopasowa\u0107 si\u0119 do kszta\u0142tu cia\u0142a psa.<\/li>\n<li>\u017bebrowane otwory na ramiona dope\u0142niaj\u0105 wygodnego wygl\u0105du.<\/li>\n<\/ul>\n<table width=\"288\">\n<tbody>\n<tr>\n<td width=\"137\"><span style=\"color: #333333;\">Nazwa produktu<\/span><\/td>\n<td width=\"151\"><span style=\"color: #333333;\">Odzie\u017c dla zwierz\u0105t<\/span><\/td>\n<\/tr>\n<tr>\n<td><span style=\"color: #333333;\">Pozycja nr.<\/span><\/td>\n<td><span style=\"color: #333333;\">P-C3015<\/span><\/td>\n<\/tr>\n<tr>\n<td><span style=\"color: #333333;\">Materia\u0142<\/span><\/td>\n<td>Bawe\u0142na, poliester, polar<\/td>\n<\/tr>\n<tr>\n<td><span style=\"color: #333333;\">\u00a0Rozmiar i kolor<\/span><\/td>\n<td><span style=\"color: #333333;\">Dostosowane<\/span><\/td>\n<\/tr>\n<tr>\n<td><span style=\"color: #333333;\">\u00a0Czas dostawy<\/span><\/td>\n<td><span style=\"color: #333333;\">1-5 dni dla ma\u0142ych ilo\u015bci drog\u0105 lotnicz\u0105 i 30-35 dni dla du\u017cych ilo\u015bci drog\u0105 morsk\u0105.<\/span><\/td>\n<\/tr>\n<\/tbody>\n<\/table>","protected":false},"featured_media":23447,"template":"","meta":{"_seopress_robots_primary_cat":"none","_seopress_titles_title":"Dog Sweater Factory\u200b\u200b\u200b\u200b | Professional Manufacturer","_seopress_titles_desc":"Looking for Dog Sweater Factory? we design premium knitwear for pets worldwide. Bulk orders, OEM services. Request free cozy samples today!","_seopress_robots_index":"","_uag_custom_page_level_css":""},"product_brand":[],"product_cat":[364,23,391],"product_tag":[],"class_list":{"0":"post-23431","1":"product","2":"type-product","3":"status-publish","4":"has-post-thumbnail","6":"product_cat-basic-dog-clothing","7":"product_cat-pet-clothing","8":"product_cat-pet-sweater","10":"first","11":"instock","12":"shipping-taxable","13":"product-type-simple"},"uagb_featured_image_src":{"full":["https:\/\/pecpets.com\/wp-content\/uploads\/2025\/11\/900_P72162.jpg",900,900,false],"thumbnail":["https:\/\/pecpets.com\/wp-content\/uploads\/2025\/11\/900_P72162-150x150.jpg",150,150,true],"medium":["https:\/\/pecpets.com\/wp-content\/uploads\/2025\/11\/900_P72162-300x300.jpg",300,300,true],"medium_large":["https:\/\/pecpets.com\/wp-content\/uploads\/2025\/11\/900_P72162-768x768.jpg",768,768,true],"large":["https:\/\/pecpets.com\/wp-content\/uploads\/2025\/11\/900_P72162.jpg",800,800,false],"1536x1536":["https:\/\/pecpets.com\/wp-content\/uploads\/2025\/11\/900_P72162.jpg",900,900,false],"2048x2048":["https:\/\/pecpets.com\/wp-content\/uploads\/2025\/11\/900_P72162.jpg",900,900,false],"trp-custom-language-flag":["https:\/\/pecpets.com\/wp-content\/uploads\/2025\/11\/900_P72162-12x12.jpg",12,12,true],"woocommerce_thumbnail":["https:\/\/pecpets.com\/wp-content\/uploads\/2025\/11\/900_P72162-300x300.jpg",300,300,true],"woocommerce_single":["https:\/\/pecpets.com\/wp-content\/uploads\/2025\/11\/900_P72162-600x600.jpg",600,600,true],"woocommerce_gallery_thumbnail":["https:\/\/pecpets.com\/wp-content\/uploads\/2025\/11\/900_P72162-100x100.jpg",100,100,true]},"uagb_author_info":{"display_name":"Lawrence\u00a0\u52b3\u4f26\u65af","author_link":"https:\/\/pecpets.com\/pl\/author\/"},"uagb_comment_info":0,"uagb_excerpt":"Dog Sweater Factory The trendy, retro design will catch everyone\u2019s eye. A turtleneck to keep your furry friend cozy and warm. Sculpted to hug your dog\u2019s body shape. Ribbed arm holes complete the comfortable look. Product Name Pet Clothes Item No. P-C3015 Material Cotton, Polyester, Fleece \u00a0Size and Color Customized \u00a0Delivery time 1- 5 days&hellip;","_links":{"self":[{"href":"https:\/\/pecpets.com\/pl\/wp-json\/wp\/v2\/product\/23431","targetHints":{"allow":["GET"]}}],"collection":[{"href":"https:\/\/pecpets.com\/pl\/wp-json\/wp\/v2\/product"}],"about":[{"href":"https:\/\/pecpets.com\/pl\/wp-json\/wp\/v2\/types\/product"}],"wp:featuredmedia":[{"embeddable":true,"href":"https:\/\/pecpets.com\/pl\/wp-json\/wp\/v2\/media\/23447"}],"wp:attachment":[{"href":"https:\/\/pecpets.com\/pl\/wp-json\/wp\/v2\/media?parent=23431"}],"wp:term":[{"taxonomy":"product_brand","embeddable":true,"href":"https:\/\/pecpets.com\/pl\/wp-json\/wp\/v2\/product_brand?post=23431"},{"taxonomy":"product_cat","embeddable":true,"href":"https:\/\/pecpets.com\/pl\/wp-json\/wp\/v2\/product_cat?post=23431"},{"taxonomy":"product_tag","embeddable":true,"href":"https:\/\/pecpets.com\/pl\/wp-json\/wp\/v2\/product_tag?post=23431"}],"curies":[{"name":"wp","href":"https:\/\/api.w.org\/{rel}","templated":true}]}}