{"id":23580,"date":"2025-11-24T17:50:51","date_gmt":"2025-11-24T09:50:51","guid":{"rendered":"https:\/\/pecpets.com\/?post_type=product&#038;p=23580"},"modified":"2025-11-25T10:18:56","modified_gmt":"2025-11-25T02:18:56","slug":"big-dogs-clothing","status":"publish","type":"product","link":"https:\/\/pecpets.com\/pl\/product\/big-dogs-clothing\/","title":{"rendered":"Odzie\u017c dla du\u017cych ps\u00f3w"},"content":{"rendered":"<h2>Profesjonalny producent odzie\u017cy dla zwierz\u0105t i fabryka luksusowej odzie\u017cy dla ps\u00f3w | Specjalista od odzie\u017cy dla du\u017cych ps\u00f3w<\/h2>\n<p data-start=\"328\" data-end=\"803\">Szukasz wysokiej jako\u015bci p\u0142aszcza dla psa, aby doda\u0107 go do swojej zimowej kolekcji odzie\u017cy dla zwierz\u0105t?<\/p>\n<p data-start=\"328\" data-end=\"803\">Jako zaufany producent odzie\u017cy dla zwierz\u0105t i fabryka wodoodpornych kurtek w Chinach, specjalizujemy si\u0119 w produkcji trwa\u0142ych, stylowych i ciep\u0142ych projekt\u00f3w.<\/p>\n<p data-start=\"328\" data-end=\"803\">Od zam\u00f3wie\u0144 hurtowych Dog Coat po niestandardowe rozwi\u0105zania OEM Dog Coat, ODM Dog Coat i marki w\u0142asne Dog Coat, nasza fabryka zapewnia niezawodne wsparcie dla marek, sprzedawc\u00f3w detalicznych i dystrybutor\u00f3w na ca\u0142ym \u015bwiecie.<\/p>\n<p data-start=\"805\" data-end=\"1253\">Jako profesjonalna firma Dog Coat zarz\u0105dzamy ca\u0142ym procesem - od pozyskiwania tkanin i projektowania po eksport i dostaw\u0119 Dog Coat.<\/p>\n<p data-start=\"805\" data-end=\"1253\">Dzi\u0119ki wieloletniemu do\u015bwiadczeniu jako wiod\u0105cy producent p\u0142aszczy dla ps\u00f3w w Chinach, nasz zesp\u00f3\u0142 zapewnia sta\u0142\u0105 jako\u015b\u0107, konkurencyjne ceny i terminowe wysy\u0142ki.<\/p>\n<p data-start=\"805\" data-end=\"1253\">Niezale\u017cnie od tego, czy szukasz fabryki ko\u017cuch\u00f3w dla ps\u00f3w, dostawcy ko\u017cuch\u00f3w dla ps\u00f3w, sprzedawcy ko\u017cuch\u00f3w dla ps\u00f3w czy hurtownika ko\u017cuch\u00f3w dla ps\u00f3w, jeste\u015bmy Twoim kompleksowym partnerem.<\/p>\n<p data-start=\"1255\" data-end=\"1295\">\u2705 <strong>Dlaczego warto wybra\u0107 nasze p\u0142aszcze dla ps\u00f3w<\/strong>:<\/p>\n<ul data-start=\"1296\" data-end=\"1668\">\n<li data-start=\"1296\" data-end=\"1373\">\n<p data-start=\"1298\" data-end=\"1373\">Fabryka Expert Dog Coat specjalizuj\u0105ca si\u0119 w wodoodpornych projektach<\/p>\n<\/li>\n<li data-start=\"1374\" data-end=\"1424\">\n<p data-start=\"1376\" data-end=\"1424\">Elastyczne MOQ dla produkcji masowej Dog Coat<\/p>\n<\/li>\n<li data-start=\"1425\" data-end=\"1496\">\n<p data-start=\"1427\" data-end=\"1496\">Pe\u0142na personalizacja Dog Coat OEM\/ODM z mark\u0105 w\u0142asn\u0105<\/p>\n<\/li>\n<li data-start=\"1497\" data-end=\"1570\">\n<p data-start=\"1499\" data-end=\"1570\">Bezszwowa globalna logistyka eksportu p\u0142aszczy dla ps\u00f3w z Chin<\/p>\n<\/li>\n<li data-start=\"1571\" data-end=\"1668\">\n<p data-start=\"1573\" data-end=\"1668\">Ciesz\u0105 si\u0119 zaufaniem mi\u0119dzynarodowych sprzedawc\u00f3w detalicznych, marek butikowych i du\u017cych hurtowni ko\u017cuch\u00f3w dla ps\u00f3w.<\/p>\n<\/li>\n<\/ul>\n<p data-start=\"1670\" data-end=\"1966\">Nasze kurtki dla ps\u00f3w maj\u0105 mi\u0119kk\u0105 w dotyku podszewk\u0119, regulowane paski zapewniaj\u0105ce bezpieczne dopasowanie i odporne na warunki atmosferyczne tkaniny, kt\u00f3re zapewniaj\u0105 zwierz\u0119tom ciep\u0142o i wygod\u0119.<\/p>\n<p data-start=\"1670\" data-end=\"1966\">Zaprojektowane z my\u015bl\u0105 o modzie i funkcjonalno\u015bci, p\u0142aszcze te s\u0105 idealne dla ka\u017cdego segmentu rynku - od niedrogich linii po kolekcje premium.<\/p>\n<p data-start=\"1968\" data-end=\"2152\">Wsp\u00f3\u0142pracuj z nami ju\u017c dzi\u015b, aby pozyskiwa\u0107 p\u0142aszcze dla ps\u00f3w bezpo\u015brednio od wiarygodnego producenta p\u0142aszcz\u00f3w dla ps\u00f3w w Chinach i rozwija\u0107 swoj\u0105 dzia\u0142alno\u015b\u0107 z zaufanymi dostawcami p\u0142aszcz\u00f3w dla ps\u00f3w na ca\u0142ym \u015bwiecie.<\/p>\n<h3><strong>FAQ: Produkcja odzie\u017cy dla du\u017cych ps\u00f3w<\/strong><\/h3>\n<p class=\"ds-markdown-paragraph\"><strong>P1: Jaki zakres rozmiar\u00f3w oferujecie dla ubra\u0144 dla du\u017cych ps\u00f3w?<\/strong><br \/>\nO: Specjalizujemy si\u0119 w rozmiarach od XL do 5XL, zaprojektowanych specjalnie dla ras olbrzymich, takich jak mastify, dog niemiecki i bernardyny. Ka\u017cdy rozmiar ma wzmocnione szwy i elastyczne panele zapewniaj\u0105ce optymalny komfort.<\/p>\n<p class=\"ds-markdown-paragraph\"><strong>P2: Jaka jest minimalna ilo\u015b\u0107 zam\u00f3wienia na niestandardow\u0105 odzie\u017c dla du\u017cych ps\u00f3w?<\/strong><br \/>\nNasze MOQ zaczyna si\u0119 od 200 sztuk dla standardowych projekt\u00f3w. W przypadku projekt\u00f3w ODM\/OEM oferujemy elastyczne MOQ - skontaktuj si\u0119 z nami, aby om\u00f3wi\u0107 swoje konkretne potrzeby.<\/p>\n<p class=\"ds-markdown-paragraph\"><strong>P3: Jak d\u0142ugo trwa produkcja w przypadku zam\u00f3wie\u0144 hurtowych?<\/strong><br \/>\nStandardowy czas produkcji wynosi 30 dni w przypadku zam\u00f3wie\u0144 hurtowych. W przypadku pilnych projekt\u00f3w oferujemy przyspieszon\u0105 15-dniow\u0105 produkcj\u0119 (obowi\u0105zuj\u0105 dodatkowe op\u0142aty).<\/p>\n<p class=\"ds-markdown-paragraph\"><strong>P4: Czy oferujecie niestandardowe us\u0142ugi projektowe?<\/strong><br \/>\nTak! Oferujemy pe\u0142ne us\u0142ugi ODM\/OEM i marki w\u0142asnej. Nasz zesp\u00f3\u0142 projektant\u00f3w mo\u017ce tworzy\u0107 niestandardowe wzory, tkaniny i marki w oparciu o specyfikacje klienta.<\/p>\n<p class=\"ds-markdown-paragraph\"><strong>P5: Jakie posiadasz certyfikaty jako\u015bci?<\/strong><br \/>\nO: Posiadamy certyfikat ISO, a wszystkie nasze materia\u0142y spe\u0142niaj\u0105 normy OEKO-TEX\u00ae. Do ka\u017cdej przesy\u0142ki do\u0142\u0105czamy raporty z kontroli jako\u015bci.<\/p>\n<p class=\"ds-markdown-paragraph\"><strong>P6: Czy mog\u0119 otrzyma\u0107 pr\u00f3bki przed z\u0142o\u017ceniem zam\u00f3wienia zbiorczego?<\/strong><br \/>\nOczywi\u015bcie! Oferujemy us\u0142ugi pr\u00f3bek z 7-dniowym terminem realizacji. Pr\u00f3bki s\u0105 dost\u0119pne dla wszystkich naszych projekt\u00f3w ubra\u0144 dla du\u017cych ps\u00f3w.<\/p>\n<p class=\"ds-markdown-paragraph\"><strong>P7: Jaka jest struktura cenowa dla zam\u00f3wie\u0144 hurtowych?<\/strong><br \/>\nO: Oferujemy wielopoziomowe ceny - pocz\u0105wszy od rabatu 2a 5% dla ponad 500 jednostek. Skontaktuj si\u0119 z nami, aby uzyska\u0107 szczeg\u00f3\u0142ow\u0105 wycen\u0119 w oparciu o konkretne wymagania.<\/p>\n<p class=\"ds-markdown-paragraph\"><strong>P8: Czy zajmujesz si\u0119 mi\u0119dzynarodow\u0105 wysy\u0142k\u0105 i dokumentacj\u0105 eksportow\u0105?<\/strong><br \/>\nO: Tak, zarz\u0105dzamy kompletnymi procesami eksportu odzie\u017cy dla ps\u00f3w, w tym ca\u0142\u0105 dokumentacj\u0105 celn\u0105, logistyk\u0105 wysy\u0142ki i zgodno\u015bci\u0105 z przepisami.<\/p>\n<p class=\"ds-markdown-paragraph\"><strong>P9: Jakich materia\u0142\u00f3w u\u017cywasz do produkcji ubra\u0144 dla du\u017cych ps\u00f3w?<\/strong><br \/>\nO: U\u017cywamy najwy\u017cszej jako\u015bci materia\u0142\u00f3w, w tym tkanin odpornych na warunki atmosferyczne, oddychaj\u0105cej bawe\u0142ny i elastycznych dzianin - wszystkie wybrane pod k\u0105tem trwa\u0142o\u015bci i wygody dla du\u017cych ras.<\/p>\n<p class=\"ds-markdown-paragraph\"><strong>P10: Jak mog\u0119 rozpocz\u0105\u0107 wsp\u00f3\u0142prac\u0119 z wasz\u0105 firm\u0105?<\/strong><br \/>\nO: Wystarczy poprosi\u0107 o nasz\u0105 tabel\u0119 rozmiar\u00f3w XL i katalog produkt\u00f3w. Nasz zesp\u00f3\u0142 sprzeda\u017cy skontaktuje si\u0119 z Tob\u0105 w ci\u0105gu 24 godzin, aby om\u00f3wi\u0107 Twoje potrzeby projektowe i zapewni\u0107 niestandardowe rozwi\u0105zania.<\/p>","protected":false},"excerpt":{"rendered":"<h2>Odzie\u017c dla du\u017cych ps\u00f3w<\/h2>\n<p class=\"ds-markdown-paragraph\">Specjalizujemy si\u0119 w produkcji wysokiej jako\u015bci odzie\u017cy dla zwierz\u0105t domowych z najwy\u017cszej jako\u015bci tkanin, kt\u00f3re s\u0105 wygodne, trwa\u0142e i bezpieczne dla zwierz\u0105t. Nasza fabryka oferuje kompletne us\u0142ugi ODM\/OEM dla swetr\u00f3w dla ps\u00f3w, pi\u017cam, kostium\u00f3w i odzie\u017cy funkcjonalnej.<\/p>\n<p class=\"ds-markdown-paragraph\">U\u017cywaj\u0105c mi\u0119kkich, oddychaj\u0105cych materia\u0142\u00f3w, kt\u00f3re spe\u0142niaj\u0105 mi\u0119dzynarodowe standardy bezpiecze\u0144stwa, tworzymy niestandardowe projekty z idealnym dopasowaniem dla wszystkich ras ps\u00f3w. Od podstawowych swetr\u00f3w po modne stroje, ka\u017cdy element ma bezpieczne szwy i przyjazne dla zwierz\u0105t zapi\u0119cia.<\/p>\n<p class=\"ds-markdown-paragraph\">Zapewniamy konkurencyjne ceny hurtowe dla detalist\u00f3w i hurtownik\u00f3w. Wszystkie zam\u00f3wienia obejmuj\u0105 pe\u0142n\u0105 dokumentacj\u0119 eksportow\u0105 i zapewnienie jako\u015bci.<\/p>\n<p class=\"ds-markdown-paragraph\">Skontaktuj si\u0119 z nami, aby opracowa\u0107 unikaln\u0105 lini\u0119 odzie\u017cy dla zwierz\u0105t domowych z niestandardowymi wzorami, rozmiarami i opcjami brandingu.<\/p>\n<table width=\"288\">\n<tbody>\n<tr>\n<td width=\"137\"><span style=\"color: #333333;\">Nazwa produktu<\/span><\/td>\n<td width=\"151\"><span style=\"color: #333333;\">Odzie\u017c dla zwierz\u0105t<\/span><\/td>\n<\/tr>\n<tr>\n<td><span style=\"color: #333333;\">Pozycja nr.<\/span><\/td>\n<td><span style=\"color: #333333;\">P-C3010<\/span><\/td>\n<\/tr>\n<tr>\n<td><span style=\"color: #333333;\">Materia\u0142<\/span><\/td>\n<td>Bawe\u0142na, poliester, polar<\/td>\n<\/tr>\n<tr>\n<td><span style=\"color: #333333;\">\u00a0Rozmiar i kolor<\/span><\/td>\n<td><span style=\"color: #333333;\">Dostosowane<\/span><\/td>\n<\/tr>\n<tr>\n<td><span style=\"color: #333333;\">\u00a0Czas dostawy<\/span><\/td>\n<td><span style=\"color: #333333;\">1-5 dni dla ma\u0142ych ilo\u015bci drog\u0105 lotnicz\u0105 i 30-35 dni dla du\u017cych ilo\u015bci drog\u0105 morsk\u0105.<\/span><\/td>\n<\/tr>\n<\/tbody>\n<\/table>","protected":false},"featured_media":23589,"template":"","meta":{"_seopress_robots_primary_cat":"none","_seopress_titles_title":"Big Dogs Clothing\u200b\u200b | ODM & OEM Solutions","_seopress_titles_desc":"As Big Dogs Clothing Factory, we design premium knitwear for pets worldwide. Bulk orders, OEM services. Request free cozy samples today!","_seopress_robots_index":"","_uag_custom_page_level_css":""},"product_brand":[],"product_cat":[364,342,23],"product_tag":[],"class_list":{"0":"post-23580","1":"product","2":"type-product","3":"status-publish","4":"has-post-thumbnail","6":"product_cat-basic-dog-clothing","7":"product_cat-pet-coat","8":"product_cat-pet-clothing","10":"first","11":"instock","12":"shipping-taxable","13":"product-type-simple"},"uagb_featured_image_src":{"full":["https:\/\/pecpets.com\/wp-content\/uploads\/2025\/11\/O1CN01C13HQ51tVv31AG5p1_1002895908-0-cib.jpg",1200,800,false],"thumbnail":["https:\/\/pecpets.com\/wp-content\/uploads\/2025\/11\/O1CN01C13HQ51tVv31AG5p1_1002895908-0-cib-150x150.jpg",150,150,true],"medium":["https:\/\/pecpets.com\/wp-content\/uploads\/2025\/11\/O1CN01C13HQ51tVv31AG5p1_1002895908-0-cib-300x200.jpg",300,200,true],"medium_large":["https:\/\/pecpets.com\/wp-content\/uploads\/2025\/11\/O1CN01C13HQ51tVv31AG5p1_1002895908-0-cib-768x512.jpg",768,512,true],"large":["https:\/\/pecpets.com\/wp-content\/uploads\/2025\/11\/O1CN01C13HQ51tVv31AG5p1_1002895908-0-cib-1024x683.jpg",800,534,true],"1536x1536":["https:\/\/pecpets.com\/wp-content\/uploads\/2025\/11\/O1CN01C13HQ51tVv31AG5p1_1002895908-0-cib.jpg",1200,800,false],"2048x2048":["https:\/\/pecpets.com\/wp-content\/uploads\/2025\/11\/O1CN01C13HQ51tVv31AG5p1_1002895908-0-cib.jpg",1200,800,false],"trp-custom-language-flag":["https:\/\/pecpets.com\/wp-content\/uploads\/2025\/11\/O1CN01C13HQ51tVv31AG5p1_1002895908-0-cib-18x12.jpg",18,12,true],"woocommerce_thumbnail":["https:\/\/pecpets.com\/wp-content\/uploads\/2025\/11\/O1CN01C13HQ51tVv31AG5p1_1002895908-0-cib-300x300.jpg",300,300,true],"woocommerce_single":["https:\/\/pecpets.com\/wp-content\/uploads\/2025\/11\/O1CN01C13HQ51tVv31AG5p1_1002895908-0-cib-600x400.jpg",600,400,true],"woocommerce_gallery_thumbnail":["https:\/\/pecpets.com\/wp-content\/uploads\/2025\/11\/O1CN01C13HQ51tVv31AG5p1_1002895908-0-cib-100x100.jpg",100,100,true]},"uagb_author_info":{"display_name":"Lawrence\u00a0\u52b3\u4f26\u65af","author_link":"https:\/\/pecpets.com\/pl\/author\/"},"uagb_comment_info":0,"uagb_excerpt":"Big Dogs Clothing We specialize in producing high-quality pet clothing with premium fabrics that are comfortable, durable, and pet-safe. Our factory offers complete ODM\/OEM services for dog sweaters, pajamas, costumes and functional wear. Using soft, breathable materials that meet international safety standards, we create custom designs with a perfect fit for all dog breeds. From&hellip;","_links":{"self":[{"href":"https:\/\/pecpets.com\/pl\/wp-json\/wp\/v2\/product\/23580","targetHints":{"allow":["GET"]}}],"collection":[{"href":"https:\/\/pecpets.com\/pl\/wp-json\/wp\/v2\/product"}],"about":[{"href":"https:\/\/pecpets.com\/pl\/wp-json\/wp\/v2\/types\/product"}],"wp:featuredmedia":[{"embeddable":true,"href":"https:\/\/pecpets.com\/pl\/wp-json\/wp\/v2\/media\/23589"}],"wp:attachment":[{"href":"https:\/\/pecpets.com\/pl\/wp-json\/wp\/v2\/media?parent=23580"}],"wp:term":[{"taxonomy":"product_brand","embeddable":true,"href":"https:\/\/pecpets.com\/pl\/wp-json\/wp\/v2\/product_brand?post=23580"},{"taxonomy":"product_cat","embeddable":true,"href":"https:\/\/pecpets.com\/pl\/wp-json\/wp\/v2\/product_cat?post=23580"},{"taxonomy":"product_tag","embeddable":true,"href":"https:\/\/pecpets.com\/pl\/wp-json\/wp\/v2\/product_tag?post=23580"}],"curies":[{"name":"wp","href":"https:\/\/api.w.org\/{rel}","templated":true}]}}