{"id":5093,"date":"2024-05-06T10:05:19","date_gmt":"2024-05-06T02:05:19","guid":{"rendered":"https:\/\/pecpets.com\/?post_type=product&#038;p=5093"},"modified":"2025-08-19T14:21:18","modified_gmt":"2025-08-19T06:21:18","slug":"pet-elizabethan-collar","status":"publish","type":"product","link":"https:\/\/pecpets.com\/pl\/product\/pet-elizabethan-collar\/","title":{"rendered":"Obro\u017ca el\u017cbieta\u0144ska dla zwierz\u0105t"},"content":{"rendered":"<h2>Obro\u017ca Pet Elizabethan - akcesorium dla zwierz\u0105t domowych dla producent\u00f3w<\/h2>\n<p>Our wholesale factory offers the most adorable and adjustable Pet Elizabethan Collar, perfect for pets recovering from surgery.<\/p>\n<table width=\"288\">\n<tbody>\n<tr>\n<td width=\"137\"><span style=\"color: #333333;\">Nazwa produktu<\/span><\/td>\n<td width=\"151\"><span style=\"color: #333333;\">Pet Surgery Collar<\/span><\/td>\n<\/tr>\n<tr>\n<td><span style=\"color: #333333;\">Pozycja nr.<\/span><\/td>\n<td><span style=\"color: #333333;\">PS-2002<\/span><\/td>\n<\/tr>\n<tr>\n<td><span style=\"color: #333333;\">Materia\u0142<\/span><\/td>\n<td><span style=\"font-size: 14px;\">Bawe\u0142na, poliester, polar<\/span><\/td>\n<\/tr>\n<tr>\n<td><span style=\"color: #333333;\">\u00a0Rozmiar i kolor<\/span><\/td>\n<td>Mo\u017cliwo\u015b\u0107 dostosowania<\/td>\n<\/tr>\n<tr>\n<td><span style=\"color: #333333;\">\u00a0Czas dostawy<\/span><\/td>\n<td><span style=\"color: #333333;\">1-5 dni dla ma\u0142ych ilo\u015bci drog\u0105 lotnicz\u0105 i 30-35 dni dla du\u017cych ilo\u015bci drog\u0105 morsk\u0105<\/span><\/td>\n<\/tr>\n<\/tbody>\n<\/table>\n<p>Dzi\u0119ki uroczemu wzornictwu i wysokiej jako\u015bci materia\u0142om nasze obro\u017ce s\u0105 niezb\u0119dne dla w\u0142a\u015bcicieli zwierz\u0105t.<\/p>\n<p>Kup teraz, aby uzyska\u0107 najlepsze oferty na obro\u017ce regeneracyjne dla zwierz\u0105t!<\/p>","protected":false},"excerpt":{"rendered":"<h2>Obro\u017ca el\u017cbieta\u0144ska dla zwierz\u0105t<\/h2>\n<p>Explore Pet Elizabethan Collar.<\/p>\n<p>Kupuj hurtowo akcesoria dla zwierz\u0105t z fabryki, aby uzyska\u0107 bezkonkurencyjne ceny i jako\u015b\u0107.<\/p>","protected":false},"featured_media":5097,"template":"","meta":{"_seopress_robots_primary_cat":"none","_seopress_titles_title":"Pet Accessory: Pet Elizabethan Collar - Professional Manufacturers","_seopress_titles_desc":"Discover our Pet Elizabethan Collar, an adorable and adjustable pet accessory. Ideal for seeking high-quality, comfortable, and protective collars for pets.","_seopress_robots_index":"","_uag_custom_page_level_css":""},"product_brand":[],"product_cat":[366,365,23],"product_tag":[],"class_list":{"0":"post-5093","1":"product","2":"type-product","3":"status-publish","4":"has-post-thumbnail","6":"product_cat-dog-surgery-clothes","7":"product_cat-functional-dog-clothing","8":"product_cat-pet-clothing","10":"first","11":"instock","12":"shipping-taxable","13":"product-type-simple"},"uagb_featured_image_src":{"full":["https:\/\/pecpets.com\/wp-content\/uploads\/2024\/05\/Pet-Elizabethan-Collar4.jpg",750,862,false],"thumbnail":["https:\/\/pecpets.com\/wp-content\/uploads\/2024\/05\/Pet-Elizabethan-Collar4.jpg",131,150,false],"medium":["https:\/\/pecpets.com\/wp-content\/uploads\/2024\/05\/Pet-Elizabethan-Collar4.jpg",261,300,false],"medium_large":["https:\/\/pecpets.com\/wp-content\/uploads\/2024\/05\/Pet-Elizabethan-Collar4.jpg",750,862,false],"large":["https:\/\/pecpets.com\/wp-content\/uploads\/2024\/05\/Pet-Elizabethan-Collar4.jpg",750,862,false],"1536x1536":["https:\/\/pecpets.com\/wp-content\/uploads\/2024\/05\/Pet-Elizabethan-Collar4.jpg",750,862,false],"2048x2048":["https:\/\/pecpets.com\/wp-content\/uploads\/2024\/05\/Pet-Elizabethan-Collar4.jpg",750,862,false],"trp-custom-language-flag":["https:\/\/pecpets.com\/wp-content\/uploads\/2024\/05\/Pet-Elizabethan-Collar4.jpg",10,12,false],"woocommerce_thumbnail":["https:\/\/pecpets.com\/wp-content\/uploads\/2024\/05\/Pet-Elizabethan-Collar4-300x300.jpg",300,300,true],"woocommerce_single":["https:\/\/pecpets.com\/wp-content\/uploads\/2024\/05\/Pet-Elizabethan-Collar4.jpg",600,690,false],"woocommerce_gallery_thumbnail":["https:\/\/pecpets.com\/wp-content\/uploads\/2024\/05\/Pet-Elizabethan-Collar4-100x100.jpg",100,100,true]},"uagb_author_info":{"display_name":"Lawrence\u00a0\u52b3\u4f26\u65af","author_link":"https:\/\/pecpets.com\/pl\/author\/"},"uagb_comment_info":0,"uagb_excerpt":"Pet Elizabethan Collar Explore Pet Elizabethan Collar. Shop wholesale pet accessories from the factory for unbeatable prices and quality.","_links":{"self":[{"href":"https:\/\/pecpets.com\/pl\/wp-json\/wp\/v2\/product\/5093","targetHints":{"allow":["GET"]}}],"collection":[{"href":"https:\/\/pecpets.com\/pl\/wp-json\/wp\/v2\/product"}],"about":[{"href":"https:\/\/pecpets.com\/pl\/wp-json\/wp\/v2\/types\/product"}],"wp:featuredmedia":[{"embeddable":true,"href":"https:\/\/pecpets.com\/pl\/wp-json\/wp\/v2\/media\/5097"}],"wp:attachment":[{"href":"https:\/\/pecpets.com\/pl\/wp-json\/wp\/v2\/media?parent=5093"}],"wp:term":[{"taxonomy":"product_brand","embeddable":true,"href":"https:\/\/pecpets.com\/pl\/wp-json\/wp\/v2\/product_brand?post=5093"},{"taxonomy":"product_cat","embeddable":true,"href":"https:\/\/pecpets.com\/pl\/wp-json\/wp\/v2\/product_cat?post=5093"},{"taxonomy":"product_tag","embeddable":true,"href":"https:\/\/pecpets.com\/pl\/wp-json\/wp\/v2\/product_tag?post=5093"}],"curies":[{"name":"wp","href":"https:\/\/api.w.org\/{rel}","templated":true}]}}