{"id":5760,"date":"2024-05-28T17:35:01","date_gmt":"2024-05-28T09:35:01","guid":{"rendered":"https:\/\/pecpets.com\/?post_type=product&#038;p=5760"},"modified":"2025-08-18T17:13:14","modified_gmt":"2025-08-18T09:13:14","slug":"dog-shoes-waterproof-dog-shoes","status":"publish","type":"product","link":"https:\/\/pecpets.com\/pl\/product\/dog-shoes-waterproof-dog-shoes\/","title":{"rendered":"Wodoodporne buty dla ps\u00f3w"},"content":{"rendered":"<h2 data-immersive-translate-walked=\"b535e8cb-4fa8-4755-a6c9-df7ac573832a\"><strong data-immersive-translate-walked=\"b535e8cb-4fa8-4755-a6c9-df7ac573832a\" data-immersive-translate-paragraph=\"1\">Hurtownia wodoodpornych oddychaj\u0105cych but\u00f3w dla ps\u00f3w - buty dla ps\u00f3w na ka\u017cd\u0105 por\u0119 roku<\/strong><\/h2>\n<p data-immersive-translate-walked=\"b535e8cb-4fa8-4755-a6c9-df7ac573832a\" data-immersive-translate-paragraph=\"1\">Zapoznaj si\u0119 z nasz\u0105 kolekcj\u0105 hurtowych wodoodpornych, oddychaj\u0105cych but\u00f3w dla ps\u00f3w, w tym r\u00f3\u017cnych but\u00f3w dla ps\u00f3w zaprojektowanych na ka\u017cd\u0105 por\u0119 roku.<\/p>\n<table width=\"288\">\n<tbody>\n<tr>\n<td width=\"137\"><span style=\"color: #333333;\">Nazwa produktu<\/span><\/td>\n<td width=\"151\"><span style=\"color: #333333;\">Buty dla zwierz\u0105t<\/span><\/td>\n<\/tr>\n<tr>\n<td><span style=\"color: #333333;\">Pozycja nr.<\/span><\/td>\n<td><span style=\"color: #333333;\">PA-S2016<\/span><\/td>\n<\/tr>\n<tr>\n<td><span style=\"color: #333333;\">Materia\u0142<\/span><\/td>\n<td><span style=\"color: #333333;\">Guma<\/span><\/td>\n<\/tr>\n<tr>\n<td><span style=\"color: #333333;\">\u00a0Rozmiar i kolor<\/span><\/td>\n<td><span style=\"color: #333333;\">Dostosowane<\/span><\/td>\n<\/tr>\n<tr>\n<td><span style=\"color: #333333;\">\u00a0Czas dostawy<\/span><\/td>\n<td><span style=\"color: #333333;\">1-5 dni dla ma\u0142ych ilo\u015bci drog\u0105 lotnicz\u0105 i 30-35 dni dla du\u017cych ilo\u015bci drog\u0105 morsk\u0105<\/span><\/td>\n<\/tr>\n<\/tbody>\n<\/table>\n<p data-immersive-translate-walked=\"b535e8cb-4fa8-4755-a6c9-df7ac573832a\" data-immersive-translate-paragraph=\"1\">Nasze produkty, odporne na r\u00f3\u017cne warunki, oferuj\u0105 zar\u00f3wno styl, jak i funkcjonalno\u015b\u0107 dla w\u0142a\u015bcicieli ps\u00f3w, kt\u00f3rzy chc\u0105 chroni\u0107 \u0142apy swoich futrzanych przyjaci\u00f3\u0142.<\/p>\n<p data-immersive-translate-walked=\"b535e8cb-4fa8-4755-a6c9-df7ac573832a\" data-immersive-translate-paragraph=\"1\">Od wodoodporno\u015bci po oddychalno\u015b\u0107, nasze buty dla ps\u00f3w s\u0105 stworzone, aby zapewni\u0107 komfort i ochron\u0119.<\/p>\n<p data-immersive-translate-walked=\"b535e8cb-4fa8-4755-a6c9-df7ac573832a\" data-immersive-translate-paragraph=\"1\">Przejrzyj nasz\u0105 ofert\u0119 hurtowych but\u00f3w dla ps\u00f3w ju\u017c dzi\u015b, aby zapewni\u0107 swoim klientom stylowe i bezpieczne spacery.<\/p>","protected":false},"excerpt":{"rendered":"<h2>Wodoodporne buty dla ps\u00f3w<\/h2>\n<p>Poznaj wodoodporne buty dla ps\u00f3w.<\/p>\n<p>Kupuj hurtowo buty dla zwierz\u0105t domowych z fabryki, aby uzyska\u0107 bezkonkurencyjne ceny i jako\u015b\u0107.<\/p>","protected":false},"featured_media":5765,"template":"","meta":{"_seopress_robots_primary_cat":"none","_seopress_titles_title":"Top Pet Accessory Manufacturers: Breathable, Waterproof Dog Shoes","_seopress_titles_desc":"Discover top Waterproof Dog Shoes manufacturers offering waterproof, breathable, dog shoes. Perfect for all weather, our products make sure your pets comfort.","_seopress_robots_index":"","_seopress_analysis_target_kw":"Waterproof Dog Shoes","_uag_custom_page_level_css":""},"product_brand":[],"product_cat":[330],"product_tag":[],"class_list":{"0":"post-5760","1":"product","2":"type-product","3":"status-publish","4":"has-post-thumbnail","6":"product_cat-dog-shoes","8":"first","9":"instock","10":"shipping-taxable","11":"product-type-simple"},"uagb_featured_image_src":{"full":["https:\/\/pecpets.com\/wp-content\/uploads\/2024\/05\/Waterproof-Dog-Shoes.png",1500,1432,false],"thumbnail":["https:\/\/pecpets.com\/wp-content\/uploads\/2024\/05\/Waterproof-Dog-Shoes-150x150.png",150,150,true],"medium":["https:\/\/pecpets.com\/wp-content\/uploads\/2024\/05\/Waterproof-Dog-Shoes-300x286.png",300,286,true],"medium_large":["https:\/\/pecpets.com\/wp-content\/uploads\/2024\/05\/Waterproof-Dog-Shoes-768x733.png",768,733,true],"large":["https:\/\/pecpets.com\/wp-content\/uploads\/2024\/05\/Waterproof-Dog-Shoes-1024x978.png",800,764,true],"1536x1536":["https:\/\/pecpets.com\/wp-content\/uploads\/2024\/05\/Waterproof-Dog-Shoes.png",1500,1432,false],"2048x2048":["https:\/\/pecpets.com\/wp-content\/uploads\/2024\/05\/Waterproof-Dog-Shoes.png",1500,1432,false],"trp-custom-language-flag":["https:\/\/pecpets.com\/wp-content\/uploads\/2024\/05\/Waterproof-Dog-Shoes.png",13,12,false],"woocommerce_thumbnail":["https:\/\/pecpets.com\/wp-content\/uploads\/2024\/05\/Waterproof-Dog-Shoes-300x300.png",300,300,true],"woocommerce_single":["https:\/\/pecpets.com\/wp-content\/uploads\/2024\/05\/Waterproof-Dog-Shoes-600x573.png",600,573,true],"woocommerce_gallery_thumbnail":["https:\/\/pecpets.com\/wp-content\/uploads\/2024\/05\/Waterproof-Dog-Shoes-100x100.png",100,100,true]},"uagb_author_info":{"display_name":"Lawrence\u00a0\u52b3\u4f26\u65af","author_link":"https:\/\/pecpets.com\/pl\/author\/"},"uagb_comment_info":0,"uagb_excerpt":"Dog Shoes Waterproof Dog Shoes Explore Dog Shoes Waterproof Dog Shoes. Shop wholesale pet Shoes from the factory for unbeatable prices and quality.","_links":{"self":[{"href":"https:\/\/pecpets.com\/pl\/wp-json\/wp\/v2\/product\/5760","targetHints":{"allow":["GET"]}}],"collection":[{"href":"https:\/\/pecpets.com\/pl\/wp-json\/wp\/v2\/product"}],"about":[{"href":"https:\/\/pecpets.com\/pl\/wp-json\/wp\/v2\/types\/product"}],"wp:featuredmedia":[{"embeddable":true,"href":"https:\/\/pecpets.com\/pl\/wp-json\/wp\/v2\/media\/5765"}],"wp:attachment":[{"href":"https:\/\/pecpets.com\/pl\/wp-json\/wp\/v2\/media?parent=5760"}],"wp:term":[{"taxonomy":"product_brand","embeddable":true,"href":"https:\/\/pecpets.com\/pl\/wp-json\/wp\/v2\/product_brand?post=5760"},{"taxonomy":"product_cat","embeddable":true,"href":"https:\/\/pecpets.com\/pl\/wp-json\/wp\/v2\/product_cat?post=5760"},{"taxonomy":"product_tag","embeddable":true,"href":"https:\/\/pecpets.com\/pl\/wp-json\/wp\/v2\/product_tag?post=5760"}],"curies":[{"name":"wp","href":"https:\/\/api.w.org\/{rel}","templated":true}]}}