{"id":6950,"date":"2024-06-25T14:05:46","date_gmt":"2024-06-25T06:05:46","guid":{"rendered":"https:\/\/pecpets.com\/?post_type=product&#038;p=6950"},"modified":"2024-10-29T17:08:30","modified_gmt":"2024-10-29T09:08:30","slug":"elevated-dog-bed-with-canopy-shelter","status":"publish","type":"product","link":"https:\/\/pecpets.com\/pl\/product\/elevated-dog-bed-with-canopy-shelter\/","title":{"rendered":"Podwy\u017cszone legowisko dla psa z zadaszeniem"},"content":{"rendered":"<h2>Luksusowe podwy\u017cszone \u0142\u00f3\u017cko dla psa z baldachimem | Hurtowe i fabryczne \u0142\u00f3\u017cka dla ps\u00f3w<\/h2>\n<p data-immersive-translate-walked=\"00068a3c-4542-4f45-90aa-50f704fbb31d\" data-immersive-translate-paragraph=\"1\">Ulepsz swoj\u0105 ofert\u0119 produkt\u00f3w dla zwierz\u0105t dzi\u0119ki naszemu luksusowemu podwy\u017cszonemu legowisku dla psa z baldachimem. Idealne do u\u017cytku na zewn\u0105trz i wewn\u0105trz, to legowisko dla psa oferuje komfort i ochron\u0119. Dost\u0119pne w sprzeda\u017cy hurtowej bezpo\u015brednio z naszej fabryki, zapewniaj\u0105c najwy\u017csz\u0105 jako\u015b\u0107 i konkurencyjne ceny.<\/p>\n<table style=\"border-collapse: collapse; background-color: #ffffff; width: 334px; height: 286px;\" border=\"1\">\n<tbody>\n<tr>\n<td style=\"font-family: Verdana, Arial, Helvetica, sans-serif; font-size: 12px; color: #000000; margin: 8px; width: 187px; text-align: center;\"><span style=\"line-height: 21px; font-size: 14px;\">Nazwa produktu<\/span><\/td>\n<td style=\"font-family: Verdana, Arial, Helvetica, sans-serif; font-size: 12px; color: #000000; margin: 8px; width: 526px; text-align: center;\"><span style=\"color: #222222; font-family: Helvetica,Tahoma,Arial; font-size: 16px; font-style: normal; font-weight: 500; background-color: #ffffff; display: inline !important; float: none;\">Legowisko dla zwierz\u0105t<\/span><\/td>\n<\/tr>\n<tr>\n<td style=\"font-family: Verdana, Arial, Helvetica, sans-serif; font-size: 12px; color: #000000; margin: 8px; width: 187px; text-align: center;\"><span style=\"line-height: 21px; font-size: 14px;\">Pozycja nr.<\/span><\/td>\n<td style=\"font-family: Verdana, Arial, Helvetica, sans-serif; font-size: 12px; color: #000000; margin: 8px; width: 526px; text-align: center;\"><span style=\"line-height: 21px; font-size: 14px;\">P-B2021<\/span><\/td>\n<\/tr>\n<tr>\n<td style=\"font-family: Verdana, Arial, Helvetica, sans-serif; font-size: 12px; color: #000000; margin: 8px; width: 187px; text-align: center;\"><span style=\"line-height: 21px; color: #333333; font-family: Arial, Helvetica; font-size: 14px; font-style: normal; font-weight: 400; background-color: #ffffff; float: none; display: inline !important;\">Materia\u0142<\/span><\/td>\n<td style=\"font-family: Verdana, Arial, Helvetica, sans-serif; font-size: 12px; color: #000000; margin: 8px; width: 526px; text-align: center;\"><span style=\"color: #000000; font-family: Verdana, Arial, Helvetica, sans-serif; font-size: 14px; font-style: normal; font-weight: 400; text-align: center; background-color: #ffffff; display: inline !important; float: none;\">Tesilin Mesh<\/span><\/td>\n<\/tr>\n<tr>\n<td style=\"font-family: Verdana, Arial, Helvetica, sans-serif; font-size: 12px; color: #000000; margin: 8px; width: 187px; text-align: center;\"><span style=\"line-height: 21px; font-size: 14px;\">\u00a0Rozmiar<\/span><\/td>\n<td style=\"font-family: Verdana, Arial, Helvetica, sans-serif; font-size: 12px; color: #000000; margin: 8px; width: 526px; text-align: center;\">S:89*63*18CM<br \/>\nM:106*76*20.5CM<br \/>\nL:129*91*23CM<\/td>\n<\/tr>\n<tr>\n<td style=\"font-family: Verdana, Arial, Helvetica, sans-serif; font-size: 12px; color: #000000; margin: 8px; width: 187px; text-align: center;\"><span style=\"line-height: 21px; font-size: 14px;\">\u00a0Kolor<\/span><\/td>\n<td style=\"font-family: Verdana, Arial, Helvetica, sans-serif; font-size: 12px; color: #000000; margin: 8px; width: 526px; text-align: center;\"><span style=\"line-height: 21px; font-size: 14px;\">Grey, Browm<\/span><\/td>\n<\/tr>\n<tr>\n<td style=\"font-family: Verdana, Arial, Helvetica, sans-serif; font-size: 12px; color: #000000; margin: 8px; width: 187px; text-align: center;\"><span style=\"line-height: 21px; font-size: 14px;\">\u00a0<span style=\"line-height: 21px; color: #333333; font-family: Arial, Helvetica; font-size: 14px; font-style: normal; font-weight: 400; background-color: #ffffff; float: none; display: inline !important;\">Typ zwierz\u0119cia<\/span><\/span><\/td>\n<td style=\"font-family: Verdana, Arial, Helvetica, sans-serif; font-size: 12px; color: #000000; margin: 8px; width: 526px; text-align: center;\"><span style=\"line-height: 21px; font-size: 14px;\">\u00a0Ca\u0142y pies<\/span><\/td>\n<\/tr>\n<tr>\n<td style=\"font-family: Verdana, Arial, Helvetica, sans-serif; font-size: 12px; color: #000000; margin: 8px; width: 187px; text-align: center;\"><span style=\"line-height: 21px; font-size: 14px;\">\u00a0<span style=\"line-height: 21px; color: #333333; font-family: Arial, Helvetica; font-size: 14px; font-style: normal; font-weight: 400; background-color: #ffffff; float: none; display: inline !important;\">Czas dostawy<\/span><\/span><\/td>\n<td style=\"font-family: Verdana, Arial, Helvetica, sans-serif; font-size: 12px; color: #000000; margin: 8px; width: 526px; text-align: center;\"><span style=\"line-height: 21px; font-size: 14px;\"><span style=\"line-height: 21px; color: #000000; font-family: Verdana, Arial, Helvetica, sans-serif; font-size: 14px; font-style: normal; font-weight: 400; background-color: #ffffff; float: none; display: inline !important;\">1-5 dni dla ma\u0142ych ilo\u015bci drog\u0105 lotnicz\u0105 i 30-35 dni dla du\u017cych ilo\u015bci drog\u0105 morsk\u0105<\/span>\u00a0<\/span><\/td>\n<\/tr>\n<tr>\n<td style=\"font-family: Verdana, Arial, Helvetica, sans-serif; font-size: 12px; color: #000000; margin: 8px; width: 187px; text-align: center;\"><span style=\"line-height: 21px; font-size: 14px;\">\u00a0<span style=\"line-height: 21px; color: #333333; font-family: Arial, Helvetica; font-size: 14px; font-style: normal; font-weight: 400; background-color: #ffffff; float: none; display: inline !important;\">Port wysy\u0142ki<\/span><\/span><\/td>\n<td style=\"font-family: Verdana, Arial, Helvetica, sans-serif; font-size: 12px; color: #000000; margin: 8px; width: 526px; text-align: center;\"><span style=\"line-height: 21px; font-size: 14px;\">Xiamen\u00a0<\/span><\/td>\n<\/tr>\n<tr>\n<td style=\"font-family: Verdana, Arial, Helvetica, sans-serif; font-size: 12px; color: #000000; margin: 8px; width: 187px; text-align: center;\"><span style=\"line-height: 21px; font-size: 14px;\">\u00a0<span style=\"line-height: 21px; color: #333333; font-family: Arial, Helvetica; font-size: 14px; font-style: normal; font-weight: 400; background-color: #ffffff; float: none; display: inline !important;\">OEM\/ODM<\/span><\/span><\/td>\n<td style=\"font-family: Verdana, Arial, Helvetica, sans-serif; font-size: 12px; color: #000000; margin: 8px; width: 526px; text-align: center;\"><span style=\"line-height: 21px; font-size: 14px;\">\u00a0<span style=\"line-height: 21px; color: #333333; font-family: Arial, Helvetica; font-size: 14px; font-style: normal; font-weight: 400; background-color: #ffffff; float: none; display: inline !important;\">Dost\u0119pne<\/span><\/span><\/td>\n<\/tr>\n<tr>\n<td style=\"font-family: Verdana, Arial, Helvetica, sans-serif; font-size: 12px; color: #000000; margin: 8px; width: 187px; text-align: center;\"><span style=\"line-height: 21px; font-size: 14px;\">\u00a0<span style=\"line-height: 21px; color: #333333; font-family: Arial, Helvetica; font-size: 14px; font-style: normal; font-weight: 400; background-color: #ffffff; float: none; display: inline !important;\">Pakiet<\/span><\/span><\/td>\n<td style=\"font-family: Verdana, Arial, Helvetica, sans-serif; font-size: 12px; color: #000000; margin: 8px; width: 526px; text-align: center;\"><span style=\"line-height: 21px; font-size: 14px;\"><span style=\"line-height: 21px; color: #333333; font-family: Arial, Helvetica; font-size: 14px; font-style: normal; font-weight: 400; background-color: #ffffff; float: none; display: inline !important;\">Ka\u017cdy zapakowany w PPB, a nast\u0119pnie w karton lub wed\u0142ug potrzeb<\/span><\/span><\/td>\n<\/tr>\n<\/tbody>\n<\/table>\n<ul>\n<li data-immersive-translate-walked=\"85fa5479-e3d0-4913-81cd-8463fb71838d\"><strong data-immersive-translate-walked=\"85fa5479-e3d0-4913-81cd-8463fb71838d\">Luksusowy design:<\/strong> Wykonane z wysokiej jako\u015bci, trwa\u0142ych materia\u0142\u00f3w, to podwy\u017cszone legowisko dla psa zapewnia wygodne i luksusowe miejsce do odpoczynku dla Twojego pupila.<\/li>\n<li data-immersive-translate-walked=\"85fa5479-e3d0-4913-81cd-8463fb71838d\"><strong data-immersive-translate-walked=\"85fa5479-e3d0-4913-81cd-8463fb71838d\">Podwy\u017cszony komfort:<\/strong> Podwy\u017cszona konstrukcja utrzymuje psa z dala od ziemi, promuj\u0105c przep\u0142yw powietrza i zapewniaj\u0105c mu ch\u0142\u00f3d i wygod\u0119.<\/li>\n<li><strong>Zadaszenie:<\/strong> Posiada baldachim, kt\u00f3ry zapewnia cie\u0144 i ochron\u0119 przed s\u0142o\u0144cem, deszczem i innymi czynnikami, dzi\u0119ki czemu idealnie nadaje si\u0119 do u\u017cytku na zewn\u0105trz.<\/li>\n<li><strong>Trwa\u0142y i odporny na warunki atmosferyczne:<\/strong> Wykonany z odpornej na warunki atmosferyczne tkaniny i wytrzyma\u0142ej ramy, aby wytrzyma\u0107 warunki zewn\u0119trzne, zapewniaj\u0105c d\u0142ugotrwa\u0142e u\u017cytkowanie.<\/li>\n<li><strong>\u0141atwy monta\u017c i czyszczenie:<\/strong> \u0141\u00f3\u017cko jest \u0142atwe w monta\u017cu i posiada zdejmowany, nadaj\u0105cy si\u0119 do prania pokrowiec, kt\u00f3ry u\u0142atwia konserwacj\u0119.<\/li>\n<li data-immersive-translate-walked=\"85fa5479-e3d0-4913-81cd-8463fb71838d\"><strong data-immersive-translate-walked=\"85fa5479-e3d0-4913-81cd-8463fb71838d\">Sprzeda\u017c hurtowa i bezpo\u015brednia:<\/strong> Zakup bezpo\u015brednio z naszej fabryki, aby cieszy\u0107 si\u0119 najlepszymi cenami hurtowymi. Idealny dla sklep\u00f3w zoologicznych, sprzedawc\u00f3w sprz\u0119tu outdoorowego i dostawc\u00f3w opieki nad zwierz\u0119tami.<\/li>\n<\/ul>\n<p data-immersive-translate-walked=\"85fa5479-e3d0-4913-81cd-8463fb71838d\">Wzboga\u0107 swoj\u0105 ofert\u0119 produkt\u00f3w dzi\u0119ki naszemu Luxury Elevated <span style=\"color: #ff0000;\"><a style=\"color: #ff0000;\" href=\"https:\/\/pecpets.com\/pl\/kategoria-produktu\/pet-bed\/\" target=\"_blank\" rel=\"noopener\">Legowisko dla psa<\/a><\/span> z zadaszeniem. Idealny dla w\u0142a\u015bcicieli zwierz\u0105t, kt\u00f3rzy chc\u0105 zapewni\u0107 swoim pupilom wygodne i chronione miejsce do odpoczynku, zar\u00f3wno w pomieszczeniach, jak i na zewn\u0105trz. Skontaktuj si\u0119 z nami ju\u017c dzi\u015b, aby uzyska\u0107 zapytania hurtowe i bezpo\u015brednie ceny fabryczne!<\/p>","protected":false},"excerpt":{"rendered":"<h2><strong><b>Hurtowe podwy\u017cszone legowisko dla psa z baldachimem<\/b><\/strong><\/h2>\n<p>Odkryj podwy\u017cszone legowisko dla psa z baldachimem.<\/p>\n<p>Zadbaj o styl swoich zwierz\u0105t dzi\u0119ki naszym wysokiej jako\u015bci wzorom.<\/p>","protected":false},"featured_media":6949,"template":"","meta":{"_seopress_robots_primary_cat":"none","_seopress_titles_title":"Pet Bed:Elevated Dog Bed with Canopy Shelter - Manufacturers","_seopress_titles_desc":"Introducing the Luxury Elevated Dog Bed with Canopy Shelter, designed to provide ultimate comfort and protection for your pet. ","_seopress_robots_index":"","_uag_custom_page_level_css":""},"product_brand":[],"product_cat":[22,322],"product_tag":[],"class_list":{"0":"post-6950","1":"product","2":"type-product","3":"status-publish","4":"has-post-thumbnail","6":"product_cat-pet-bed","7":"product_cat-waterproof-dog-beds","9":"first","10":"instock","11":"shipping-taxable","12":"product-type-simple"},"uagb_featured_image_src":{"full":["https:\/\/pecpets.com\/wp-content\/uploads\/2024\/06\/\u4e3b\u56fe-05-26.jpg",1500,1500,false],"thumbnail":["https:\/\/pecpets.com\/wp-content\/uploads\/2024\/06\/\u4e3b\u56fe-05-26-150x150.jpg",150,150,true],"medium":["https:\/\/pecpets.com\/wp-content\/uploads\/2024\/06\/\u4e3b\u56fe-05-26-300x300.jpg",300,300,true],"medium_large":["https:\/\/pecpets.com\/wp-content\/uploads\/2024\/06\/\u4e3b\u56fe-05-26-768x768.jpg",768,768,true],"large":["https:\/\/pecpets.com\/wp-content\/uploads\/2024\/06\/\u4e3b\u56fe-05-26-1024x1024.jpg",800,800,true],"1536x1536":["https:\/\/pecpets.com\/wp-content\/uploads\/2024\/06\/\u4e3b\u56fe-05-26.jpg",1500,1500,false],"2048x2048":["https:\/\/pecpets.com\/wp-content\/uploads\/2024\/06\/\u4e3b\u56fe-05-26.jpg",1500,1500,false],"trp-custom-language-flag":["https:\/\/pecpets.com\/wp-content\/uploads\/2024\/06\/\u4e3b\u56fe-05-26.jpg",12,12,false],"woocommerce_thumbnail":["https:\/\/pecpets.com\/wp-content\/uploads\/2024\/06\/\u4e3b\u56fe-05-26-300x300.jpg",300,300,true],"woocommerce_single":["https:\/\/pecpets.com\/wp-content\/uploads\/2024\/06\/\u4e3b\u56fe-05-26-600x600.jpg",600,600,true],"woocommerce_gallery_thumbnail":["https:\/\/pecpets.com\/wp-content\/uploads\/2024\/06\/\u4e3b\u56fe-05-26-100x100.jpg",100,100,true]},"uagb_author_info":{"display_name":"Lawrence\u00a0\u52b3\u4f26\u65af","author_link":"https:\/\/pecpets.com\/pl\/author\/"},"uagb_comment_info":0,"uagb_excerpt":"Wholesale Elevated Dog Bed with Canopy Shelter Discover Elevated Dog Bed with Canopy Shelter. Keep your pets stylish with our high-quality designs.","_links":{"self":[{"href":"https:\/\/pecpets.com\/pl\/wp-json\/wp\/v2\/product\/6950","targetHints":{"allow":["GET"]}}],"collection":[{"href":"https:\/\/pecpets.com\/pl\/wp-json\/wp\/v2\/product"}],"about":[{"href":"https:\/\/pecpets.com\/pl\/wp-json\/wp\/v2\/types\/product"}],"wp:featuredmedia":[{"embeddable":true,"href":"https:\/\/pecpets.com\/pl\/wp-json\/wp\/v2\/media\/6949"}],"wp:attachment":[{"href":"https:\/\/pecpets.com\/pl\/wp-json\/wp\/v2\/media?parent=6950"}],"wp:term":[{"taxonomy":"product_brand","embeddable":true,"href":"https:\/\/pecpets.com\/pl\/wp-json\/wp\/v2\/product_brand?post=6950"},{"taxonomy":"product_cat","embeddable":true,"href":"https:\/\/pecpets.com\/pl\/wp-json\/wp\/v2\/product_cat?post=6950"},{"taxonomy":"product_tag","embeddable":true,"href":"https:\/\/pecpets.com\/pl\/wp-json\/wp\/v2\/product_tag?post=6950"}],"curies":[{"name":"wp","href":"https:\/\/api.w.org\/{rel}","templated":true}]}}