{"id":6973,"date":"2024-06-25T16:10:30","date_gmt":"2024-06-25T08:10:30","guid":{"rendered":"https:\/\/pecpets.com\/?post_type=product&#038;p=6973"},"modified":"2025-08-19T10:53:14","modified_gmt":"2025-08-19T02:53:14","slug":"pet-hair-brush-3-in1-steamer-brush","status":"publish","type":"product","link":"https:\/\/pecpets.com\/pl\/product\/pet-hair-brush-3-in1-steamer-brush\/","title":{"rendered":"Szczotka parowa do sier\u015bci zwierz\u0105t 3 w 1"},"content":{"rendered":"<h2 data-immersive-translate-walked=\"7a0058e1-a44f-4dca-9e53-0c6459c72304\" data-immersive-translate-paragraph=\"1\">Szczotka parowa do sier\u015bci zwierz\u0105t 3 w 1 - piel\u0119gnacja ps\u00f3w, czyszczenie i masa\u017c | sprzeda\u017c hurtowa i bezpo\u015brednia fabryka<\/h2>\n<p>Odkryj nasz\u0105 szczotk\u0119 do sier\u015bci zwierz\u0105t 3 w 1, idealn\u0105 do piel\u0119gnacji ps\u00f3w, czyszczenia, masa\u017cu i usuwania spl\u0105tanych i lu\u017anych w\u0142os\u00f3w. Dost\u0119pne w sprzeda\u017cy hurtowej bezpo\u015brednio z naszej fabryki, oferuj\u0105c najwy\u017csz\u0105 jako\u015b\u0107 i konkurencyjne ceny dla potrzeb biznesowych.<\/p>\n<table width=\"288\">\n<tbody>\n<tr>\n<td width=\"137\"><span style=\"color: #333333;\">Nazwa produktu<\/span><\/td>\n<td width=\"151\"><span style=\"color: #333333;\">Czysta piel\u0119gnacja zwierz\u0105t<\/span><\/td>\n<\/tr>\n<tr>\n<td><span style=\"color: #333333;\">Pozycja nr.<\/span><\/td>\n<td><span style=\"color: #333333;\">PA-PGC2004<\/span><\/td>\n<\/tr>\n<tr>\n<td><span style=\"color: #333333;\">Materia\u0142<\/span><\/td>\n<td><span style=\"color: #333333;\">Silikon<\/span><\/td>\n<\/tr>\n<tr>\n<td><span style=\"color: #333333;\">\u00a0Rozmiar i kolor<\/span><\/td>\n<td><span style=\"color: #333333;\">7,7 x 12,5 x 6 cm<\/span><\/td>\n<\/tr>\n<tr>\n<td><span style=\"color: #333333;\">\u00a0Czas dostawy<\/span><\/td>\n<td><span style=\"color: #333333;\">1-5 dni dla ma\u0142ych ilo\u015bci drog\u0105 lotnicz\u0105 i 30-35 dni dla du\u017cych ilo\u015bci drog\u0105 morsk\u0105<\/span><\/td>\n<\/tr>\n<\/tbody>\n<\/table>\n<ul>\n<li data-immersive-translate-walked=\"85fa5479-e3d0-4913-81cd-8463fb71838d\"><strong data-immersive-translate-walked=\"85fa5479-e3d0-4913-81cd-8463fb71838d\">Funkcjonalno\u015b\u0107 3 w 1:<\/strong> Ta szczotka \u0142\u0105czy w sobie piel\u0119gnacj\u0119, masa\u017c i gotowanie na parze, zapewniaj\u0105c kompleksow\u0105 opiek\u0119 nad zwierz\u0119ciem. Parownica pomaga zmi\u0119kczy\u0107 w\u0142osy i sk\u00f3r\u0119, dzi\u0119ki czemu piel\u0119gnacja jest \u0142atwiejsza i wygodniejsza dla zwierz\u0119cia.<\/li>\n<li><strong>Czysta piel\u0119gnacja ps\u00f3w:<\/strong> Skutecznie usuwa brud, lu\u017ane w\u0142osy i sploty, zapewniaj\u0105c psu czysto\u015b\u0107 i zadbany wygl\u0105d.<\/li>\n<li data-immersive-translate-walked=\"85fa5479-e3d0-4913-81cd-8463fb71838d\"><strong data-immersive-translate-walked=\"85fa5479-e3d0-4913-81cd-8463fb71838d\">Masa\u017c i piel\u0119gnacja zwierz\u0105t:<\/strong> Szczotka zapewnia delikatny masa\u017c, promuj\u0105c lepsze kr\u0105\u017cenie krwi i zdrowsz\u0105 sier\u015b\u0107.<\/li>\n<li><strong>Usuwanie spl\u0105tanych i lu\u017anych w\u0142os\u00f3w:<\/strong> Zaprojektowany, aby \u0142atwo rozczesywa\u0107 i usuwa\u0107 lu\u017ane w\u0142osy, zmniejszaj\u0105c wypadanie i utrzymuj\u0105c sier\u015b\u0107 zwierz\u0119cia w doskona\u0142ej kondycji.<\/li>\n<li><strong>Trwa\u0142o\u015b\u0107 i wysoka jako\u015b\u0107:<\/strong> Wykonana z wytrzyma\u0142ych materia\u0142\u00f3w wysokiej jako\u015bci zapewnia d\u0142ugotrwa\u0142e u\u017cytkowanie i niezawodno\u015b\u0107.<\/li>\n<li><strong>\u0141atwy w u\u017cyciu i czyszczeniu:<\/strong> Szczotka jest przyjazna dla u\u017cytkownika i \u0142atwa w czyszczeniu, dzi\u0119ki czemu sesje piel\u0119gnacyjne s\u0105 szybkie i bezproblemowe.<\/li>\n<li data-immersive-translate-walked=\"85fa5479-e3d0-4913-81cd-8463fb71838d\"><strong data-immersive-translate-walked=\"85fa5479-e3d0-4913-81cd-8463fb71838d\">Sprzeda\u017c hurtowa i bezpo\u015brednia:<\/strong> Kupuj bezpo\u015brednio z naszej fabryki, aby korzysta\u0107 z najlepszych cen hurtowych, idealnych dla sklep\u00f3w zoologicznych, salon\u00f3w piel\u0119gnacji i dostawc\u00f3w us\u0142ug opieki nad zwierz\u0119tami.<\/li>\n<\/ul>\n<p data-immersive-translate-walked=\"85fa5479-e3d0-4913-81cd-8463fb71838d\">Ulepsz sw\u00f3j zestaw narz\u0119dzi do piel\u0119gnacji dzi\u0119ki naszej szczotce parowej 3 w 1 Pet Hair Brush. Idealna dla w\u0142a\u015bcicieli zwierz\u0105t i profesjonalist\u00f3w poszukuj\u0105cych kompleksowego i luksusowego rozwi\u0105zania do piel\u0119gnacji. Skontaktuj si\u0119 z nami ju\u017c dzi\u015b, aby uzyska\u0107 zapytania hurtowe i bezpo\u015brednie ceny fabryczne!<\/p>","protected":false},"excerpt":{"rendered":"<h2>Szczotka parowa do sier\u015bci zwierz\u0105t 3 w 1<\/h2>\n<p>Odkryj szczotk\u0119 do sier\u015bci zwierz\u0105t 3 w 1.<\/p>\n<p>Kupuj hurtowo produkty do piel\u0119gnacji zwierz\u0105t z fabryki, aby uzyska\u0107 bezkonkurencyjne ceny i jako\u015b\u0107.<\/p>","protected":false},"featured_media":6974,"template":"","meta":{"_seopress_robots_primary_cat":"none","_seopress_titles_title":"Pet Clean: 3 in1 Steamer Brush - Pet Manufacterurs","_seopress_titles_desc":"This Pet Hair Brush 3 in1 Steamer Brush combines three functionalities in one, making it an essential tool for pet care professionals and pet owners alike.","_seopress_robots_index":"","_uag_custom_page_level_css":""},"product_brand":[],"product_cat":[324,331],"product_tag":[165,337],"class_list":{"0":"post-6973","1":"product","2":"type-product","3":"status-publish","4":"has-post-thumbnail","6":"product_cat-pet-accessory","7":"product_cat-pet-grooming-clean","8":"product_tag-pet-accessories","9":"product_tag-pet-clean","11":"first","12":"instock","13":"shipping-taxable","14":"product-type-simple"},"uagb_featured_image_src":{"full":["https:\/\/pecpets.com\/wp-content\/uploads\/2024\/06\/\u4e3b\u56fe-01-22.jpg",1600,1600,false],"thumbnail":["https:\/\/pecpets.com\/wp-content\/uploads\/2024\/06\/\u4e3b\u56fe-01-22-150x150.jpg",150,150,true],"medium":["https:\/\/pecpets.com\/wp-content\/uploads\/2024\/06\/\u4e3b\u56fe-01-22-300x300.jpg",300,300,true],"medium_large":["https:\/\/pecpets.com\/wp-content\/uploads\/2024\/06\/\u4e3b\u56fe-01-22-768x768.jpg",768,768,true],"large":["https:\/\/pecpets.com\/wp-content\/uploads\/2024\/06\/\u4e3b\u56fe-01-22-1024x1024.jpg",800,800,true],"1536x1536":["https:\/\/pecpets.com\/wp-content\/uploads\/2024\/06\/\u4e3b\u56fe-01-22-1536x1536.jpg",1536,1536,true],"2048x2048":["https:\/\/pecpets.com\/wp-content\/uploads\/2024\/06\/\u4e3b\u56fe-01-22.jpg",1600,1600,false],"trp-custom-language-flag":["https:\/\/pecpets.com\/wp-content\/uploads\/2024\/06\/\u4e3b\u56fe-01-22.jpg",12,12,false],"woocommerce_thumbnail":["https:\/\/pecpets.com\/wp-content\/uploads\/2024\/06\/\u4e3b\u56fe-01-22-300x300.jpg",300,300,true],"woocommerce_single":["https:\/\/pecpets.com\/wp-content\/uploads\/2024\/06\/\u4e3b\u56fe-01-22-600x600.jpg",600,600,true],"woocommerce_gallery_thumbnail":["https:\/\/pecpets.com\/wp-content\/uploads\/2024\/06\/\u4e3b\u56fe-01-22-100x100.jpg",100,100,true]},"uagb_author_info":{"display_name":"Lawrence\u00a0\u52b3\u4f26\u65af","author_link":"https:\/\/pecpets.com\/pl\/author\/"},"uagb_comment_info":0,"uagb_excerpt":"Pet Hair Brush 3 in1 Steamer Brush Explore Pet Hair Brush 3 in1 Steamer Brush. Shop wholesale pet grooming from the factory for unbeatable prices and quality.","_links":{"self":[{"href":"https:\/\/pecpets.com\/pl\/wp-json\/wp\/v2\/product\/6973","targetHints":{"allow":["GET"]}}],"collection":[{"href":"https:\/\/pecpets.com\/pl\/wp-json\/wp\/v2\/product"}],"about":[{"href":"https:\/\/pecpets.com\/pl\/wp-json\/wp\/v2\/types\/product"}],"wp:featuredmedia":[{"embeddable":true,"href":"https:\/\/pecpets.com\/pl\/wp-json\/wp\/v2\/media\/6974"}],"wp:attachment":[{"href":"https:\/\/pecpets.com\/pl\/wp-json\/wp\/v2\/media?parent=6973"}],"wp:term":[{"taxonomy":"product_brand","embeddable":true,"href":"https:\/\/pecpets.com\/pl\/wp-json\/wp\/v2\/product_brand?post=6973"},{"taxonomy":"product_cat","embeddable":true,"href":"https:\/\/pecpets.com\/pl\/wp-json\/wp\/v2\/product_cat?post=6973"},{"taxonomy":"product_tag","embeddable":true,"href":"https:\/\/pecpets.com\/pl\/wp-json\/wp\/v2\/product_tag?post=6973"}],"curies":[{"name":"wp","href":"https:\/\/api.w.org\/{rel}","templated":true}]}}