{"id":6993,"date":"2024-06-25T16:30:23","date_gmt":"2024-06-25T08:30:23","guid":{"rendered":"https:\/\/pecpets.com\/?post_type=product&#038;p=6993"},"modified":"2025-08-19T10:22:59","modified_gmt":"2025-08-19T02:22:59","slug":"pet-cleaning-slicker-brush","status":"publish","type":"product","link":"https:\/\/pecpets.com\/pl\/product\/pet-cleaning-slicker-brush\/","title":{"rendered":"Szczotka do czyszczenia dla zwierz\u0105t"},"content":{"rendered":"<h2 data-immersive-translate-walked=\"7a0058e1-a44f-4dca-9e53-0c6459c72304\" data-immersive-translate-paragraph=\"1\">Pet Cleaning Slicker Brush - Grzebie\u0144 do piel\u0119gnacji ps\u00f3w i kot\u00f3w | Sprzeda\u017c hurtowa i bezpo\u015brednia fabryka<\/h2>\n<p>Odkryj nasz\u0105 szczotk\u0119 Pet Cleaning Slicker Brush, idealn\u0105 do czyszczenia i wyczesywania sier\u015bci psa. Ten grzebie\u0144 piel\u0119gnacyjny skutecznie usuwa lu\u017ane podszerstki i spl\u0105tane w\u0142osy. Dost\u0119pny w sprzeda\u017cy hurtowej bezpo\u015brednio z naszej fabryki, oferuj\u0105c najwy\u017csz\u0105 jako\u015b\u0107 i konkurencyjne ceny.<\/p>\n<table width=\"288\">\n<tbody>\n<tr>\n<td width=\"137\"><span style=\"color: #333333;\">Nazwa produktu<\/span><\/td>\n<td width=\"151\"><span style=\"color: #333333;\">Czysta piel\u0119gnacja zwierz\u0105t<\/span><\/td>\n<\/tr>\n<tr>\n<td><span style=\"color: #333333;\">Pozycja nr.<\/span><\/td>\n<td><span style=\"color: #333333;\">PGC-2002<\/span><\/td>\n<\/tr>\n<tr>\n<td><span style=\"color: #333333;\">Materia\u0142<\/span><\/td>\n<td><span style=\"color: #333333;\">Stal nierdzewna, silikon<\/span><\/td>\n<\/tr>\n<tr>\n<td><span style=\"color: #333333;\">\u00a0Rozmiar i kolor<\/span><\/td>\n<td><span style=\"color: #333333;\">22 x 10 x 5 cm<\/span><\/td>\n<\/tr>\n<tr>\n<td><span style=\"color: #333333;\">\u00a0Czas dostawy<\/span><\/td>\n<td><span style=\"color: #333333;\">1-5 dni dla ma\u0142ych ilo\u015bci drog\u0105 lotnicz\u0105 i 30-35 dni dla du\u017cych ilo\u015bci drog\u0105 morsk\u0105<\/span><\/td>\n<\/tr>\n<\/tbody>\n<\/table>\n<ul>\n<li data-immersive-translate-walked=\"85fa5479-e3d0-4913-81cd-8463fb71838d\"><strong data-immersive-translate-walked=\"85fa5479-e3d0-4913-81cd-8463fb71838d\">Czysta piel\u0119gnacja ps\u00f3w:<\/strong> Zaprojektowany, aby zapewni\u0107 dok\u0142adn\u0105 piel\u0119gnacj\u0119, utrzymuj\u0105c sier\u015b\u0107 zwierz\u0119cia czyst\u0105 i zadban\u0105.<\/li>\n<li data-immersive-translate-walked=\"85fa5479-e3d0-4913-81cd-8463fb71838d\"><strong data-immersive-translate-walked=\"85fa5479-e3d0-4913-81cd-8463fb71838d\">Shedding Comb:<\/strong> Skutecznie usuwa lu\u017ane podszerstek i spl\u0105tan\u0105 sier\u015b\u0107, ograniczaj\u0105c linienie i promuj\u0105c zdrow\u0105 sier\u015b\u0107.<\/li>\n<li><strong>Dla ps\u00f3w i kot\u00f3w:<\/strong> Nadaje si\u0119 zar\u00f3wno dla ps\u00f3w, jak i kot\u00f3w, dzi\u0119ki czemu jest wszechstronnym narz\u0119dziem do piel\u0119gnacji zwierz\u0105t.<\/li>\n<li><strong>Wygodne i delikatne:<\/strong> Posiada delikatne, zakrzywione w\u0142osie, kt\u00f3re delikatnie usuwa sier\u015b\u0107, nie powoduj\u0105c dyskomfortu u zwierz\u0119cia.<\/li>\n<li><strong>Trwa\u0142o\u015b\u0107 i wysoka jako\u015b\u0107:<\/strong> Wykonana z wytrzyma\u0142ych materia\u0142\u00f3w wysokiej jako\u015bci zapewnia d\u0142ugotrwa\u0142e u\u017cytkowanie i niezawodne dzia\u0142anie.<\/li>\n<li><strong>Ergonomiczna konstrukcja:<\/strong> Szczotka zosta\u0142a zaprojektowana z ergonomiczn\u0105 r\u0105czk\u0105 zapewniaj\u0105c\u0105 wygodny chwyt, dzi\u0119ki czemu sesje piel\u0119gnacyjne s\u0105 \u0142atwiejsze dla w\u0142a\u015bcicieli zwierz\u0105t.<\/li>\n<li><strong>\u0141atwo\u015b\u0107 czyszczenia:<\/strong> Samoczyszcz\u0105ca konstrukcja u\u0142atwia usuwanie w\u0142os\u00f3w ze szczotki, zapewniaj\u0105c bezproblemow\u0105 konserwacj\u0119.<\/li>\n<li><strong>Sprzeda\u017c hurtowa i bezpo\u015brednia:<\/strong> Kupuj bezpo\u015brednio z naszej fabryki, aby cieszy\u0107 si\u0119 najlepszymi cenami hurtowymi, idealnymi dla sklep\u00f3w zoologicznych, salon\u00f3w piel\u0119gnacji i dostawc\u00f3w us\u0142ug opieki nad zwierz\u0119tami.<\/li>\n<\/ul>\n<p data-immersive-translate-walked=\"85fa5479-e3d0-4913-81cd-8463fb71838d\">Wzboga\u0107 swoje artyku\u0142y piel\u0119gnacyjne o nasz\u0105 szczotk\u0119 Pet Cleaning Slicker Brush. Idealna dla w\u0142a\u015bcicieli zwierz\u0105t i profesjonalist\u00f3w poszukuj\u0105cych skutecznego i delikatnego rozwi\u0105zania do piel\u0119gnacji. Skontaktuj si\u0119 z nami ju\u017c dzi\u015b, aby uzyska\u0107 zapytania hurtowe i bezpo\u015brednie ceny fabryczne!<\/p>","protected":false},"excerpt":{"rendered":"<h2>Szczotka do czyszczenia dla zwierz\u0105t<\/h2>\n<p>Poznaj szczotk\u0119 Slicker do czyszczenia zwierz\u0105t domowych.<\/p>\n<p>Kupuj hurtowo buty dla zwierz\u0105t domowych z fabryki, aby uzyska\u0107 bezkonkurencyjne ceny i jako\u015b\u0107.<\/p>","protected":false},"featured_media":6994,"template":"","meta":{"_seopress_robots_primary_cat":"none","_seopress_titles_title":"Pet Clean: Pet Cleaning Slicker Brush - Pet Manufacterurs","_seopress_titles_desc":"Pet Cleaning Slicker Brush is perfect for both dog and cat, effectively removing loose underlayers and tangled hair to keep your pet\u2019s coat healthy and smooth.","_seopress_robots_index":"","_uag_custom_page_level_css":""},"product_brand":[],"product_cat":[324,331],"product_tag":[165,337],"class_list":{"0":"post-6993","1":"product","2":"type-product","3":"status-publish","4":"has-post-thumbnail","6":"product_cat-pet-accessory","7":"product_cat-pet-grooming-clean","8":"product_tag-pet-accessories","9":"product_tag-pet-clean","11":"first","12":"instock","13":"shipping-taxable","14":"product-type-simple"},"uagb_featured_image_src":{"full":["https:\/\/pecpets.com\/wp-content\/uploads\/2024\/06\/\u4e3b\u56fe-01-24.jpg",800,800,false],"thumbnail":["https:\/\/pecpets.com\/wp-content\/uploads\/2024\/06\/\u4e3b\u56fe-01-24-150x150.jpg",150,150,true],"medium":["https:\/\/pecpets.com\/wp-content\/uploads\/2024\/06\/\u4e3b\u56fe-01-24-300x300.jpg",300,300,true],"medium_large":["https:\/\/pecpets.com\/wp-content\/uploads\/2024\/06\/\u4e3b\u56fe-01-24-768x768.jpg",768,768,true],"large":["https:\/\/pecpets.com\/wp-content\/uploads\/2024\/06\/\u4e3b\u56fe-01-24.jpg",800,800,false],"1536x1536":["https:\/\/pecpets.com\/wp-content\/uploads\/2024\/06\/\u4e3b\u56fe-01-24.jpg",800,800,false],"2048x2048":["https:\/\/pecpets.com\/wp-content\/uploads\/2024\/06\/\u4e3b\u56fe-01-24.jpg",800,800,false],"trp-custom-language-flag":["https:\/\/pecpets.com\/wp-content\/uploads\/2024\/06\/\u4e3b\u56fe-01-24.jpg",12,12,false],"woocommerce_thumbnail":["https:\/\/pecpets.com\/wp-content\/uploads\/2024\/06\/\u4e3b\u56fe-01-24-300x300.jpg",300,300,true],"woocommerce_single":["https:\/\/pecpets.com\/wp-content\/uploads\/2024\/06\/\u4e3b\u56fe-01-24-600x600.jpg",600,600,true],"woocommerce_gallery_thumbnail":["https:\/\/pecpets.com\/wp-content\/uploads\/2024\/06\/\u4e3b\u56fe-01-24-100x100.jpg",100,100,true]},"uagb_author_info":{"display_name":"Lawrence\u00a0\u52b3\u4f26\u65af","author_link":"https:\/\/pecpets.com\/pl\/author\/"},"uagb_comment_info":0,"uagb_excerpt":"Pet Cleaning Slicker Brush Explore Pet Cleaning Slicker Brush. Shop wholesale pet shoes from the factory for unbeatable prices and quality.","_links":{"self":[{"href":"https:\/\/pecpets.com\/pl\/wp-json\/wp\/v2\/product\/6993","targetHints":{"allow":["GET"]}}],"collection":[{"href":"https:\/\/pecpets.com\/pl\/wp-json\/wp\/v2\/product"}],"about":[{"href":"https:\/\/pecpets.com\/pl\/wp-json\/wp\/v2\/types\/product"}],"wp:featuredmedia":[{"embeddable":true,"href":"https:\/\/pecpets.com\/pl\/wp-json\/wp\/v2\/media\/6994"}],"wp:attachment":[{"href":"https:\/\/pecpets.com\/pl\/wp-json\/wp\/v2\/media?parent=6993"}],"wp:term":[{"taxonomy":"product_brand","embeddable":true,"href":"https:\/\/pecpets.com\/pl\/wp-json\/wp\/v2\/product_brand?post=6993"},{"taxonomy":"product_cat","embeddable":true,"href":"https:\/\/pecpets.com\/pl\/wp-json\/wp\/v2\/product_cat?post=6993"},{"taxonomy":"product_tag","embeddable":true,"href":"https:\/\/pecpets.com\/pl\/wp-json\/wp\/v2\/product_tag?post=6993"}],"curies":[{"name":"wp","href":"https:\/\/api.w.org\/{rel}","templated":true}]}}