{"id":7173,"date":"2024-06-27T11:03:09","date_gmt":"2024-06-27T03:03:09","guid":{"rendered":"https:\/\/pecpets.com\/?post_type=product&#038;p=7173"},"modified":"2024-10-29T15:35:00","modified_gmt":"2024-10-29T07:35:00","slug":"vluxury-large-bite-resistant-chew-resistant-dog-bed","status":"publish","type":"product","link":"https:\/\/pecpets.com\/pl\/product\/vluxury-large-bite-resistant-chew-resistant-dog-bed\/","title":{"rendered":"Luksusowe, du\u017ce, odporne na gryzienie i \u017cucie legowisko dla psa"},"content":{"rendered":"<div class=\"elementor-element elementor-element-f148377 elementor-widget elementor-widget-woocommerce-product-content\" data-id=\"f148377\" data-element_type=\"widget\" data-widget_type=\"woocommerce-product-content.default\">\n<div class=\"elementor-widget-container\">\n<h2>Luksusowe, du\u017ce, odporne na gryzienie i \u017cucie legowisko dla psa - wygodna hurtownia<\/h2>\n<p>Ulepsz swoj\u0105 ofert\u0119 dla zwierz\u0105t dzi\u0119ki naszemu luksusowemu, du\u017cemu, odpornemu na gryzienie i zu\u017cycie legowisku dla psa, kt\u00f3re stanowi idealne po\u0142\u0105czenie trwa\u0142o\u015bci i wygody. Zaprojektowane z my\u015bl\u0105 o wi\u0119kszych rasach, to legowisko dla psa zosta\u0142o wykonane tak, aby wytrzyma\u0107 nawet najtwardsze gryzaki, zapewniaj\u0105c jednocze\u015bnie przytulne miejsce do odpoczynku.<\/p>\n<table style=\"border-collapse: collapse; background-color: #ffffff; width: 335px; height: 242px;\" border=\"1\">\n<tbody>\n<tr>\n<td style=\"font-family: Verdana, Arial, Helvetica, sans-serif; font-size: 12px; color: #000000; margin: 8px; width: 187px; text-align: center;\"><span style=\"line-height: 21px; font-size: 14px;\">Nazwa produktu<\/span><\/td>\n<td style=\"font-family: Verdana, Arial, Helvetica, sans-serif; font-size: 12px; color: #000000; margin: 8px; width: 526px; text-align: center;\">Legowisko dla zwierz\u0105t<\/td>\n<\/tr>\n<tr>\n<td style=\"font-family: Verdana, Arial, Helvetica, sans-serif; font-size: 12px; color: #000000; margin: 8px; width: 187px; text-align: center;\"><span style=\"line-height: 21px; font-size: 14px;\">Pozycja nr.<\/span><\/td>\n<td style=\"font-family: Verdana, Arial, Helvetica, sans-serif; font-size: 12px; color: #000000; margin: 8px; width: 526px; text-align: center;\"><span style=\"line-height: 21px; font-size: 14px;\">P-B2003<\/span><\/td>\n<\/tr>\n<tr>\n<td style=\"font-family: Verdana, Arial, Helvetica, sans-serif; font-size: 12px; color: #000000; margin: 8px; width: 187px; text-align: center;\"><span style=\"line-height: 21px; color: #333333; font-family: Arial, Helvetica; font-size: 14px; font-style: normal; font-weight: 400; background-color: #ffffff; float: none; display: inline !important;\">Materia\u0142<\/span><\/td>\n<td style=\"font-family: Verdana, Arial, Helvetica, sans-serif; font-size: 12px; color: #000000; margin: 8px; width: 526px; text-align: center;\"><span style=\"color: #151515; font-family: Arial,Helvetica,sans-serif; font-size: 14px; font-style: normal; font-weight: 400; text-align: left; display: inline !important; float: none;\">Coral Fleece<\/span><\/td>\n<\/tr>\n<tr>\n<td style=\"font-family: Verdana, Arial, Helvetica, sans-serif; font-size: 12px; color: #000000; margin: 8px; width: 187px; text-align: center;\"><span style=\"line-height: 21px; font-size: 14px;\">\u00a0Rozmiar<\/span><\/td>\n<td style=\"font-family: Verdana, Arial, Helvetica, sans-serif; font-size: 12px; color: #000000; margin: 8px; width: 526px; text-align: center;\"><span style=\"font-size: 14px;\">Rozmiar niestandardowy<\/span><\/td>\n<\/tr>\n<tr>\n<td style=\"font-family: Verdana, Arial, Helvetica, sans-serif; font-size: 12px; color: #000000; margin: 8px; width: 187px; text-align: center;\"><span style=\"line-height: 21px; font-size: 14px;\">\u00a0Kolor<\/span><\/td>\n<td style=\"font-family: Verdana, Arial, Helvetica, sans-serif; font-size: 12px; color: #000000; margin: 8px; width: 526px; text-align: center;\"><span style=\"color: #000000; font-family: Verdana, Arial, Helvetica, sans-serif; font-size: 14px; font-style: normal; font-weight: 400; text-align: center; background-color: #ffffff; float: none; display: inline !important;\">Kolor niestandardowy<\/span><\/td>\n<\/tr>\n<tr>\n<td style=\"font-family: Verdana, Arial, Helvetica, sans-serif; font-size: 12px; color: #000000; margin: 8px; width: 187px; text-align: center;\"><span style=\"line-height: 21px; font-size: 14px;\">\u00a0<span style=\"line-height: 21px; color: #333333; font-family: Arial, Helvetica; font-size: 14px; font-style: normal; font-weight: 400; background-color: #ffffff; float: none; display: inline !important;\">Typ zwierz\u0119cia<\/span><\/span><\/td>\n<td style=\"font-family: Verdana, Arial, Helvetica, sans-serif; font-size: 12px; color: #000000; margin: 8px; width: 526px; text-align: center;\"><span style=\"line-height: 21px; font-size: 14px;\">\u00a0Ca\u0142y pies<\/span><\/td>\n<\/tr>\n<tr>\n<td style=\"font-family: Verdana, Arial, Helvetica, sans-serif; font-size: 12px; color: #000000; margin: 8px; width: 187px; text-align: center;\"><span style=\"line-height: 21px; font-size: 14px;\">\u00a0<span style=\"line-height: 21px; color: #333333; font-family: Arial, Helvetica; font-size: 14px; font-style: normal; font-weight: 400; background-color: #ffffff; float: none; display: inline !important;\">Czas dostawy<\/span><\/span><\/td>\n<td style=\"font-family: Verdana, Arial, Helvetica, sans-serif; font-size: 12px; color: #000000; margin: 8px; width: 526px; text-align: center;\"><span style=\"line-height: 21px; font-size: 14px;\"><span style=\"line-height: 21px; color: #000000; font-family: Verdana, Arial, Helvetica, sans-serif; font-size: 14px; font-style: normal; font-weight: 400; background-color: #ffffff; float: none; display: inline !important;\">1-5 dni dla ma\u0142ych ilo\u015bci drog\u0105 lotnicz\u0105 i 30-35 dni dla du\u017cych ilo\u015bci drog\u0105 morsk\u0105<\/span>\u00a0<\/span><\/td>\n<\/tr>\n<tr>\n<td style=\"font-family: Verdana, Arial, Helvetica, sans-serif; font-size: 12px; color: #000000; margin: 8px; width: 187px; text-align: center;\"><span style=\"line-height: 21px; font-size: 14px;\">\u00a0<span style=\"line-height: 21px; color: #333333; font-family: Arial, Helvetica; font-size: 14px; font-style: normal; font-weight: 400; background-color: #ffffff; float: none; display: inline !important;\">Port wysy\u0142ki<\/span><\/span><\/td>\n<td style=\"font-family: Verdana, Arial, Helvetica, sans-serif; font-size: 12px; color: #000000; margin: 8px; width: 526px; text-align: center;\"><span style=\"line-height: 21px; font-size: 14px;\">Xiamen\u00a0<\/span><\/td>\n<\/tr>\n<tr>\n<td style=\"font-family: Verdana, Arial, Helvetica, sans-serif; font-size: 12px; color: #000000; margin: 8px; width: 187px; text-align: center;\"><span style=\"line-height: 21px; font-size: 14px;\">\u00a0<span style=\"line-height: 21px; color: #333333; font-family: Arial, Helvetica; font-size: 14px; font-style: normal; font-weight: 400; background-color: #ffffff; float: none; display: inline !important;\">OEM\/ODM<\/span><\/span><\/td>\n<td style=\"font-family: Verdana, Arial, Helvetica, sans-serif; font-size: 12px; color: #000000; margin: 8px; width: 526px; text-align: center;\"><span style=\"line-height: 21px; font-size: 14px;\">\u00a0<span style=\"line-height: 21px; color: #333333; font-family: Arial, Helvetica; font-size: 14px; font-style: normal; font-weight: 400; background-color: #ffffff; float: none; display: inline !important;\">Dost\u0119pne<\/span><\/span><\/td>\n<\/tr>\n<tr>\n<td style=\"font-family: Verdana, Arial, Helvetica, sans-serif; font-size: 12px; color: #000000; margin: 8px; width: 187px; text-align: center;\"><span style=\"line-height: 21px; font-size: 14px;\">\u00a0<span style=\"line-height: 21px; color: #333333; font-family: Arial, Helvetica; font-size: 14px; font-style: normal; font-weight: 400; background-color: #ffffff; float: none; display: inline !important;\">Pakiet<\/span><\/span><\/td>\n<td style=\"font-family: Verdana, Arial, Helvetica, sans-serif; font-size: 12px; color: #000000; margin: 8px; width: 526px; text-align: center;\"><span style=\"line-height: 21px; font-size: 14px;\"><span style=\"line-height: 21px; color: #333333; font-family: Arial, Helvetica; font-size: 14px; font-style: normal; font-weight: 400; background-color: #ffffff; float: none; display: inline !important;\">Ka\u017cdy zapakowany w PPB, a nast\u0119pnie w karton lub wed\u0142ug potrzeb<\/span><\/span><\/td>\n<\/tr>\n<\/tbody>\n<\/table>\n<ul>\n<li data-immersive-translate-walked=\"dccba797-3b74-4de3-9466-e3eeeb22814a\" data-immersive-translate-paragraph=\"1\"><strong data-immersive-translate-walked=\"dccba797-3b74-4de3-9466-e3eeeb22814a\">Luksus i komfort<\/strong>: Nasze legowisko dla psa oferuje pluszow\u0105, wygodn\u0105 powierzchni\u0119, kt\u00f3ra zapewnia zwierz\u0119ciu spokojny sen.<\/li>\n<li><strong>Odporno\u015b\u0107 na gryzienie i zu\u017cycie<\/strong>: Wykonane z wysokiej jako\u015bci materia\u0142\u00f3w, \u0142\u00f3\u017cko to zosta\u0142o zaprojektowane z my\u015bl\u0105 o trwa\u0142o\u015bci i d\u0142ugiej \u017cywotno\u015bci, odporne na ugryzienia i zu\u017cycie.<\/li>\n<li data-immersive-translate-walked=\"dccba797-3b74-4de3-9466-e3eeeb22814a\" data-immersive-translate-paragraph=\"1\"><strong data-immersive-translate-walked=\"dccba797-3b74-4de3-9466-e3eeeb22814a\">Du\u017cy rozmiar<\/strong>: Idealny dla wi\u0119kszych ras ps\u00f3w, zapewniaj\u0105c im du\u017co miejsca do rozci\u0105gania si\u0119 i relaksu.<\/li>\n<li data-immersive-translate-walked=\"dccba797-3b74-4de3-9466-e3eeeb22814a\" data-immersive-translate-paragraph=\"1\"><strong data-immersive-translate-walked=\"dccba797-3b74-4de3-9466-e3eeeb22814a\">Ceny hurtowe i fabryczne<\/strong>: Nasze luksusowe legowisko dla psa, dost\u0119pne przy zam\u00f3wieniach hurtowych, oferuje wyj\u0105tkow\u0105 warto\u015b\u0107 dla sklep\u00f3w zoologicznych, weterynarzy i profesjonalist\u00f3w zajmuj\u0105cych si\u0119 opiek\u0105 nad zwierz\u0119tami.<\/li>\n<\/ul>\n<p>Nasz<span style=\"color: #ff0000;\"><a style=\"color: #ff0000;\" href=\"https:\/\/pecpets.com\/pl\/kategoria-produktu\/pet-bed\/\" target=\"_blank\" rel=\"noopener\"> legowisko dla psa<\/a><\/span> wyr\u00f3\u017cnia si\u0119 doskona\u0142\u0105 konstrukcj\u0105 i najwy\u017cszej jako\u015bci materia\u0142ami. Wzmocniona konstrukcja legowiska sprawia, \u017ce jest ono odporne na intensywne \u017cucie, dzi\u0119ki czemu idealnie nadaje si\u0119 dla ps\u00f3w, kt\u00f3re maj\u0105 tendencj\u0119 do niszczenia. Pomimo swojej wytrzyma\u0142o\u015bci, legowisko nie rezygnuje z komfortu, oferuj\u0105c mi\u0119kk\u0105, wspieraj\u0105c\u0105 powierzchni\u0119, kt\u00f3r\u0105 psy pokochaj\u0105.<\/p>\n<p data-immersive-translate-walked=\"dccba797-3b74-4de3-9466-e3eeeb22814a\" data-immersive-translate-paragraph=\"1\">Wsp\u00f3\u0142praca z nami oznacza, \u017ce otrzymujesz najwy\u017cszej jako\u015bci produkty dla zwierz\u0105t domowych w hurtowych cenach fabrycznych, dzi\u0119ki czemu Twoja firma mo\u017ce zaoferowa\u0107 swoim klientom to, co najlepsze, bez rozbijania banku.<\/p>\n<\/div>\n<\/div>","protected":false},"excerpt":{"rendered":"<div class=\"elementor-element elementor-element-36a3285 elementor-widget elementor-widget-woocommerce-product-title elementor-page-title elementor-widget-heading\" data-id=\"36a3285\" data-element_type=\"widget\" data-widget_type=\"woocommerce-product-title.default\">\n<div class=\"elementor-widget-container\">\n<h2><strong><b>Hurtownia luksusowych, du\u017cych, odpornych na gryzienie i \u017cucie legowisk dla ps\u00f3w<\/b><\/strong><\/h2>\n<p>Odkryj luksusowe, du\u017ce i odporne na gryzienie legowisko dla psa.<\/p>\n<p>Zadbaj o styl swoich zwierz\u0105t dzi\u0119ki naszym wysokiej jako\u015bci wzorom.<\/p>\n<\/div>\n<\/div>","protected":false},"featured_media":7181,"template":"","meta":{"_seopress_robots_primary_cat":"none","_seopress_titles_title":"Pet Bed: Chew-resistant Dog Bed - Top Manufaccturer","_seopress_titles_desc":"Upgrade your pet offerings with our Luxury Large Bite Resistant Chew-resistant Dog Bed, the perfect combination of durability and comfort.","_seopress_robots_index":"","_uag_custom_page_level_css":""},"product_brand":[],"product_cat":[348,22],"product_tag":[71,69],"class_list":{"0":"post-7173","1":"product","2":"type-product","3":"status-publish","4":"has-post-thumbnail","6":"product_cat-chew-resistant-dog-beds","7":"product_cat-pet-bed","8":"product_tag-cat-bed","9":"product_tag-dog-bed","11":"first","12":"instock","13":"shipping-taxable","14":"product-type-simple"},"uagb_featured_image_src":{"full":["https:\/\/pecpets.com\/wp-content\/uploads\/2024\/06\/907a84e9-7040-464c-91aa-0011918dcf9f.jpeg",750,1000,false],"thumbnail":["https:\/\/pecpets.com\/wp-content\/uploads\/2024\/06\/907a84e9-7040-464c-91aa-0011918dcf9f-150x150.jpeg",150,150,true],"medium":["https:\/\/pecpets.com\/wp-content\/uploads\/2024\/06\/907a84e9-7040-464c-91aa-0011918dcf9f-225x300.jpeg",225,300,true],"medium_large":["https:\/\/pecpets.com\/wp-content\/uploads\/2024\/06\/907a84e9-7040-464c-91aa-0011918dcf9f.jpeg",750,1000,false],"large":["https:\/\/pecpets.com\/wp-content\/uploads\/2024\/06\/907a84e9-7040-464c-91aa-0011918dcf9f.jpeg",750,1000,false],"1536x1536":["https:\/\/pecpets.com\/wp-content\/uploads\/2024\/06\/907a84e9-7040-464c-91aa-0011918dcf9f.jpeg",750,1000,false],"2048x2048":["https:\/\/pecpets.com\/wp-content\/uploads\/2024\/06\/907a84e9-7040-464c-91aa-0011918dcf9f.jpeg",750,1000,false],"trp-custom-language-flag":["https:\/\/pecpets.com\/wp-content\/uploads\/2024\/06\/907a84e9-7040-464c-91aa-0011918dcf9f.jpeg",9,12,false],"woocommerce_thumbnail":["https:\/\/pecpets.com\/wp-content\/uploads\/2024\/06\/907a84e9-7040-464c-91aa-0011918dcf9f-300x300.jpeg",300,300,true],"woocommerce_single":["https:\/\/pecpets.com\/wp-content\/uploads\/2024\/06\/907a84e9-7040-464c-91aa-0011918dcf9f-600x800.jpeg",600,800,true],"woocommerce_gallery_thumbnail":["https:\/\/pecpets.com\/wp-content\/uploads\/2024\/06\/907a84e9-7040-464c-91aa-0011918dcf9f-100x100.jpeg",100,100,true]},"uagb_author_info":{"display_name":"Lawrence\u00a0\u52b3\u4f26\u65af","author_link":"https:\/\/pecpets.com\/pl\/author\/"},"uagb_comment_info":0,"uagb_excerpt":"Wholesale Luxury Large Bite Resistant Chew-resistant Dog Bed Discover Luxury Large Bite Resistant Chew-resistant Dog Bed. Keep your pets stylish with our high-quality designs.","_links":{"self":[{"href":"https:\/\/pecpets.com\/pl\/wp-json\/wp\/v2\/product\/7173","targetHints":{"allow":["GET"]}}],"collection":[{"href":"https:\/\/pecpets.com\/pl\/wp-json\/wp\/v2\/product"}],"about":[{"href":"https:\/\/pecpets.com\/pl\/wp-json\/wp\/v2\/types\/product"}],"wp:featuredmedia":[{"embeddable":true,"href":"https:\/\/pecpets.com\/pl\/wp-json\/wp\/v2\/media\/7181"}],"wp:attachment":[{"href":"https:\/\/pecpets.com\/pl\/wp-json\/wp\/v2\/media?parent=7173"}],"wp:term":[{"taxonomy":"product_brand","embeddable":true,"href":"https:\/\/pecpets.com\/pl\/wp-json\/wp\/v2\/product_brand?post=7173"},{"taxonomy":"product_cat","embeddable":true,"href":"https:\/\/pecpets.com\/pl\/wp-json\/wp\/v2\/product_cat?post=7173"},{"taxonomy":"product_tag","embeddable":true,"href":"https:\/\/pecpets.com\/pl\/wp-json\/wp\/v2\/product_tag?post=7173"}],"curies":[{"name":"wp","href":"https:\/\/api.w.org\/{rel}","templated":true}]}}