{"id":7224,"date":"2024-06-28T09:08:12","date_gmt":"2024-06-28T01:08:12","guid":{"rendered":"https:\/\/pecpets.com\/?post_type=product&#038;p=7224"},"modified":"2024-10-29T15:56:40","modified_gmt":"2024-10-29T07:56:40","slug":"eco-friendly-luxury-dog-bed","status":"publish","type":"product","link":"https:\/\/pecpets.com\/pl\/product\/eco-friendly-luxury-dog-bed\/","title":{"rendered":"Przyjazne dla \u015brodowiska luksusowe legowisko dla psa"},"content":{"rendered":"<h2>Ekologiczne \u0142\u00f3\u017cka dla ps\u00f3w - przyjazne dla \u015brodowiska luksusowe \u0142\u00f3\u017cko dla psa o najwy\u017cszej trwa\u0142o\u015bci | hurtowe ceny fabryczne<span class=\"notranslate immersive-translate-target-wrapper\" lang=\"zh-CN\" translate=\"no\" data-immersive-translate-loading-id=\"1\">\u00a0<\/span><\/h2>\n<p>Witamy na naszej stronie internetowej, wiod\u0105cego dostawcy wysokiej jako\u015bci, ekologicznych legowisk dla ps\u00f3w. Nasze produkty zosta\u0142y zaprojektowane z my\u015bl\u0105 zar\u00f3wno o komforcie, jak i zr\u00f3wnowa\u017conym rozwoju, zapewniaj\u0105c ka\u017cdemu zwierzakowi luksusowy wypoczynek przy jednoczesnym zminimalizowaniu wp\u0142ywu na \u015brodowisko. Niezale\u017cnie od tego, czy jeste\u015b sklepem zoologicznym, hurtownikiem czy sprzedawc\u0105 detalicznym, nasze ekologiczne legowiska dla ps\u00f3w s\u0105 dla Ciebie idealnym wyborem.<\/p>\n<table style=\"border-collapse: collapse; background-color: #ffffff; width: 333px; height: 276px;\" border=\"1\">\n<tbody>\n<tr>\n<td style=\"font-family: Verdana, Arial, Helvetica, sans-serif; font-size: 12px; color: #000000; margin: 8px; width: 187px; text-align: center;\"><span style=\"line-height: 21px; font-size: 14px;\">Nazwa produktu<\/span><\/td>\n<td style=\"font-family: Verdana, Arial, Helvetica, sans-serif; font-size: 12px; color: #000000; margin: 8px; width: 526px; text-align: center;\">Legowisko dla zwierz\u0105t<\/td>\n<\/tr>\n<tr>\n<td style=\"font-family: Verdana, Arial, Helvetica, sans-serif; font-size: 12px; color: #000000; margin: 8px; width: 187px; text-align: center;\"><span style=\"line-height: 21px; font-size: 14px;\">Pozycja nr.<\/span><\/td>\n<td style=\"font-family: Verdana, Arial, Helvetica, sans-serif; font-size: 12px; color: #000000; margin: 8px; width: 526px; text-align: center;\"><span style=\"line-height: 21px; font-size: 14px;\">P-B2010<\/span><\/td>\n<\/tr>\n<tr>\n<td style=\"font-family: Verdana, Arial, Helvetica, sans-serif; font-size: 12px; color: #000000; margin: 8px; width: 187px; text-align: center;\"><span style=\"line-height: 21px; color: #333333; font-family: Arial, Helvetica; font-size: 14px; font-style: normal; font-weight: 400; background-color: #ffffff; float: none; display: inline !important;\">Materia\u0142<\/span><\/td>\n<td style=\"font-family: Verdana, Arial, Helvetica, sans-serif; font-size: 12px; color: #000000; margin: 8px; width: 526px; text-align: center;\"><span style=\"color: #333333; font-family: Helvetica, Tahoma, Arial; font-size: 14px; font-style: normal; font-weight: 400; background-color: #fcfcfc; float: none; display: inline !important;\">W\u0142\u00f3kno<\/span><\/td>\n<\/tr>\n<tr>\n<td style=\"font-family: Verdana, Arial, Helvetica, sans-serif; font-size: 12px; color: #000000; margin: 8px; width: 187px; text-align: center;\"><span style=\"line-height: 21px; font-size: 14px;\">\u00a0Rozmiar<\/span><\/td>\n<td style=\"font-family: Verdana, Arial, Helvetica, sans-serif; font-size: 12px; color: #000000; margin: 8px; width: 526px; text-align: center;\">S:35*45*6CM<span class=\"notranslate immersive-translate-target-wrapper\" lang=\"zh-CN\" translate=\"no\" data-immersive-translate-loading-id=\"1\">\u00a0<\/span><br \/>\nM:5*45*65CM<span class=\"notranslate immersive-translate-target-wrapper\" lang=\"zh-CN\" translate=\"no\" data-immersive-translate-loading-id=\"2\">\u00a0<\/span><br \/>\nL:76*58*6CM<span class=\"notranslate immersive-translate-target-wrapper\" lang=\"zh-CN\" translate=\"no\" data-immersive-translate-loading-id=\"3\">\u00a0<\/span><\/td>\n<\/tr>\n<tr>\n<td style=\"font-family: Verdana, Arial, Helvetica, sans-serif; font-size: 12px; color: #000000; margin: 8px; width: 187px; text-align: center;\"><span style=\"line-height: 21px; font-size: 14px;\">\u00a0Kolor<\/span><\/td>\n<td style=\"font-family: Verdana, Arial, Helvetica, sans-serif; font-size: 12px; color: #000000; margin: 8px; width: 526px; text-align: center;\"><span style=\"font-size: 14px;\">Niebieski, R\u00f3\u017cowy<\/span><\/td>\n<\/tr>\n<tr>\n<td style=\"font-family: Verdana, Arial, Helvetica, sans-serif; font-size: 12px; color: #000000; margin: 8px; width: 187px; text-align: center;\"><span style=\"line-height: 21px; font-size: 14px;\">\u00a0<span style=\"line-height: 21px; color: #333333; font-family: Arial, Helvetica; font-size: 14px; font-style: normal; font-weight: 400; background-color: #ffffff; float: none; display: inline !important;\">Typ zwierz\u0119cia<\/span><\/span><\/td>\n<td style=\"font-family: Verdana, Arial, Helvetica, sans-serif; font-size: 12px; color: #000000; margin: 8px; width: 526px; text-align: center;\"><span style=\"line-height: 21px; font-size: 14px;\">\u00a0Ca\u0142y pies<\/span><\/td>\n<\/tr>\n<tr>\n<td style=\"font-family: Verdana, Arial, Helvetica, sans-serif; font-size: 12px; color: #000000; margin: 8px; width: 187px; text-align: center;\"><span style=\"line-height: 21px; font-size: 14px;\">\u00a0<span style=\"line-height: 21px; color: #333333; font-family: Arial, Helvetica; font-size: 14px; font-style: normal; font-weight: 400; background-color: #ffffff; float: none; display: inline !important;\">Czas dostawy<\/span><\/span><\/td>\n<td style=\"font-family: Verdana, Arial, Helvetica, sans-serif; font-size: 12px; color: #000000; margin: 8px; width: 526px; text-align: center;\"><span style=\"line-height: 21px; font-size: 14px;\"><span style=\"line-height: 21px; color: #000000; font-family: Verdana, Arial, Helvetica, sans-serif; font-size: 14px; font-style: normal; font-weight: 400; background-color: #ffffff; float: none; display: inline !important;\">1-5 dni dla ma\u0142ych ilo\u015bci drog\u0105 lotnicz\u0105 i 30-35 dni dla du\u017cych ilo\u015bci drog\u0105 morsk\u0105<\/span>\u00a0<\/span><\/td>\n<\/tr>\n<tr>\n<td style=\"font-family: Verdana, Arial, Helvetica, sans-serif; font-size: 12px; color: #000000; margin: 8px; width: 187px; text-align: center;\"><span style=\"line-height: 21px; font-size: 14px;\">\u00a0<span style=\"line-height: 21px; color: #333333; font-family: Arial, Helvetica; font-size: 14px; font-style: normal; font-weight: 400; background-color: #ffffff; float: none; display: inline !important;\">Port wysy\u0142ki<\/span><\/span><\/td>\n<td style=\"font-family: Verdana, Arial, Helvetica, sans-serif; font-size: 12px; color: #000000; margin: 8px; width: 526px; text-align: center;\"><span style=\"line-height: 21px; font-size: 14px;\">Xiamen\u00a0<\/span><\/td>\n<\/tr>\n<tr>\n<td style=\"font-family: Verdana, Arial, Helvetica, sans-serif; font-size: 12px; color: #000000; margin: 8px; width: 187px; text-align: center;\"><span style=\"line-height: 21px; font-size: 14px;\">\u00a0<span style=\"line-height: 21px; color: #333333; font-family: Arial, Helvetica; font-size: 14px; font-style: normal; font-weight: 400; background-color: #ffffff; float: none; display: inline !important;\">OEM\/ODM<\/span><\/span><\/td>\n<td style=\"font-family: Verdana, Arial, Helvetica, sans-serif; font-size: 12px; color: #000000; margin: 8px; width: 526px; text-align: center;\"><span style=\"line-height: 21px; font-size: 14px;\">\u00a0<span style=\"line-height: 21px; color: #333333; font-family: Arial, Helvetica; font-size: 14px; font-style: normal; font-weight: 400; background-color: #ffffff; float: none; display: inline !important;\">Dost\u0119pne<\/span><\/span><\/td>\n<\/tr>\n<tr>\n<td style=\"font-family: Verdana, Arial, Helvetica, sans-serif; font-size: 12px; color: #000000; margin: 8px; width: 187px; text-align: center;\"><span style=\"line-height: 21px; font-size: 14px;\">\u00a0<span style=\"line-height: 21px; color: #333333; font-family: Arial, Helvetica; font-size: 14px; font-style: normal; font-weight: 400; background-color: #ffffff; float: none; display: inline !important;\">Pakiet<\/span><\/span><\/td>\n<td style=\"font-family: Verdana, Arial, Helvetica, sans-serif; font-size: 12px; color: #000000; margin: 8px; width: 526px; text-align: center;\"><span style=\"line-height: 21px; font-size: 14px;\"><span style=\"line-height: 21px; color: #333333; font-family: Arial, Helvetica; font-size: 14px; font-style: normal; font-weight: 400; background-color: #ffffff; float: none; display: inline !important;\">Ka\u017cdy zapakowany w PPB, a nast\u0119pnie w karton lub wed\u0142ug potrzeb<\/span><\/span><\/td>\n<\/tr>\n<\/tbody>\n<\/table>\n<p><strong>Cechy produktu:<\/strong><\/p>\n<ul>\n<li><strong>Materia\u0142y przyjazne dla \u015brodowiska<\/strong>: Nasze legowiska dla ps\u00f3w s\u0105 wykonane z naturalnych, przyjaznych dla \u015brodowiska materia\u0142\u00f3w, kt\u00f3re zmniejszaj\u0105 wp\u0142yw na \u015brodowisko i zapewniaj\u0105 zdrowie Twojego pupila.<\/li>\n<li><strong>Luksusowy komfort<\/strong>: Ka\u017cde przyjazne dla \u015brodowiska luksusowe legowisko dla psa zosta\u0142o starannie zaprojektowane, aby zapewni\u0107 zwierz\u0119ciu najwy\u017cszy komfort.<\/li>\n<li><strong>Doskona\u0142a wytrzyma\u0142o\u015b\u0107<\/strong>: Nasze legowiska dla ps\u00f3w s\u0105 wykonane z wysokiej jako\u015bci materia\u0142\u00f3w i charakteryzuj\u0105 si\u0119 doskona\u0142ym kunsztem, dzi\u0119ki czemu zachowuj\u0105 swoj\u0105 jako\u015b\u0107 przez d\u0142ugi czas.<\/li>\n<li data-immersive-translate-walked=\"ebc5c21f-b1ad-42ff-87f2-dabe9450ac22\" data-immersive-translate-paragraph=\"1\"><strong data-immersive-translate-walked=\"ebc5c21f-b1ad-42ff-87f2-dabe9450ac22\">Hurtowe ceny fabryczne<\/strong>: Zaopatruj\u0105c si\u0119 bezpo\u015brednio w fabryce, oferujemy najlepsze ceny na produkty najwy\u017cszej jako\u015bci.<span class=\"notranslate immersive-translate-target-wrapper\" lang=\"zh-CN\" translate=\"no\" data-immersive-translate-loading-id=\"1\">\u00a0<\/span><\/li>\n<\/ul>\n<h4 data-immersive-translate-walked=\"ebc5c21f-b1ad-42ff-87f2-dabe9450ac22\">Dlaczego warto wybra\u0107 nas?<\/h4>\n<ul>\n<li data-immersive-translate-walked=\"ebc5c21f-b1ad-42ff-87f2-dabe9450ac22\" data-immersive-translate-paragraph=\"1\"><strong data-immersive-translate-walked=\"ebc5c21f-b1ad-42ff-87f2-dabe9450ac22\">Bogate do\u015bwiadczenie<\/strong>: Dzi\u0119ki wieloletniemu do\u015bwiadczeniu w <span style=\"color: #ff0000;\"><a style=\"color: #ff0000;\" href=\"https:\/\/pecpets.com\/pl\/kategoria-produktu\/pet-bed\/\" target=\"_blank\" rel=\"noopener\">produkty dla zwierz\u0105t<\/a><\/span> Rozumiemy potrzeby rynku i oczekiwania w\u0142a\u015bcicieli zwierz\u0105t domowych.<\/li>\n<li><strong>Us\u0142ugi dostosowywania<\/strong>: Oferujemy spersonalizowane us\u0142ugi dostosowywania do unikalnych potrzeb r\u00f3\u017cnych rynk\u00f3w.<\/li>\n<li data-immersive-translate-walked=\"ebc5c21f-b1ad-42ff-87f2-dabe9450ac22\" data-immersive-translate-paragraph=\"1\"><strong data-immersive-translate-walked=\"ebc5c21f-b1ad-42ff-87f2-dabe9450ac22\">Wyj\u0105tkowa obs\u0142uga klienta<\/strong>: Nasz oddany zesp\u00f3\u0142 obs\u0142ugi klienta jest tutaj, aby zapewni\u0107 terminowe i skuteczne wsparcie.<\/li>\n<\/ul>","protected":false},"excerpt":{"rendered":"<h2><strong><b>Hurtownia ekologicznych luksusowych legowisk dla ps\u00f3w<\/b><\/strong><\/h2>\n<p>Odkryj przyjazne dla \u015brodowiska luksusowe legowisko dla psa.<\/p>\n<p>Zadbaj o styl swoich zwierz\u0105t dzi\u0119ki naszym wysokiej jako\u015bci wzorom.<\/p>","protected":false},"featured_media":7231,"template":"","meta":{"_seopress_robots_primary_cat":"none","_seopress_titles_title":"Dog Bed: Eco Friendly Luxury Dog Bed - Top Manufacturers","_seopress_titles_desc":"Discovery Eco Friendly Luxury Dog Bed and take factory prices. Ensure your customers and their pet experience the difference in quality and care that we provide","_seopress_robots_index":"","_uag_custom_page_level_css":""},"product_brand":[],"product_cat":[347,22],"product_tag":[71,69,70],"class_list":{"0":"post-7224","1":"product","2":"type-product","3":"status-publish","4":"has-post-thumbnail","6":"product_cat-eco-friendly-dog-beds-pet-bed","7":"product_cat-pet-bed","8":"product_tag-cat-bed","9":"product_tag-dog-bed","10":"product_tag-pet-bed","12":"first","13":"instock","14":"shipping-taxable","15":"product-type-simple"},"uagb_featured_image_src":{"full":["https:\/\/pecpets.com\/wp-content\/uploads\/2024\/06\/64f46e0f-320c-43fb-9bf3-b1dfa043baba.jpeg",1000,1000,false],"thumbnail":["https:\/\/pecpets.com\/wp-content\/uploads\/2024\/06\/64f46e0f-320c-43fb-9bf3-b1dfa043baba-150x150.jpeg",150,150,true],"medium":["https:\/\/pecpets.com\/wp-content\/uploads\/2024\/06\/64f46e0f-320c-43fb-9bf3-b1dfa043baba-300x300.jpeg",300,300,true],"medium_large":["https:\/\/pecpets.com\/wp-content\/uploads\/2024\/06\/64f46e0f-320c-43fb-9bf3-b1dfa043baba-768x768.jpeg",768,768,true],"large":["https:\/\/pecpets.com\/wp-content\/uploads\/2024\/06\/64f46e0f-320c-43fb-9bf3-b1dfa043baba.jpeg",800,800,false],"1536x1536":["https:\/\/pecpets.com\/wp-content\/uploads\/2024\/06\/64f46e0f-320c-43fb-9bf3-b1dfa043baba.jpeg",1000,1000,false],"2048x2048":["https:\/\/pecpets.com\/wp-content\/uploads\/2024\/06\/64f46e0f-320c-43fb-9bf3-b1dfa043baba.jpeg",1000,1000,false],"trp-custom-language-flag":["https:\/\/pecpets.com\/wp-content\/uploads\/2024\/06\/64f46e0f-320c-43fb-9bf3-b1dfa043baba.jpeg",12,12,false],"woocommerce_thumbnail":["https:\/\/pecpets.com\/wp-content\/uploads\/2024\/06\/64f46e0f-320c-43fb-9bf3-b1dfa043baba-300x300.jpeg",300,300,true],"woocommerce_single":["https:\/\/pecpets.com\/wp-content\/uploads\/2024\/06\/64f46e0f-320c-43fb-9bf3-b1dfa043baba-600x600.jpeg",600,600,true],"woocommerce_gallery_thumbnail":["https:\/\/pecpets.com\/wp-content\/uploads\/2024\/06\/64f46e0f-320c-43fb-9bf3-b1dfa043baba-100x100.jpeg",100,100,true]},"uagb_author_info":{"display_name":"Lawrence\u00a0\u52b3\u4f26\u65af","author_link":"https:\/\/pecpets.com\/pl\/author\/"},"uagb_comment_info":0,"uagb_excerpt":"Wholesale Eco Friendly Luxury Dog Bed Discover Eco Friendly Luxury Dog Bed. Keep your pets stylish with our high-quality designs.","_links":{"self":[{"href":"https:\/\/pecpets.com\/pl\/wp-json\/wp\/v2\/product\/7224","targetHints":{"allow":["GET"]}}],"collection":[{"href":"https:\/\/pecpets.com\/pl\/wp-json\/wp\/v2\/product"}],"about":[{"href":"https:\/\/pecpets.com\/pl\/wp-json\/wp\/v2\/types\/product"}],"wp:featuredmedia":[{"embeddable":true,"href":"https:\/\/pecpets.com\/pl\/wp-json\/wp\/v2\/media\/7231"}],"wp:attachment":[{"href":"https:\/\/pecpets.com\/pl\/wp-json\/wp\/v2\/media?parent=7224"}],"wp:term":[{"taxonomy":"product_brand","embeddable":true,"href":"https:\/\/pecpets.com\/pl\/wp-json\/wp\/v2\/product_brand?post=7224"},{"taxonomy":"product_cat","embeddable":true,"href":"https:\/\/pecpets.com\/pl\/wp-json\/wp\/v2\/product_cat?post=7224"},{"taxonomy":"product_tag","embeddable":true,"href":"https:\/\/pecpets.com\/pl\/wp-json\/wp\/v2\/product_tag?post=7224"}],"curies":[{"name":"wp","href":"https:\/\/api.w.org\/{rel}","templated":true}]}}