{"id":7312,"date":"2024-06-29T10:42:09","date_gmt":"2024-06-29T02:42:09","guid":{"rendered":"https:\/\/pecpets.com\/?post_type=product&#038;p=7312"},"modified":"2024-10-30T10:19:04","modified_gmt":"2024-10-30T02:19:04","slug":"bark-control-training-dog-collar","status":"publish","type":"product","link":"https:\/\/pecpets.com\/pl\/product\/bark-control-training-dog-collar\/","title":{"rendered":"Przeno\u015bna obro\u017ca szokowa do szkolenia ps\u00f3w"},"content":{"rendered":"<h2 data-immersive-translate-walked=\"e7004b1f-2e8f-4436-a121-9fbf271e51c9\">Przeno\u015bna obro\u017ca szokowa do szkolenia ps\u00f3w | Obro\u017ca treningowa i bezpiecze\u0144stwa | Wygodna i trwa\u0142a | Fabryka hurtowa<\/h2>\n<p>Witamy na naszej platformie B2B, g\u0142\u00f3wnym \u017ar\u00f3dle wysokiej jako\u015bci przeno\u015bnych obro\u017cy szokowych do tresury ps\u00f3w. Nasze obro\u017ce dla ps\u00f3w zosta\u0142y zaprojektowane w celu zapewnienia skutecznych rozwi\u0105za\u0144 szkoleniowych przy jednoczesnym zapewnieniu komfortu i trwa\u0142o\u015bci. Oferujemy niezawodne i humanitarne produkty, kt\u00f3re spe\u0142niaj\u0105 najwy\u017csze standardy, idealne zar\u00f3wno dla profesjonalnych trener\u00f3w, jak i w\u0142a\u015bcicieli zwierz\u0105t.<\/p>\n<table style=\"border-collapse: collapse; background-color: #ffffff; width: 329px; height: 273px;\" border=\"1\">\n<tbody>\n<tr>\n<td style=\"font-family: Verdana, Arial, Helvetica, sans-serif; font-size: 12px; color: #000000; margin: 8px; width: 187px; text-align: center;\"><span style=\"line-height: 21px; font-size: 14px;\">Nazwa produktu<\/span><\/td>\n<td style=\"font-family: Verdana, Arial, Helvetica, sans-serif; font-size: 12px; color: #000000; margin: 8px; width: 526px; text-align: center;\"><span style=\"font-size: 14px;\">Obro\u017ca dla zwierz\u0105t<\/span><\/td>\n<\/tr>\n<tr>\n<td style=\"font-family: Verdana, Arial, Helvetica, sans-serif; font-size: 12px; color: #000000; margin: 8px; width: 187px; text-align: center;\"><span style=\"line-height: 21px; font-size: 14px;\">Pozycja nr.<\/span><\/td>\n<td style=\"font-family: Verdana, Arial, Helvetica, sans-serif; font-size: 12px; color: #000000; margin: 8px; width: 526px; text-align: center;\"><span style=\"line-height: 21px; font-size: 14px;\">P-C1009<\/span><\/td>\n<\/tr>\n<tr>\n<td style=\"font-family: Verdana, Arial, Helvetica, sans-serif; font-size: 12px; color: #000000; margin: 8px; width: 187px; text-align: center;\"><span style=\"line-height: 21px; color: #333333; font-family: Arial, Helvetica; font-size: 14px; font-style: normal; font-weight: 400; background-color: #ffffff; float: none; display: inline !important;\">Materia\u0142<\/span><\/td>\n<td style=\"font-family: Verdana, Arial, Helvetica, sans-serif; font-size: 12px; color: #000000; margin: 8px; width: 526px; text-align: center;\"><span style=\"color: #333333; font-family: Helvetica,Tahoma,Arial; font-size: 12px; font-style: normal; font-weight: 400; background-color: #fcfcfc; display: inline !important; float: none;\">Tkanina Oxford<\/span><\/td>\n<\/tr>\n<tr>\n<td style=\"font-family: Verdana, Arial, Helvetica, sans-serif; font-size: 12px; color: #000000; margin: 8px; width: 187px; text-align: center;\"><span style=\"line-height: 21px; font-size: 14px;\">\u00a0Rozmiar<\/span><\/td>\n<td style=\"margin: 8px; width: 526px; text-align: center;\"><span style=\"color: #222222; font-family: Helvetica, Tahoma, Arial;\"><span style=\"font-size: 14px;\">Rozmiar niestandardowy<\/span><\/span><\/td>\n<\/tr>\n<tr>\n<td style=\"font-family: Verdana, Arial, Helvetica, sans-serif; font-size: 12px; color: #000000; margin: 8px; width: 187px; text-align: center;\"><span style=\"line-height: 21px; font-size: 14px;\">\u00a0Kolor<\/span><\/td>\n<td style=\"font-family: Verdana, Arial, Helvetica, sans-serif; font-size: 12px; color: #000000; margin: 8px; width: 526px; text-align: center;\"><span style=\"font-size: 14px;\">Kolor niestandardowy<\/span><\/td>\n<\/tr>\n<tr>\n<td style=\"font-family: Verdana, Arial, Helvetica, sans-serif; font-size: 12px; color: #000000; margin: 8px; width: 187px; text-align: center;\"><span style=\"line-height: 21px; font-size: 14px;\">\u00a0<span style=\"line-height: 21px; color: #333333; font-family: Arial, Helvetica; font-size: 14px; font-style: normal; font-weight: 400; background-color: #ffffff; float: none; display: inline !important;\">Typ zwierz\u0119cia<\/span><\/span><\/td>\n<td style=\"font-family: Verdana, Arial, Helvetica, sans-serif; font-size: 12px; color: #000000; margin: 8px; width: 526px; text-align: center;\"><span style=\"line-height: 21px; font-size: 14px;\">\u00a0Ca\u0142y pies<\/span><\/td>\n<\/tr>\n<tr>\n<td style=\"font-family: Verdana, Arial, Helvetica, sans-serif; font-size: 12px; color: #000000; margin: 8px; width: 187px; text-align: center;\"><span style=\"line-height: 21px; font-size: 14px;\">\u00a0<span style=\"line-height: 21px; color: #333333; font-family: Arial, Helvetica; font-size: 14px; font-style: normal; font-weight: 400; background-color: #ffffff; float: none; display: inline !important;\">Czas dostawy<\/span><\/span><\/td>\n<td style=\"font-family: Verdana, Arial, Helvetica, sans-serif; font-size: 12px; color: #000000; margin: 8px; width: 526px; text-align: center;\"><span style=\"line-height: 21px; font-size: 14px;\"><span style=\"line-height: 21px; color: #000000; font-family: Verdana, Arial, Helvetica, sans-serif; font-size: 14px; font-style: normal; font-weight: 400; background-color: #ffffff; float: none; display: inline !important;\">1-5 dni dla ma\u0142ych ilo\u015bci drog\u0105 lotnicz\u0105 i 30-35 dni dla du\u017cych ilo\u015bci drog\u0105 morsk\u0105<\/span>\u00a0<\/span><\/td>\n<\/tr>\n<tr>\n<td style=\"font-family: Verdana, Arial, Helvetica, sans-serif; font-size: 12px; color: #000000; margin: 8px; width: 187px; text-align: center;\"><span style=\"line-height: 21px; font-size: 14px;\">\u00a0<span style=\"line-height: 21px; color: #333333; font-family: Arial, Helvetica; font-size: 14px; font-style: normal; font-weight: 400; background-color: #ffffff; float: none; display: inline !important;\">Port wysy\u0142ki<\/span><\/span><\/td>\n<td style=\"font-family: Verdana, Arial, Helvetica, sans-serif; font-size: 12px; color: #000000; margin: 8px; width: 526px; text-align: center;\"><span style=\"line-height: 21px; font-size: 14px;\">Xiamen\u00a0<\/span><\/td>\n<\/tr>\n<tr>\n<td style=\"font-family: Verdana, Arial, Helvetica, sans-serif; font-size: 12px; color: #000000; margin: 8px; width: 187px; text-align: center;\"><span style=\"line-height: 21px; font-size: 14px;\">\u00a0<span style=\"line-height: 21px; color: #333333; font-family: Arial, Helvetica; font-size: 14px; font-style: normal; font-weight: 400; background-color: #ffffff; float: none; display: inline !important;\">OEM\/ODM<\/span><\/span><\/td>\n<td style=\"font-family: Verdana, Arial, Helvetica, sans-serif; font-size: 12px; color: #000000; margin: 8px; width: 526px; text-align: center;\"><span style=\"line-height: 21px; font-size: 14px;\">\u00a0<span style=\"line-height: 21px; color: #333333; font-family: Arial, Helvetica; font-size: 14px; font-style: normal; font-weight: 400; background-color: #ffffff; float: none; display: inline !important;\">Dost\u0119pne<\/span><\/span><\/td>\n<\/tr>\n<tr>\n<td style=\"font-family: Verdana, Arial, Helvetica, sans-serif; font-size: 12px; color: #000000; margin: 8px; width: 187px; text-align: center;\"><span style=\"line-height: 21px; font-size: 14px;\">\u00a0<span style=\"line-height: 21px; color: #333333; font-family: Arial, Helvetica; font-size: 14px; font-style: normal; font-weight: 400; background-color: #ffffff; float: none; display: inline !important;\">Pakiet<\/span><\/span><\/td>\n<td style=\"font-family: Verdana, Arial, Helvetica, sans-serif; font-size: 12px; color: #000000; margin: 8px; width: 526px; text-align: center;\"><span style=\"line-height: 21px; font-size: 14px;\"><span style=\"line-height: 21px; color: #333333; font-family: Arial, Helvetica; font-size: 14px; font-style: normal; font-weight: 400; background-color: #ffffff; float: none; display: inline !important;\">Ka\u017cdy zapakowany w PPB, a nast\u0119pnie w karton lub wed\u0142ug potrzeb<\/span><\/span><\/td>\n<\/tr>\n<\/tbody>\n<\/table>\n<ul>\n<li><strong>Efektywne szkolenie<\/strong>: Nasz przeno\u015bny szok treningowy dla ps\u00f3w <span style=\"color: #ff0000;\"><a style=\"color: #ff0000;\" href=\"https:\/\/pecpets.com\/pl\/kategoria-produktu\/pet-collars\/\" target=\"_blank\" rel=\"noopener\">Obro\u017ca<\/a><\/span> jest wyposa\u017cony w zaawansowan\u0105 technologi\u0119, kt\u00f3ra pomaga w skutecznym szkoleniu ps\u00f3w. Zapewnia konfigurowalne poziomy stymulacji, zapewniaj\u0105c dostosowane do\u015bwiadczenie szkoleniowe dla ka\u017cdego psa.<\/li>\n<li><strong>Bezpiecze\u0144stwo przede wszystkim<\/strong>: Zaprojektowane z my\u015bl\u0105 o bezpiecze\u0144stwie, nasze obro\u017ce wykorzystuj\u0105 delikatn\u0105 i humanitarn\u0105 stymulacj\u0119, aby korygowa\u0107 zachowanie bez wyrz\u0105dzania krzywdy. Obro\u017ce posiadaj\u0105 funkcje bezpiecze\u0144stwa, takie jak automatyczne wy\u0142\u0105czanie, aby zapobiec nadmiernej stymulacji.<\/li>\n<li><strong>Wygodne dopasowanie<\/strong>: Wykonane z najwy\u017cszej jako\u015bci materia\u0142\u00f3w, nasze obro\u017ce dla ps\u00f3w zapewniaj\u0105 wygodne dopasowanie dla ps\u00f3w ka\u017cdej wielko\u015bci. Regulowana konstrukcja i lekka konstrukcja pozwalaj\u0105 na d\u0142u\u017csze noszenie bez powodowania dyskomfortu.<\/li>\n<li>\n<p data-immersive-translate-walked=\"8b5afd8b-1b58-4d39-bfba-c28d7f2dd9b7\" data-immersive-translate-paragraph=\"1\"><strong data-immersive-translate-walked=\"8b5afd8b-1b58-4d39-bfba-c28d7f2dd9b7\">Trwa\u0142o\u015b\u0107<\/strong>: Zbudowane, aby wytrzyma\u0107 rygorystyczne u\u017cytkowanie, nasze obro\u017ce przeciwwstrz\u0105sowe s\u0105 wykonane z trwa\u0142ych materia\u0142\u00f3w, kt\u00f3re zapewniaj\u0105 d\u0142ugotrwa\u0142\u0105 wydajno\u015b\u0107. Idealne zar\u00f3wno do sesji treningowych, jak i codziennego u\u017cytku, obro\u017ce te zosta\u0142y zaprojektowane tak, aby wytrzyma\u0107.<\/p>\n<\/li>\n<li>\n<p data-immersive-translate-walked=\"8b5afd8b-1b58-4d39-bfba-c28d7f2dd9b7\" data-immersive-translate-paragraph=\"1\"><strong data-immersive-translate-walked=\"8b5afd8b-1b58-4d39-bfba-c28d7f2dd9b7\">Dost\u0119pno\u015b\u0107 hurtowa<\/strong>: Jako bezpo\u015bredni dostawca oferujemy konkurencyjne ceny hurtowe dla zam\u00f3wie\u0144 hurtowych. Nasz wydajny system produkcji i dystrybucji zapewnia terminow\u0105 dostaw\u0119 i wyj\u0105tkow\u0105 obs\u0142ug\u0119 klienta.<\/p>\n<\/li>\n<\/ul>\n<p data-immersive-translate-walked=\"8b5afd8b-1b58-4d39-bfba-c28d7f2dd9b7\"><strong data-immersive-translate-walked=\"8b5afd8b-1b58-4d39-bfba-c28d7f2dd9b7\" data-immersive-translate-paragraph=\"1\">Dlaczego warto wybra\u0107 nas?<\/strong><\/p>\n<ul>\n<li>\n<p data-immersive-translate-walked=\"8b5afd8b-1b58-4d39-bfba-c28d7f2dd9b7\" data-immersive-translate-paragraph=\"1\"><strong data-immersive-translate-walked=\"8b5afd8b-1b58-4d39-bfba-c28d7f2dd9b7\">Factory Direct<\/strong>: Kupuj\u0105c bezpo\u015brednio w naszej fabryce, korzystasz z obni\u017conych koszt\u00f3w i przyspieszonego czasu wysy\u0142ki. Eliminujemy po\u015brednik\u00f3w, zapewniaj\u0105c najlepsz\u0105 warto\u015b\u0107.<\/p>\n<\/li>\n<li>\n<p data-immersive-translate-walked=\"8b5afd8b-1b58-4d39-bfba-c28d7f2dd9b7\" data-immersive-translate-paragraph=\"1\"><strong data-immersive-translate-walked=\"8b5afd8b-1b58-4d39-bfba-c28d7f2dd9b7\">Zapewnienie jako\u015bci<\/strong>: Ka\u017cdy ko\u0142nierz przechodzi rygorystyczne kontrole jako\u015bci, aby upewni\u0107 si\u0119, \u017ce spe\u0142nia nasze wysokie standardy. Mo\u017cesz zaufa\u0107 naszym produktom, kt\u00f3re zapewni\u0105 wydajno\u015b\u0107 i niezawodno\u015b\u0107 wymagan\u0105 przez Twoj\u0105 firm\u0119.<\/p>\n<\/li>\n<\/ul>","protected":false},"excerpt":{"rendered":"<h2><strong><b>Hurtowa przeno\u015bna obro\u017ca szokowa do szkolenia ps\u00f3w<\/b><\/strong><\/h2>\n<p>Odkryj przeno\u015bn\u0105 obro\u017c\u0119 szokow\u0105 do szkolenia ps\u00f3w.<\/p>\n<p>Zadbaj o styl swoich zwierz\u0105t dzi\u0119ki naszym wysokiej jako\u015bci wzorom.<\/p>","protected":false},"featured_media":7328,"template":"","meta":{"_seopress_robots_primary_cat":"none","_seopress_titles_title":"Portable Dog Training Dog Shock Collar - Manufacturers","_seopress_titles_desc":"Discover Portable Dog Training Dog Shock Collar for training and safety. Shop high-quality collars at wholesale factory prices. Perfect for pet dogs.","_seopress_robots_index":"","_uag_custom_page_level_css":""},"product_brand":[],"product_cat":[211,363],"product_tag":[215,216,214,213],"class_list":{"0":"post-7312","1":"product","2":"type-product","3":"status-publish","4":"has-post-thumbnail","6":"product_cat-pet-collars","7":"product_cat-training-safety-collars","8":"product_tag-adjustable-collar","9":"product_tag-collar-and-leash-set","10":"product_tag-custom-color-dog-collar","11":"product_tag-dog-collar","13":"first","14":"instock","15":"shipping-taxable","16":"product-type-simple"},"uagb_featured_image_src":{"full":["https:\/\/pecpets.com\/wp-content\/uploads\/2024\/06\/\u4e3b\u56fe-07-23.jpg",800,800,false],"thumbnail":["https:\/\/pecpets.com\/wp-content\/uploads\/2024\/06\/\u4e3b\u56fe-07-23-150x150.jpg",150,150,true],"medium":["https:\/\/pecpets.com\/wp-content\/uploads\/2024\/06\/\u4e3b\u56fe-07-23-300x300.jpg",300,300,true],"medium_large":["https:\/\/pecpets.com\/wp-content\/uploads\/2024\/06\/\u4e3b\u56fe-07-23-768x768.jpg",768,768,true],"large":["https:\/\/pecpets.com\/wp-content\/uploads\/2024\/06\/\u4e3b\u56fe-07-23.jpg",800,800,false],"1536x1536":["https:\/\/pecpets.com\/wp-content\/uploads\/2024\/06\/\u4e3b\u56fe-07-23.jpg",800,800,false],"2048x2048":["https:\/\/pecpets.com\/wp-content\/uploads\/2024\/06\/\u4e3b\u56fe-07-23.jpg",800,800,false],"trp-custom-language-flag":["https:\/\/pecpets.com\/wp-content\/uploads\/2024\/06\/\u4e3b\u56fe-07-23.jpg",12,12,false],"woocommerce_thumbnail":["https:\/\/pecpets.com\/wp-content\/uploads\/2024\/06\/\u4e3b\u56fe-07-23-300x300.jpg",300,300,true],"woocommerce_single":["https:\/\/pecpets.com\/wp-content\/uploads\/2024\/06\/\u4e3b\u56fe-07-23-600x600.jpg",600,600,true],"woocommerce_gallery_thumbnail":["https:\/\/pecpets.com\/wp-content\/uploads\/2024\/06\/\u4e3b\u56fe-07-23-100x100.jpg",100,100,true]},"uagb_author_info":{"display_name":"Lawrence\u00a0\u52b3\u4f26\u65af","author_link":"https:\/\/pecpets.com\/pl\/author\/"},"uagb_comment_info":0,"uagb_excerpt":"Wholesale Portable Dog Training Dog Shock Collar Discover Portable Dog Training Dog Shock Collar. Keep your pets stylish with our high-quality designs.","_links":{"self":[{"href":"https:\/\/pecpets.com\/pl\/wp-json\/wp\/v2\/product\/7312","targetHints":{"allow":["GET"]}}],"collection":[{"href":"https:\/\/pecpets.com\/pl\/wp-json\/wp\/v2\/product"}],"about":[{"href":"https:\/\/pecpets.com\/pl\/wp-json\/wp\/v2\/types\/product"}],"wp:featuredmedia":[{"embeddable":true,"href":"https:\/\/pecpets.com\/pl\/wp-json\/wp\/v2\/media\/7328"}],"wp:attachment":[{"href":"https:\/\/pecpets.com\/pl\/wp-json\/wp\/v2\/media?parent=7312"}],"wp:term":[{"taxonomy":"product_brand","embeddable":true,"href":"https:\/\/pecpets.com\/pl\/wp-json\/wp\/v2\/product_brand?post=7312"},{"taxonomy":"product_cat","embeddable":true,"href":"https:\/\/pecpets.com\/pl\/wp-json\/wp\/v2\/product_cat?post=7312"},{"taxonomy":"product_tag","embeddable":true,"href":"https:\/\/pecpets.com\/pl\/wp-json\/wp\/v2\/product_tag?post=7312"}],"curies":[{"name":"wp","href":"https:\/\/api.w.org\/{rel}","templated":true}]}}