{"id":7371,"date":"2024-06-29T13:13:21","date_gmt":"2024-06-29T05:13:21","guid":{"rendered":"https:\/\/pecpets.com\/?post_type=product&#038;p=7371"},"modified":"2024-11-04T18:00:55","modified_gmt":"2024-11-04T10:00:55","slug":"outdoor-training-explosion-proof-dog-harness","status":"publish","type":"product","link":"https:\/\/pecpets.com\/pl\/product\/outdoor-training-explosion-proof-dog-harness\/","title":{"rendered":"Szelki przeciwwybuchowe dla psa do treningu na \u015bwie\u017cym powietrzu"},"content":{"rendered":"<h2 data-immersive-translate-walked=\"016756d5-39df-48b1-ae55-3948c534da60\" data-immersive-translate-paragraph=\"1\">Uprz\u0105\u017c dla psa odporna na eksplozj\u0119 do treningu na \u015bwie\u017cym powietrzu | Wytrzyma\u0142e szelki dla psa | Wygodne i trwa\u0142e | Hurtownia<\/h2>\n<p data-immersive-translate-walked=\"016756d5-39df-48b1-ae55-3948c534da60\" data-immersive-translate-paragraph=\"1\">Witamy na naszej platformie B2B, g\u0142\u00f3wnym miejscu docelowym dla wysokiej jako\u015bci uprz\u0119\u017cy dla ps\u00f3w odpornych na wybuchy do treningu na \u015bwie\u017cym powietrzu. Nasze uprz\u0119\u017ce dla zwierz\u0105t zosta\u0142y zaprojektowane z my\u015bl\u0105 o maksymalnym bezpiecze\u0144stwie, komforcie i trwa\u0142o\u015bci, dzi\u0119ki czemu idealnie nadaj\u0105 si\u0119 do treningu na \u015bwie\u017cym powietrzu i codziennego u\u017cytku. Oferujemy produkty najwy\u017cszej klasy, kt\u00f3re spe\u0142niaj\u0105 najwy\u017csze standardy, idealne dla sprzedawc\u00f3w detalicznych, trener\u00f3w i dystrybutor\u00f3w.<\/p>\n<table style=\"border-collapse: collapse; background-color: #ffffff; width: 329px; height: 273px;\" border=\"1\">\n<tbody>\n<tr>\n<td style=\"font-family: Verdana, Arial, Helvetica, sans-serif; font-size: 12px; color: #000000; margin: 8px; width: 187px; text-align: center;\"><span style=\"line-height: 21px; font-size: 14px;\">Nazwa produktu<\/span><\/td>\n<td style=\"font-family: Verdana, Arial, Helvetica, sans-serif; font-size: 12px; color: #000000; margin: 8px; width: 526px; text-align: center;\"><span style=\"font-size: 14px;\">Uprz\u0105\u017c dla zwierz\u0105t<\/span><\/td>\n<\/tr>\n<tr>\n<td style=\"font-family: Verdana, Arial, Helvetica, sans-serif; font-size: 12px; color: #000000; margin: 8px; width: 187px; text-align: center;\"><span style=\"line-height: 21px; font-size: 14px;\">Pozycja nr.<\/span><\/td>\n<td style=\"font-family: Verdana, Arial, Helvetica, sans-serif; font-size: 12px; color: #000000; margin: 8px; width: 526px; text-align: center;\"><span style=\"line-height: 21px; font-size: 14px;\">P-H2015<\/span><\/td>\n<\/tr>\n<tr>\n<td style=\"font-family: Verdana, Arial, Helvetica, sans-serif; font-size: 12px; color: #000000; margin: 8px; width: 187px; text-align: center;\"><span style=\"line-height: 21px; color: #333333; font-family: Arial, Helvetica; font-size: 14px; font-style: normal; font-weight: 400; background-color: #ffffff; float: none; display: inline !important;\">Materia\u0142<\/span><\/td>\n<td style=\"font-family: Verdana, Arial, Helvetica, sans-serif; font-size: 12px; color: #000000; margin: 8px; width: 526px; text-align: center;\"><span style=\"color: #333333; font-family: Helvetica,Tahoma,Arial; font-size: 12px; font-style: normal; font-weight: 400; background-color: #fcfcfc; display: inline !important; float: none;\">Tkanina Oxford<\/span><\/td>\n<\/tr>\n<tr>\n<td style=\"font-family: Verdana, Arial, Helvetica, sans-serif; font-size: 12px; color: #000000; margin: 8px; width: 187px; text-align: center;\"><span style=\"line-height: 21px; font-size: 14px;\">\u00a0Rozmiar<\/span><\/td>\n<td style=\"margin: 8px; width: 526px; text-align: center;\"><span style=\"color: #222222; font-family: Helvetica, Tahoma, Arial;\"><span style=\"font-size: 14px;\">Rozmiar niestandardowy<\/span><\/span><\/td>\n<\/tr>\n<tr>\n<td style=\"font-family: Verdana, Arial, Helvetica, sans-serif; font-size: 12px; color: #000000; margin: 8px; width: 187px; text-align: center;\"><span style=\"line-height: 21px; font-size: 14px;\">\u00a0Kolor<\/span><\/td>\n<td style=\"font-family: Verdana, Arial, Helvetica, sans-serif; font-size: 12px; color: #000000; margin: 8px; width: 526px; text-align: center;\"><span style=\"font-size: 14px;\">Kolor niestandardowy<\/span><\/td>\n<\/tr>\n<tr>\n<td style=\"font-family: Verdana, Arial, Helvetica, sans-serif; font-size: 12px; color: #000000; margin: 8px; width: 187px; text-align: center;\"><span style=\"line-height: 21px; font-size: 14px;\">\u00a0<span style=\"line-height: 21px; color: #333333; font-family: Arial, Helvetica; font-size: 14px; font-style: normal; font-weight: 400; background-color: #ffffff; float: none; display: inline !important;\">Typ zwierz\u0119cia<\/span><\/span><\/td>\n<td style=\"font-family: Verdana, Arial, Helvetica, sans-serif; font-size: 12px; color: #000000; margin: 8px; width: 526px; text-align: center;\"><span style=\"line-height: 21px; font-size: 14px;\">\u00a0Ca\u0142y pies<\/span><\/td>\n<\/tr>\n<tr>\n<td style=\"font-family: Verdana, Arial, Helvetica, sans-serif; font-size: 12px; color: #000000; margin: 8px; width: 187px; text-align: center;\"><span style=\"line-height: 21px; font-size: 14px;\">\u00a0<span style=\"line-height: 21px; color: #333333; font-family: Arial, Helvetica; font-size: 14px; font-style: normal; font-weight: 400; background-color: #ffffff; float: none; display: inline !important;\">Czas dostawy<\/span><\/span><\/td>\n<td style=\"font-family: Verdana, Arial, Helvetica, sans-serif; font-size: 12px; color: #000000; margin: 8px; width: 526px; text-align: center;\"><span style=\"line-height: 21px; font-size: 14px;\"><span style=\"line-height: 21px; color: #000000; font-family: Verdana, Arial, Helvetica, sans-serif; font-size: 14px; font-style: normal; font-weight: 400; background-color: #ffffff; float: none; display: inline !important;\">1-5 dni dla ma\u0142ych ilo\u015bci drog\u0105 lotnicz\u0105 i 30-35 dni dla du\u017cych ilo\u015bci drog\u0105 morsk\u0105<\/span>\u00a0<\/span><\/td>\n<\/tr>\n<tr>\n<td style=\"font-family: Verdana, Arial, Helvetica, sans-serif; font-size: 12px; color: #000000; margin: 8px; width: 187px; text-align: center;\"><span style=\"line-height: 21px; font-size: 14px;\">\u00a0<span style=\"line-height: 21px; color: #333333; font-family: Arial, Helvetica; font-size: 14px; font-style: normal; font-weight: 400; background-color: #ffffff; float: none; display: inline !important;\">Port wysy\u0142ki<\/span><\/span><\/td>\n<td style=\"font-family: Verdana, Arial, Helvetica, sans-serif; font-size: 12px; color: #000000; margin: 8px; width: 526px; text-align: center;\"><span style=\"line-height: 21px; font-size: 14px;\">Xiamen\u00a0<\/span><\/td>\n<\/tr>\n<tr>\n<td style=\"font-family: Verdana, Arial, Helvetica, sans-serif; font-size: 12px; color: #000000; margin: 8px; width: 187px; text-align: center;\"><span style=\"line-height: 21px; font-size: 14px;\">\u00a0<span style=\"line-height: 21px; color: #333333; font-family: Arial, Helvetica; font-size: 14px; font-style: normal; font-weight: 400; background-color: #ffffff; float: none; display: inline !important;\">OEM\/ODM<\/span><\/span><\/td>\n<td style=\"font-family: Verdana, Arial, Helvetica, sans-serif; font-size: 12px; color: #000000; margin: 8px; width: 526px; text-align: center;\"><span style=\"line-height: 21px; font-size: 14px;\">\u00a0<span style=\"line-height: 21px; color: #333333; font-family: Arial, Helvetica; font-size: 14px; font-style: normal; font-weight: 400; background-color: #ffffff; float: none; display: inline !important;\">Dost\u0119pne<\/span><\/span><\/td>\n<\/tr>\n<tr>\n<td style=\"font-family: Verdana, Arial, Helvetica, sans-serif; font-size: 12px; color: #000000; margin: 8px; width: 187px; text-align: center;\"><span style=\"line-height: 21px; font-size: 14px;\">\u00a0<span style=\"line-height: 21px; color: #333333; font-family: Arial, Helvetica; font-size: 14px; font-style: normal; font-weight: 400; background-color: #ffffff; float: none; display: inline !important;\">Pakiet<\/span><\/span><\/td>\n<td style=\"font-family: Verdana, Arial, Helvetica, sans-serif; font-size: 12px; color: #000000; margin: 8px; width: 526px; text-align: center;\"><span style=\"line-height: 21px; font-size: 14px;\"><span style=\"line-height: 21px; color: #333333; font-family: Arial, Helvetica; font-size: 14px; font-style: normal; font-weight: 400; background-color: #ffffff; float: none; display: inline !important;\">Ka\u017cdy zapakowany w PPB, a nast\u0119pnie w karton lub wed\u0142ug potrzeb<\/span><\/span><\/td>\n<\/tr>\n<\/tbody>\n<\/table>\n<p><strong>Kluczowe cechy:<\/strong><\/p>\n<ul>\n<li>\n<p data-immersive-translate-walked=\"8b5afd8b-1b58-4d39-bfba-c28d7f2dd9b7\" data-immersive-translate-paragraph=\"1\"><strong data-immersive-translate-walked=\"8b5afd8b-1b58-4d39-bfba-c28d7f2dd9b7\">Konstrukcja przeciwwybuchowa<\/strong>: Nasza uprz\u0105\u017c dla psa odporna na eksplozje do treningu na \u015bwie\u017cym powietrzu ma solidn\u0105, odporn\u0105 na eksplozje konstrukcj\u0119, kt\u00f3ra poradzi sobie nawet z najbardziej energicznymi psami. Zapewnia maksymaln\u0105 kontrol\u0119 i bezpiecze\u0144stwo podczas aktywno\u015bci na \u015bwie\u017cym powietrzu i sesji treningowych.<strong>Wytrzyma\u0142a konstrukcja<\/strong>: Wykonane z wysokiej jako\u015bci materia\u0142\u00f3w, nasze wytrzyma\u0142e szelki dla ps\u00f3w zosta\u0142y zaprojektowane tak, aby wytrzyma\u0107 rygorystyczne u\u017cytkowanie. Wytrzyma\u0142a konstrukcja zapewnia d\u0142ugotrwa\u0142\u0105 wydajno\u015b\u0107, dzi\u0119ki czemu nadaj\u0105 si\u0119 do wszelkiego rodzaju przyg\u00f3d na \u015bwie\u017cym powietrzu.<\/p>\n<\/li>\n<li>\n<p data-immersive-translate-walked=\"8b5afd8b-1b58-4d39-bfba-c28d7f2dd9b7\" data-immersive-translate-paragraph=\"1\"><strong data-immersive-translate-walked=\"8b5afd8b-1b58-4d39-bfba-c28d7f2dd9b7\">Wygodne dopasowanie<\/strong>: Zaprojektowane z my\u015bl\u0105 o komforcie Twojego pupila, nasze szelki posiadaj\u0105 regulowane paski i wy\u015bcie\u0142ane wn\u0119trze. Zapewnia to bezpieczne i wygodne dopasowanie, zapobiegaj\u0105c otarciom i podra\u017cnieniom nawet podczas d\u0142ugotrwa\u0142ego noszenia.<strong>Trwa\u0142o\u015b\u0107<\/strong>: Nasze uprz\u0119\u017ce zosta\u0142y zaprojektowane z my\u015bl\u0105 o trudnych warunkach. Wysokiej jako\u015bci materia\u0142y i wzmocnione szwy zapewniaj\u0105 wyj\u0105tkow\u0105 trwa\u0142o\u015b\u0107, dzi\u0119ki czemu mog\u0105 sprosta\u0107 wymaganiom aktywnych ps\u00f3w i \u015brodowisk zewn\u0119trznych.<\/p>\n<\/li>\n<li><strong>Dost\u0119pno\u015b\u0107 hurtowa<\/strong>: Jako bezpo\u015bredni dostawca oferujemy konkurencyjne ceny hurtowe dla zam\u00f3wie\u0144 hurtowych. Nasz wydajny system produkcji i dystrybucji zapewnia terminow\u0105 dostaw\u0119 i wyj\u0105tkow\u0105 obs\u0142ug\u0119 klienta.<\/li>\n<\/ul>\n<p><strong>Dlaczego warto wybra\u0107 nas?<\/strong><\/p>\n<ul>\n<li><strong>Factory Direct<\/strong>: Kupuj\u0105c bezpo\u015brednio w naszej fabryce, zyskujesz na ni\u017cszych kosztach i szybszym czasie wysy\u0142ki. Eliminujemy po\u015brednik\u00f3w, zapewniaj\u0105c najlepsz\u0105 warto\u015b\u0107.<\/li>\n<li><strong>Zapewnienie jako\u015bci<\/strong>: Ka\u017cda uprz\u0105\u017c przechodzi rygorystyczne kontrole jako\u015bci, aby upewni\u0107 si\u0119, \u017ce spe\u0142nia nasze wysokie standardy. Mo\u017cesz zaufa\u0107 naszym produktom, kt\u00f3re zapewni\u0105 wydajno\u015b\u0107 i niezawodno\u015b\u0107, jakiej potrzebuje Twoja firma.<\/li>\n<li><strong>Opcje konfigurowalne<\/strong>: Oferujemy szereg opcji dostosowywania, aby spe\u0142ni\u0107 okre\u015blone wymagania. Od brandingu po modyfikacje projektu, wsp\u00f3\u0142pracujemy z Tob\u0105, aby tworzy\u0107 produkty, kt\u00f3re s\u0105 zgodne z to\u017csamo\u015bci\u0105 Twojej marki.<\/li>\n<\/ul>\n<p><strong>Zam\u00f3w teraz!<\/strong><\/p>\n<p data-immersive-translate-walked=\"8b5afd8b-1b58-4d39-bfba-c28d7f2dd9b7\" data-immersive-translate-paragraph=\"1\">Wsp\u00f3\u0142pracuj z nami w zakresie wszystkich trening\u00f3w na \u015bwie\u017cym powietrzu. <span style=\"color: #ff0000;\"><a style=\"color: #ff0000;\" href=\"https:\/\/pecpets.com\/pl\/kategoria-produktu\/pet-harness\/\" target=\"_blank\" rel=\"noopener\">Uprz\u0105\u017c dla psa<\/a><\/span> potrzeby. Poznaj idealne po\u0142\u0105czenie bezpiecze\u0144stwa, komfortu i trwa\u0142o\u015bci. Skontaktuj si\u0119 z nami ju\u017c dzi\u015b, aby uzyska\u0107 wycen\u0119 i skorzysta\u0107 z naszych cen hurtowych.<span class=\"notranslate immersive-translate-target-wrapper\" lang=\"zh-CN\" translate=\"no\" data-immersive-translate-loading-id=\"1\">\u00a0<\/span><\/p>","protected":false},"excerpt":{"rendered":"<h2><strong><b>Hurtowe szelki przeciwwybuchowe dla ps\u00f3w do treningu na \u015bwie\u017cym powietrzu<\/b><\/strong><\/h2>\n<p>Odkryj przeciwwybuchowe szelki dla psa do treningu na \u015bwie\u017cym powietrzu.<\/p>\n<p>Zadbaj o styl swoich zwierz\u0105t dzi\u0119ki naszym wysokiej jako\u015bci wzorom.<\/p>","protected":false},"featured_media":7372,"template":"","meta":{"_seopress_robots_primary_cat":"none","_seopress_titles_title":"Pet Harness: Explosion-proof Dog Harness - Top Manufacturers","_seopress_titles_desc":"Explore our Explosion-proof Dog Harness, comfortable dog harness. Ideal for manufacturers seeking high-quality, durable pet gear. Perfect for wholesale.","_seopress_robots_index":"","_uag_custom_page_level_css":""},"product_brand":[],"product_cat":[353,212,323,413,359],"product_tag":[],"class_list":{"0":"post-7371","1":"product","2":"type-product","3":"status-publish","4":"has-post-thumbnail","6":"product_cat-no-pull-dog-harnesses","7":"product_cat-pet-harness","8":"product_cat-standard-harnesses","9":"product_cat-training-clothes","10":"product_cat-waterproof-dog-harnesses","12":"first","13":"instock","14":"shipping-taxable","15":"product-type-simple"},"uagb_featured_image_src":{"full":["https:\/\/pecpets.com\/wp-content\/uploads\/2024\/06\/\u4e3b\u56fe-01-38.jpg",800,800,false],"thumbnail":["https:\/\/pecpets.com\/wp-content\/uploads\/2024\/06\/\u4e3b\u56fe-01-38-150x150.jpg",150,150,true],"medium":["https:\/\/pecpets.com\/wp-content\/uploads\/2024\/06\/\u4e3b\u56fe-01-38-300x300.jpg",300,300,true],"medium_large":["https:\/\/pecpets.com\/wp-content\/uploads\/2024\/06\/\u4e3b\u56fe-01-38-768x768.jpg",768,768,true],"large":["https:\/\/pecpets.com\/wp-content\/uploads\/2024\/06\/\u4e3b\u56fe-01-38.jpg",800,800,false],"1536x1536":["https:\/\/pecpets.com\/wp-content\/uploads\/2024\/06\/\u4e3b\u56fe-01-38.jpg",800,800,false],"2048x2048":["https:\/\/pecpets.com\/wp-content\/uploads\/2024\/06\/\u4e3b\u56fe-01-38.jpg",800,800,false],"trp-custom-language-flag":["https:\/\/pecpets.com\/wp-content\/uploads\/2024\/06\/\u4e3b\u56fe-01-38.jpg",12,12,false],"woocommerce_thumbnail":["https:\/\/pecpets.com\/wp-content\/uploads\/2024\/06\/\u4e3b\u56fe-01-38-300x300.jpg",300,300,true],"woocommerce_single":["https:\/\/pecpets.com\/wp-content\/uploads\/2024\/06\/\u4e3b\u56fe-01-38-600x600.jpg",600,600,true],"woocommerce_gallery_thumbnail":["https:\/\/pecpets.com\/wp-content\/uploads\/2024\/06\/\u4e3b\u56fe-01-38-100x100.jpg",100,100,true]},"uagb_author_info":{"display_name":"Lawrence\u00a0\u52b3\u4f26\u65af","author_link":"https:\/\/pecpets.com\/pl\/author\/"},"uagb_comment_info":0,"uagb_excerpt":"Wholesale Outdoor Training Explosion-proof Dog Harness Discover Outdoor Training Explosion-proof Dog Harness. Keep your pets stylish with our high-quality designs.","_links":{"self":[{"href":"https:\/\/pecpets.com\/pl\/wp-json\/wp\/v2\/product\/7371","targetHints":{"allow":["GET"]}}],"collection":[{"href":"https:\/\/pecpets.com\/pl\/wp-json\/wp\/v2\/product"}],"about":[{"href":"https:\/\/pecpets.com\/pl\/wp-json\/wp\/v2\/types\/product"}],"wp:featuredmedia":[{"embeddable":true,"href":"https:\/\/pecpets.com\/pl\/wp-json\/wp\/v2\/media\/7372"}],"wp:attachment":[{"href":"https:\/\/pecpets.com\/pl\/wp-json\/wp\/v2\/media?parent=7371"}],"wp:term":[{"taxonomy":"product_brand","embeddable":true,"href":"https:\/\/pecpets.com\/pl\/wp-json\/wp\/v2\/product_brand?post=7371"},{"taxonomy":"product_cat","embeddable":true,"href":"https:\/\/pecpets.com\/pl\/wp-json\/wp\/v2\/product_cat?post=7371"},{"taxonomy":"product_tag","embeddable":true,"href":"https:\/\/pecpets.com\/pl\/wp-json\/wp\/v2\/product_tag?post=7371"}],"curies":[{"name":"wp","href":"https:\/\/api.w.org\/{rel}","templated":true}]}}