{"id":7449,"date":"2024-06-29T15:53:26","date_gmt":"2024-06-29T07:53:26","guid":{"rendered":"https:\/\/pecpets.com\/?post_type=product&#038;p=7449"},"modified":"2024-10-30T15:04:41","modified_gmt":"2024-10-30T07:04:41","slug":"personalized-lightweight-dog-harness","status":"publish","type":"product","link":"https:\/\/pecpets.com\/pl\/product\/personalized-lightweight-dog-harness\/","title":{"rendered":"Spersonalizowane lekkie szelki dla psa"},"content":{"rendered":"<h2 data-immersive-translate-walked=\"aa333ee4-404a-4aef-9a25-2ecc46165f31\" data-immersive-translate-paragraph=\"1\">Spersonalizowane lekkie szelki dla psa | Wygodne i trwa\u0142e | Hurtownia<\/h2>\n<p data-immersive-translate-walked=\"8b5afd8b-1b58-4d39-bfba-c28d7f2dd9b7\" data-immersive-translate-paragraph=\"1\">Witamy na naszej platformie B2B, g\u0142\u00f3wnym miejscu docelowym dla wysokiej jako\u015bci spersonalizowanych lekkich uprz\u0119\u017cy dla ps\u00f3w. Nasze uprz\u0119\u017ce dla zwierz\u0105t zosta\u0142y zaprojektowane tak, aby zapewni\u0107 maksymalny komfort i trwa\u0142o\u015b\u0107, jednocze\u015bnie umo\u017cliwiaj\u0105c personalizacj\u0119 w celu odzwierciedlenia unikalnej to\u017csamo\u015bci marki. Oferujemy produkty najwy\u017cszej jako\u015bci, kt\u00f3re spe\u0142niaj\u0105 najwy\u017csze standardy, idealne dla sprzedawc\u00f3w detalicznych, trener\u00f3w i dystrybutor\u00f3w.<\/p>\n<table style=\"border-collapse: collapse; background-color: #ffffff; width: 329px; height: 273px;\" border=\"1\">\n<tbody>\n<tr>\n<td style=\"font-family: Verdana, Arial, Helvetica, sans-serif; font-size: 12px; color: #000000; margin: 8px; width: 187px; text-align: center;\"><span style=\"line-height: 21px; font-size: 14px;\">Nazwa produktu<\/span><\/td>\n<td style=\"font-family: Verdana, Arial, Helvetica, sans-serif; font-size: 12px; color: #000000; margin: 8px; width: 526px; text-align: center;\"><span style=\"font-size: 14px;\">Uprz\u0105\u017c dla zwierz\u0105t<\/span><\/td>\n<\/tr>\n<tr>\n<td style=\"font-family: Verdana, Arial, Helvetica, sans-serif; font-size: 12px; color: #000000; margin: 8px; width: 187px; text-align: center;\"><span style=\"line-height: 21px; font-size: 14px;\">Pozycja nr.<\/span><\/td>\n<td style=\"font-family: Verdana, Arial, Helvetica, sans-serif; font-size: 12px; color: #000000; margin: 8px; width: 526px; text-align: center;\"><span style=\"line-height: 21px; font-size: 14px;\">P-H2018<\/span><\/td>\n<\/tr>\n<tr>\n<td style=\"font-family: Verdana, Arial, Helvetica, sans-serif; font-size: 12px; color: #000000; margin: 8px; width: 187px; text-align: center;\"><span style=\"line-height: 21px; color: #333333; font-family: Arial, Helvetica; font-size: 14px; font-style: normal; font-weight: 400; background-color: #ffffff; float: none; display: inline !important;\">Materia\u0142<\/span><\/td>\n<td style=\"font-family: Verdana, Arial, Helvetica, sans-serif; font-size: 12px; color: #000000; margin: 8px; width: 526px; text-align: center;\"><span style=\"color: #333333; font-family: Helvetica,Tahoma,Arial; font-size: 12px; font-style: normal; font-weight: 400; background-color: #fcfcfc; display: inline !important; float: none;\">Tkanina Oxford<\/span><\/td>\n<\/tr>\n<tr>\n<td style=\"font-family: Verdana, Arial, Helvetica, sans-serif; font-size: 12px; color: #000000; margin: 8px; width: 187px; text-align: center;\"><span style=\"line-height: 21px; font-size: 14px;\">\u00a0Rozmiar<\/span><\/td>\n<td style=\"margin: 8px; width: 526px; text-align: center;\"><span style=\"color: #222222; font-family: Helvetica, Tahoma, Arial;\"><span style=\"font-size: 14px;\">Rozmiar niestandardowy<\/span><\/span><\/td>\n<\/tr>\n<tr>\n<td style=\"font-family: Verdana, Arial, Helvetica, sans-serif; font-size: 12px; color: #000000; margin: 8px; width: 187px; text-align: center;\"><span style=\"line-height: 21px; font-size: 14px;\">\u00a0Kolor<\/span><\/td>\n<td style=\"font-family: Verdana, Arial, Helvetica, sans-serif; font-size: 12px; color: #000000; margin: 8px; width: 526px; text-align: center;\"><span style=\"font-size: 14px;\">Kolor niestandardowy<\/span><\/td>\n<\/tr>\n<tr>\n<td style=\"font-family: Verdana, Arial, Helvetica, sans-serif; font-size: 12px; color: #000000; margin: 8px; width: 187px; text-align: center;\"><span style=\"line-height: 21px; font-size: 14px;\">\u00a0<span style=\"line-height: 21px; color: #333333; font-family: Arial, Helvetica; font-size: 14px; font-style: normal; font-weight: 400; background-color: #ffffff; float: none; display: inline !important;\">Typ zwierz\u0119cia<\/span><\/span><\/td>\n<td style=\"font-family: Verdana, Arial, Helvetica, sans-serif; font-size: 12px; color: #000000; margin: 8px; width: 526px; text-align: center;\"><span style=\"line-height: 21px; font-size: 14px;\">\u00a0Ca\u0142y pies<\/span><\/td>\n<\/tr>\n<tr>\n<td style=\"font-family: Verdana, Arial, Helvetica, sans-serif; font-size: 12px; color: #000000; margin: 8px; width: 187px; text-align: center;\"><span style=\"line-height: 21px; font-size: 14px;\">\u00a0<span style=\"line-height: 21px; color: #333333; font-family: Arial, Helvetica; font-size: 14px; font-style: normal; font-weight: 400; background-color: #ffffff; float: none; display: inline !important;\">Czas dostawy<\/span><\/span><\/td>\n<td style=\"font-family: Verdana, Arial, Helvetica, sans-serif; font-size: 12px; color: #000000; margin: 8px; width: 526px; text-align: center;\"><span style=\"line-height: 21px; font-size: 14px;\"><span style=\"line-height: 21px; color: #000000; font-family: Verdana, Arial, Helvetica, sans-serif; font-size: 14px; font-style: normal; font-weight: 400; background-color: #ffffff; float: none; display: inline !important;\">1-5 dni dla ma\u0142ych ilo\u015bci drog\u0105 lotnicz\u0105 i 30-35 dni dla du\u017cych ilo\u015bci drog\u0105 morsk\u0105<\/span>\u00a0<\/span><\/td>\n<\/tr>\n<tr>\n<td style=\"font-family: Verdana, Arial, Helvetica, sans-serif; font-size: 12px; color: #000000; margin: 8px; width: 187px; text-align: center;\"><span style=\"line-height: 21px; font-size: 14px;\">\u00a0<span style=\"line-height: 21px; color: #333333; font-family: Arial, Helvetica; font-size: 14px; font-style: normal; font-weight: 400; background-color: #ffffff; float: none; display: inline !important;\">Port wysy\u0142ki<\/span><\/span><\/td>\n<td style=\"font-family: Verdana, Arial, Helvetica, sans-serif; font-size: 12px; color: #000000; margin: 8px; width: 526px; text-align: center;\"><span style=\"line-height: 21px; font-size: 14px;\">Xiamen\u00a0<\/span><\/td>\n<\/tr>\n<tr>\n<td style=\"font-family: Verdana, Arial, Helvetica, sans-serif; font-size: 12px; color: #000000; margin: 8px; width: 187px; text-align: center;\"><span style=\"line-height: 21px; font-size: 14px;\">\u00a0<span style=\"line-height: 21px; color: #333333; font-family: Arial, Helvetica; font-size: 14px; font-style: normal; font-weight: 400; background-color: #ffffff; float: none; display: inline !important;\">OEM\/ODM<\/span><\/span><\/td>\n<td style=\"font-family: Verdana, Arial, Helvetica, sans-serif; font-size: 12px; color: #000000; margin: 8px; width: 526px; text-align: center;\"><span style=\"line-height: 21px; font-size: 14px;\">\u00a0<span style=\"line-height: 21px; color: #333333; font-family: Arial, Helvetica; font-size: 14px; font-style: normal; font-weight: 400; background-color: #ffffff; float: none; display: inline !important;\">Dost\u0119pne<\/span><\/span><\/td>\n<\/tr>\n<tr>\n<td style=\"font-family: Verdana, Arial, Helvetica, sans-serif; font-size: 12px; color: #000000; margin: 8px; width: 187px; text-align: center;\"><span style=\"line-height: 21px; font-size: 14px;\">\u00a0<span style=\"line-height: 21px; color: #333333; font-family: Arial, Helvetica; font-size: 14px; font-style: normal; font-weight: 400; background-color: #ffffff; float: none; display: inline !important;\">Pakiet<\/span><\/span><\/td>\n<td style=\"font-family: Verdana, Arial, Helvetica, sans-serif; font-size: 12px; color: #000000; margin: 8px; width: 526px; text-align: center;\"><span style=\"line-height: 21px; font-size: 14px;\"><span style=\"line-height: 21px; color: #333333; font-family: Arial, Helvetica; font-size: 14px; font-style: normal; font-weight: 400; background-color: #ffffff; float: none; display: inline !important;\">Ka\u017cdy zapakowany w PPB, a nast\u0119pnie w karton lub wed\u0142ug potrzeb<\/span><\/span><\/td>\n<\/tr>\n<\/tbody>\n<\/table>\n<p><strong>Kluczowe cechy:<\/strong><\/p>\n<ul>\n<li><strong>Spersonalizowany projekt<\/strong>: Nasza spersonalizowana lekka uprz\u0105\u017c dla psa pozwala na personalizacj\u0119, u\u0142atwiaj\u0105c dodanie logo marki, nazwy lub unikalnych wzor\u00f3w. Personalizacja zapewnia, \u017ce uprz\u0119\u017ce wyr\u00f3\u017cniaj\u0105 si\u0119 na rynku.<\/li>\n<li><strong>Lekka konstrukcja<\/strong>: Wykonane z wysokiej jako\u015bci, lekkich materia\u0142\u00f3w szelki s\u0105 \u0142atwe w noszeniu i nie obci\u0105\u017caj\u0105 zwierz\u0119cia. Lekka konstrukcja zapewnia swobod\u0119 ruch\u00f3w i komfort podczas u\u017cytkowania.<\/li>\n<li><strong>Wygodne dopasowanie<\/strong>: Zaprojektowane z my\u015bl\u0105 o komforcie Twojego pupila, nasze szelki posiadaj\u0105 regulowane paski i mi\u0119kk\u0105 wy\u015bci\u00f3\u0142k\u0119. Zapewnia to bezpieczne i wygodne dopasowanie, zapobiegaj\u0105c otarciom i podra\u017cnieniom nawet podczas d\u0142ugotrwa\u0142ego noszenia.<\/li>\n<li><strong>Trwa\u0142o\u015b\u0107<\/strong>: Nasze uprz\u0119\u017ce zosta\u0142y zaprojektowane tak, aby wytrzyma\u0107 regularne u\u017cytkowanie. Wysokiej jako\u015bci materia\u0142y i solidna konstrukcja zapewniaj\u0105 d\u0142ugotrwa\u0142\u0105 wydajno\u015b\u0107, dzi\u0119ki czemu nadaj\u0105 si\u0119 zar\u00f3wno do sesji treningowych, jak i codziennych spacer\u00f3w.<\/li>\n<li><strong>Dost\u0119pno\u015b\u0107 hurtowa<\/strong>: Jako bezpo\u015bredni dostawca oferujemy konkurencyjne ceny hurtowe dla zam\u00f3wie\u0144 hurtowych. Nasz wydajny system produkcji i dystrybucji zapewnia terminow\u0105 dostaw\u0119 i wyj\u0105tkow\u0105 obs\u0142ug\u0119 klienta.<\/li>\n<\/ul>\n<p><strong>Dlaczego warto wybra\u0107 nas?<\/strong><\/p>\n<ul>\n<li>\n<p data-immersive-translate-walked=\"8b5afd8b-1b58-4d39-bfba-c28d7f2dd9b7\" data-immersive-translate-paragraph=\"1\"><strong data-immersive-translate-walked=\"8b5afd8b-1b58-4d39-bfba-c28d7f2dd9b7\">Factory Direct<\/strong>: Kupuj\u0105c bezpo\u015brednio w naszej fabryce, zyskujesz na ni\u017cszych kosztach i szybszym czasie wysy\u0142ki. Eliminujemy po\u015brednik\u00f3w, zapewniaj\u0105c najlepsz\u0105 warto\u015b\u0107.<\/p>\n<\/li>\n<li><strong>Zapewnienie jako\u015bci<\/strong>: Ka\u017cda uprz\u0105\u017c przechodzi rygorystyczne kontrole jako\u015bci, aby upewni\u0107 si\u0119, \u017ce spe\u0142nia nasze wysokie standardy. Mo\u017cesz zaufa\u0107 naszym produktom, kt\u00f3re zapewni\u0105 wydajno\u015b\u0107 i niezawodno\u015b\u0107 wymagan\u0105 przez Twoj\u0105 firm\u0119.<\/li>\n<li>\n<p data-immersive-translate-walked=\"8b5afd8b-1b58-4d39-bfba-c28d7f2dd9b7\" data-immersive-translate-paragraph=\"1\"><strong data-immersive-translate-walked=\"8b5afd8b-1b58-4d39-bfba-c28d7f2dd9b7\">Opcje konfigurowalne<\/strong>: Oferujemy szereg opcji dostosowywania do konkretnych potrzeb. Od brandingu po modyfikacje projektu, wsp\u00f3\u0142pracujemy z Tob\u0105, aby tworzy\u0107 produkty, kt\u00f3re s\u0105 zgodne z to\u017csamo\u015bci\u0105 Twojej marki.<\/p>\n<\/li>\n<\/ul>\n<p><strong>Zam\u00f3w teraz!<\/strong><\/p>\n<p data-immersive-translate-walked=\"8b5afd8b-1b58-4d39-bfba-c28d7f2dd9b7\" data-immersive-translate-paragraph=\"1\">Wsp\u00f3\u0142pracuj z nami w zakresie spersonalizowanej wagi lekkiej <span style=\"color: #ff0000;\"><a style=\"color: #ff0000;\" href=\"https:\/\/pecpets.com\/pl\/kategoria-produktu\/pet-harness\/\" target=\"_blank\" rel=\"noopener\">Uprz\u0105\u017c dla psa<\/a><\/span> potrzeby. Poznaj idealne po\u0142\u0105czenie personalizacji, komfortu i trwa\u0142o\u015bci. Skontaktuj si\u0119 z nami ju\u017c dzi\u015b, aby uzyska\u0107 wycen\u0119 i skorzysta\u0107 z naszych cen hurtowych.<\/p>","protected":false},"excerpt":{"rendered":"<h2><strong><b>Hurtowa spersonalizowana lekka uprz\u0105\u017c dla psa<\/b><\/strong><\/h2>\n<p>Odkryj spersonalizowane lekkie szelki dla psa.<\/p>\n<p>Zadbaj o styl swoich zwierz\u0105t dzi\u0119ki naszym wysokiej jako\u015bci wzorom.<\/p>","protected":false},"featured_media":7450,"template":"","meta":{"_seopress_robots_primary_cat":"none","_seopress_titles_title":"Personalized Lightweight Dog Harness - Manufacturer","_seopress_titles_desc":"Explore our Personalized Lightweight Dog Harness, stylish and durable pet harness perfect for manufacturers. Ideal for wholesale buyers seeking premium quality.","_seopress_robots_index":"","_uag_custom_page_level_css":""},"product_brand":[],"product_cat":[358,212,355,323,359],"product_tag":[],"class_list":{"0":"post-7449","1":"product","2":"type-product","3":"status-publish","4":"has-post-thumbnail","6":"product_cat-lightweight-dog-harnesses","7":"product_cat-pet-harness","8":"product_cat-reflective-dog-harnesses","9":"product_cat-standard-harnesses","10":"product_cat-waterproof-dog-harnesses","12":"first","13":"instock","14":"shipping-taxable","15":"product-type-simple"},"uagb_featured_image_src":{"full":["https:\/\/pecpets.com\/wp-content\/uploads\/2024\/06\/\u4e3b\u56fe-01-43.jpg",1000,1000,false],"thumbnail":["https:\/\/pecpets.com\/wp-content\/uploads\/2024\/06\/\u4e3b\u56fe-01-43-150x150.jpg",150,150,true],"medium":["https:\/\/pecpets.com\/wp-content\/uploads\/2024\/06\/\u4e3b\u56fe-01-43-300x300.jpg",300,300,true],"medium_large":["https:\/\/pecpets.com\/wp-content\/uploads\/2024\/06\/\u4e3b\u56fe-01-43-768x768.jpg",768,768,true],"large":["https:\/\/pecpets.com\/wp-content\/uploads\/2024\/06\/\u4e3b\u56fe-01-43.jpg",800,800,false],"1536x1536":["https:\/\/pecpets.com\/wp-content\/uploads\/2024\/06\/\u4e3b\u56fe-01-43.jpg",1000,1000,false],"2048x2048":["https:\/\/pecpets.com\/wp-content\/uploads\/2024\/06\/\u4e3b\u56fe-01-43.jpg",1000,1000,false],"trp-custom-language-flag":["https:\/\/pecpets.com\/wp-content\/uploads\/2024\/06\/\u4e3b\u56fe-01-43.jpg",12,12,false],"woocommerce_thumbnail":["https:\/\/pecpets.com\/wp-content\/uploads\/2024\/06\/\u4e3b\u56fe-01-43-300x300.jpg",300,300,true],"woocommerce_single":["https:\/\/pecpets.com\/wp-content\/uploads\/2024\/06\/\u4e3b\u56fe-01-43-600x600.jpg",600,600,true],"woocommerce_gallery_thumbnail":["https:\/\/pecpets.com\/wp-content\/uploads\/2024\/06\/\u4e3b\u56fe-01-43-100x100.jpg",100,100,true]},"uagb_author_info":{"display_name":"Lawrence\u00a0\u52b3\u4f26\u65af","author_link":"https:\/\/pecpets.com\/pl\/author\/"},"uagb_comment_info":0,"uagb_excerpt":"Wholesale Personalized Lightweight Dog Harness Discover Personalized Lightweight Dog Harness. Keep your pets stylish with our high-quality designs.","_links":{"self":[{"href":"https:\/\/pecpets.com\/pl\/wp-json\/wp\/v2\/product\/7449","targetHints":{"allow":["GET"]}}],"collection":[{"href":"https:\/\/pecpets.com\/pl\/wp-json\/wp\/v2\/product"}],"about":[{"href":"https:\/\/pecpets.com\/pl\/wp-json\/wp\/v2\/types\/product"}],"wp:featuredmedia":[{"embeddable":true,"href":"https:\/\/pecpets.com\/pl\/wp-json\/wp\/v2\/media\/7450"}],"wp:attachment":[{"href":"https:\/\/pecpets.com\/pl\/wp-json\/wp\/v2\/media?parent=7449"}],"wp:term":[{"taxonomy":"product_brand","embeddable":true,"href":"https:\/\/pecpets.com\/pl\/wp-json\/wp\/v2\/product_brand?post=7449"},{"taxonomy":"product_cat","embeddable":true,"href":"https:\/\/pecpets.com\/pl\/wp-json\/wp\/v2\/product_cat?post=7449"},{"taxonomy":"product_tag","embeddable":true,"href":"https:\/\/pecpets.com\/pl\/wp-json\/wp\/v2\/product_tag?post=7449"}],"curies":[{"name":"wp","href":"https:\/\/api.w.org\/{rel}","templated":true}]}}