{"id":8143,"date":"2024-07-08T11:03:56","date_gmt":"2024-07-08T03:03:56","guid":{"rendered":"https:\/\/pecpets.com\/?post_type=product&#038;p=8143"},"modified":"2024-10-29T14:46:28","modified_gmt":"2024-10-29T06:46:28","slug":"waterproof-lightweight-rain-jacket","status":"publish","type":"product","link":"https:\/\/pecpets.com\/pl\/product\/waterproof-lightweight-rain-jacket\/","title":{"rendered":"Wodoodporna lekka kurtka przeciwdeszczowa"},"content":{"rendered":"<h2 data-immersive-translate-walked=\"344be1c1-5052-41eb-8fcd-0dbe236a0d6b\" data-immersive-translate-paragraph=\"1\"><span class=\"notranslate immersive-translate-target-wrapper\" lang=\"zh-CN\" data-immersive-translate-translation-element-mark=\"1\">Wodoodporna lekka kurtka przeciwdeszczowa - odzie\u017c dla zwierz\u0105t, p\u0142aszcz przeciwdeszczowy dla zwierz\u0105t, funkcjonalna odzie\u017c dla ps\u00f3w | Hurtownia<\/span><\/h2>\n<p>Wyposa\u017c sw\u00f3j sklep w nasz\u0105 wodoodporn\u0105, lekk\u0105 kurtk\u0119 przeciwdeszczow\u0105, niezb\u0119dny dodatek do ka\u017cdej kolekcji odzie\u017cy dla zwierz\u0105t. Zaprojektowany z my\u015bl\u0105 o maksymalnym komforcie i ochronie, ten p\u0142aszcz przeciwdeszczowy dla zwierz\u0105t zapewnia, \u017ce Twoi futrzani klienci pozostan\u0105 suchi i szcz\u0119\u015bliwi, bez wzgl\u0119du na pogod\u0119. Jako funkcjonalna odzie\u017c dla ps\u00f3w, \u0142\u0105czy w sobie praktyczno\u015b\u0107 ze stylem, dzi\u0119ki czemu jest niezb\u0119dna dla w\u0142a\u015bcicieli zwierz\u0105t.<\/p>\n<table style=\"border-collapse: collapse; background-color: #ffffff; width: 332px; height: 258px;\" border=\"1\">\n<tbody>\n<tr>\n<td style=\"font-family: Verdana, Arial, Helvetica, sans-serif; font-size: 12px; color: #000000; margin: 8px; width: 187px; text-align: center;\"><span style=\"line-height: 21px; font-size: 14px;\">Nazwa produktu<\/span><\/td>\n<td style=\"font-family: Verdana, Arial, Helvetica, sans-serif; font-size: 12px; color: #000000; margin: 8px; width: 526px; text-align: center;\"><span style=\"font-size: 14px;\">P\u0142aszcz przeciwdeszczowy dla zwierz\u0105t<\/span><\/td>\n<\/tr>\n<tr>\n<td style=\"font-family: Verdana, Arial, Helvetica, sans-serif; font-size: 12px; color: #000000; margin: 8px; width: 187px; text-align: center;\"><span style=\"line-height: 21px; font-size: 14px;\">Pozycja nr.<\/span><\/td>\n<td style=\"font-family: Verdana, Arial, Helvetica, sans-serif; font-size: 12px; color: #000000; margin: 8px; width: 526px; text-align: center;\"><span style=\"line-height: 21px; font-size: 14px;\">P-R2007<\/span><\/td>\n<\/tr>\n<tr>\n<td style=\"font-family: Verdana, Arial, Helvetica, sans-serif; font-size: 12px; color: #000000; margin: 8px; width: 187px; text-align: center;\"><span style=\"line-height: 21px; color: #333333; font-family: Arial, Helvetica; font-size: 14px; font-style: normal; font-weight: 400; background-color: #ffffff; float: none; display: inline !important;\">Materia\u0142<\/span><\/td>\n<td style=\"font-family: Verdana, Arial, Helvetica, sans-serif; font-size: 12px; color: #000000; margin: 8px; width: 526px; text-align: center;\">Bawe\u0142na, poliester<\/td>\n<\/tr>\n<tr>\n<td style=\"font-family: Verdana, Arial, Helvetica, sans-serif; font-size: 12px; color: #000000; margin: 8px; width: 187px; text-align: center;\"><span style=\"line-height: 21px; font-size: 14px;\">\u00a0Rozmiar<\/span><\/td>\n<td style=\"font-family: Verdana, Arial, Helvetica, sans-serif; font-size: 12px; color: #000000; margin: 8px; width: 526px; text-align: center;\"><span style=\"font-size: 14px;\">Rozmiar niestandardowy<\/span><\/td>\n<\/tr>\n<tr>\n<td style=\"font-family: Verdana, Arial, Helvetica, sans-serif; font-size: 12px; color: #000000; margin: 8px; width: 187px; text-align: center;\"><span style=\"line-height: 21px; font-size: 14px;\">\u00a0Kolor<\/span><\/td>\n<td style=\"font-family: Verdana, Arial, Helvetica, sans-serif; font-size: 12px; color: #000000; margin: 8px; width: 526px; text-align: center;\"><span style=\"line-height: 21px; font-size: 14px;\">Kolor niestandardowy\u00a0<\/span><\/td>\n<\/tr>\n<tr>\n<td style=\"font-family: Verdana, Arial, Helvetica, sans-serif; font-size: 12px; color: #000000; margin: 8px; width: 187px; text-align: center;\"><span style=\"line-height: 21px; font-size: 14px;\">\u00a0<span style=\"line-height: 21px; color: #333333; font-family: Arial, Helvetica; font-size: 14px; font-style: normal; font-weight: 400; background-color: #ffffff; float: none; display: inline !important;\">Typ zwierz\u0119cia<\/span><\/span><\/td>\n<td style=\"font-family: Verdana, Arial, Helvetica, sans-serif; font-size: 12px; color: #000000; margin: 8px; width: 526px; text-align: center;\"><span style=\"line-height: 21px; font-size: 14px;\">\u00a0Ca\u0142y pies<\/span><\/td>\n<\/tr>\n<tr>\n<td style=\"font-family: Verdana, Arial, Helvetica, sans-serif; font-size: 12px; color: #000000; margin: 8px; width: 187px; text-align: center;\"><span style=\"line-height: 21px; font-size: 14px;\">\u00a0<span style=\"line-height: 21px; color: #333333; font-family: Arial, Helvetica; font-size: 14px; font-style: normal; font-weight: 400; background-color: #ffffff; float: none; display: inline !important;\">Czas dostawy<\/span><\/span><\/td>\n<td style=\"font-family: Verdana, Arial, Helvetica, sans-serif; font-size: 12px; color: #000000; margin: 8px; width: 526px; text-align: center;\"><span style=\"line-height: 21px; font-size: 14px;\"><span style=\"line-height: 21px; color: #000000; font-family: Verdana, Arial, Helvetica, sans-serif; font-size: 14px; font-style: normal; font-weight: 400; background-color: #ffffff; float: none; display: inline !important;\">1-5 dni dla ma\u0142ych ilo\u015bci drog\u0105 lotnicz\u0105 i 30-35 dni dla du\u017cych ilo\u015bci drog\u0105 morsk\u0105<\/span>\u00a0<\/span><\/td>\n<\/tr>\n<tr>\n<td style=\"font-family: Verdana, Arial, Helvetica, sans-serif; font-size: 12px; color: #000000; margin: 8px; width: 187px; text-align: center;\"><span style=\"line-height: 21px; font-size: 14px;\">\u00a0<span style=\"line-height: 21px; color: #333333; font-family: Arial, Helvetica; font-size: 14px; font-style: normal; font-weight: 400; background-color: #ffffff; float: none; display: inline !important;\">Port wysy\u0142ki<\/span><\/span><\/td>\n<td style=\"font-family: Verdana, Arial, Helvetica, sans-serif; font-size: 12px; color: #000000; margin: 8px; width: 526px; text-align: center;\"><span style=\"line-height: 21px; font-size: 14px;\">Xiamen\u00a0<\/span><\/td>\n<\/tr>\n<tr>\n<td style=\"font-family: Verdana, Arial, Helvetica, sans-serif; font-size: 12px; color: #000000; margin: 8px; width: 187px; text-align: center;\"><span style=\"line-height: 21px; font-size: 14px;\">\u00a0<span style=\"line-height: 21px; color: #333333; font-family: Arial, Helvetica; font-size: 14px; font-style: normal; font-weight: 400; background-color: #ffffff; float: none; display: inline !important;\">OEM\/ODM<\/span><\/span><\/td>\n<td style=\"font-family: Verdana, Arial, Helvetica, sans-serif; font-size: 12px; color: #000000; margin: 8px; width: 526px; text-align: center;\"><span style=\"line-height: 21px; font-size: 14px;\">\u00a0<span style=\"line-height: 21px; color: #333333; font-family: Arial, Helvetica; font-size: 14px; font-style: normal; font-weight: 400; background-color: #ffffff; float: none; display: inline !important;\">Dost\u0119pne<\/span><\/span><\/td>\n<\/tr>\n<tr>\n<td style=\"font-family: Verdana, Arial, Helvetica, sans-serif; font-size: 12px; color: #000000; margin: 8px; width: 187px; text-align: center;\"><span style=\"line-height: 21px; font-size: 14px;\">\u00a0<span style=\"line-height: 21px; color: #333333; font-family: Arial, Helvetica; font-size: 14px; font-style: normal; font-weight: 400; background-color: #ffffff; float: none; display: inline !important;\">Pakiet<\/span><\/span><\/td>\n<td style=\"font-family: Verdana, Arial, Helvetica, sans-serif; font-size: 12px; color: #000000; margin: 8px; width: 526px; text-align: center;\"><span style=\"line-height: 21px; font-size: 14px;\"><span style=\"line-height: 21px; color: #333333; font-family: Arial, Helvetica; font-size: 14px; font-style: normal; font-weight: 400; background-color: #ffffff; float: none; display: inline !important;\">Ka\u017cdy zapakowany w PPB, a nast\u0119pnie w karton lub wed\u0142ug potrzeb<\/span><\/span><\/td>\n<\/tr>\n<\/tbody>\n<\/table>\n<h4>Kluczowe cechy<\/h4>\n<ul>\n<li><strong>Doskona\u0142y wodoodporny materia\u0142<\/strong>: Wykonane z wysokiej jako\u015bci wodoodpornego materia\u0142u, aby zapewni\u0107 zwierz\u0119tom sucho\u015b\u0107 i wygod\u0119 podczas deszczowych dni.<\/li>\n<li><strong>Lekka konstrukcja<\/strong>: Zapewnia swobod\u0119 ruch\u00f3w i komfort, idealny dla aktywnych ps\u00f3w, kt\u00f3re uwielbiaj\u0105 przygody na \u015bwie\u017cym powietrzu.<\/li>\n<li><strong>Regulowane dopasowanie<\/strong>: Posiada regulowane paski dla bezpiecznego i niestandardowego dopasowania do ps\u00f3w o r\u00f3\u017cnych rozmiarach.<\/li>\n<li><strong>Paski odblaskowe<\/strong>: Zwi\u0119kszone bezpiecze\u0144stwo w warunkach s\u0142abego o\u015bwietlenia dzi\u0119ki strategicznie rozmieszczonym paskom odblaskowym.<\/li>\n<li><strong>\u0141atwo\u015b\u0107 czyszczenia<\/strong>: Materia\u0142 nadaj\u0105cy si\u0119 do prania w pralce zapewnia \u0142atw\u0105 konserwacj\u0119 i d\u0142ugotrwa\u0142e u\u017cytkowanie.<\/li>\n<\/ul>\n<h4>Dlaczego warto wybra\u0107 nasz\u0105 fabryk\u0119<\/h4>\n<ul>\n<li><strong>Opcje sprzeda\u017cy hurtowej<\/strong>: Konkurencyjne ceny dla zam\u00f3wie\u0144 hurtowych, idealne dla sklep\u00f3w zoologicznych i sprzedawc\u00f3w detalicznych, kt\u00f3rzy chc\u0105 rozszerzy\u0107 swoj\u0105 ofert\u0119 p\u0142aszczy przeciwdeszczowych dla zwierz\u0105t.<\/li>\n<li><strong>Personalizacja<\/strong>: Mo\u017cliwo\u015b\u0107 dostosowania kurtek przeciwdeszczowych za pomoc\u0105 logo marki lub okre\u015blonych wymaga\u0144 projektowych.<\/li>\n<li><strong>Wysokie standardy produkcji<\/strong>: Produkowane w najnowocze\u015bniejszej fabryce zapewniaj\u0105cej najwy\u017csz\u0105 jako\u015b\u0107 i sp\u00f3jno\u015b\u0107.<\/li>\n<li><strong>Szybka wysy\u0142ka<\/strong>: Wydajne procesy produkcji i wysy\u0142ki w celu szybkiego zaspokojenia potrzeb w zakresie dostaw.<\/li>\n<\/ul>\n<h4>Zastosowania<\/h4>\n<p>Nasza wodoodporna lekka kurtka przeciwdeszczowa jest idealna dla w\u0142a\u015bcicieli zwierz\u0105t domowych, kt\u00f3rzy chc\u0105 chroni\u0107 swoje zwierz\u0119ta przed deszczem bez po\u015bwi\u0119cania stylu i wygody. To doskona\u0142y dodatek do ka\u017cdej kolekcji detalicznej, zapewniaj\u0105cy funkcjonalne i stylowe rozwi\u0105zanie dla entuzjast\u00f3w odzie\u017cy dla zwierz\u0105t.<\/p>\n<h4>Zam\u00f3w teraz<\/h4>\n<p>Zaopatrz si\u0119 w nasz\u0105 wodoodporn\u0105, lekk\u0105 kurtk\u0119 przeciwdeszczow\u0105 i zaoferuj swoim klientom najlepsz\u0105 funkcjonalno\u015b\u0107. <span style=\"color: #ff0000;\"><a style=\"color: #ff0000;\" href=\"https:\/\/pecpets.com\/pl\/kategoria-produktu\/pet-clothing\/\" target=\"_blank\" rel=\"noopener\">ubranka dla ps\u00f3w<\/a><\/span>. Skontaktuj si\u0119 z nami, aby uzyska\u0107 ceny hurtowe i opcje dostosowywania. Pracujmy razem, aby zwierz\u0119ta by\u0142y suche i szcz\u0119\u015bliwe, w deszczu lub w s\u0142o\u0144cu!<\/p>","protected":false},"excerpt":{"rendered":"<h2><strong><b>Hurtowa wodoodporna lekka kurtka przeciwdeszczowa<\/b><\/strong><\/h2>\n<p>Odkryj wodoodporn\u0105, lekk\u0105 kurtk\u0119 przeciwdeszczow\u0105.<\/p>\n<p>Zadbaj o styl swoich zwierz\u0105t dzi\u0119ki naszym wysokiej jako\u015bci wzorom.<\/p>\n<h2><\/h2>","protected":false},"featured_media":8145,"template":"","meta":{"_seopress_robots_primary_cat":"none","_seopress_titles_title":"Waterproof Lightweight Rain Jacket - Manufacturers","_seopress_titles_desc":"Discover Waterproof Lightweight Rain Jacket from top pet apparel manufacturers. Keep your pets stylish with our high-quality designs.\u00a0","_seopress_robots_index":"","_uag_custom_page_level_css":""},"product_brand":[],"product_cat":[365,23,333],"product_tag":[],"class_list":{"0":"post-8143","1":"product","2":"type-product","3":"status-publish","4":"has-post-thumbnail","6":"product_cat-functional-dog-clothing","7":"product_cat-pet-clothing","8":"product_cat-pet-raincoat","10":"first","11":"instock","12":"shipping-taxable","13":"product-type-simple"},"uagb_featured_image_src":{"full":["https:\/\/pecpets.com\/wp-content\/uploads\/2024\/07\/H3008754f24.jpg",800,800,false],"thumbnail":["https:\/\/pecpets.com\/wp-content\/uploads\/2024\/07\/H3008754f24-150x150.jpg",150,150,true],"medium":["https:\/\/pecpets.com\/wp-content\/uploads\/2024\/07\/H3008754f24-300x300.jpg",300,300,true],"medium_large":["https:\/\/pecpets.com\/wp-content\/uploads\/2024\/07\/H3008754f24-768x768.jpg",768,768,true],"large":["https:\/\/pecpets.com\/wp-content\/uploads\/2024\/07\/H3008754f24.jpg",800,800,false],"1536x1536":["https:\/\/pecpets.com\/wp-content\/uploads\/2024\/07\/H3008754f24.jpg",800,800,false],"2048x2048":["https:\/\/pecpets.com\/wp-content\/uploads\/2024\/07\/H3008754f24.jpg",800,800,false],"trp-custom-language-flag":["https:\/\/pecpets.com\/wp-content\/uploads\/2024\/07\/H3008754f24.jpg",12,12,false],"woocommerce_thumbnail":["https:\/\/pecpets.com\/wp-content\/uploads\/2024\/07\/H3008754f24-300x300.jpg",300,300,true],"woocommerce_single":["https:\/\/pecpets.com\/wp-content\/uploads\/2024\/07\/H3008754f24-600x600.jpg",600,600,true],"woocommerce_gallery_thumbnail":["https:\/\/pecpets.com\/wp-content\/uploads\/2024\/07\/H3008754f24-100x100.jpg",100,100,true]},"uagb_author_info":{"display_name":"Lawrence\u00a0\u52b3\u4f26\u65af","author_link":"https:\/\/pecpets.com\/pl\/author\/"},"uagb_comment_info":0,"uagb_excerpt":"Wholesale Waterproof Lightweight Rain Jacket Discover Waterproof Lightweight Rain Jacket. Keep your pets stylish with our high-quality designs.","_links":{"self":[{"href":"https:\/\/pecpets.com\/pl\/wp-json\/wp\/v2\/product\/8143","targetHints":{"allow":["GET"]}}],"collection":[{"href":"https:\/\/pecpets.com\/pl\/wp-json\/wp\/v2\/product"}],"about":[{"href":"https:\/\/pecpets.com\/pl\/wp-json\/wp\/v2\/types\/product"}],"wp:featuredmedia":[{"embeddable":true,"href":"https:\/\/pecpets.com\/pl\/wp-json\/wp\/v2\/media\/8145"}],"wp:attachment":[{"href":"https:\/\/pecpets.com\/pl\/wp-json\/wp\/v2\/media?parent=8143"}],"wp:term":[{"taxonomy":"product_brand","embeddable":true,"href":"https:\/\/pecpets.com\/pl\/wp-json\/wp\/v2\/product_brand?post=8143"},{"taxonomy":"product_cat","embeddable":true,"href":"https:\/\/pecpets.com\/pl\/wp-json\/wp\/v2\/product_cat?post=8143"},{"taxonomy":"product_tag","embeddable":true,"href":"https:\/\/pecpets.com\/pl\/wp-json\/wp\/v2\/product_tag?post=8143"}],"curies":[{"name":"wp","href":"https:\/\/api.w.org\/{rel}","templated":true}]}}