{"id":8304,"date":"2024-07-10T10:58:36","date_gmt":"2024-07-10T02:58:36","guid":{"rendered":"https:\/\/pecpets.com\/?post_type=product&#038;p=8304"},"modified":"2025-08-18T17:04:30","modified_gmt":"2025-08-18T09:04:30","slug":"skid-proof-rain-snowy-running-shoes-boots","status":"publish","type":"product","link":"https:\/\/pecpets.com\/pl\/product\/skid-proof-rain-snowy-running-shoes-boots\/","title":{"rendered":"Odporne na po\u015blizg buty do biegania w deszczu i \u015bniegu"},"content":{"rendered":"<h2 data-immersive-translate-walked=\"b535e8cb-4fa8-4755-a6c9-df7ac573832a\">Wysokiej jako\u015bci odporne na deszcz i \u015bnieg buty do biegania dla ps\u00f3w - akcesoria dla zwierz\u0105t hurtowo z fabryki<\/h2>\n<h3>Opis:<\/h3>\n<p>Przedstawiamy nasze wysokiej jako\u015bci odporne na deszcz i \u015bnieg buty do biegania dla ps\u00f3w, idealne akcesorium dla zwierz\u0105t domowych, kt\u00f3re chroni \u0142apy psa i zapewnia mu wygod\u0119 w ka\u017cdych warunkach pogodowych. Zaprojektowane zar\u00f3wno na deszczowe, jak i \u015bnie\u017cne warunki, te wytrzyma\u0142e buty dla ps\u00f3w zapewniaj\u0105 doskona\u0142\u0105 przyczepno\u015b\u0107 i wsparcie. Dost\u0119pne w sprzeda\u017cy hurtowej bezpo\u015brednio z naszej fabryki, zapewniaj\u0105 najwy\u017csz\u0105 jako\u015b\u0107 i konkurencyjne ceny.<\/p>\n<table width=\"288\">\n<tbody>\n<tr>\n<td width=\"137\"><span style=\"color: #333333;\">Nazwa produktu<\/span><\/td>\n<td width=\"151\"><span style=\"color: #333333;\">Buty dla zwierz\u0105t<\/span><\/td>\n<\/tr>\n<tr>\n<td><span style=\"color: #333333;\">Pozycja nr.<\/span><\/td>\n<td><span style=\"color: #333333;\">PA-S2014<\/span><\/td>\n<\/tr>\n<tr>\n<td><span style=\"color: #333333;\">Materia\u0142<\/span><\/td>\n<td><span style=\"color: #333333;\">Guma<\/span><\/td>\n<\/tr>\n<tr>\n<td><span style=\"color: #333333;\">\u00a0Rozmiar i kolor<\/span><\/td>\n<td><span style=\"color: #333333;\">Dostosowane<\/span><\/td>\n<\/tr>\n<tr>\n<td><span style=\"color: #333333;\">\u00a0Czas dostawy<\/span><\/td>\n<td><span style=\"color: #333333;\">1-5 dni dla ma\u0142ych ilo\u015bci drog\u0105 lotnicz\u0105 i 30-35 dni dla du\u017cych ilo\u015bci drog\u0105 morsk\u0105<\/span><\/td>\n<\/tr>\n<\/tbody>\n<\/table>\n<h4>Kluczowe cechy:<\/h4>\n<ul>\n<li><strong>Konstrukcja odporna na po\u015blizg<\/strong>: Antypo\u015blizgowa podeszwa zapewnia doskona\u0142\u0105 przyczepno\u015b\u0107 i zapobiega \u015blizganiu si\u0119 na mokrych lub oblodzonych powierzchniach.<\/li>\n<li><strong>Ochrona w ka\u017cdych warunkach pogodowych<\/strong>: Zaprojektowane, aby chroni\u0107 \u0142apy psa przed deszczem, \u015bniegiem i nier\u00f3wnym terenem.<\/li>\n<li><strong>Wysokiej jako\u015bci materia\u0142y<\/strong>: Wykonane z wytrzyma\u0142ych, wodoodpornych materia\u0142\u00f3w zapewniaj\u0105cych komfort i trwa\u0142o\u015b\u0107.<\/li>\n<li><strong>Wygodne dopasowanie<\/strong>: Lekkie i oddychaj\u0105ce, zapewniaj\u0105 psu komfort podczas biegania i spacer\u00f3w.<\/li>\n<li><strong>\u0141atwy do noszenia<\/strong>: \u0141atwe do zak\u0142adania i zdejmowania, z bezpiecznymi zapi\u0119ciami, kt\u00f3re utrzymuj\u0105 buty na miejscu.<\/li>\n<li><strong>Stylowy i funkcjonalny<\/strong>: \u0141\u0105czy praktyczno\u015b\u0107 z eleganckim wygl\u0105dem, dzi\u0119ki czemu jest niezb\u0119dnym akcesorium dla zwierz\u0105t domowych.<\/li>\n<li><strong>Dost\u0119pno\u015b\u0107 hurtowa<\/strong>: Bezpo\u015brednio z fabryki, co zapewnia sta\u0142\u0105 jako\u015b\u0107 i op\u0142acalne ceny w przypadku zam\u00f3wie\u0144 hurtowych.<\/li>\n<\/ul>\n<h3>Idealny dla:<\/h3>\n<ul>\n<li>W\u0142a\u015bciciele zwierz\u0105t szukaj\u0105 wysokiej jako\u015bci, antypo\u015blizgowych but\u00f3w dla swoich ps\u00f3w do u\u017cytku w deszczowych lub \u015bnie\u017cnych warunkach.<\/li>\n<li>Detali\u015bci i hurtownicy poszukuj\u0105cy wysokiej jako\u015bci akcesori\u00f3w dla zwierz\u0105t w cenach fabrycznych.<\/li>\n<li>Firmy staraj\u0105 si\u0119 oferowa\u0107 swoim klientom najwy\u017cszej jako\u015bci buty dla ps\u00f3w, kt\u00f3re \u0142\u0105cz\u0105 w sobie ochron\u0119, wygod\u0119 i styl.<\/li>\n<\/ul>\n<p>Wyposa\u017c swojego psa w najlepsz\u0105 ochron\u0119 \u0142ap dzi\u0119ki naszym wysokiej jako\u015bci antypo\u015blizgowym, odpornym na deszcz i \u015bnieg butom do biegania dla ps\u00f3w. Skontaktuj si\u0119 z nami ju\u017c dzi\u015b, aby uzyska\u0107 zapytania hurtowe i bezpo\u015brednie ceny fabryczne.<\/p>","protected":false},"excerpt":{"rendered":"<h2>Odporne na po\u015blizg buty do biegania w deszczu i \u015bniegu<\/h2>\n<p>Explore Skid-Proof Rain Snowy Running Shoes Boots.<\/p>\n<p>Kupuj hurtowo buty dla zwierz\u0105t domowych z fabryki, aby uzyska\u0107 bezkonkurencyjne ceny i jako\u015b\u0107.<\/p>","protected":false},"featured_media":8309,"template":"","meta":{"_seopress_robots_primary_cat":"none","_seopress_titles_title":"Skid-Proof Rain Snowy Running Shoes Boots - Manufacturers","_seopress_titles_desc":"Explore our Skid-Proof Rain Snowy Running Shoes Boots. Designed for comfort, they are perfect for wholesalers. Ensure pets are comfortable on every walk.","_seopress_robots_index":"","_uag_custom_page_level_css":""},"product_brand":[],"product_cat":[330,324],"product_tag":[],"class_list":{"0":"post-8304","1":"product","2":"type-product","3":"status-publish","4":"has-post-thumbnail","6":"product_cat-dog-shoes","7":"product_cat-pet-accessory","9":"first","10":"instock","11":"shipping-taxable","12":"product-type-simple"},"uagb_featured_image_src":{"full":["https:\/\/pecpets.com\/wp-content\/uploads\/2024\/07\/O1CN01oMMGZJ1iSHiSeBr4b_2756954411-0-cib.jpg",800,800,false],"thumbnail":["https:\/\/pecpets.com\/wp-content\/uploads\/2024\/07\/O1CN01oMMGZJ1iSHiSeBr4b_2756954411-0-cib-150x150.jpg",150,150,true],"medium":["https:\/\/pecpets.com\/wp-content\/uploads\/2024\/07\/O1CN01oMMGZJ1iSHiSeBr4b_2756954411-0-cib-300x300.jpg",300,300,true],"medium_large":["https:\/\/pecpets.com\/wp-content\/uploads\/2024\/07\/O1CN01oMMGZJ1iSHiSeBr4b_2756954411-0-cib-768x768.jpg",768,768,true],"large":["https:\/\/pecpets.com\/wp-content\/uploads\/2024\/07\/O1CN01oMMGZJ1iSHiSeBr4b_2756954411-0-cib.jpg",800,800,false],"1536x1536":["https:\/\/pecpets.com\/wp-content\/uploads\/2024\/07\/O1CN01oMMGZJ1iSHiSeBr4b_2756954411-0-cib.jpg",800,800,false],"2048x2048":["https:\/\/pecpets.com\/wp-content\/uploads\/2024\/07\/O1CN01oMMGZJ1iSHiSeBr4b_2756954411-0-cib.jpg",800,800,false],"trp-custom-language-flag":["https:\/\/pecpets.com\/wp-content\/uploads\/2024\/07\/O1CN01oMMGZJ1iSHiSeBr4b_2756954411-0-cib.jpg",12,12,false],"woocommerce_thumbnail":["https:\/\/pecpets.com\/wp-content\/uploads\/2024\/07\/O1CN01oMMGZJ1iSHiSeBr4b_2756954411-0-cib-300x300.jpg",300,300,true],"woocommerce_single":["https:\/\/pecpets.com\/wp-content\/uploads\/2024\/07\/O1CN01oMMGZJ1iSHiSeBr4b_2756954411-0-cib-600x600.jpg",600,600,true],"woocommerce_gallery_thumbnail":["https:\/\/pecpets.com\/wp-content\/uploads\/2024\/07\/O1CN01oMMGZJ1iSHiSeBr4b_2756954411-0-cib-100x100.jpg",100,100,true]},"uagb_author_info":{"display_name":"Lawrence\u00a0\u52b3\u4f26\u65af","author_link":"https:\/\/pecpets.com\/pl\/author\/"},"uagb_comment_info":0,"uagb_excerpt":"Skid-Proof Rain Snowy Running Shoes Boots Explore Skid-Proof Rain Snowy Running Shoes Boots. Shop wholesale pet shoes from the factory for unbeatable prices and quality.","_links":{"self":[{"href":"https:\/\/pecpets.com\/pl\/wp-json\/wp\/v2\/product\/8304","targetHints":{"allow":["GET"]}}],"collection":[{"href":"https:\/\/pecpets.com\/pl\/wp-json\/wp\/v2\/product"}],"about":[{"href":"https:\/\/pecpets.com\/pl\/wp-json\/wp\/v2\/types\/product"}],"wp:featuredmedia":[{"embeddable":true,"href":"https:\/\/pecpets.com\/pl\/wp-json\/wp\/v2\/media\/8309"}],"wp:attachment":[{"href":"https:\/\/pecpets.com\/pl\/wp-json\/wp\/v2\/media?parent=8304"}],"wp:term":[{"taxonomy":"product_brand","embeddable":true,"href":"https:\/\/pecpets.com\/pl\/wp-json\/wp\/v2\/product_brand?post=8304"},{"taxonomy":"product_cat","embeddable":true,"href":"https:\/\/pecpets.com\/pl\/wp-json\/wp\/v2\/product_cat?post=8304"},{"taxonomy":"product_tag","embeddable":true,"href":"https:\/\/pecpets.com\/pl\/wp-json\/wp\/v2\/product_tag?post=8304"}],"curies":[{"name":"wp","href":"https:\/\/api.w.org\/{rel}","templated":true}]}}