{"id":8325,"date":"2024-07-10T14:14:34","date_gmt":"2024-07-10T06:14:34","guid":{"rendered":"https:\/\/pecpets.com\/?post_type=product&#038;p=8325"},"modified":"2025-08-18T17:04:24","modified_gmt":"2025-08-18T09:04:24","slug":"pet-outdoor-snow-boots","status":"publish","type":"product","link":"https:\/\/pecpets.com\/pl\/product\/pet-outdoor-snow-boots\/","title":{"rendered":"\u015aniegowce dla zwierz\u0105t domowych"},"content":{"rendered":"<h2 data-immersive-translate-walked=\"b535e8cb-4fa8-4755-a6c9-df7ac573832a\">Wysokiej jako\u015bci \u015bniegowce dla zwierz\u0105t domowych - buty dla ps\u00f3w i akcesoria dla zwierz\u0105t hurtowo z fabryki<\/h2>\n<h3>Opis:<\/h3>\n<p>Wyposa\u017c swoje zwierzaki w nasze wysokiej jako\u015bci \u015bniegowce dla zwierz\u0105t domowych, najlepsze buty dla ps\u00f3w zaprojektowane w celu ochrony ich \u0142ap w \u015bnie\u017cnych i trudnych warunkach pogodowych. Te wytrzyma\u0142e akcesoria dla zwierz\u0105t zapewniaj\u0105 ciep\u0142o, komfort i przyczepno\u015b\u0107. Dost\u0119pne w sprzeda\u017cy hurtowej bezpo\u015brednio z naszej fabryki, oferuj\u0105 najwy\u017csz\u0105 jako\u015b\u0107 i konkurencyjne ceny.<\/p>\n<table width=\"288\">\n<tbody>\n<tr>\n<td width=\"137\"><span style=\"color: #333333;\">Nazwa produktu<\/span><\/td>\n<td width=\"151\"><span style=\"color: #333333;\">Buty dla zwierz\u0105t<\/span><\/td>\n<\/tr>\n<tr>\n<td><span style=\"color: #333333;\">Pozycja nr.<\/span><\/td>\n<td><span style=\"color: #333333;\">PA-S2013<\/span><\/td>\n<\/tr>\n<tr>\n<td><span style=\"color: #333333;\">Materia\u0142<\/span><\/td>\n<td><span style=\"color: #333333;\">Guma<\/span><\/td>\n<\/tr>\n<tr>\n<td><span style=\"color: #333333;\">\u00a0Rozmiar i kolor<\/span><\/td>\n<td><span style=\"color: #333333;\">Dostosowane<\/span><\/td>\n<\/tr>\n<tr>\n<td><span style=\"color: #333333;\">\u00a0Czas dostawy<\/span><\/td>\n<td><span style=\"color: #333333;\">1-5 dni dla ma\u0142ych ilo\u015bci drog\u0105 lotnicz\u0105 i 30-35 dni dla du\u017cych ilo\u015bci drog\u0105 morsk\u0105<\/span><\/td>\n<\/tr>\n<\/tbody>\n<\/table>\n<h4>Kluczowe cechy:<\/h4>\n<ul>\n<li><strong>Ochrona w ka\u017cdych warunkach pogodowych<\/strong>: Stworzone, aby chroni\u0107 \u0142apy psa przed \u015bniegiem, lodem i zimnem, zapewniaj\u0105c im ciep\u0142o i sucho\u015b\u0107.<\/li>\n<li><strong>Konstrukcja odporna na po\u015blizg<\/strong>: Antypo\u015blizgowa podeszwa zapewnia doskona\u0142\u0105 przyczepno\u015b\u0107 na \u015bliskich powierzchniach.<\/li>\n<li><strong>Wysokiej jako\u015bci materia\u0142y<\/strong>: Wykonane z wytrzyma\u0142ych, wodoodpornych materia\u0142\u00f3w, aby zapewni\u0107 trwa\u0142o\u015b\u0107 i d\u0142ugotrwa\u0142e u\u017cytkowanie.<\/li>\n<li><strong>Wygodne dopasowanie<\/strong>: Lekka i oddychaj\u0105ca konstrukcja, kt\u00f3ra zapewnia wygodne dopasowanie dla Twojego zwierzaka.<\/li>\n<li><strong>\u0141atwy do noszenia<\/strong>: \u0141atwe do zak\u0142adania i zdejmowania, z bezpiecznymi zapi\u0119ciami, kt\u00f3re utrzymuj\u0105 buty na miejscu.<\/li>\n<li><strong>Stylowy i praktyczny<\/strong>: \u0141\u0105czy funkcjonalno\u015b\u0107 z eleganckim wygl\u0105dem, dzi\u0119ki czemu jest niezb\u0119dnym akcesorium dla ka\u017cdego w\u0142a\u015bciciela zwierzaka.<\/li>\n<li><strong>Dost\u0119pno\u015b\u0107 hurtowa<\/strong>: Bezpo\u015brednio z fabryki, co zapewnia sta\u0142\u0105 jako\u015b\u0107 i op\u0142acalne ceny w przypadku zam\u00f3wie\u0144 hurtowych.<\/li>\n<\/ul>\n<h3>Idealny dla:<\/h3>\n<ul>\n<li>Pet owners are seeking high-quality, protective snow boots for their dogs.<\/li>\n<li>Detali\u015bci i hurtownicy poszukuj\u0105cy wysokiej jako\u015bci akcesori\u00f3w dla zwierz\u0105t w cenach fabrycznych.<\/li>\n<li>Businesses aim to offer their customers top-tier dog shoes that blend protection, comfort, and style.<\/li>\n<\/ul>\n<p>Chro\u0144 \u0142apy swojego psa dzi\u0119ki naszym wysokiej jako\u015bci \u015bniegowcom dla zwierz\u0105t domowych. Skontaktuj si\u0119 z nami ju\u017c dzi\u015b, aby uzyska\u0107 zapytania hurtowe i bezpo\u015brednie ceny fabryczne.<\/p>","protected":false},"excerpt":{"rendered":"<h2>\u015aniegowce dla zwierz\u0105t domowych<\/h2>\n<p>Explore Pet Outdoor Snow Boots.<\/p>\n<p>Kupuj hurtowo buty dla zwierz\u0105t domowych z fabryki, aby uzyska\u0107 bezkonkurencyjne ceny i jako\u015b\u0107.<\/p>","protected":false},"featured_media":8336,"template":"","meta":{"_seopress_robots_primary_cat":"none","_seopress_titles_title":"Pet Shoes: Pet Outdoor Snow Boots - Manufacturers","_seopress_titles_desc":"Explore our Pet Outdoor Snow Boots. Designed for comfort, they are perfect for wholesalers. Ensure pets are comfortable on every walk.","_seopress_robots_index":"","_uag_custom_page_level_css":""},"product_brand":[],"product_cat":[330,324],"product_tag":[],"class_list":{"0":"post-8325","1":"product","2":"type-product","3":"status-publish","4":"has-post-thumbnail","6":"product_cat-dog-shoes","7":"product_cat-pet-accessory","9":"first","10":"instock","11":"shipping-taxable","12":"product-type-simple"},"uagb_featured_image_src":{"full":["https:\/\/pecpets.com\/wp-content\/uploads\/2024\/07\/b8846137-a788-4c32-a268-ca732ba65a66.jpeg",1500,1500,false],"thumbnail":["https:\/\/pecpets.com\/wp-content\/uploads\/2024\/07\/b8846137-a788-4c32-a268-ca732ba65a66-150x150.jpeg",150,150,true],"medium":["https:\/\/pecpets.com\/wp-content\/uploads\/2024\/07\/b8846137-a788-4c32-a268-ca732ba65a66-300x300.jpeg",300,300,true],"medium_large":["https:\/\/pecpets.com\/wp-content\/uploads\/2024\/07\/b8846137-a788-4c32-a268-ca732ba65a66-768x768.jpeg",768,768,true],"large":["https:\/\/pecpets.com\/wp-content\/uploads\/2024\/07\/b8846137-a788-4c32-a268-ca732ba65a66-1024x1024.jpeg",800,800,true],"1536x1536":["https:\/\/pecpets.com\/wp-content\/uploads\/2024\/07\/b8846137-a788-4c32-a268-ca732ba65a66.jpeg",1500,1500,false],"2048x2048":["https:\/\/pecpets.com\/wp-content\/uploads\/2024\/07\/b8846137-a788-4c32-a268-ca732ba65a66.jpeg",1500,1500,false],"trp-custom-language-flag":["https:\/\/pecpets.com\/wp-content\/uploads\/2024\/07\/b8846137-a788-4c32-a268-ca732ba65a66.jpeg",12,12,false],"woocommerce_thumbnail":["https:\/\/pecpets.com\/wp-content\/uploads\/2024\/07\/b8846137-a788-4c32-a268-ca732ba65a66-300x300.jpeg",300,300,true],"woocommerce_single":["https:\/\/pecpets.com\/wp-content\/uploads\/2024\/07\/b8846137-a788-4c32-a268-ca732ba65a66-600x600.jpeg",600,600,true],"woocommerce_gallery_thumbnail":["https:\/\/pecpets.com\/wp-content\/uploads\/2024\/07\/b8846137-a788-4c32-a268-ca732ba65a66-100x100.jpeg",100,100,true]},"uagb_author_info":{"display_name":"Lawrence\u00a0\u52b3\u4f26\u65af","author_link":"https:\/\/pecpets.com\/pl\/author\/"},"uagb_comment_info":0,"uagb_excerpt":"Pet Outdoor Snow Boots Explore Pet Outdoor Snow Boots. Shop wholesale pet shoes from the factory for unbeatable prices and quality.","_links":{"self":[{"href":"https:\/\/pecpets.com\/pl\/wp-json\/wp\/v2\/product\/8325","targetHints":{"allow":["GET"]}}],"collection":[{"href":"https:\/\/pecpets.com\/pl\/wp-json\/wp\/v2\/product"}],"about":[{"href":"https:\/\/pecpets.com\/pl\/wp-json\/wp\/v2\/types\/product"}],"wp:featuredmedia":[{"embeddable":true,"href":"https:\/\/pecpets.com\/pl\/wp-json\/wp\/v2\/media\/8336"}],"wp:attachment":[{"href":"https:\/\/pecpets.com\/pl\/wp-json\/wp\/v2\/media?parent=8325"}],"wp:term":[{"taxonomy":"product_brand","embeddable":true,"href":"https:\/\/pecpets.com\/pl\/wp-json\/wp\/v2\/product_brand?post=8325"},{"taxonomy":"product_cat","embeddable":true,"href":"https:\/\/pecpets.com\/pl\/wp-json\/wp\/v2\/product_cat?post=8325"},{"taxonomy":"product_tag","embeddable":true,"href":"https:\/\/pecpets.com\/pl\/wp-json\/wp\/v2\/product_tag?post=8325"}],"curies":[{"name":"wp","href":"https:\/\/api.w.org\/{rel}","templated":true}]}}