{"id":8461,"date":"2024-07-11T14:09:24","date_gmt":"2024-07-11T06:09:24","guid":{"rendered":"https:\/\/pecpets.com\/?post_type=product&#038;p=8461"},"modified":"2025-08-20T17:21:21","modified_gmt":"2025-08-20T09:21:21","slug":"blank-large-clothes-for-dogs","status":"publish","type":"product","link":"https:\/\/pecpets.com\/pl\/product\/blank-large-clothes-for-dogs\/","title":{"rendered":"Puste du\u017ce ubrania dla ps\u00f3w"},"content":{"rendered":"<h2 data-immersive-translate-walked=\"f36f68ab-127d-4e10-955b-f6ada5d45339\">Puste du\u017ce ubrania dla ps\u00f3w | Wysokiej jako\u015bci odzie\u017c dla zwierz\u0105t domowych i hurtownia ubra\u0144 dla ps\u00f3w z fabryki<\/h2>\n<h3>Opis:<\/h3>\n<p>Introducing our Blank Large Clothes for Dogs, the ideal pet apparel designed for comfort and versatility.<\/p>\n<p>Perfect for customization or everyday wear, these dog clothes are made with high-quality materials to ensure durability and comfort. Available for wholesale directly from our factory, they offer superior quality and competitive pricing.<\/p>\n<table style=\"height: 269px;\" width=\"287\">\n<tbody>\n<tr>\n<td width=\"137\"><span style=\"color: #333333;\">Nazwa produktu<\/span><\/td>\n<td width=\"151\"><span style=\"color: #333333;\">Odzie\u017c dla zwierz\u0105t<\/span><\/td>\n<\/tr>\n<tr>\n<td><span style=\"color: #333333;\">Pozycja nr.<\/span><\/td>\n<td><span style=\"color: #333333;\">P-C2203<\/span><\/td>\n<\/tr>\n<tr>\n<td><span style=\"color: #333333;\">Materia\u0142<\/span><\/td>\n<td>Bawe\u0142na, poliester, polar<\/td>\n<\/tr>\n<tr>\n<td><span style=\"color: #333333;\">\u00a0Rozmiar i kolor<\/span><\/td>\n<td><span style=\"color: #333333;\">Dostosowane<\/span><\/td>\n<\/tr>\n<tr>\n<td><span style=\"color: #333333;\">\u00a0Czas dostawy<\/span><\/td>\n<td><span style=\"color: #333333;\">1-5 dni dla ma\u0142ych ilo\u015bci drog\u0105 lotnicz\u0105 i 30-35 dni dla du\u017cych ilo\u015bci drog\u0105 morsk\u0105.<\/span><\/td>\n<\/tr>\n<\/tbody>\n<\/table>\n<h4>Kluczowe cechy:<\/h4>\n<ul>\n<li><strong>Wysokiej jako\u015bci tkanina<\/strong>: Wykonane z mi\u0119kkich, wytrzyma\u0142ych materia\u0142\u00f3w, kt\u00f3re zapewniaj\u0105 komfort i d\u0142ugotrwa\u0142e noszenie.<\/li>\n<li><strong>Idealny do personalizacji<\/strong>: Pusta konstrukcja idealna do personalizacji, umo\u017cliwiaj\u0105ca umieszczenie logo, wzor\u00f3w lub marki.<\/li>\n<li><strong>Wygodne dopasowanie<\/strong>: Zaprojektowany, aby wygodnie dopasowa\u0107 si\u0119 do du\u017cych ps\u00f3w, z \u0142atwymi do noszenia funkcjami.<\/li>\n<li><strong>Wszechstronne zastosowanie<\/strong>: Nadaje si\u0119 do noszenia na co dzie\u0144, na specjalne okazje lub imprezy promocyjne.<\/li>\n<li><strong>\u0141atwo\u015b\u0107 czyszczenia<\/strong>: Nadaje si\u0119 do prania w pralce i jest \u0142atwa w utrzymaniu, zapewniaj\u0105c wygod\u0119 w\u0142a\u015bcicielom zwierz\u0105t.<\/li>\n<li><strong>Stylowy i praktyczny<\/strong>: \u0141\u0105czy funkcjonalno\u015b\u0107 z eleganckim wygl\u0105dem.<\/li>\n<li><strong>Dost\u0119pno\u015b\u0107 hurtowa<\/strong>: Bezpo\u015brednio z fabryki, co zapewnia sta\u0142\u0105 jako\u015b\u0107 i op\u0142acalne ceny w przypadku zam\u00f3wie\u0144 hurtowych.<\/li>\n<\/ul>\n<h3>Idealny dla:<\/h3>\n<ul>\n<li>Pet owners are looking for high-quality, blank apparel for their large dogs.<\/li>\n<li>Detali\u015bci i hurtownicy poszukuj\u0105cy wysokiej jako\u015bci ubra\u0144 dla ps\u00f3w w cenach fabrycznych.<\/li>\n<li>Firmy, kt\u00f3re chc\u0105 oferowa\u0107 konfigurowaln\u0105 odzie\u017c dla zwierz\u0105t domowych do cel\u00f3w brandingowych lub promocyjnych.<\/li>\n<\/ul>\n<p>Equip your pet apparel collection with our versatile Blank Large Clothes for Dogs.<\/p>\n<p>Skontaktuj si\u0119 z nami ju\u017c dzi\u015b <span style=\"color: #ff0000;\"><a style=\"color: #ff0000;\" href=\"https:\/\/pecpets.com\/pl\/kategoria-produktu\/pet-clothing\/\" target=\"_blank\" rel=\"noopener\">zapytania hurtowe<\/a><\/span> i ceny fabryczne.<\/p>","protected":false},"excerpt":{"rendered":"<h2><strong><b>Hurtownia du\u017cych ubra\u0144 dla ps\u00f3w<\/b><\/strong><\/h2>\n<p>Odkryj Puste du\u017ce ubrania dla ps\u00f3w.<\/p>\n<p>Zadbaj o styl swoich zwierz\u0105t dzi\u0119ki naszym wysokiej jako\u015bci wzorom.<\/p>\n<h3><\/h3>","protected":false},"featured_media":8467,"template":"","meta":{"_seopress_robots_primary_cat":"none","_seopress_titles_title":"Pet Clothes: Blank Large Clothes For Dogs - Manufacturers","_seopress_titles_desc":"Explore our Blank Large Clothes For Dogs, including pet halloween Costumes. Shop wholesale pet clothes from the factory for unbeatable prices and quality","_seopress_robots_index":"","_uag_custom_page_level_css":""},"product_brand":[],"product_cat":[364,23,389],"product_tag":[],"class_list":{"0":"post-8461","1":"product","2":"type-product","3":"status-publish","4":"has-post-thumbnail","6":"product_cat-basic-dog-clothing","7":"product_cat-pet-clothing","8":"product_cat-pet-hoodies","10":"first","11":"instock","12":"shipping-taxable","13":"product-type-simple"},"uagb_featured_image_src":{"full":["https:\/\/pecpets.com\/wp-content\/uploads\/2024\/07\/Blank-Large-Clothes-For-Dogs6.jpeg",1000,1000,false],"thumbnail":["https:\/\/pecpets.com\/wp-content\/uploads\/2024\/07\/Blank-Large-Clothes-For-Dogs6-150x150.jpeg",150,150,true],"medium":["https:\/\/pecpets.com\/wp-content\/uploads\/2024\/07\/Blank-Large-Clothes-For-Dogs6-300x300.jpeg",300,300,true],"medium_large":["https:\/\/pecpets.com\/wp-content\/uploads\/2024\/07\/Blank-Large-Clothes-For-Dogs6-768x768.jpeg",768,768,true],"large":["https:\/\/pecpets.com\/wp-content\/uploads\/2024\/07\/Blank-Large-Clothes-For-Dogs6.jpeg",800,800,false],"1536x1536":["https:\/\/pecpets.com\/wp-content\/uploads\/2024\/07\/Blank-Large-Clothes-For-Dogs6.jpeg",1000,1000,false],"2048x2048":["https:\/\/pecpets.com\/wp-content\/uploads\/2024\/07\/Blank-Large-Clothes-For-Dogs6.jpeg",1000,1000,false],"trp-custom-language-flag":["https:\/\/pecpets.com\/wp-content\/uploads\/2024\/07\/Blank-Large-Clothes-For-Dogs6-12x12.jpeg",12,12,true],"woocommerce_thumbnail":["https:\/\/pecpets.com\/wp-content\/uploads\/2024\/07\/Blank-Large-Clothes-For-Dogs6-300x300.jpeg",300,300,true],"woocommerce_single":["https:\/\/pecpets.com\/wp-content\/uploads\/2024\/07\/Blank-Large-Clothes-For-Dogs6-600x600.jpeg",600,600,true],"woocommerce_gallery_thumbnail":["https:\/\/pecpets.com\/wp-content\/uploads\/2024\/07\/Blank-Large-Clothes-For-Dogs6-100x100.jpeg",100,100,true]},"uagb_author_info":{"display_name":"Lawrence\u00a0\u52b3\u4f26\u65af","author_link":"https:\/\/pecpets.com\/pl\/author\/"},"uagb_comment_info":0,"uagb_excerpt":"Wholesale Blank Large Clothes For Dogs Discover Blank Large Clothes For Dogs. Keep your pets stylish with our high-quality designs.","_links":{"self":[{"href":"https:\/\/pecpets.com\/pl\/wp-json\/wp\/v2\/product\/8461","targetHints":{"allow":["GET"]}}],"collection":[{"href":"https:\/\/pecpets.com\/pl\/wp-json\/wp\/v2\/product"}],"about":[{"href":"https:\/\/pecpets.com\/pl\/wp-json\/wp\/v2\/types\/product"}],"wp:featuredmedia":[{"embeddable":true,"href":"https:\/\/pecpets.com\/pl\/wp-json\/wp\/v2\/media\/8467"}],"wp:attachment":[{"href":"https:\/\/pecpets.com\/pl\/wp-json\/wp\/v2\/media?parent=8461"}],"wp:term":[{"taxonomy":"product_brand","embeddable":true,"href":"https:\/\/pecpets.com\/pl\/wp-json\/wp\/v2\/product_brand?post=8461"},{"taxonomy":"product_cat","embeddable":true,"href":"https:\/\/pecpets.com\/pl\/wp-json\/wp\/v2\/product_cat?post=8461"},{"taxonomy":"product_tag","embeddable":true,"href":"https:\/\/pecpets.com\/pl\/wp-json\/wp\/v2\/product_tag?post=8461"}],"curies":[{"name":"wp","href":"https:\/\/api.w.org\/{rel}","templated":true}]}}