{"id":8538,"date":"2024-07-11T17:28:19","date_gmt":"2024-07-11T09:28:19","guid":{"rendered":"https:\/\/pecpets.com\/?post_type=product&#038;p=8538"},"modified":"2024-07-11T17:39:43","modified_gmt":"2024-07-11T09:39:43","slug":"halloween-pumpkin-dog-costume-pet-clothes","status":"publish","type":"product","link":"https:\/\/pecpets.com\/pl\/product\/halloween-pumpkin-dog-costume-pet-clothes\/","title":{"rendered":"Kostium dla psa z dyni\u0105 na Halloween"},"content":{"rendered":"<h2 data-immersive-translate-walked=\"f36f68ab-127d-4e10-955b-f6ada5d45339\">Halloweenowy kostium dyni dla zwierz\u0105t domowych - wysokiej jako\u015bci odzie\u017c dla zwierz\u0105t domowych i hurtownia ubra\u0144 dla ps\u00f3w z fabryki<\/h2>\n<h3>Opis:<\/h3>\n<p>\u015awi\u0119tuj upiorny sezon w dobrym stylu dzi\u0119ki naszym ubrankom dla ps\u00f3w z kostiumem dyni na Halloween. Te wysokiej jako\u015bci elementy odzie\u017cy dla zwierz\u0105t zosta\u0142y zaprojektowane tak, aby zapewni\u0107 zar\u00f3wno wygod\u0119, jak i \u015bwi\u0105teczny wygl\u0105d Twoim futrzanym przyjacio\u0142om. Idealne na imprezy Halloween i cukierek albo psikus, te kostiumy s\u0105 doskona\u0142ym dodatkiem do garderoby ka\u017cdego zwierzaka. Dost\u0119pne w sprzeda\u017cy hurtowej bezpo\u015brednio z naszej fabryki, zapewniaj\u0105 najwy\u017csz\u0105 jako\u015b\u0107 i konkurencyjne ceny, idealne dla firm, kt\u00f3re chc\u0105 rozszerzy\u0107 swoj\u0105 sezonow\u0105 ofert\u0119.<\/p>\n<h4>Kluczowe cechy:<\/h4>\n<ul>\n<li><strong>\u015awi\u0105teczny design<\/strong>: Uroczy kostium z motywem dyni, idealny na Halloween.<\/li>\n<li><strong>Wysokiej jako\u015bci tkanina<\/strong>: Wykonane z trwa\u0142ych, wygodnych materia\u0142\u00f3w, kt\u00f3re zapewniaj\u0105 zwierz\u0119tom przytulno\u015b\u0107.<\/li>\n<li><strong>Wygodne dopasowanie<\/strong>: Zaprojektowany tak, aby pasowa\u0142 do ps\u00f3w o r\u00f3\u017cnych rozmiarach, umo\u017cliwiaj\u0105c \u0142atwe poruszanie si\u0119.<\/li>\n<li><strong>Wytrzyma\u0142a konstrukcja<\/strong>: Wysokiej jako\u015bci wykonanie zapewnia d\u0142ugotrwa\u0142e u\u017cytkowanie.<\/li>\n<li><strong>\u0141atwo\u015b\u0107 czyszczenia<\/strong>: Nadaje si\u0119 do prania w pralce i jest \u0142atwa w utrzymaniu, zapewniaj\u0105c wygod\u0119 w\u0142a\u015bcicielom zwierz\u0105t.<\/li>\n<li><strong>Stylowy i praktyczny<\/strong>: \u0141\u0105czy od\u015bwi\u0119tny wygl\u0105d z wygod\u0105, dzi\u0119ki czemu jest niezb\u0119dny na ka\u017cd\u0105 imprez\u0119 Halloween.<\/li>\n<li><strong>Dost\u0119pno\u015b\u0107 hurtowa<\/strong>: Bezpo\u015brednio z fabryki, co zapewnia sta\u0142\u0105 jako\u015b\u0107 i op\u0142acalne ceny w przypadku zam\u00f3wie\u0144 hurtowych.<\/li>\n<\/ul>\n<h3>Idealny dla:<\/h3>\n<ul>\n<li>W\u0142a\u015bciciele zwierz\u0105t szukaj\u0105 wysokiej jako\u015bci, od\u015bwi\u0119tnych kostium\u00f3w na Halloween dla swoich ps\u00f3w.<\/li>\n<li>Detali\u015bci i hurtownicy poszukuj\u0105cy wysokiej jako\u015bci odzie\u017cy dla zwierz\u0105t domowych w cenach fabrycznych.<\/li>\n<li>Firmy, kt\u00f3rych celem jest oferowanie unikalnych i sezonowych ubranek dla ps\u00f3w dla swoich klient\u00f3w.<\/li>\n<\/ul>\n<p>Uczy\u0144 to Halloween niezapomnianym dzi\u0119ki naszym Halloweenowym kostiumom dla ps\u00f3w z dyni. Skontaktuj si\u0119 z nami ju\u017c dzi\u015b, aby uzyska\u0107 zapytania hurtowe i bezpo\u015brednie ceny fabryczne.<\/p>","protected":false},"excerpt":{"rendered":"<h3>Kostium dla psa z dyni\u0105 na Halloween<\/h3>\n<table style=\"border-collapse: collapse; background-color: #ffffff; width: 721px; height: 192px;\" border=\"1\">\n<tbody>\n<tr>\n<td style=\"font-family: Verdana, Arial, Helvetica, sans-serif; font-size: 12px; color: #000000; margin: 8px; width: 187px; text-align: center;\"><span style=\"line-height: 21px; font-size: 14px;\">Nazwa produktu<\/span><\/td>\n<td style=\"font-family: Verdana, Arial, Helvetica, sans-serif; font-size: 12px; color: #000000; margin: 8px; width: 526px; text-align: center;\">Odzie\u017c dla zwierz\u0105t<\/td>\n<\/tr>\n<tr>\n<td style=\"font-family: Verdana, Arial, Helvetica, sans-serif; font-size: 12px; color: #000000; margin: 8px; width: 187px; text-align: center;\"><span style=\"line-height: 21px; font-size: 14px;\">Pozycja nr.<\/span><\/td>\n<td style=\"font-family: Verdana, Arial, Helvetica, sans-serif; font-size: 12px; color: #000000; margin: 8px; width: 526px; text-align: center;\"><span style=\"line-height: 21px; font-size: 14px;\">Y2129<\/span><\/td>\n<\/tr>\n<tr>\n<td style=\"font-family: Verdana, Arial, Helvetica, sans-serif; font-size: 12px; color: #000000; margin: 8px; width: 187px; text-align: center;\"><span style=\"line-height: 21px; color: #333333; font-family: Arial, Helvetica; font-size: 14px; font-style: normal; font-weight: 400; background-color: #ffffff; float: none; display: inline !important;\">Materia\u0142<\/span><\/td>\n<td style=\"font-family: Verdana, Arial, Helvetica, sans-serif; font-size: 12px; color: #000000; margin: 8px; width: 526px; text-align: center;\"><span style=\"font-size: 14px;\">Poliester<\/span><\/td>\n<\/tr>\n<tr>\n<td style=\"font-family: Verdana, Arial, Helvetica, sans-serif; font-size: 12px; color: #000000; margin: 8px; width: 187px; text-align: center;\"><span style=\"line-height: 21px; font-size: 14px;\">\u00a0Rozmiar<\/span><\/td>\n<td style=\"font-family: Verdana, Arial, Helvetica, sans-serif; font-size: 12px; color: #000000; margin: 8px; width: 526px; text-align: center;\"><span style=\"font-size: 14px;\">Rozmiar niestandardowy<\/span><\/td>\n<\/tr>\n<tr>\n<td style=\"font-family: Verdana, Arial, Helvetica, sans-serif; font-size: 12px; color: #000000; margin: 8px; width: 187px; text-align: center;\"><span style=\"line-height: 21px; font-size: 14px;\">\u00a0Kolor<\/span><\/td>\n<td style=\"font-family: Verdana, Arial, Helvetica, sans-serif; font-size: 12px; color: #000000; margin: 8px; width: 526px; text-align: center;\"><span style=\"line-height: 21px; font-size: 14px;\">Kolor niestandardowy\u00a0<\/span><\/td>\n<\/tr>\n<tr>\n<td style=\"font-family: Verdana, Arial, Helvetica, sans-serif; font-size: 12px; color: #000000; margin: 8px; width: 187px; text-align: center;\"><span style=\"line-height: 21px; font-size: 14px;\">\u00a0<span style=\"line-height: 21px; color: #333333; font-family: Arial, Helvetica; font-size: 14px; font-style: normal; font-weight: 400; background-color: #ffffff; float: none; display: inline !important;\">Typ zwierz\u0119cia<\/span><\/span><\/td>\n<td style=\"font-family: Verdana, Arial, Helvetica, sans-serif; font-size: 12px; color: #000000; margin: 8px; width: 526px; text-align: center;\"><span style=\"line-height: 21px; font-size: 14px;\">\u00a0Ca\u0142y pies<\/span><\/td>\n<\/tr>\n<tr>\n<td style=\"font-family: Verdana, Arial, Helvetica, sans-serif; font-size: 12px; color: #000000; margin: 8px; width: 187px; text-align: center;\"><span style=\"line-height: 21px; font-size: 14px;\">\u00a0<span style=\"line-height: 21px; color: #333333; font-family: Arial, Helvetica; font-size: 14px; font-style: normal; font-weight: 400; background-color: #ffffff; float: none; display: inline !important;\">Czas dostawy<\/span><\/span><\/td>\n<td style=\"font-family: Verdana, Arial, Helvetica, sans-serif; font-size: 12px; color: #000000; margin: 8px; width: 526px; text-align: center;\"><span style=\"line-height: 21px; font-size: 14px;\"><span style=\"line-height: 21px; color: #000000; font-family: Verdana, Arial, Helvetica, sans-serif; font-size: 14px; font-style: normal; font-weight: 400; background-color: #ffffff; float: none; display: inline !important;\">1-5 dni dla ma\u0142ych ilo\u015bci drog\u0105 lotnicz\u0105 i 30-35 dni dla du\u017cych ilo\u015bci drog\u0105 morsk\u0105<\/span>\u00a0<\/span><\/td>\n<\/tr>\n<tr>\n<td style=\"font-family: Verdana, Arial, Helvetica, sans-serif; font-size: 12px; color: #000000; margin: 8px; width: 187px; text-align: center;\"><span style=\"line-height: 21px; font-size: 14px;\">\u00a0<span style=\"line-height: 21px; color: #333333; font-family: Arial, Helvetica; font-size: 14px; font-style: normal; font-weight: 400; background-color: #ffffff; float: none; display: inline !important;\">Port wysy\u0142ki<\/span><\/span><\/td>\n<td style=\"font-family: Verdana, Arial, Helvetica, sans-serif; font-size: 12px; color: #000000; margin: 8px; width: 526px; text-align: center;\"><span style=\"line-height: 21px; font-size: 14px;\">Xiamen\u00a0<\/span><\/td>\n<\/tr>\n<tr>\n<td style=\"font-family: Verdana, Arial, Helvetica, sans-serif; font-size: 12px; color: #000000; margin: 8px; width: 187px; text-align: center;\"><span style=\"line-height: 21px; font-size: 14px;\">\u00a0<span style=\"line-height: 21px; color: #333333; font-family: Arial, Helvetica; font-size: 14px; font-style: normal; font-weight: 400; background-color: #ffffff; float: none; display: inline !important;\">OEM\/ODM<\/span><\/span><\/td>\n<td style=\"font-family: Verdana, Arial, Helvetica, sans-serif; font-size: 12px; color: #000000; margin: 8px; width: 526px; text-align: center;\"><span style=\"line-height: 21px; font-size: 14px;\">\u00a0<span style=\"line-height: 21px; color: #333333; font-family: Arial, Helvetica; font-size: 14px; font-style: normal; font-weight: 400; background-color: #ffffff; float: none; display: inline !important;\">Dost\u0119pne<\/span><\/span><\/td>\n<\/tr>\n<tr>\n<td style=\"font-family: Verdana, Arial, Helvetica, sans-serif; font-size: 12px; color: #000000; margin: 8px; width: 187px; text-align: center;\"><span style=\"line-height: 21px; font-size: 14px;\">\u00a0<span style=\"line-height: 21px; color: #333333; font-family: Arial, Helvetica; font-size: 14px; font-style: normal; font-weight: 400; background-color: #ffffff; float: none; display: inline !important;\">Pakiet<\/span><\/span><\/td>\n<td style=\"font-family: Verdana, Arial, Helvetica, sans-serif; font-size: 12px; color: #000000; margin: 8px; width: 526px; text-align: center;\"><span style=\"line-height: 21px; font-size: 14px;\"><span style=\"line-height: 21px; color: #333333; font-family: Arial, Helvetica; font-size: 14px; font-style: normal; font-weight: 400; background-color: #ffffff; float: none; display: inline !important;\">Ka\u017cdy zapakowany w PPB, a nast\u0119pnie w karton lub wed\u0142ug potrzeb<\/span><\/span><\/td>\n<\/tr>\n<\/tbody>\n<\/table>","protected":false},"featured_media":8540,"template":"","meta":{"_seopress_robots_primary_cat":"none","_seopress_titles_title":"Halloween Pumpkin Dog Costume Pet Clothes - Manufacturers","_seopress_titles_desc":"Explore Halloween Pumpkin Dog Costume Pet Clothes, including pet Costumes. Shop wholesale pet clothes from the factory for unbeatable prices and quality","_seopress_robots_index":"","_uag_custom_page_level_css":""},"product_brand":[],"product_cat":[365,23,390],"product_tag":[],"class_list":{"0":"post-8538","1":"product","2":"type-product","3":"status-publish","4":"has-post-thumbnail","6":"product_cat-functional-dog-clothing","7":"product_cat-pet-clothing","8":"product_cat-pet-holiday-clothes","10":"first","11":"instock","12":"shipping-taxable","13":"product-type-simple"},"uagb_featured_image_src":{"full":["https:\/\/pecpets.com\/wp-content\/uploads\/2024\/07\/Halloween-Pumpkin-Dog-Costume-Pet-Clothes2.jpeg",726,726,false],"thumbnail":["https:\/\/pecpets.com\/wp-content\/uploads\/2024\/07\/Halloween-Pumpkin-Dog-Costume-Pet-Clothes2-150x150.jpeg",150,150,true],"medium":["https:\/\/pecpets.com\/wp-content\/uploads\/2024\/07\/Halloween-Pumpkin-Dog-Costume-Pet-Clothes2-300x300.jpeg",300,300,true],"medium_large":["https:\/\/pecpets.com\/wp-content\/uploads\/2024\/07\/Halloween-Pumpkin-Dog-Costume-Pet-Clothes2.jpeg",726,726,false],"large":["https:\/\/pecpets.com\/wp-content\/uploads\/2024\/07\/Halloween-Pumpkin-Dog-Costume-Pet-Clothes2.jpeg",726,726,false],"1536x1536":["https:\/\/pecpets.com\/wp-content\/uploads\/2024\/07\/Halloween-Pumpkin-Dog-Costume-Pet-Clothes2.jpeg",726,726,false],"2048x2048":["https:\/\/pecpets.com\/wp-content\/uploads\/2024\/07\/Halloween-Pumpkin-Dog-Costume-Pet-Clothes2.jpeg",726,726,false],"trp-custom-language-flag":["https:\/\/pecpets.com\/wp-content\/uploads\/2024\/07\/Halloween-Pumpkin-Dog-Costume-Pet-Clothes2-12x12.jpeg",12,12,true],"woocommerce_thumbnail":["https:\/\/pecpets.com\/wp-content\/uploads\/2024\/07\/Halloween-Pumpkin-Dog-Costume-Pet-Clothes2-300x300.jpeg",300,300,true],"woocommerce_single":["https:\/\/pecpets.com\/wp-content\/uploads\/2024\/07\/Halloween-Pumpkin-Dog-Costume-Pet-Clothes2-600x600.jpeg",600,600,true],"woocommerce_gallery_thumbnail":["https:\/\/pecpets.com\/wp-content\/uploads\/2024\/07\/Halloween-Pumpkin-Dog-Costume-Pet-Clothes2-100x100.jpeg",100,100,true]},"uagb_author_info":{"display_name":"Lawrence\u00a0\u52b3\u4f26\u65af","author_link":"https:\/\/pecpets.com\/pl\/author\/"},"uagb_comment_info":0,"uagb_excerpt":"Halloween Pumpkin Dog Costume Pet Clothes Products Name Pet Clothes Item No. Y2129 Material Polyester \u00a0Size Custom Size \u00a0Color Custom Color\u00a0 \u00a0Pet type \u00a0All Dog \u00a0Delivery time 1-5days\u00a0for small quantity by air and 30-35days for large quantity by sea\u00a0 \u00a0Port of shipment Xiamen\u00a0 \u00a0OEM\/ODM \u00a0Available \u00a0Package Each one packed in a PPB then into Carton&hellip;","_links":{"self":[{"href":"https:\/\/pecpets.com\/pl\/wp-json\/wp\/v2\/product\/8538","targetHints":{"allow":["GET"]}}],"collection":[{"href":"https:\/\/pecpets.com\/pl\/wp-json\/wp\/v2\/product"}],"about":[{"href":"https:\/\/pecpets.com\/pl\/wp-json\/wp\/v2\/types\/product"}],"wp:featuredmedia":[{"embeddable":true,"href":"https:\/\/pecpets.com\/pl\/wp-json\/wp\/v2\/media\/8540"}],"wp:attachment":[{"href":"https:\/\/pecpets.com\/pl\/wp-json\/wp\/v2\/media?parent=8538"}],"wp:term":[{"taxonomy":"product_brand","embeddable":true,"href":"https:\/\/pecpets.com\/pl\/wp-json\/wp\/v2\/product_brand?post=8538"},{"taxonomy":"product_cat","embeddable":true,"href":"https:\/\/pecpets.com\/pl\/wp-json\/wp\/v2\/product_cat?post=8538"},{"taxonomy":"product_tag","embeddable":true,"href":"https:\/\/pecpets.com\/pl\/wp-json\/wp\/v2\/product_tag?post=8538"}],"curies":[{"name":"wp","href":"https:\/\/api.w.org\/{rel}","templated":true}]}}