{"id":8675,"date":"2024-07-12T15:51:07","date_gmt":"2024-07-12T07:51:07","guid":{"rendered":"https:\/\/pecpets.com\/?post_type=product&#038;p=8675"},"modified":"2024-10-22T18:21:31","modified_gmt":"2024-10-22T10:21:31","slug":"new-pet-cat-dog-clothes-summer","status":"publish","type":"product","link":"https:\/\/pecpets.com\/pl\/product\/new-pet-cat-dog-clothes-summer\/","title":{"rendered":"Nowe letnie ubrania dla kot\u00f3w i ps\u00f3w"},"content":{"rendered":"<h2>Nowe letnie ubrania dla kot\u00f3w i ps\u00f3w - wysokiej jako\u015bci odzie\u017c dla zwierz\u0105t i ubrania dla ps\u00f3w z hurtowni<\/h2>\n<h3>Opis:<\/h3>\n<p>Odkryj najnowsz\u0105 letni\u0105 mod\u0119 dla zwierz\u0105t domowych dzi\u0119ki naszej nowej letniej kolekcji ubranek dla kot\u00f3w i ps\u00f3w. Jako zaufany dostawca wysokiej jako\u015bci odzie\u017cy dla zwierz\u0105t domowych, oferujemy stylowe i wygodne ubranka dla ps\u00f3w idealne na cieplejsze miesi\u0105ce. Idealne dla nabywc\u00f3w hurtowych, nasze letnie ubranka dla zwierz\u0105t pochodz\u0105 bezpo\u015brednio z fabryki, zapewniaj\u0105c najwy\u017csz\u0105 jako\u015b\u0107 w bezkonkurencyjnych cenach.<\/p>\n<table style=\"border-collapse: collapse; background-color: #ffffff; width: 333px; height: 250px;\" border=\"1\">\n<tbody>\n<tr>\n<td style=\"font-family: Verdana, Arial, Helvetica, sans-serif; font-size: 12px; color: #000000; margin: 8px; width: 187px; text-align: center;\"><span style=\"line-height: 21px; font-size: 14px;\">Nazwa produktu<\/span><\/td>\n<td style=\"font-family: Verdana, Arial, Helvetica, sans-serif; font-size: 12px; color: #000000; margin: 8px; width: 526px; text-align: center;\">Koszulki dla zwierz\u0105t<\/td>\n<\/tr>\n<tr>\n<td style=\"font-family: Verdana, Arial, Helvetica, sans-serif; font-size: 12px; color: #000000; margin: 8px; width: 187px; text-align: center;\"><span style=\"line-height: 21px; font-size: 14px;\">Pozycja nr.<\/span><\/td>\n<td style=\"font-family: Verdana, Arial, Helvetica, sans-serif; font-size: 12px; color: #000000; margin: 8px; width: 526px; text-align: center;\"><span style=\"line-height: 21px; font-size: 14px;\">P-S2007<\/span><\/td>\n<\/tr>\n<tr>\n<td style=\"font-family: Verdana, Arial, Helvetica, sans-serif; font-size: 12px; color: #000000; margin: 8px; width: 187px; text-align: center;\"><span style=\"line-height: 21px; color: #333333; font-family: Arial, Helvetica; font-size: 14px; font-style: normal; font-weight: 400; background-color: #ffffff; float: none; display: inline !important;\">Materia\u0142<\/span><\/td>\n<td style=\"font-family: Verdana, Arial, Helvetica, sans-serif; font-size: 12px; color: #000000; margin: 8px; width: 526px; text-align: center;\">Bawe\u0142na, poliester<\/td>\n<\/tr>\n<tr>\n<td style=\"font-family: Verdana, Arial, Helvetica, sans-serif; font-size: 12px; color: #000000; margin: 8px; width: 187px; text-align: center;\"><span style=\"line-height: 21px; font-size: 14px;\">\u00a0Rozmiar<\/span><\/td>\n<td style=\"font-family: Verdana, Arial, Helvetica, sans-serif; font-size: 12px; color: #000000; margin: 8px; width: 526px; text-align: center;\"><span style=\"font-size: 14px;\">Rozmiar niestandardowy<\/span><\/td>\n<\/tr>\n<tr>\n<td style=\"font-family: Verdana, Arial, Helvetica, sans-serif; font-size: 12px; color: #000000; margin: 8px; width: 187px; text-align: center;\"><span style=\"line-height: 21px; font-size: 14px;\">\u00a0Kolor<\/span><\/td>\n<td style=\"font-family: Verdana, Arial, Helvetica, sans-serif; font-size: 12px; color: #000000; margin: 8px; width: 526px; text-align: center;\"><span style=\"line-height: 21px; font-size: 14px;\">Kolor niestandardowy\u00a0<\/span><\/td>\n<\/tr>\n<tr>\n<td style=\"font-family: Verdana, Arial, Helvetica, sans-serif; font-size: 12px; color: #000000; margin: 8px; width: 187px; text-align: center;\"><span style=\"line-height: 21px; font-size: 14px;\">\u00a0<span style=\"line-height: 21px; color: #333333; font-family: Arial, Helvetica; font-size: 14px; font-style: normal; font-weight: 400; background-color: #ffffff; float: none; display: inline !important;\">Typ zwierz\u0119cia<\/span><\/span><\/td>\n<td style=\"font-family: Verdana, Arial, Helvetica, sans-serif; font-size: 12px; color: #000000; margin: 8px; width: 526px; text-align: center;\"><span style=\"line-height: 21px; font-size: 14px;\">\u00a0Ca\u0142y pies<\/span><\/td>\n<\/tr>\n<tr>\n<td style=\"font-family: Verdana, Arial, Helvetica, sans-serif; font-size: 12px; color: #000000; margin: 8px; width: 187px; text-align: center;\"><span style=\"line-height: 21px; font-size: 14px;\">\u00a0<span style=\"line-height: 21px; color: #333333; font-family: Arial, Helvetica; font-size: 14px; font-style: normal; font-weight: 400; background-color: #ffffff; float: none; display: inline !important;\">Czas dostawy<\/span><\/span><\/td>\n<td style=\"font-family: Verdana, Arial, Helvetica, sans-serif; font-size: 12px; color: #000000; margin: 8px; width: 526px; text-align: center;\"><span style=\"line-height: 21px; font-size: 14px;\"><span style=\"line-height: 21px; color: #000000; font-family: Verdana, Arial, Helvetica, sans-serif; font-size: 14px; font-style: normal; font-weight: 400; background-color: #ffffff; float: none; display: inline !important;\">1-5 dni dla ma\u0142ych ilo\u015bci drog\u0105 lotnicz\u0105 i 30-35 dni dla du\u017cych ilo\u015bci drog\u0105 morsk\u0105<\/span>\u00a0<\/span><\/td>\n<\/tr>\n<tr>\n<td style=\"font-family: Verdana, Arial, Helvetica, sans-serif; font-size: 12px; color: #000000; margin: 8px; width: 187px; text-align: center;\"><span style=\"line-height: 21px; font-size: 14px;\">\u00a0<span style=\"line-height: 21px; color: #333333; font-family: Arial, Helvetica; font-size: 14px; font-style: normal; font-weight: 400; background-color: #ffffff; float: none; display: inline !important;\">Port wysy\u0142ki<\/span><\/span><\/td>\n<td style=\"font-family: Verdana, Arial, Helvetica, sans-serif; font-size: 12px; color: #000000; margin: 8px; width: 526px; text-align: center;\"><span style=\"line-height: 21px; font-size: 14px;\">Xiamen\u00a0<\/span><\/td>\n<\/tr>\n<tr>\n<td style=\"font-family: Verdana, Arial, Helvetica, sans-serif; font-size: 12px; color: #000000; margin: 8px; width: 187px; text-align: center;\"><span style=\"line-height: 21px; font-size: 14px;\">\u00a0<span style=\"line-height: 21px; color: #333333; font-family: Arial, Helvetica; font-size: 14px; font-style: normal; font-weight: 400; background-color: #ffffff; float: none; display: inline !important;\">OEM\/ODM<\/span><\/span><\/td>\n<td style=\"font-family: Verdana, Arial, Helvetica, sans-serif; font-size: 12px; color: #000000; margin: 8px; width: 526px; text-align: center;\"><span style=\"line-height: 21px; font-size: 14px;\">\u00a0<span style=\"line-height: 21px; color: #333333; font-family: Arial, Helvetica; font-size: 14px; font-style: normal; font-weight: 400; background-color: #ffffff; float: none; display: inline !important;\">Dost\u0119pne<\/span><\/span><\/td>\n<\/tr>\n<tr>\n<td style=\"font-family: Verdana, Arial, Helvetica, sans-serif; font-size: 12px; color: #000000; margin: 8px; width: 187px; text-align: center;\"><span style=\"line-height: 21px; font-size: 14px;\">\u00a0<span style=\"line-height: 21px; color: #333333; font-family: Arial, Helvetica; font-size: 14px; font-style: normal; font-weight: 400; background-color: #ffffff; float: none; display: inline !important;\">Pakiet<\/span><\/span><\/td>\n<td style=\"font-family: Verdana, Arial, Helvetica, sans-serif; font-size: 12px; color: #000000; margin: 8px; width: 526px; text-align: center;\"><span style=\"line-height: 21px; font-size: 14px;\"><span style=\"line-height: 21px; color: #333333; font-family: Arial, Helvetica; font-size: 14px; font-style: normal; font-weight: 400; background-color: #ffffff; float: none; display: inline !important;\">Ka\u017cdy zapakowany w PPB, a nast\u0119pnie w karton lub wed\u0142ug potrzeb<\/span><\/span><\/td>\n<\/tr>\n<\/tbody>\n<\/table>\n<h4>Kluczowe cechy:<\/h4>\n<ul>\n<li><strong>Wysokiej jako\u015bci tkanina<\/strong>: Wykonane z lekkich, oddychaj\u0105cych materia\u0142\u00f3w, nasze letnie ubrania dla zwierz\u0105t domowych zapewniaj\u0105 im ch\u0142\u00f3d i wygod\u0119 nawet w najgor\u0119tsze dni.<\/li>\n<li><strong>Modne wzory<\/strong>: Dzi\u0119ki \u017cywym kolorom i modnym wzorom nasza letnia kolekcja zosta\u0142a zaprojektowana tak, aby zwierz\u0119ta wygl\u0105da\u0142y stylowo i uroczo.<\/li>\n<li><strong>Wygodne dopasowanie<\/strong>: Nasze ubrania zosta\u0142y zaprojektowane z my\u015bl\u0105 o komforcie zwierz\u0105t, zapewniaj\u0105c dopasowanie, kt\u00f3re pozwala na swobodny ruch i zabaw\u0119.<\/li>\n<li><strong>Trwa\u0142a i d\u0142ugowieczna<\/strong>: Wykonane z wysokiej jako\u015bci materia\u0142\u00f3w, nasze ubrania dla zwierz\u0105t s\u0105 zbudowane tak, aby wytrzyma\u0107 zu\u017cycie przez aktywne zwierz\u0119ta.<\/li>\n<li><strong>\u0141atwy do noszenia<\/strong>: Dzi\u0119ki prostym zapi\u0119ciom i regulowanym paskom, nasze letnie ubrania s\u0105 \u0142atwe do zak\u0142adania i zdejmowania, zapewniaj\u0105c w\u0142a\u015bcicielom zwierz\u0105t domowych bezproblemowe do\u015bwiadczenie.<\/li>\n<li><strong>Mo\u017cna pra\u0107 w pralce<\/strong>: Nasze ubranka dla zwierz\u0105t mo\u017cna wygodnie pra\u0107 w pralce, dzi\u0119ki czemu s\u0105 \u0142atwe w czyszczeniu i utrzymaniu, zapewniaj\u0105c \u015bwie\u017co\u015b\u0107 i \u017cywotno\u015b\u0107.<\/li>\n<li><strong>Bezpo\u015brednie ceny fabryczne<\/strong>: Skorzystaj z konkurencyjnych cen hurtowych, kupuj\u0105c bezpo\u015brednio w fabryce, co u\u0142atwia zaopatrzenie si\u0119 w wysokiej jako\u015bci odzie\u017c dla zwierz\u0105t domowych.<\/li>\n<li><strong>Opcje konfigurowalne<\/strong>: Dost\u0119pne dla niestandardowych projekt\u00f3w i brandingu, idealne dla firm, kt\u00f3re chc\u0105 oferowa\u0107 unikaln\u0105 i markow\u0105 letni\u0105 odzie\u017c dla zwierz\u0105t domowych.<\/li>\n<\/ul>\n<h3>Idealny dla:<\/h3>\n<ul>\n<li>Sklepy zoologiczne i sprzedawcy internetowi poszukuj\u0105cy modnych i wysokiej jako\u015bci ubranek dla ps\u00f3w na sezon letni w cenach hurtowych.<\/li>\n<li>Firmy, kt\u00f3re chc\u0105 rozszerzy\u0107 swoj\u0105 lini\u0119 produkt\u00f3w o stylow\u0105 i wygodn\u0105 odzie\u017c dla zwierz\u0105t.<\/li>\n<li>W\u0142a\u015bciciele zwierz\u0105t domowych, kt\u00f3rzy chc\u0105 zapewni\u0107 swoim pupilom ch\u0142\u00f3d, wygod\u0119 i modny wygl\u0105d latem.<\/li>\n<\/ul>\n<p>Ulepsz swoje letnie zapasy dzi\u0119ki naszej nowej letniej kolekcji Pet Cat Dog Clothes. Skontaktuj si\u0119 z nami ju\u017c dzi\u015b, aby uzyska\u0107 bezpo\u015brednie ceny fabryczne i szczeg\u00f3\u0142y dotycz\u0105ce zam\u00f3wie\u0144 hurtowych.<\/p>","protected":false},"excerpt":{"rendered":"<h2 data-immersive-translate-walked=\"f36f68ab-127d-4e10-955b-f6ada5d45339\">Hurtownia nowych ubra\u0144 dla ps\u00f3w i kot\u00f3w Lato<\/h2>\n<p>Poznaj nowe letnie ubrania dla kot\u00f3w i ps\u00f3w.<\/p>\n<p>Kupuj hurtowo ubrania dla zwierz\u0105t z fabryki, aby uzyska\u0107 bezkonkurencyjne ceny i jako\u015b\u0107.<\/p>\n<h3><\/h3>","protected":false},"featured_media":8681,"template":"","meta":{"_seopress_robots_primary_cat":"none","_seopress_titles_title":"New Pet Cat Dog Clothes Summer - Top Manufacturers","_seopress_titles_desc":"Explore New Pet Cat Dog Clothes Summer, including pet Costumes. Shop wholesale pet clothes from the factory for unbeatable prices and quality","_seopress_robots_index":"","_uag_custom_page_level_css":""},"product_brand":[],"product_cat":[364,343,23],"product_tag":[],"class_list":{"0":"post-8675","1":"product","2":"type-product","3":"status-publish","4":"has-post-thumbnail","6":"product_cat-basic-dog-clothing","7":"product_cat-pet-shirts","8":"product_cat-pet-clothing","10":"first","11":"instock","12":"shipping-taxable","13":"product-type-simple"},"uagb_featured_image_src":{"full":["https:\/\/pecpets.com\/wp-content\/uploads\/2024\/07\/New-Pet-Cat-Dog-Clothes-Summer-1.jpeg",1920,1920,false],"thumbnail":["https:\/\/pecpets.com\/wp-content\/uploads\/2024\/07\/New-Pet-Cat-Dog-Clothes-Summer-1-150x150.jpeg",150,150,true],"medium":["https:\/\/pecpets.com\/wp-content\/uploads\/2024\/07\/New-Pet-Cat-Dog-Clothes-Summer-1-300x300.jpeg",300,300,true],"medium_large":["https:\/\/pecpets.com\/wp-content\/uploads\/2024\/07\/New-Pet-Cat-Dog-Clothes-Summer-1-768x768.jpeg",768,768,true],"large":["https:\/\/pecpets.com\/wp-content\/uploads\/2024\/07\/New-Pet-Cat-Dog-Clothes-Summer-1-1024x1024.jpeg",800,800,true],"1536x1536":["https:\/\/pecpets.com\/wp-content\/uploads\/2024\/07\/New-Pet-Cat-Dog-Clothes-Summer-1-1536x1536.jpeg",1536,1536,true],"2048x2048":["https:\/\/pecpets.com\/wp-content\/uploads\/2024\/07\/New-Pet-Cat-Dog-Clothes-Summer-1.jpeg",1920,1920,false],"trp-custom-language-flag":["https:\/\/pecpets.com\/wp-content\/uploads\/2024\/07\/New-Pet-Cat-Dog-Clothes-Summer-1-12x12.jpeg",12,12,true],"woocommerce_thumbnail":["https:\/\/pecpets.com\/wp-content\/uploads\/2024\/07\/New-Pet-Cat-Dog-Clothes-Summer-1-300x300.jpeg",300,300,true],"woocommerce_single":["https:\/\/pecpets.com\/wp-content\/uploads\/2024\/07\/New-Pet-Cat-Dog-Clothes-Summer-1-600x600.jpeg",600,600,true],"woocommerce_gallery_thumbnail":["https:\/\/pecpets.com\/wp-content\/uploads\/2024\/07\/New-Pet-Cat-Dog-Clothes-Summer-1-100x100.jpeg",100,100,true]},"uagb_author_info":{"display_name":"Lawrence\u00a0\u52b3\u4f26\u65af","author_link":"https:\/\/pecpets.com\/pl\/author\/"},"uagb_comment_info":0,"uagb_excerpt":"Wholesale New Pet Cat Dog Clothes Summer Explore New Pet Cat Dog Clothes Summer. Shop wholesale pet clothes from the factory for unbeatable prices and quality.","_links":{"self":[{"href":"https:\/\/pecpets.com\/pl\/wp-json\/wp\/v2\/product\/8675","targetHints":{"allow":["GET"]}}],"collection":[{"href":"https:\/\/pecpets.com\/pl\/wp-json\/wp\/v2\/product"}],"about":[{"href":"https:\/\/pecpets.com\/pl\/wp-json\/wp\/v2\/types\/product"}],"wp:featuredmedia":[{"embeddable":true,"href":"https:\/\/pecpets.com\/pl\/wp-json\/wp\/v2\/media\/8681"}],"wp:attachment":[{"href":"https:\/\/pecpets.com\/pl\/wp-json\/wp\/v2\/media?parent=8675"}],"wp:term":[{"taxonomy":"product_brand","embeddable":true,"href":"https:\/\/pecpets.com\/pl\/wp-json\/wp\/v2\/product_brand?post=8675"},{"taxonomy":"product_cat","embeddable":true,"href":"https:\/\/pecpets.com\/pl\/wp-json\/wp\/v2\/product_cat?post=8675"},{"taxonomy":"product_tag","embeddable":true,"href":"https:\/\/pecpets.com\/pl\/wp-json\/wp\/v2\/product_tag?post=8675"}],"curies":[{"name":"wp","href":"https:\/\/api.w.org\/{rel}","templated":true}]}}