{"id":11934,"date":"2024-09-19T16:37:32","date_gmt":"2024-09-19T08:37:32","guid":{"rendered":"https:\/\/pecpets.com\/?post_type=product&#038;p=11934"},"modified":"2024-11-04T18:01:29","modified_gmt":"2024-11-04T10:01:29","slug":"outwear-winter-dog-jacket-with-belt","status":"publish","type":"product","link":"https:\/\/pecpets.com\/se\/product\/outwear-winter-dog-jacket-with-belt\/","title":{"rendered":"Vinterjacka f\u00f6r hund med b\u00e4lte"},"content":{"rendered":"<h2>Partihandel Outwear Vinterhundjacka med b\u00e4lte - Fabriksdirekta husdjursb\u00e4rare och resetillbeh\u00f6r<\/h2>\n<table style=\"border-collapse: collapse; background-color: #ffffff; width: 332px; height: 279px;\" border=\"1\">\n<tbody>\n<tr>\n<td style=\"font-family: Verdana, Arial, Helvetica, sans-serif; font-size: 12px; color: #000000; margin: 8px; width: 187px; text-align: center;\"><span style=\"line-height: 21px; font-size: 14px;\">Produkter Namn<\/span><\/td>\n<td style=\"font-family: Verdana, Arial, Helvetica, sans-serif; font-size: 12px; color: #000000; margin: 8px; width: 526px; text-align: center;\">P\u00e4ls f\u00f6r husdjur<\/td>\n<\/tr>\n<tr>\n<td style=\"font-family: Verdana, Arial, Helvetica, sans-serif; font-size: 12px; color: #000000; margin: 8px; width: 187px; text-align: center;\"><span style=\"line-height: 21px; font-size: 14px;\">Artikel nr.<\/span><\/td>\n<td style=\"font-family: Verdana, Arial, Helvetica, sans-serif; font-size: 12px; color: #000000; margin: 8px; width: 526px; text-align: center;\"><span style=\"font-size: 14px;\">P-C2016<\/span><\/td>\n<\/tr>\n<tr>\n<td style=\"font-family: Verdana, Arial, Helvetica, sans-serif; font-size: 12px; color: #000000; margin: 8px; width: 187px; text-align: center;\"><span style=\"line-height: 21px; color: #333333; font-family: Arial, Helvetica; font-size: 14px; font-style: normal; font-weight: 400; background-color: #ffffff; float: none; display: inline !important;\">Material<\/span><\/td>\n<td style=\"font-family: Verdana, Arial, Helvetica, sans-serif; font-size: 12px; color: #000000; margin: 8px; width: 526px; text-align: center;\">Bomull, Polyester<\/td>\n<\/tr>\n<tr>\n<td style=\"font-family: Verdana, Arial, Helvetica, sans-serif; font-size: 12px; color: #000000; margin: 8px; width: 187px; text-align: center;\"><span style=\"line-height: 21px; font-size: 14px;\">\u00a0Storlek<\/span><\/td>\n<td style=\"font-family: Verdana, Arial, Helvetica, sans-serif; font-size: 12px; color: #000000; margin: 8px; width: 526px; text-align: center;\"><span style=\"font-size: 14px;\">Anpassad storlek<\/span><\/td>\n<\/tr>\n<tr>\n<td style=\"font-family: Verdana, Arial, Helvetica, sans-serif; font-size: 12px; color: #000000; margin: 8px; width: 187px; text-align: center;\"><span style=\"line-height: 21px; font-size: 14px;\">\u00a0F\u00e4rg<\/span><\/td>\n<td style=\"font-family: Verdana, Arial, Helvetica, sans-serif; font-size: 12px; color: #000000; margin: 8px; width: 526px; text-align: center;\"><span style=\"line-height: 21px; font-size: 14px;\">Anpassad f\u00e4rg\u00a0<\/span><\/td>\n<\/tr>\n<tr>\n<td style=\"font-family: Verdana, Arial, Helvetica, sans-serif; font-size: 12px; color: #000000; margin: 8px; width: 187px; text-align: center;\"><span style=\"line-height: 21px; font-size: 14px;\">\u00a0<span style=\"line-height: 21px; color: #333333; font-family: Arial, Helvetica; font-size: 14px; font-style: normal; font-weight: 400; background-color: #ffffff; float: none; display: inline !important;\">Typ av husdjur<\/span><\/span><\/td>\n<td style=\"font-family: Verdana, Arial, Helvetica, sans-serif; font-size: 12px; color: #000000; margin: 8px; width: 526px; text-align: center;\"><span style=\"line-height: 21px; font-size: 14px;\">\u00a0Alla hundar<\/span><\/td>\n<\/tr>\n<tr>\n<td style=\"font-family: Verdana, Arial, Helvetica, sans-serif; font-size: 12px; color: #000000; margin: 8px; width: 187px; text-align: center;\"><span style=\"line-height: 21px; font-size: 14px;\">\u00a0<span style=\"line-height: 21px; color: #333333; font-family: Arial, Helvetica; font-size: 14px; font-style: normal; font-weight: 400; background-color: #ffffff; float: none; display: inline !important;\">Leveranstid<\/span><\/span><\/td>\n<td style=\"font-family: Verdana, Arial, Helvetica, sans-serif; font-size: 12px; color: #000000; margin: 8px; width: 526px; text-align: center;\"><span style=\"line-height: 21px; font-size: 14px;\"><span style=\"line-height: 21px; color: #000000; font-family: Verdana, Arial, Helvetica, sans-serif; font-size: 14px; font-style: normal; font-weight: 400; background-color: #ffffff; float: none; display: inline !important;\">1-5 dagar f\u00f6r liten m\u00e4ngd med flyg och 30-35 dagar f\u00f6r stor m\u00e4ngd till sj\u00f6ss<\/span>\u00a0<\/span><\/td>\n<\/tr>\n<tr>\n<td style=\"font-family: Verdana, Arial, Helvetica, sans-serif; font-size: 12px; color: #000000; margin: 8px; width: 187px; text-align: center;\"><span style=\"line-height: 21px; font-size: 14px;\">\u00a0<span style=\"line-height: 21px; color: #333333; font-family: Arial, Helvetica; font-size: 14px; font-style: normal; font-weight: 400; background-color: #ffffff; float: none; display: inline !important;\">Hamn f\u00f6r avs\u00e4ndning<\/span><\/span><\/td>\n<td style=\"font-family: Verdana, Arial, Helvetica, sans-serif; font-size: 12px; color: #000000; margin: 8px; width: 526px; text-align: center;\"><span style=\"line-height: 21px; font-size: 14px;\">Xiamen\u00a0<\/span><\/td>\n<\/tr>\n<tr>\n<td style=\"font-family: Verdana, Arial, Helvetica, sans-serif; font-size: 12px; color: #000000; margin: 8px; width: 187px; text-align: center;\"><span style=\"line-height: 21px; font-size: 14px;\">\u00a0<span style=\"line-height: 21px; color: #333333; font-family: Arial, Helvetica; font-size: 14px; font-style: normal; font-weight: 400; background-color: #ffffff; float: none; display: inline !important;\">OEM\/ODM<\/span><\/span><\/td>\n<td style=\"font-family: Verdana, Arial, Helvetica, sans-serif; font-size: 12px; color: #000000; margin: 8px; width: 526px; text-align: center;\"><span style=\"line-height: 21px; font-size: 14px;\">\u00a0<span style=\"line-height: 21px; color: #333333; font-family: Arial, Helvetica; font-size: 14px; font-style: normal; font-weight: 400; background-color: #ffffff; float: none; display: inline !important;\">Tillg\u00e4nglig<\/span><\/span><\/td>\n<\/tr>\n<tr>\n<td style=\"font-family: Verdana, Arial, Helvetica, sans-serif; font-size: 12px; color: #000000; margin: 8px; width: 187px; text-align: center;\"><span style=\"line-height: 21px; font-size: 14px;\">\u00a0<span style=\"line-height: 21px; color: #333333; font-family: Arial, Helvetica; font-size: 14px; font-style: normal; font-weight: 400; background-color: #ffffff; float: none; display: inline !important;\">Paket<\/span><\/span><\/td>\n<td style=\"font-family: Verdana, Arial, Helvetica, sans-serif; font-size: 12px; color: #000000; margin: 8px; width: 526px; text-align: center;\"><span style=\"line-height: 21px; font-size: 14px;\"><span style=\"line-height: 21px; color: #333333; font-family: Arial, Helvetica; font-size: 14px; font-style: normal; font-weight: 400; background-color: #ffffff; float: none; display: inline !important;\">Var och en f\u00f6rpackad i en PPB och sedan i kartong eller efter behov<\/span><\/span><\/td>\n<\/tr>\n<\/tbody>\n<\/table>\n<p>F\u00f6rbered dina hundkompisar f\u00f6r vinterkylan med v\u00e5r Outwear Winter Dog Jacket With Belt, som \u00e4r utformad f\u00f6r att ge b\u00e5de v\u00e4rme och stil. Dessa jackor \u00e4r perfekta f\u00f6r att h\u00e5lla husdjur bekv\u00e4ma och fashionabla under de kallare m\u00e5naderna. Som en ledande grossistfabrik erbjuder vi dessa h\u00f6gkvalitativa hundjackor till konkurrenskraftiga priser, vilket s\u00e4kerst\u00e4ller att B2B-kunder f\u00e5r det b\u00e4sta v\u00e4rdet f\u00f6r sin verksamhet.<\/p>\n<p><strong>Viktiga egenskaper:<\/strong><\/p>\n<ul>\n<li><strong>Design av vinterkl\u00e4der:<\/strong>\u00a0Dessa jackor \u00e4r s\u00e4rskilt anpassade f\u00f6r kallt v\u00e4der och \u00e4r utformade f\u00f6r att skydda husdjur fr\u00e5n v\u00e4der och vind.<\/li>\n<li><strong>Inkorporera b\u00e4ltet:<\/strong>\u00a0Ett snyggt och funktionellt b\u00e4lte ger inte bara en touch av mode utan hj\u00e4lper ocks\u00e5 till att s\u00e4kra en bekv\u00e4m passform.<\/li>\n<li><strong>Slitstarkt och varmt material:<\/strong>\u00a0Tillverkad av slitstarka material som ger v\u00e4rme och \u00e4r l\u00e4tta att underh\u00e5lla.<\/li>\n<li><strong>Praktiskt och snyggt:<\/strong>\u00a0Kombinerar det praktiska med att h\u00e5lla husdjur varma med den stil som husdjurs\u00e4gare uppskattar.<\/li>\n<li><strong>Partihandel och direkt fr\u00e5n fabrik:<\/strong>\u00a0Finns f\u00f6r grossistk\u00f6p direkt fr\u00e5n v\u00e5r fabrik, vilket garanterar kvalitet och kostnadseffektivitet.<\/li>\n<\/ul>\n<p><strong>F\u00f6rdelar f\u00f6r \u00e5terf\u00f6rs\u00e4ljare:<\/strong><\/p>\n<ul>\n<li><strong>Grossistpriser:<\/strong>\u00a0Tillg\u00e5ng till fabriksdirekt priss\u00e4ttning, vilket g\u00f6r att du kan erbjuda premiumkl\u00e4der f\u00f6r husdjur till konkurrenskraftiga priser.<\/li>\n<li><strong>Anpassningsalternativ:<\/strong>\u00a0M\u00f6jligheten att anpassa jackorna med ditt varum\u00e4rkes logotyp eller specifika designelement.<\/li>\n<li><strong>Kvalitetss\u00e4kring:<\/strong>\u00a0Varje jacka \u00e4r tillverkad f\u00f6r att uppfylla h\u00f6ga kvalitetskrav, vilket garanterar h\u00e5llbarhet och v\u00e4rme.<\/li>\n<li><strong>Effektiv frakt:<\/strong>\u00a0F\u00f6rlita dig p\u00e5 v\u00e5r effektiva leveranskedja f\u00f6r snabb leverans av dina grossistorder, s\u00e5 att ditt lager h\u00e5lls v\u00e4lfyllt.<\/li>\n<\/ul>\n<p><strong>F\u00f6rb\u00e4ttra ditt utbud av djurkl\u00e4der med v\u00e5r Outwear Winter Dog Jacket With Belt - ett utm\u00e4rkt val f\u00f6r \u00e5terf\u00f6rs\u00e4ljare som vill erbjuda funktionella och moderiktiga djurkl\u00e4der.<\/strong> Kontakta oss idag f\u00f6r att utforska v\u00e5ra grossistm\u00f6jligheter och se till att dina djurkunder h\u00e5ller sig varma och snygga i vinter.<\/p>","protected":false},"excerpt":{"rendered":"<h3>Partihandel Vinterjacka f\u00f6r hund med b\u00e4lte<\/h3>\n<p>Explore Outwear Vinterjacka f\u00f6r hund med b\u00e4lte.<\/p>\n<p>Handla grossistdjurskl\u00e4der fr\u00e5n fabriken f\u00f6r oslagbara priser och kvalitet.<\/p>","protected":false},"featured_media":11939,"template":"","meta":{"_seopress_robots_primary_cat":"none","_seopress_titles_title":"Outwear Winter Dog Jacket With Belt","_seopress_titles_desc":"Explore Outwear Winter Dog Jacket With Belt. Shop wholesale pet clothes from the factory for unbeatable prices and quality.","_seopress_robots_index":"","_uag_custom_page_level_css":""},"product_brand":[],"product_cat":[342,23,413],"product_tag":[],"class_list":{"0":"post-11934","1":"product","2":"type-product","3":"status-publish","4":"has-post-thumbnail","6":"product_cat-pet-coat","7":"product_cat-pet-clothing","8":"product_cat-training-clothes","10":"first","11":"instock","12":"shipping-taxable","13":"product-type-simple"},"uagb_featured_image_src":{"full":["https:\/\/pecpets.com\/wp-content\/uploads\/2024\/09\/Outwear-Winter-Dog-Jacket-With-Belt-6.jpeg",1000,1000,false],"thumbnail":["https:\/\/pecpets.com\/wp-content\/uploads\/2024\/09\/Outwear-Winter-Dog-Jacket-With-Belt-6-150x150.jpeg",150,150,true],"medium":["https:\/\/pecpets.com\/wp-content\/uploads\/2024\/09\/Outwear-Winter-Dog-Jacket-With-Belt-6-300x300.jpeg",300,300,true],"medium_large":["https:\/\/pecpets.com\/wp-content\/uploads\/2024\/09\/Outwear-Winter-Dog-Jacket-With-Belt-6-768x768.jpeg",768,768,true],"large":["https:\/\/pecpets.com\/wp-content\/uploads\/2024\/09\/Outwear-Winter-Dog-Jacket-With-Belt-6.jpeg",800,800,false],"1536x1536":["https:\/\/pecpets.com\/wp-content\/uploads\/2024\/09\/Outwear-Winter-Dog-Jacket-With-Belt-6.jpeg",1000,1000,false],"2048x2048":["https:\/\/pecpets.com\/wp-content\/uploads\/2024\/09\/Outwear-Winter-Dog-Jacket-With-Belt-6.jpeg",1000,1000,false],"trp-custom-language-flag":["https:\/\/pecpets.com\/wp-content\/uploads\/2024\/09\/Outwear-Winter-Dog-Jacket-With-Belt-6-12x12.jpeg",12,12,true],"woocommerce_thumbnail":["https:\/\/pecpets.com\/wp-content\/uploads\/2024\/09\/Outwear-Winter-Dog-Jacket-With-Belt-6-300x300.jpeg",300,300,true],"woocommerce_single":["https:\/\/pecpets.com\/wp-content\/uploads\/2024\/09\/Outwear-Winter-Dog-Jacket-With-Belt-6-600x600.jpeg",600,600,true],"woocommerce_gallery_thumbnail":["https:\/\/pecpets.com\/wp-content\/uploads\/2024\/09\/Outwear-Winter-Dog-Jacket-With-Belt-6-100x100.jpeg",100,100,true]},"uagb_author_info":{"display_name":"Lawrence\u00a0\u52b3\u4f26\u65af","author_link":"https:\/\/pecpets.com\/se\/author\/"},"uagb_comment_info":0,"uagb_excerpt":"Wholesale Outwear Winter Dog Jacket With Belt Explore Outwear Winter Dog Jacket With Belt. Shop wholesale pet clothes from the factory for unbeatable prices and quality.","_links":{"self":[{"href":"https:\/\/pecpets.com\/se\/wp-json\/wp\/v2\/product\/11934","targetHints":{"allow":["GET"]}}],"collection":[{"href":"https:\/\/pecpets.com\/se\/wp-json\/wp\/v2\/product"}],"about":[{"href":"https:\/\/pecpets.com\/se\/wp-json\/wp\/v2\/types\/product"}],"wp:featuredmedia":[{"embeddable":true,"href":"https:\/\/pecpets.com\/se\/wp-json\/wp\/v2\/media\/11939"}],"wp:attachment":[{"href":"https:\/\/pecpets.com\/se\/wp-json\/wp\/v2\/media?parent=11934"}],"wp:term":[{"taxonomy":"product_brand","embeddable":true,"href":"https:\/\/pecpets.com\/se\/wp-json\/wp\/v2\/product_brand?post=11934"},{"taxonomy":"product_cat","embeddable":true,"href":"https:\/\/pecpets.com\/se\/wp-json\/wp\/v2\/product_cat?post=11934"},{"taxonomy":"product_tag","embeddable":true,"href":"https:\/\/pecpets.com\/se\/wp-json\/wp\/v2\/product_tag?post=11934"}],"curies":[{"name":"wp","href":"https:\/\/api.w.org\/{rel}","templated":true}]}}