{"id":11962,"date":"2024-09-19T17:43:35","date_gmt":"2024-09-19T09:43:35","guid":{"rendered":"https:\/\/pecpets.com\/?post_type=product&#038;p=11962"},"modified":"2024-10-23T17:40:45","modified_gmt":"2024-10-23T09:40:45","slug":"waterproof-stormsuit-warm-pet-dog-clothing","status":"publish","type":"product","link":"https:\/\/pecpets.com\/se\/product\/waterproof-stormsuit-warm-pet-dog-clothing\/","title":{"rendered":"Vattent\u00e4t Stormsuit Varma kl\u00e4der f\u00f6r s\u00e4llskapshundar"},"content":{"rendered":"<h2>Partihandel Vattent\u00e4t Stormsuit Varm husdjurshundkl\u00e4der - Fabriksdirekt resehundb\u00e4rare och tillbeh\u00f6r<\/h2>\n<table style=\"border-collapse: collapse; background-color: #ffffff; width: 332px; height: 312px;\" border=\"1\">\n<tbody>\n<tr>\n<td style=\"font-family: Verdana, Arial, Helvetica, sans-serif; font-size: 12px; color: #000000; margin: 8px; width: 187px; text-align: center;\"><span style=\"line-height: 21px; font-size: 14px;\">Produkter Namn<\/span><\/td>\n<td style=\"font-family: Verdana, Arial, Helvetica, sans-serif; font-size: 12px; color: #000000; margin: 8px; width: 526px; text-align: center;\">P\u00e4ls f\u00f6r husdjur<\/td>\n<\/tr>\n<tr>\n<td style=\"font-family: Verdana, Arial, Helvetica, sans-serif; font-size: 12px; color: #000000; margin: 8px; width: 187px; text-align: center;\"><span style=\"line-height: 21px; font-size: 14px;\">Artikel nr.<\/span><\/td>\n<td style=\"font-family: Verdana, Arial, Helvetica, sans-serif; font-size: 12px; color: #000000; margin: 8px; width: 526px; text-align: center;\"><span style=\"line-height: 21px; font-size: 14px;\">P-C2014<\/span><\/td>\n<\/tr>\n<tr>\n<td style=\"font-family: Verdana, Arial, Helvetica, sans-serif; font-size: 12px; color: #000000; margin: 8px; width: 187px; text-align: center;\"><span style=\"line-height: 21px; color: #333333; font-family: Arial, Helvetica; font-size: 14px; font-style: normal; font-weight: 400; background-color: #ffffff; float: none; display: inline !important;\">Material<\/span><\/td>\n<td style=\"font-family: Verdana, Arial, Helvetica, sans-serif; font-size: 12px; color: #000000; margin: 8px; width: 526px; text-align: center;\">Bomull, Polyester, Ramie<\/td>\n<\/tr>\n<tr>\n<td style=\"font-family: Verdana, Arial, Helvetica, sans-serif; font-size: 12px; color: #000000; margin: 8px; width: 187px; text-align: center;\"><span style=\"line-height: 21px; font-size: 14px;\">\u00a0Storlek<\/span><\/td>\n<td style=\"font-family: Verdana, Arial, Helvetica, sans-serif; font-size: 12px; color: #000000; margin: 8px; width: 526px; text-align: center;\"><span style=\"font-size: 14px;\">Anpassad storlek<\/span><\/td>\n<\/tr>\n<tr>\n<td style=\"font-family: Verdana, Arial, Helvetica, sans-serif; font-size: 12px; color: #000000; margin: 8px; width: 187px; text-align: center;\"><span style=\"line-height: 21px; font-size: 14px;\">\u00a0F\u00e4rg<\/span><\/td>\n<td style=\"font-family: Verdana, Arial, Helvetica, sans-serif; font-size: 12px; color: #000000; margin: 8px; width: 526px; text-align: center;\"><span style=\"line-height: 21px; font-size: 14px;\">Anpassad f\u00e4rg\u00a0<\/span><\/td>\n<\/tr>\n<tr>\n<td style=\"font-family: Verdana, Arial, Helvetica, sans-serif; font-size: 12px; color: #000000; margin: 8px; width: 187px; text-align: center;\"><span style=\"line-height: 21px; font-size: 14px;\">\u00a0<span style=\"line-height: 21px; color: #333333; font-family: Arial, Helvetica; font-size: 14px; font-style: normal; font-weight: 400; background-color: #ffffff; float: none; display: inline !important;\">Typ av husdjur<\/span><\/span><\/td>\n<td style=\"font-family: Verdana, Arial, Helvetica, sans-serif; font-size: 12px; color: #000000; margin: 8px; width: 526px; text-align: center;\"><span style=\"line-height: 21px; font-size: 14px;\">\u00a0Alla hundar<\/span><\/td>\n<\/tr>\n<tr>\n<td style=\"font-family: Verdana, Arial, Helvetica, sans-serif; font-size: 12px; color: #000000; margin: 8px; width: 187px; text-align: center;\"><span style=\"line-height: 21px; font-size: 14px;\">\u00a0<span style=\"line-height: 21px; color: #333333; font-family: Arial, Helvetica; font-size: 14px; font-style: normal; font-weight: 400; background-color: #ffffff; float: none; display: inline !important;\">Leveranstid<\/span><\/span><\/td>\n<td style=\"font-family: Verdana, Arial, Helvetica, sans-serif; font-size: 12px; color: #000000; margin: 8px; width: 526px; text-align: center;\"><span style=\"line-height: 21px; font-size: 14px;\"><span style=\"line-height: 21px; color: #000000; font-family: Verdana, Arial, Helvetica, sans-serif; font-size: 14px; font-style: normal; font-weight: 400; background-color: #ffffff; float: none; display: inline !important;\">1-5 dagar f\u00f6r liten m\u00e4ngd med flyg och 30-35 dagar f\u00f6r stor m\u00e4ngd till sj\u00f6ss<\/span>\u00a0<\/span><\/td>\n<\/tr>\n<tr>\n<td style=\"font-family: Verdana, Arial, Helvetica, sans-serif; font-size: 12px; color: #000000; margin: 8px; width: 187px; text-align: center;\"><span style=\"line-height: 21px; font-size: 14px;\">\u00a0<span style=\"line-height: 21px; color: #333333; font-family: Arial, Helvetica; font-size: 14px; font-style: normal; font-weight: 400; background-color: #ffffff; float: none; display: inline !important;\">Hamn f\u00f6r avs\u00e4ndning<\/span><\/span><\/td>\n<td style=\"font-family: Verdana, Arial, Helvetica, sans-serif; font-size: 12px; color: #000000; margin: 8px; width: 526px; text-align: center;\"><span style=\"line-height: 21px; font-size: 14px;\">Xiamen\u00a0<\/span><\/td>\n<\/tr>\n<tr>\n<td style=\"font-family: Verdana, Arial, Helvetica, sans-serif; font-size: 12px; color: #000000; margin: 8px; width: 187px; text-align: center;\"><span style=\"line-height: 21px; font-size: 14px;\">\u00a0<span style=\"line-height: 21px; color: #333333; font-family: Arial, Helvetica; font-size: 14px; font-style: normal; font-weight: 400; background-color: #ffffff; float: none; display: inline !important;\">OEM\/ODM<\/span><\/span><\/td>\n<td style=\"font-family: Verdana, Arial, Helvetica, sans-serif; font-size: 12px; color: #000000; margin: 8px; width: 526px; text-align: center;\"><span style=\"line-height: 21px; font-size: 14px;\">\u00a0<span style=\"line-height: 21px; color: #333333; font-family: Arial, Helvetica; font-size: 14px; font-style: normal; font-weight: 400; background-color: #ffffff; float: none; display: inline !important;\">Tillg\u00e4nglig<\/span><\/span><\/td>\n<\/tr>\n<tr>\n<td style=\"font-family: Verdana, Arial, Helvetica, sans-serif; font-size: 12px; color: #000000; margin: 8px; width: 187px; text-align: center;\"><span style=\"line-height: 21px; font-size: 14px;\">\u00a0<span style=\"line-height: 21px; color: #333333; font-family: Arial, Helvetica; font-size: 14px; font-style: normal; font-weight: 400; background-color: #ffffff; float: none; display: inline !important;\">Paket<\/span><\/span><\/td>\n<td style=\"font-family: Verdana, Arial, Helvetica, sans-serif; font-size: 12px; color: #000000; margin: 8px; width: 526px; text-align: center;\"><span style=\"line-height: 21px; font-size: 14px;\"><span style=\"line-height: 21px; color: #333333; font-family: Arial, Helvetica; font-size: 14px; font-style: normal; font-weight: 400; background-color: #ffffff; float: none; display: inline !important;\">Var och en f\u00f6rpackad i en PPB och sedan i kartong eller efter behov<\/span><\/span><\/td>\n<\/tr>\n<\/tbody>\n<\/table>\n<p>F\u00f6rbered ditt husdjur f\u00f6r vinter\u00e4ventyren med v\u00e5ra OEM\/ODM Winter Pet Outdoor Apparel Coats, som \u00e4r utformade f\u00f6r att ge v\u00e4rme, komfort och stil under de kallare m\u00e5naderna. Dessa rockar \u00e4r perfekta f\u00f6r husdjur som \u00e4lskar utomhus och beh\u00f6ver extra skydd mot elementen. Som en ledande grossistfabrik erbjuder vi anpassningsalternativ f\u00f6r dessa h\u00f6gkvalitativa husdjursrockar, vilket s\u00e4kerst\u00e4ller att de uppfyller de specifika behoven hos ditt f\u00f6retag och dina kunder.<\/p>\n<p><strong>Viktiga egenskaper:<\/strong><\/p>\n<ul>\n<li><strong>Anpassningsbar OEM\/ODM-tj\u00e4nst:<\/strong>\u00a0Arbeta med v\u00e5rt team f\u00f6r att skapa en unik design eller l\u00e4gg till ditt varum\u00e4rkes logotyp p\u00e5 dessa vinterjackor f\u00f6r husdjur.<\/li>\n<li><strong>Vintert\u00e5lig design:<\/strong>\u00a0Speciellt utformad f\u00f6r att klara kalla temperaturer och skydda husdjur fr\u00e5n h\u00e5rt vinterv\u00e4der.<\/li>\n<li><strong>Slitstark och vattent\u00e4t:<\/strong>\u00a0Tillverkad av slitstarka material som ocks\u00e5 \u00e4r vattent\u00e4ta, vilket g\u00f6r att husdjuren h\u00e5ller sig torra och bekv\u00e4ma.<\/li>\n<li><strong>Andningsbar och varm:<\/strong>\u00a0Den ventilerande men isolerade designen h\u00e5ller husdjur varma utan att de blir \u00f6verhettade.<\/li>\n<li><strong>Partihandel och direkt fr\u00e5n fabrik:<\/strong>\u00a0Finns f\u00f6r grossistk\u00f6p direkt fr\u00e5n v\u00e5r fabrik, vilket garanterar kvalitet och kostnadseffektivitet.<\/li>\n<\/ul>\n<p><strong>F\u00f6rdelar f\u00f6r \u00e5terf\u00f6rs\u00e4ljare:<\/strong><\/p>\n<ul>\n<li><strong>Grossistpriser:<\/strong>\u00a0Dra nytta av fabriksdirekt priss\u00e4ttning, s\u00e5 att du kan erbjuda h\u00f6gkvalitativa djurkl\u00e4der till konkurrenskraftiga priser.<\/li>\n<li><strong>Anpassningsalternativ:<\/strong>\u00a0Erbjud dina kunder en personlig produkt med anpassningsalternativ som speglar deras stil.<\/li>\n<li><strong>Kvalitetss\u00e4kring:<\/strong>\u00a0Varje kappa tillverkas f\u00f6r att uppfylla str\u00e4nga kvalitetsstandarder, vilket garanterar h\u00e5llbarhet och funktionalitet.<\/li>\n<li><strong>Effektiv frakt:<\/strong>\u00a0F\u00f6rlita dig p\u00e5 v\u00e5r effektiva leveranskedja f\u00f6r snabb leverans av dina grossistorder, s\u00e5 att ditt lager h\u00e5lls v\u00e4lfyllt.<\/li>\n<\/ul>\n<p><strong>Ut\u00f6ka ditt utbud av djurkl\u00e4der med v\u00e5ra OEM\/ODM Winter Pet Outdoor Apparel Coats - perfekt f\u00f6r \u00e5terf\u00f6rs\u00e4ljare som vill erbjuda funktionella och moderiktiga djurkl\u00e4der.<\/strong> Kontakta oss idag f\u00f6r att utforska v\u00e5ra grossistm\u00f6jligheter och ge en touch av lyx till ditt husdjurs vintergarderob.<\/p>","protected":false},"excerpt":{"rendered":"<h2>Travel Hundtransport\u00f6rer och tillbeh\u00f6r - Factory Direct<\/h2>\n<p>Utforska OEMODM vinterdjur utomhuskl\u00e4der jacka.<\/p>\n<p>Butik <span style=\"color: #ff0000;\"><a style=\"color: #ff0000;\" href=\"https:\/\/pecpets.com\/se\/produktkategori\/pet-clothing\/\" target=\"_blank\" rel=\"noopener\">partihandel med kl\u00e4der f\u00f6r husdjur<\/a><\/span> fr\u00e5n fabriken f\u00f6r oslagbara priser och kvalitet.<\/p>","protected":false},"featured_media":11990,"template":"","meta":{"_seopress_robots_primary_cat":"none","_seopress_titles_title":"Waterproof Stormsuit Warm Pet Dog Clothing","_seopress_titles_desc":"Explore Waterproof Stormsuit Warm Pet Dog Clothing. Shop wholesale pet clothes from the factory for unbeatable prices and quality.","_seopress_robots_index":"","_uag_custom_page_level_css":""},"product_brand":[],"product_cat":[364,342,23],"product_tag":[],"class_list":{"0":"post-11962","1":"product","2":"type-product","3":"status-publish","4":"has-post-thumbnail","6":"product_cat-basic-dog-clothing","7":"product_cat-pet-coat","8":"product_cat-pet-clothing","10":"first","11":"instock","12":"shipping-taxable","13":"product-type-simple"},"uagb_featured_image_src":{"full":["https:\/\/pecpets.com\/wp-content\/uploads\/2024\/09\/75eb1b8d-fd3e-4737-bf37-f1d23f28944a.jpeg",800,800,false],"thumbnail":["https:\/\/pecpets.com\/wp-content\/uploads\/2024\/09\/75eb1b8d-fd3e-4737-bf37-f1d23f28944a-150x150.jpeg",150,150,true],"medium":["https:\/\/pecpets.com\/wp-content\/uploads\/2024\/09\/75eb1b8d-fd3e-4737-bf37-f1d23f28944a-300x300.jpeg",300,300,true],"medium_large":["https:\/\/pecpets.com\/wp-content\/uploads\/2024\/09\/75eb1b8d-fd3e-4737-bf37-f1d23f28944a-768x768.jpeg",768,768,true],"large":["https:\/\/pecpets.com\/wp-content\/uploads\/2024\/09\/75eb1b8d-fd3e-4737-bf37-f1d23f28944a.jpeg",800,800,false],"1536x1536":["https:\/\/pecpets.com\/wp-content\/uploads\/2024\/09\/75eb1b8d-fd3e-4737-bf37-f1d23f28944a.jpeg",800,800,false],"2048x2048":["https:\/\/pecpets.com\/wp-content\/uploads\/2024\/09\/75eb1b8d-fd3e-4737-bf37-f1d23f28944a.jpeg",800,800,false],"trp-custom-language-flag":["https:\/\/pecpets.com\/wp-content\/uploads\/2024\/09\/75eb1b8d-fd3e-4737-bf37-f1d23f28944a-12x12.jpeg",12,12,true],"woocommerce_thumbnail":["https:\/\/pecpets.com\/wp-content\/uploads\/2024\/09\/75eb1b8d-fd3e-4737-bf37-f1d23f28944a-300x300.jpeg",300,300,true],"woocommerce_single":["https:\/\/pecpets.com\/wp-content\/uploads\/2024\/09\/75eb1b8d-fd3e-4737-bf37-f1d23f28944a-600x600.jpeg",600,600,true],"woocommerce_gallery_thumbnail":["https:\/\/pecpets.com\/wp-content\/uploads\/2024\/09\/75eb1b8d-fd3e-4737-bf37-f1d23f28944a-100x100.jpeg",100,100,true]},"uagb_author_info":{"display_name":"Lawrence\u00a0\u52b3\u4f26\u65af","author_link":"https:\/\/pecpets.com\/se\/author\/"},"uagb_comment_info":0,"uagb_excerpt":"Factory Direct Travel Dog Carriers and Accessories Explore OEMODM Winter Pet Outdoor Apparel Coat. Shop wholesale pet clothes from the factory for unbeatable prices and quality.","_links":{"self":[{"href":"https:\/\/pecpets.com\/se\/wp-json\/wp\/v2\/product\/11962","targetHints":{"allow":["GET"]}}],"collection":[{"href":"https:\/\/pecpets.com\/se\/wp-json\/wp\/v2\/product"}],"about":[{"href":"https:\/\/pecpets.com\/se\/wp-json\/wp\/v2\/types\/product"}],"wp:featuredmedia":[{"embeddable":true,"href":"https:\/\/pecpets.com\/se\/wp-json\/wp\/v2\/media\/11990"}],"wp:attachment":[{"href":"https:\/\/pecpets.com\/se\/wp-json\/wp\/v2\/media?parent=11962"}],"wp:term":[{"taxonomy":"product_brand","embeddable":true,"href":"https:\/\/pecpets.com\/se\/wp-json\/wp\/v2\/product_brand?post=11962"},{"taxonomy":"product_cat","embeddable":true,"href":"https:\/\/pecpets.com\/se\/wp-json\/wp\/v2\/product_cat?post=11962"},{"taxonomy":"product_tag","embeddable":true,"href":"https:\/\/pecpets.com\/se\/wp-json\/wp\/v2\/product_tag?post=11962"}],"curies":[{"name":"wp","href":"https:\/\/api.w.org\/{rel}","templated":true}]}}