{"id":12065,"date":"2024-09-20T17:50:10","date_gmt":"2024-09-20T09:50:10","guid":{"rendered":"https:\/\/pecpets.com\/?post_type=product&#038;p=12065"},"modified":"2025-08-19T14:59:45","modified_gmt":"2025-08-19T06:59:45","slug":"outdoor-sports-wear-winter-warm-thicken-jackets-2","status":"publish","type":"product","link":"https:\/\/pecpets.com\/se\/product\/outdoor-sports-wear-winter-warm-thicken-jackets-2\/","title":{"rendered":"Outdoor Sports Wear Vintervarma tjocka jackor"},"content":{"rendered":"<h2 data-immersive-translate-walked=\"344be1c1-5052-41eb-8fcd-0dbe236a0d6b\" data-immersive-translate-paragraph=\"1\">Lyxig h\u00f6gkvalitativ utomhussportkl\u00e4der vinter varm tjock hundjacka - husdjurskl\u00e4der grossist fr\u00e5n fabrik<\/h2>\n<p>H\u00e5ll dig f\u00f6re det kalla v\u00e4dret med v\u00e5r Luxury High-Quality Outdoor Sports Wear Winter Warm Thicken Dog Jacket. Denna premiumdel av husdjurskl\u00e4der \u00e4r utformad f\u00f6r att ge \u00f6verl\u00e4gsen v\u00e4rme och skydd f\u00f6r din h\u00e5riga v\u00e4n under vinterns utomhusaktiviteter. Tillg\u00e4nglig f\u00f6r grossist direkt fr\u00e5n v\u00e5r fabrik, det garanterar h\u00f6gsta kvalitet och konkurrenskraftiga priser.<\/p>\n<table width=\"288\">\n<tbody>\n<tr>\n<td width=\"137\"><span style=\"color: #333333;\">Produktens namn<\/span><\/td>\n<td width=\"151\"><span style=\"color: #333333;\">Kl\u00e4der f\u00f6r s\u00e4llskapsdjur<\/span><\/td>\n<\/tr>\n<tr>\n<td><span style=\"color: #333333;\">Artikel nr.<\/span><\/td>\n<td><span style=\"color: #333333;\">P-C2109<\/span><\/td>\n<\/tr>\n<tr>\n<td><span style=\"color: #333333;\">Material<\/span><\/td>\n<td>Bomull, polyester, fleece<\/td>\n<\/tr>\n<tr>\n<td><span style=\"color: #333333;\">\u00a0Storlek och f\u00e4rg<\/span><\/td>\n<td><span style=\"color: #333333;\">Anpassad<\/span><\/td>\n<\/tr>\n<tr>\n<td><span style=\"color: #333333;\">\u00a0Leveranstid<\/span><\/td>\n<td><span style=\"color: #333333;\">1- 5 dagar f\u00f6r sm\u00e5 kvantiteter med flyg och 30- 35 dagar f\u00f6r stora kvantiteter med b\u00e5t<\/span><\/td>\n<\/tr>\n<\/tbody>\n<\/table>\n<h4>Viktiga egenskaper:<\/h4>\n<ul>\n<li><strong>Vinterv\u00e4rme<\/strong>: Tillverkad av tjocka material av h\u00f6g kvalitet f\u00f6r att h\u00e5lla ditt husdjur varmt och bekv\u00e4mt i kallt v\u00e4der.<\/li>\n<li><strong>H\u00f6gkvalitativ konstruktion<\/strong>: Slitstark och l\u00e5ngvarig, utformad f\u00f6r att klara p\u00e5frestningarna vid utomhussporter och aktiviteter.<\/li>\n<li><strong>Lyx och stil<\/strong>: Elegant och funktionell design som v\u00e4nder sig till djur\u00e4gare som v\u00e4rdes\u00e4tter b\u00e5de lyx och funktionalitet.<\/li>\n<li><strong>Justerbar och s\u00e4ker passform<\/strong>: Justerbara remmar och s\u00e4kra f\u00f6rslutningar ger perfekt passform och \u00f6kad s\u00e4kerhet.<\/li>\n<li><strong>L\u00e4tt att b\u00e4ra<\/strong>: Enkel att s\u00e4tta p\u00e5 och ta av, vilket g\u00f6r den bekv\u00e4m f\u00f6r daglig anv\u00e4ndning.<\/li>\n<li><strong>Tillg\u00e4nglighet f\u00f6r partihandel<\/strong>: Direkt fr\u00e5n fabriken, vilket ger j\u00e4mn kvalitet och kostnadseffektiva priser f\u00f6r bulkbest\u00e4llningar.<\/li>\n<\/ul>\n<h3>Idealisk f\u00f6r:<\/h3>\n<ul>\n<li>Pet owners are looking for a high-quality, warm, and stylish jacket for their dogs during winter outdoor activities.<\/li>\n<li>\u00c5terf\u00f6rs\u00e4ljare och grossister som s\u00f6ker lyxiga djurkl\u00e4der till fabriksdirekta priser.<\/li>\n<li>Businesses aim to offer their customers premium pet clothing that combines warmth, comfort, and style.<\/li>\n<\/ul>\n<p>Utrusta din hund f\u00f6r vinter\u00e4ventyr med v\u00e5r Luxury High-Quality Outdoor Sports Wear Winter Warm Thicken Dog Jacket. Kontakta oss idag f\u00f6r grossistf\u00f6rfr\u00e5gningar och fabriksdirekt priss\u00e4ttning.<\/p>","protected":false},"excerpt":{"rendered":"<h2>Outdoor Sports Wear Vintervarma tjocka jackor<\/h2>\n<p>Uppt\u00e4ck vintervarma tjocka jackor fr\u00e5n de b\u00e4sta tillverkarna av husdjurskl\u00e4der.<\/p>\n<p>H\u00e5ll dina husdjur snygga med v\u00e5r h\u00f6gkvalitativa design.<\/p>","protected":false},"featured_media":8192,"template":"","meta":{"_seopress_robots_primary_cat":"none","_seopress_titles_title":"Winter Warm Thicken Jackets - Manufacturers","_seopress_titles_desc":"Discover Winter Warm Thicken Jackets from top pet apparel manufacturers. Keep your pets stylish with our high-quality designs.\u00a0","_seopress_robots_index":"","_uag_custom_page_level_css":""},"product_brand":[],"product_cat":[364,341,23],"product_tag":[],"class_list":{"0":"post-12065","1":"product","2":"type-product","3":"status-publish","4":"has-post-thumbnail","6":"product_cat-basic-dog-clothing","7":"product_cat-dog-jacket","8":"product_cat-pet-clothing","10":"first","11":"instock","12":"shipping-taxable","13":"product-type-simple"},"uagb_featured_image_src":{"full":["https:\/\/pecpets.com\/wp-content\/uploads\/2024\/07\/8420327045_644690080.jpg",800,800,false],"thumbnail":["https:\/\/pecpets.com\/wp-content\/uploads\/2024\/07\/8420327045_644690080-150x150.jpg",150,150,true],"medium":["https:\/\/pecpets.com\/wp-content\/uploads\/2024\/07\/8420327045_644690080-300x300.jpg",300,300,true],"medium_large":["https:\/\/pecpets.com\/wp-content\/uploads\/2024\/07\/8420327045_644690080-768x768.jpg",768,768,true],"large":["https:\/\/pecpets.com\/wp-content\/uploads\/2024\/07\/8420327045_644690080.jpg",800,800,false],"1536x1536":["https:\/\/pecpets.com\/wp-content\/uploads\/2024\/07\/8420327045_644690080.jpg",800,800,false],"2048x2048":["https:\/\/pecpets.com\/wp-content\/uploads\/2024\/07\/8420327045_644690080.jpg",800,800,false],"trp-custom-language-flag":["https:\/\/pecpets.com\/wp-content\/uploads\/2024\/07\/8420327045_644690080.jpg",12,12,false],"woocommerce_thumbnail":["https:\/\/pecpets.com\/wp-content\/uploads\/2024\/07\/8420327045_644690080-300x300.jpg",300,300,true],"woocommerce_single":["https:\/\/pecpets.com\/wp-content\/uploads\/2024\/07\/8420327045_644690080-600x600.jpg",600,600,true],"woocommerce_gallery_thumbnail":["https:\/\/pecpets.com\/wp-content\/uploads\/2024\/07\/8420327045_644690080-100x100.jpg",100,100,true]},"uagb_author_info":{"display_name":"Lawrence\u00a0\u52b3\u4f26\u65af","author_link":"https:\/\/pecpets.com\/se\/author\/"},"uagb_comment_info":0,"uagb_excerpt":"Outdoor Sports Wear Winter Warm Thicken Jackets Discover Winter Warm Thicken Jackets from top pet apparel manufacturers. Keep your pets stylish with our high-quality designs.","_links":{"self":[{"href":"https:\/\/pecpets.com\/se\/wp-json\/wp\/v2\/product\/12065","targetHints":{"allow":["GET"]}}],"collection":[{"href":"https:\/\/pecpets.com\/se\/wp-json\/wp\/v2\/product"}],"about":[{"href":"https:\/\/pecpets.com\/se\/wp-json\/wp\/v2\/types\/product"}],"wp:featuredmedia":[{"embeddable":true,"href":"https:\/\/pecpets.com\/se\/wp-json\/wp\/v2\/media\/8192"}],"wp:attachment":[{"href":"https:\/\/pecpets.com\/se\/wp-json\/wp\/v2\/media?parent=12065"}],"wp:term":[{"taxonomy":"product_brand","embeddable":true,"href":"https:\/\/pecpets.com\/se\/wp-json\/wp\/v2\/product_brand?post=12065"},{"taxonomy":"product_cat","embeddable":true,"href":"https:\/\/pecpets.com\/se\/wp-json\/wp\/v2\/product_cat?post=12065"},{"taxonomy":"product_tag","embeddable":true,"href":"https:\/\/pecpets.com\/se\/wp-json\/wp\/v2\/product_tag?post=12065"}],"curies":[{"name":"wp","href":"https:\/\/api.w.org\/{rel}","templated":true}]}}