{"id":1246,"date":"2021-12-16T17:15:56","date_gmt":"2021-12-16T09:15:56","guid":{"rendered":"https:\/\/pecpets.com\/?post_type=product&#038;p=1246"},"modified":"2024-10-29T15:57:06","modified_gmt":"2024-10-29T07:57:06","slug":"durable-dog-bed-13","status":"publish","type":"product","link":"https:\/\/pecpets.com\/se\/product\/durable-dog-bed-13\/","title":{"rendered":"Slitstark hundb\u00e4dd"},"content":{"rendered":"<h2>Slitstark hundb\u00e4dd<\/h2>\n<p>\ud83d\udc96V\u00c4RLDENS BEKV\u00c4MASTE, 100% KLADDFRIA M\u00d6BELSKYDD. GARANTERAD.\ud83d\udc36 \ud83d\udc31<br \/>\n\ud83d\udc8e Skyddar dina m\u00f6bler samtidigt som de \u00e4r bekv\u00e4ma<br \/>\n\ud83d\udc8e Bekv\u00e4mt djurv\u00e4nligt material<br \/>\n\ud83d\udc8e Omedelbar luftfri soffa<br \/>\n\ud83d\udc8e Avtagbart \u00f6verdrag som kan tv\u00e4ttas i maskin<\/p>\n<p>M\u00e5tt:<\/p>\n<p>S: 45 x 35 x 21 cm<\/p>\n<p>M: 55 x 45 x 23 cm<\/p>\n<p>L: 65 x 55 x 22 cm<\/p>\n<p>VARF\u00d6R ALLA HUND\u00c4GARE BEH\u00d6VER ETT LUGNANDE M\u00d6BELSKYDD?<\/p>\n<p>\u2714\ufe0f O\u00d6VERTR\u00c4FFAD KOMFORT OCH ST\u00d6D F\u00d6R LEDERNA<br \/>\nGener\u00f6st fylld dyna ger utm\u00e4rkt st\u00f6d och m\u00f6jligheter att bo och k\u00e4nna sig trygg. Till skillnad fr\u00e5n andra billiga hundb\u00e4ddar \u00e4r v\u00e5ra premiumkuddar t\u00e4ta och kommer inte att falla ner ...<br \/>\nSofe Fur skapar en k\u00e4nsla av trygghet och aktiverar nervsystemet p\u00e5 ett positivt s\u00e4tt, vilket g\u00f6r att dina p\u00e4lsbarn lugnar ner sig snabbare, slappnar av l\u00e4ttare och sover b\u00e4ttre.<\/p>\n<p>\u2714\ufe0f ULTRAMJUKT OCH SK\u00d6NT MATERIAL<br \/>\nV\u00e5r sj\u00e4lvuppv\u00e4rmande lyxiga hundb\u00e4dd \u00e4r mysig, flexibel och kl\u00e4dd i shag-fuskp\u00e4ls och p\u00e5minner om en mammas p\u00e4ls!<br \/>\nDet hj\u00e4lper till att lugna ner och koppla av dina hundar, och till skillnad fr\u00e5n alla andra material k\u00e4nns det som att sova p\u00e5 ett moln.<\/p>\n<p>\u2714\ufe0f L\u00c4TT ATT RENG\u00d6RA, TV\u00c4TTBART \u00d6VERDRAG<br \/>\nDu kan sl\u00e4nga in den direkt i tv\u00e4ttmaskinen!<br \/>\nEn hund samlar p\u00e5 sig mycket smuts under dagen, och mycket av det f\u00f6ljer med tillbaka till s\u00e4ngen, s\u00e5 det \u00e4r mycket viktigt att din hunds s\u00e4ng kan tv\u00e4ttas i maskin.<\/p>\n<table style=\"border-collapse: collapse; background-color: #ffffff; width: 333px; height: 276px;\" border=\"1\">\n<tbody>\n<tr>\n<td style=\"font-family: Verdana, Arial, Helvetica, sans-serif; font-size: 12px; color: #000000; margin: 8px; width: 187px; text-align: center;\"><span style=\"line-height: 21px; font-size: 14px;\">Produkter Namn<\/span><\/td>\n<td style=\"font-family: Verdana, Arial, Helvetica, sans-serif; font-size: 12px; color: #000000; margin: 8px; width: 526px; text-align: center;\">S\u00e4ng f\u00f6r husdjur<\/td>\n<\/tr>\n<tr>\n<td style=\"font-family: Verdana, Arial, Helvetica, sans-serif; font-size: 12px; color: #000000; margin: 8px; width: 187px; text-align: center;\"><span style=\"line-height: 21px; font-size: 14px;\">Artikel nr.<\/span><\/td>\n<td style=\"font-family: Verdana, Arial, Helvetica, sans-serif; font-size: 12px; color: #000000; margin: 8px; width: 526px; text-align: center;\"><span style=\"line-height: 21px; font-size: 14px;\">P-B2011<\/span><\/td>\n<\/tr>\n<tr>\n<td style=\"font-family: Verdana, Arial, Helvetica, sans-serif; font-size: 12px; color: #000000; margin: 8px; width: 187px; text-align: center;\"><span style=\"line-height: 21px; color: #333333; font-family: Arial, Helvetica; font-size: 14px; font-style: normal; font-weight: 400; background-color: #ffffff; float: none; display: inline !important;\">Material<\/span><\/td>\n<td style=\"font-family: Verdana, Arial, Helvetica, sans-serif; font-size: 12px; color: #000000; margin: 8px; width: 526px; text-align: center;\"><span style=\"color: #333333; font-family: Helvetica, Tahoma, Arial; font-size: 14px; font-style: normal; font-weight: 400; background-color: #fcfcfc; float: none; display: inline !important;\">Anpassad<\/span><\/td>\n<\/tr>\n<tr>\n<td style=\"font-family: Verdana, Arial, Helvetica, sans-serif; font-size: 12px; color: #000000; margin: 8px; width: 187px; text-align: center;\"><span style=\"line-height: 21px; font-size: 14px;\">\u00a0Storlek<\/span><\/td>\n<td style=\"font-family: Verdana, Arial, Helvetica, sans-serif; font-size: 12px; color: #000000; margin: 8px; width: 526px; text-align: center;\"><span class=\"notranslate immersive-translate-target-wrapper\" lang=\"zh-CN\" translate=\"no\" data-immersive-translate-loading-id=\"3\">Anpassad\u00a0<\/span><\/td>\n<\/tr>\n<tr>\n<td style=\"font-family: Verdana, Arial, Helvetica, sans-serif; font-size: 12px; color: #000000; margin: 8px; width: 187px; text-align: center;\"><span style=\"line-height: 21px; font-size: 14px;\">\u00a0F\u00e4rg<\/span><\/td>\n<td style=\"font-family: Verdana, Arial, Helvetica, sans-serif; font-size: 12px; color: #000000; margin: 8px; width: 526px; text-align: center;\"><span style=\"font-size: 14px;\">Bl\u00e5, Rosa<\/span><\/td>\n<\/tr>\n<tr>\n<td style=\"font-family: Verdana, Arial, Helvetica, sans-serif; font-size: 12px; color: #000000; margin: 8px; width: 187px; text-align: center;\"><span style=\"line-height: 21px; font-size: 14px;\">\u00a0<span style=\"line-height: 21px; color: #333333; font-family: Arial, Helvetica; font-size: 14px; font-style: normal; font-weight: 400; background-color: #ffffff; float: none; display: inline !important;\">Typ av husdjur<\/span><\/span><\/td>\n<td style=\"font-family: Verdana, Arial, Helvetica, sans-serif; font-size: 12px; color: #000000; margin: 8px; width: 526px; text-align: center;\"><span style=\"line-height: 21px; font-size: 14px;\">\u00a0Alla hundar<\/span><\/td>\n<\/tr>\n<tr>\n<td style=\"font-family: Verdana, Arial, Helvetica, sans-serif; font-size: 12px; color: #000000; margin: 8px; width: 187px; text-align: center;\"><span style=\"line-height: 21px; font-size: 14px;\">\u00a0<span style=\"line-height: 21px; color: #333333; font-family: Arial, Helvetica; font-size: 14px; font-style: normal; font-weight: 400; background-color: #ffffff; float: none; display: inline !important;\">Leveranstid<\/span><\/span><\/td>\n<td style=\"font-family: Verdana, Arial, Helvetica, sans-serif; font-size: 12px; color: #000000; margin: 8px; width: 526px; text-align: center;\"><span style=\"line-height: 21px; font-size: 14px;\"><span style=\"line-height: 21px; color: #000000; font-family: Verdana, Arial, Helvetica, sans-serif; font-size: 14px; font-style: normal; font-weight: 400; background-color: #ffffff; float: none; display: inline !important;\">1-5 dagar f\u00f6r liten m\u00e4ngd med flyg och 30-35 dagar f\u00f6r stor m\u00e4ngd till sj\u00f6ss<\/span>\u00a0<\/span><\/td>\n<\/tr>\n<tr>\n<td style=\"font-family: Verdana, Arial, Helvetica, sans-serif; font-size: 12px; color: #000000; margin: 8px; width: 187px; text-align: center;\"><span style=\"line-height: 21px; font-size: 14px;\">\u00a0<span style=\"line-height: 21px; color: #333333; font-family: Arial, Helvetica; font-size: 14px; font-style: normal; font-weight: 400; background-color: #ffffff; float: none; display: inline !important;\">Hamn f\u00f6r avs\u00e4ndning<\/span><\/span><\/td>\n<td style=\"font-family: Verdana, Arial, Helvetica, sans-serif; font-size: 12px; color: #000000; margin: 8px; width: 526px; text-align: center;\"><span style=\"line-height: 21px; font-size: 14px;\">Xiamen\u00a0<\/span><\/td>\n<\/tr>\n<tr>\n<td style=\"font-family: Verdana, Arial, Helvetica, sans-serif; font-size: 12px; color: #000000; margin: 8px; width: 187px; text-align: center;\"><span style=\"line-height: 21px; font-size: 14px;\">\u00a0<span style=\"line-height: 21px; color: #333333; font-family: Arial, Helvetica; font-size: 14px; font-style: normal; font-weight: 400; background-color: #ffffff; float: none; display: inline !important;\">OEM\/ODM<\/span><\/span><\/td>\n<td style=\"font-family: Verdana, Arial, Helvetica, sans-serif; font-size: 12px; color: #000000; margin: 8px; width: 526px; text-align: center;\"><span style=\"line-height: 21px; font-size: 14px;\">\u00a0<span style=\"line-height: 21px; color: #333333; font-family: Arial, Helvetica; font-size: 14px; font-style: normal; font-weight: 400; background-color: #ffffff; float: none; display: inline !important;\">Tillg\u00e4nglig<\/span><\/span><\/td>\n<\/tr>\n<tr>\n<td style=\"font-family: Verdana, Arial, Helvetica, sans-serif; font-size: 12px; color: #000000; margin: 8px; width: 187px; text-align: center;\"><span style=\"line-height: 21px; font-size: 14px;\">\u00a0<span style=\"line-height: 21px; color: #333333; font-family: Arial, Helvetica; font-size: 14px; font-style: normal; font-weight: 400; background-color: #ffffff; float: none; display: inline !important;\">Paket<\/span><\/span><\/td>\n<td style=\"font-family: Verdana, Arial, Helvetica, sans-serif; font-size: 12px; color: #000000; margin: 8px; width: 526px; text-align: center;\"><span style=\"line-height: 21px; font-size: 14px;\"><span style=\"line-height: 21px; color: #333333; font-family: Arial, Helvetica; font-size: 14px; font-style: normal; font-weight: 400; background-color: #ffffff; float: none; display: inline !important;\">Var och en f\u00f6rpackad i en PPB och sedan i kartong eller efter behov<\/span><\/span><\/td>\n<\/tr>\n<\/tbody>\n<\/table>\n<p>\ud83d\udcd0Storleksguide<br \/>\n- V\u00e4lj storlek efter din hunds sovstil. t.ex. hoprullad eller utspridd<br \/>\n- V\u00e4nligen r\u00e4kna med 3-4 cm fel p\u00e5 varje storlek eftersom dessa \u00e4r handgjorda.<br \/>\nVi g\u00f6r v\u00e5rt b\u00e4sta f\u00f6r att hitta r\u00e4tt storlek, men storleken kan variera n\u00e5got.<\/p>","protected":false},"excerpt":{"rendered":"<h2><strong><b>Partihandel H\u00e5llbar hundb\u00e4dd<\/b><\/strong><\/h2>\n<p>Uppt\u00e4ck <span style=\"color: #ff0000;\"><a style=\"color: #ff0000;\" href=\"https:\/\/pecpets.com\/se\/produktkategori\/pet-bed\/\" target=\"_blank\" rel=\"noopener\">Slitstark hundb\u00e4dd<\/a><\/span>.<\/p>\n<p>H\u00e5ll dina husdjur snygga med v\u00e5r h\u00f6gkvalitativa design.<\/p>","protected":false},"featured_media":1247,"template":"","meta":{"_seopress_robots_primary_cat":"none","_seopress_titles_title":"Durable Dog Bed - Professional Pet Product Manufacturers","_seopress_titles_desc":"Find comfortable and durable dog bed perfect for wholesalers, factories, and manufacturers. Premium quality pet beds designed for long-lasting use. Order now!","_seopress_robots_index":"","_seopress_analysis_target_kw":"Durable Dog Bed","_uag_custom_page_level_css":""},"product_brand":[],"product_cat":[347,22],"product_tag":[71,69,70],"class_list":{"0":"post-1246","1":"product","2":"type-product","3":"status-publish","4":"has-post-thumbnail","6":"product_cat-eco-friendly-dog-beds-pet-bed","7":"product_cat-pet-bed","8":"product_tag-cat-bed","9":"product_tag-dog-bed","10":"product_tag-pet-bed","12":"first","13":"instock","14":"shipping-taxable","15":"product-type-simple"},"uagb_featured_image_src":{"full":["https:\/\/pecpets.com\/wp-content\/uploads\/2021\/12\/a9211ce7767c023a598255b6adf32cb.png",917,899,false],"thumbnail":["https:\/\/pecpets.com\/wp-content\/uploads\/2021\/12\/a9211ce7767c023a598255b6adf32cb-150x150.png",150,150,true],"medium":["https:\/\/pecpets.com\/wp-content\/uploads\/2021\/12\/a9211ce7767c023a598255b6adf32cb-300x294.png",300,294,true],"medium_large":["https:\/\/pecpets.com\/wp-content\/uploads\/2021\/12\/a9211ce7767c023a598255b6adf32cb-768x753.png",768,753,true],"large":["https:\/\/pecpets.com\/wp-content\/uploads\/2021\/12\/a9211ce7767c023a598255b6adf32cb.png",800,784,false],"1536x1536":["https:\/\/pecpets.com\/wp-content\/uploads\/2021\/12\/a9211ce7767c023a598255b6adf32cb.png",917,899,false],"2048x2048":["https:\/\/pecpets.com\/wp-content\/uploads\/2021\/12\/a9211ce7767c023a598255b6adf32cb.png",917,899,false],"trp-custom-language-flag":["https:\/\/pecpets.com\/wp-content\/uploads\/2021\/12\/a9211ce7767c023a598255b6adf32cb.png",12,12,false],"woocommerce_thumbnail":["https:\/\/pecpets.com\/wp-content\/uploads\/2021\/12\/a9211ce7767c023a598255b6adf32cb-300x300.png",300,300,true],"woocommerce_single":["https:\/\/pecpets.com\/wp-content\/uploads\/2021\/12\/a9211ce7767c023a598255b6adf32cb-600x588.png",600,588,true],"woocommerce_gallery_thumbnail":["https:\/\/pecpets.com\/wp-content\/uploads\/2021\/12\/a9211ce7767c023a598255b6adf32cb-100x100.png",100,100,true]},"uagb_author_info":{"display_name":"Lawrence\u00a0\u52b3\u4f26\u65af","author_link":"https:\/\/pecpets.com\/se\/author\/"},"uagb_comment_info":0,"uagb_excerpt":"Wholesale Durable Dog Bed Discover Durable Dog Bed. Keep your pets stylish with our high-quality designs.","_links":{"self":[{"href":"https:\/\/pecpets.com\/se\/wp-json\/wp\/v2\/product\/1246","targetHints":{"allow":["GET"]}}],"collection":[{"href":"https:\/\/pecpets.com\/se\/wp-json\/wp\/v2\/product"}],"about":[{"href":"https:\/\/pecpets.com\/se\/wp-json\/wp\/v2\/types\/product"}],"wp:featuredmedia":[{"embeddable":true,"href":"https:\/\/pecpets.com\/se\/wp-json\/wp\/v2\/media\/1247"}],"wp:attachment":[{"href":"https:\/\/pecpets.com\/se\/wp-json\/wp\/v2\/media?parent=1246"}],"wp:term":[{"taxonomy":"product_brand","embeddable":true,"href":"https:\/\/pecpets.com\/se\/wp-json\/wp\/v2\/product_brand?post=1246"},{"taxonomy":"product_cat","embeddable":true,"href":"https:\/\/pecpets.com\/se\/wp-json\/wp\/v2\/product_cat?post=1246"},{"taxonomy":"product_tag","embeddable":true,"href":"https:\/\/pecpets.com\/se\/wp-json\/wp\/v2\/product_tag?post=1246"}],"curies":[{"name":"wp","href":"https:\/\/api.w.org\/{rel}","templated":true}]}}