{"id":21826,"date":"2025-07-22T10:04:03","date_gmt":"2025-07-22T02:04:03","guid":{"rendered":"https:\/\/pecpets.com\/?post_type=product&#038;p=21826"},"modified":"2025-07-22T10:12:22","modified_gmt":"2025-07-22T02:12:22","slug":"upf-50-dog-scuba-shirt-factory","status":"publish","type":"product","link":"https:\/\/pecpets.com\/se\/product\/upf-50-dog-scuba-shirt-factory\/","title":{"rendered":"UPF 50+ dykardr\u00e4kt f\u00f6r hund Fabrik"},"content":{"rendered":"<h5>UV-Protective Pet Apparel Factory &amp; Dog Clothes Manufacturer | Certified UPF 50+ Dog Scuba Shirt Factory<\/h5>\n<p class=\"ds-markdown-paragraph\">Need sun-safe dog gear? As a top\u00a0UPF 50+ Dog Scuba Shirt Factory\u00a0and OEKO-TEX\u00ae certified\u00a0pet apparel factory\u00a0in\u00a0Dog Scuba Shirt China, we engineer UV-blocking shirts for global brands. Partner with our\u00a0Dog Scuba Shirt Company\u00a0for:<\/p>\n<div class=\"flex flex-grow flex-col max-w-full\">\n<div class=\"min-h-[20px] text-message flex flex-col items-start whitespace-pre-wrap break-words [.text-message+&amp;]:mt-5 juice:w-full juice:items-end overflow-x-auto gap-2\" dir=\"auto\" data-message-author-role=\"assistant\" data-message-id=\"0128ad4d-678a-477a-b363-469a57c3e696\">\n<div class=\"flex w-full flex-col gap-1 juice:empty:hidden juice:first:pt-[3px]\">\n<div class=\"markdown prose w-full break-words dark:prose-invert light\">\n<div class=\"paragraph\">\n<div class=\"paragraph\">\n<div class=\"paragraph\">\n<table width=\"288\">\n<tbody>\n<tr>\n<td width=\"137\"><span style=\"color: #333333;\">Product Name<\/span><\/td>\n<td width=\"151\"><span style=\"color: #333333;\">Pet Clothes<\/span><\/td>\n<\/tr>\n<tr>\n<td><span style=\"color: #333333;\">Item No.<\/span><\/td>\n<td><span style=\"color: #333333;\">P-C2221<\/span><\/td>\n<\/tr>\n<tr>\n<td><span style=\"color: #333333;\">Material<\/span><\/td>\n<td><span style=\"color: #333333;\">Cotton, Polyester, Fleece<\/span><\/td>\n<\/tr>\n<tr>\n<td><span style=\"color: #333333;\">\u00a0Size and Color<\/span><\/td>\n<td><span style=\"color: #333333;\">Customized<\/span><\/td>\n<\/tr>\n<tr>\n<td><span style=\"color: #333333;\">\u00a0Delivery time<\/span><\/td>\n<td><span style=\"color: #333333;\">1- 5 days for small quantities by air and 30- 35 days for large quantities by sea<\/span><\/td>\n<\/tr>\n<\/tbody>\n<\/table>\n<p class=\"ds-markdown-paragraph\">\u2705\u00a0<strong>Advanced Sun Protection<\/strong><\/p>\n<ul>\n<li>\n<p class=\"ds-markdown-paragraph\">Lab-tested\u00a0UPF 50+ dog scuba shirts\u00a0(blocks 98% UV)<\/p>\n<\/li>\n<li>\n<p class=\"ds-markdown-paragraph\">Quick-dry fabric with shark-proof zippers<\/p>\n<\/li>\n<li>\n<p class=\"ds-markdown-paragraph\">Dog Scuba Shirt bulk\u00a0orders from 300 units<\/p>\n<\/li>\n<\/ul>\n<p class=\"ds-markdown-paragraph\">\u2705\u00a0<strong>Technical Customization<\/strong><br \/>\nDog Scuba Shirt ODM\/OEM\u00a0+\u00a0Private Label<br \/>\nCustom prints\/sizing (MOQ 300 pcs)<\/p>\n<p class=\"ds-markdown-paragraph\">\u2705\u00a0<strong>Global Compliance<\/strong><br \/>\nSeamless\u00a0Dog Scuba Shirt Export\u00a0with SGS certifications<\/p>\n<p class=\"ds-markdown-paragraph\"><strong>Factory Advantages:<\/strong><br \/>\n\u2022\u00a0Dog Scuba Shirt bulk\u00a0savings:\u00a015% off 500+ units<br \/>\n\u2022 7-day prototyping with UV test reports<br \/>\n\u2022\u00a0Dog Scuba Shirt Supplier\u00a0portal: Live production tracking<br \/>\n\u2022 30-day turnaround for\u00a0Dog Scuba Shirt Wholesaler\u00a0programs<\/p>\n<p class=\"ds-markdown-paragraph\">Your trusted\u00a0Dog Scuba Shirt Vendor\u00a0&#8211; from\u00a0UPF 50+ Dog Scuba Shirt Factory\u00a0to global delivery.<\/p>\n<p class=\"ds-markdown-paragraph\">Request a free UV protection test video!<\/p>\n<\/div>\n<\/div>\n<\/div>\n<\/div>\n<\/div>\n<\/div>\n<\/div>\n","protected":false},"excerpt":{"rendered":"<h2 class=\"styles_productName__klctO\" data-testid=\"product-title-heading\">UPF 50+ dykardr\u00e4kt f\u00f6r hund Fabrik<\/h2>\n<ul>\n<li>Den h\u00e4r scuba-skjortan l\u00e5ter ditt husdjur njuta av solen p\u00e5 ett s\u00e4kert och stilfullt s\u00e4tt med UPF 50+-skydd.<\/li>\n<li>En bred kn\u00e4ppning under dragkedjan och ett tryckknappsf\u00e4ste vid magf\u00e5llen g\u00f6r att p\u00e4lsen inte fastnar n\u00e4r den st\u00e4ngs med dragkedja f\u00f6r snabb och enkel p\u00e5kl\u00e4dning.<\/li>\n<li>Reflekterande piping och kanter ger \u00f6kad synlighet f\u00f6r s\u00e4krare promenader i m\u00f6rker.<\/li>\n<li>Finns i flera storlekar s\u00e5 att du kan hitta den perfekta passformen f\u00f6r ditt husdjur.<\/li>\n<\/ul>","protected":false},"featured_media":21834,"template":"","meta":{"_seopress_robots_primary_cat":"none","_seopress_titles_title":"UPF 50+ Dog Scuba Shirt Factory | China Manufacturer","_seopress_titles_desc":"As UPF 50+ Dog Scuba Shirt Factory, we design premium knitwear for pets worldwide. Bulk orders, OEM services. Request free cozy samples today!","_seopress_robots_index":"","_seopress_analysis_target_kw":"Affordable Dog Clothes China,UPF 50+ Dog Scuba Shirt Factory","_uag_custom_page_level_css":""},"product_brand":[],"product_cat":[365,23,392],"product_tag":[],"class_list":{"0":"post-21826","1":"product","2":"type-product","3":"status-publish","4":"has-post-thumbnail","6":"product_cat-functional-dog-clothing","7":"product_cat-pet-clothing","8":"product_cat-pet-cooling-vest","10":"first","11":"instock","12":"shipping-taxable","13":"product-type-simple"},"uagb_featured_image_src":{"full":["https:\/\/pecpets.com\/wp-content\/uploads\/2025\/07\/UPF-50-Dog-Scuba-Shirt-Factory-2.jpeg",554,600,false],"thumbnail":["https:\/\/pecpets.com\/wp-content\/uploads\/2025\/07\/UPF-50-Dog-Scuba-Shirt-Factory-2-150x150.jpeg",150,150,true],"medium":["https:\/\/pecpets.com\/wp-content\/uploads\/2025\/07\/UPF-50-Dog-Scuba-Shirt-Factory-2-277x300.jpeg",277,300,true],"medium_large":["https:\/\/pecpets.com\/wp-content\/uploads\/2025\/07\/UPF-50-Dog-Scuba-Shirt-Factory-2.jpeg",554,600,false],"large":["https:\/\/pecpets.com\/wp-content\/uploads\/2025\/07\/UPF-50-Dog-Scuba-Shirt-Factory-2.jpeg",554,600,false],"1536x1536":["https:\/\/pecpets.com\/wp-content\/uploads\/2025\/07\/UPF-50-Dog-Scuba-Shirt-Factory-2.jpeg",554,600,false],"2048x2048":["https:\/\/pecpets.com\/wp-content\/uploads\/2025\/07\/UPF-50-Dog-Scuba-Shirt-Factory-2.jpeg",554,600,false],"trp-custom-language-flag":["https:\/\/pecpets.com\/wp-content\/uploads\/2025\/07\/UPF-50-Dog-Scuba-Shirt-Factory-2-11x12.jpeg",11,12,true],"woocommerce_thumbnail":["https:\/\/pecpets.com\/wp-content\/uploads\/2025\/07\/UPF-50-Dog-Scuba-Shirt-Factory-2-300x300.jpeg",300,300,true],"woocommerce_single":["https:\/\/pecpets.com\/wp-content\/uploads\/2025\/07\/UPF-50-Dog-Scuba-Shirt-Factory-2.jpeg",554,600,false],"woocommerce_gallery_thumbnail":["https:\/\/pecpets.com\/wp-content\/uploads\/2025\/07\/UPF-50-Dog-Scuba-Shirt-Factory-2-100x100.jpeg",100,100,true]},"uagb_author_info":{"display_name":"Lawrence\u00a0\u52b3\u4f26\u65af","author_link":"https:\/\/pecpets.com\/se\/author\/"},"uagb_comment_info":0,"uagb_excerpt":"UPF 50+ Dog Scuba Shirt Factory This scuba shirt lets your pet soak up the sun safely and in style with UPF 50+ protection. A wide placket under the zipper and a snap-button fastener at the belly hem help avoid trapping fur as it\u2019s zipped closed for quick and easy dressing. Reflective piping and trim&hellip;","_links":{"self":[{"href":"https:\/\/pecpets.com\/se\/wp-json\/wp\/v2\/product\/21826","targetHints":{"allow":["GET"]}}],"collection":[{"href":"https:\/\/pecpets.com\/se\/wp-json\/wp\/v2\/product"}],"about":[{"href":"https:\/\/pecpets.com\/se\/wp-json\/wp\/v2\/types\/product"}],"wp:featuredmedia":[{"embeddable":true,"href":"https:\/\/pecpets.com\/se\/wp-json\/wp\/v2\/media\/21834"}],"wp:attachment":[{"href":"https:\/\/pecpets.com\/se\/wp-json\/wp\/v2\/media?parent=21826"}],"wp:term":[{"taxonomy":"product_brand","embeddable":true,"href":"https:\/\/pecpets.com\/se\/wp-json\/wp\/v2\/product_brand?post=21826"},{"taxonomy":"product_cat","embeddable":true,"href":"https:\/\/pecpets.com\/se\/wp-json\/wp\/v2\/product_cat?post=21826"},{"taxonomy":"product_tag","embeddable":true,"href":"https:\/\/pecpets.com\/se\/wp-json\/wp\/v2\/product_tag?post=21826"}],"curies":[{"name":"wp","href":"https:\/\/api.w.org\/{rel}","templated":true}]}}