{"id":22194,"date":"2025-09-06T10:04:44","date_gmt":"2025-09-06T02:04:44","guid":{"rendered":"https:\/\/pecpets.com\/?post_type=product&#038;p=22194"},"modified":"2025-09-06T10:45:13","modified_gmt":"2025-09-06T02:45:13","slug":"marshmallow-dog-bed","status":"publish","type":"product","link":"https:\/\/pecpets.com\/se\/product\/marshmallow-dog-bed\/","title":{"rendered":"Marshmallow Hundb\u00e4dd"},"content":{"rendered":"<h3>Tillverkare av husdjursb\u00e4ddar | Vattent\u00e4t s\u00e4ngfabrik | Premium Marshmallow hundb\u00e4ddleverant\u00f6r<\/h3>\n<p data-start=\"273\" data-end=\"748\">Letar du efter mysiga och snygga Marshmallow Dog Beds att l\u00e4gga till i din husdjursproduktlinje? Som en p\u00e5litlig tillverkare av husdjursb\u00e4ddar och vattent\u00e4t s\u00e4ngfabrik i Kina \u00e4r vi specialiserade p\u00e5 att producera mjuka, h\u00e5llbara och h\u00f6gkvalitativa s\u00e4ngar designade f\u00f6r maximal komfort. Fr\u00e5n bulkbest\u00e4llningar av hundb\u00e4ddar till anpassade hundb\u00e4dds OEM, hundb\u00e4dds ODM och hundb\u00e4dds private label-program, vi tillhandah\u00e5ller flexibla l\u00f6sningar f\u00f6r globala \u00e5terf\u00f6rs\u00e4ljare, distribut\u00f6rer och varum\u00e4rken.<\/p>\n<p data-start=\"750\" data-end=\"1256\">Som ett professionellt hundb\u00e4ddsf\u00f6retag \u00f6vervakar vi hela processen - fr\u00e5n materialink\u00f6p och design till produktion och export av hundb\u00e4ddar. V\u00e5r avancerade hundb\u00e4ddsfabrik s\u00e4kerst\u00e4ller att varje Marshmallow hundb\u00e4dd uppfyller strikta kvalitetsstandarder med plyschiga tyger, halkskyddade bottnar och maskintv\u00e4ttbara \u00f6verdrag. Oavsett om du k\u00f6per direkt fr\u00e5n en tillverkare av hundb\u00e4ddar, bygger en kollektion med en leverant\u00f6r av hundb\u00e4ddar eller expanderar genom en betrodd leverant\u00f6r av hundb\u00e4ddar, s\u00e5 har vi allt du beh\u00f6ver.<\/p>\n<p data-start=\"1258\" data-end=\"1302\">\u2705 <strong>Varf\u00f6r v\u00e4lja v\u00e5ra Marshmallow hundb\u00e4ddar<\/strong>:<\/p>\n<ul data-start=\"1303\" data-end=\"1658\">\n<li data-start=\"1303\" data-end=\"1357\">\n<p data-start=\"1305\" data-end=\"1357\">Skalbar bulkproduktion av hundb\u00e4ddar med l\u00e5ga MOQ<\/p>\n<\/li>\n<li data-start=\"1358\" data-end=\"1428\">\n<p data-start=\"1360\" data-end=\"1428\">Anpassad varum\u00e4rkesprofilering via Dog Bed OEM\/ODM och private label-tj\u00e4nster<\/p>\n<\/li>\n<li data-start=\"1429\" data-end=\"1506\">\n<p data-start=\"1431\" data-end=\"1506\">Snabb och p\u00e5litlig export av hundb\u00e4ddar med internationellt logistiksupport<\/p>\n<\/li>\n<li data-start=\"1507\" data-end=\"1579\">\n<p data-start=\"1509\" data-end=\"1579\">Certifierad tillverkare av hundb\u00e4ddar i Kina med m\u00e5nga \u00e5rs erfarenhet<\/p>\n<\/li>\n<li data-start=\"1580\" data-end=\"1658\">\n<p data-start=\"1582\" data-end=\"1658\">Betrodd partner f\u00f6r grossister, \u00e5terf\u00f6rs\u00e4ljare och online-f\u00f6rs\u00e4ljare av hundb\u00e4ddar<\/p>\n<\/li>\n<\/ul>\n<p data-start=\"1660\" data-end=\"1941\">V\u00e5ra Marshmallow Dog Beds har ultramjuk plyschfyllning, st\u00f6djande stoppning och en lugnande rund design - perfekt f\u00f6r husdjur som \u00e4lskar att krypa ihop och k\u00e4nna sig trygga. De \u00e4r perfekta f\u00f6r butiker, e-handelsplattformar eller stora detaljhandelskedjor och kombinerar funktionalitet med stil.<\/p>\n<p data-start=\"1943\" data-end=\"2145\">Samarbeta med en bepr\u00f6vad tillverkare av hundb\u00e4ddar i Kina och arbeta med en p\u00e5litlig hundb\u00e4ddsfabrik, leverant\u00f6r, leverant\u00f6r och grossist f\u00f6r att skala din husdjursproduktverksamhet med kvalitet och f\u00f6rtroende.<\/p>","protected":false},"excerpt":{"rendered":"<h2>Marshmallow Hundb\u00e4dd<\/h2>\n<table style=\"border-collapse: collapse; background-color: #ffffff; width: 332px; height: 254px;\" border=\"1\">\n<tbody>\n<tr>\n<td style=\"font-family: Verdana, Arial, Helvetica, sans-serif; font-size: 12px; color: #000000; margin: 8px; width: 187px; text-align: center;\"><span style=\"line-height: 21px; font-size: 14px;\">Produkter Namn<span class=\"notranslate immersive-translate-target-wrapper\" lang=\"zh-CN\" translate=\"no\" data-immersive-translate-loading-id=\"1\">\u00a0<\/span><\/span><\/td>\n<td style=\"font-family: Verdana, Arial, Helvetica, sans-serif; font-size: 12px; color: #000000; margin: 8px; width: 526px; text-align: center;\"><span style=\"color: #000000; font-family: Verdana, Arial, Helvetica, sans-serif; font-size: 14px; font-style: normal; font-weight: 400; text-align: center; background-color: #ffffff; float: none; display: inline !important;\">S\u00e4ng f\u00f6r husdjur<\/span><\/td>\n<\/tr>\n<tr>\n<td style=\"font-family: Verdana, Arial, Helvetica, sans-serif; font-size: 12px; color: #000000; margin: 8px; width: 187px; text-align: center;\"><span style=\"line-height: 21px; font-size: 14px;\">Artikel nr.<\/span><\/td>\n<td style=\"font-family: Verdana, Arial, Helvetica, sans-serif; font-size: 12px; color: #000000; margin: 8px; width: 526px; text-align: center;\"><span style=\"line-height: 21px; font-size: 14px;\">P-B2021<\/span><\/td>\n<\/tr>\n<tr>\n<td style=\"font-family: Verdana, Arial, Helvetica, sans-serif; font-size: 12px; color: #000000; margin: 8px; width: 187px; text-align: center;\"><span style=\"line-height: 21px; color: #333333; font-family: Arial, Helvetica; font-size: 14px; font-style: normal; font-weight: 400; background-color: #ffffff; float: none; display: inline !important;\">Material<\/span><\/td>\n<td style=\"font-family: Verdana, Arial, Helvetica, sans-serif; font-size: 12px; color: #000000; margin: 8px; width: 526px; text-align: center;\">\n<p style=\"margin: 0px auto; padding: 0px; border: 0px; line-height: 30px; color: #222222; font-family: Helvetica,Verdana,Tahoma,Arial,sans-serif; font-size: 13px; font-style: normal; font-weight: 400; background-color: #fcfcfc;\">Fleece, tr\u00e4<\/p>\n<\/td>\n<\/tr>\n<tr>\n<td style=\"font-family: Verdana, Arial, Helvetica, sans-serif; font-size: 12px; color: #000000; margin: 8px; width: 187px; text-align: center;\"><span style=\"line-height: 21px; font-size: 14px;\">\u00a0Storlek<\/span><\/td>\n<td style=\"font-family: Verdana, Arial, Helvetica, sans-serif; font-size: 12px; color: #000000; margin: 8px; width: 526px; text-align: center;\">\n<p style=\"margin: 0px; padding: 0px; font-family: Verdana, Arial, Helvetica, sans-serif; font-size: 12px; font-style: normal; font-weight: 400; text-align: center; box-sizing: border-box; color: #333333; background-color: #ffffff;\">Anpassad<\/p>\n<\/td>\n<\/tr>\n<tr>\n<td style=\"font-family: Verdana, Arial, Helvetica, sans-serif; font-size: 12px; color: #000000; margin: 8px; width: 187px; text-align: center;\"><span style=\"line-height: 21px; font-size: 14px;\">\u00a0F\u00e4rg<\/span><\/td>\n<td style=\"font-family: Verdana, Arial, Helvetica, sans-serif; font-size: 12px; color: #000000; margin: 8px; width: 526px; text-align: center;\"><span style=\"color: #222222; font-family: Helvetica, Tahoma, Arial;\"><span style=\"font-size: 16px;\">Anpassad<\/span><\/span><\/td>\n<\/tr>\n<tr>\n<td style=\"font-family: Verdana, Arial, Helvetica, sans-serif; font-size: 12px; color: #000000; margin: 8px; width: 187px; text-align: center;\"><span style=\"line-height: 21px; font-size: 14px;\">\u00a0<span style=\"line-height: 21px; color: #333333; font-family: Arial, Helvetica; font-size: 14px; font-style: normal; font-weight: 400; background-color: #ffffff; float: none; display: inline !important;\">Typ av husdjur<\/span><\/span><\/td>\n<td style=\"font-family: Verdana, Arial, Helvetica, sans-serif; font-size: 12px; color: #000000; margin: 8px; width: 526px; text-align: center;\"><span style=\"line-height: 21px; font-size: 14px;\">\u00a0Alla hundar<\/span><\/td>\n<\/tr>\n<tr>\n<td style=\"font-family: Verdana, Arial, Helvetica, sans-serif; font-size: 12px; color: #000000; margin: 8px; width: 187px; text-align: center;\"><span style=\"line-height: 21px; font-size: 14px;\">\u00a0<span style=\"line-height: 21px; color: #333333; font-family: Arial, Helvetica; font-size: 14px; font-style: normal; font-weight: 400; background-color: #ffffff; float: none; display: inline !important;\">Leveranstid<\/span><\/span><\/td>\n<td style=\"font-family: Verdana, Arial, Helvetica, sans-serif; font-size: 12px; color: #000000; margin: 8px; width: 526px; text-align: center;\"><span style=\"line-height: 21px; font-size: 14px;\"><span style=\"line-height: 21px; color: #000000; font-family: Verdana, Arial, Helvetica, sans-serif; font-size: 14px; font-style: normal; font-weight: 400; background-color: #ffffff; float: none; display: inline !important;\">1-5 dagar f\u00f6r liten m\u00e4ngd med flyg och 30-35 dagar f\u00f6r stor m\u00e4ngd till sj\u00f6ss<\/span>\u00a0<\/span><\/td>\n<\/tr>\n<tr>\n<td style=\"font-family: Verdana, Arial, Helvetica, sans-serif; font-size: 12px; color: #000000; margin: 8px; width: 187px; text-align: center;\"><span style=\"line-height: 21px; font-size: 14px;\">\u00a0<span style=\"line-height: 21px; color: #333333; font-family: Arial, Helvetica; font-size: 14px; font-style: normal; font-weight: 400; background-color: #ffffff; float: none; display: inline !important;\">Hamn f\u00f6r avs\u00e4ndning<\/span><\/span><\/td>\n<td style=\"font-family: Verdana, Arial, Helvetica, sans-serif; font-size: 12px; color: #000000; margin: 8px; width: 526px; text-align: center;\"><span style=\"line-height: 21px; font-size: 14px;\">Xiamen\u00a0<\/span><\/td>\n<\/tr>\n<tr>\n<td style=\"font-family: Verdana, Arial, Helvetica, sans-serif; font-size: 12px; color: #000000; margin: 8px; width: 187px; text-align: center;\"><span style=\"line-height: 21px; font-size: 14px;\">\u00a0<span style=\"line-height: 21px; color: #333333; font-family: Arial, Helvetica; font-size: 14px; font-style: normal; font-weight: 400; background-color: #ffffff; float: none; display: inline !important;\">OEM\/ODM<\/span><\/span><\/td>\n<td style=\"font-family: Verdana, Arial, Helvetica, sans-serif; font-size: 12px; color: #000000; margin: 8px; width: 526px; text-align: center;\"><span style=\"line-height: 21px; font-size: 14px;\">\u00a0<span style=\"line-height: 21px; color: #333333; font-family: Arial, Helvetica; font-size: 14px; font-style: normal; font-weight: 400; background-color: #ffffff; float: none; display: inline !important;\">Tillg\u00e4nglig<\/span><\/span><\/td>\n<\/tr>\n<tr>\n<td style=\"font-family: Verdana, Arial, Helvetica, sans-serif; font-size: 12px; color: #000000; margin: 8px; width: 187px; text-align: center;\"><span style=\"line-height: 21px; font-size: 14px;\">\u00a0<span style=\"line-height: 21px; color: #333333; font-family: Arial, Helvetica; font-size: 14px; font-style: normal; font-weight: 400; background-color: #ffffff; float: none; display: inline !important;\">Paket<\/span><\/span><\/td>\n<td style=\"font-family: Verdana, Arial, Helvetica, sans-serif; font-size: 12px; color: #000000; margin: 8px; width: 526px; text-align: center;\"><span style=\"line-height: 21px; font-size: 14px;\"><span style=\"line-height: 21px; color: #333333; font-family: Arial, Helvetica; font-size: 14px; font-style: normal; font-weight: 400; background-color: #ffffff; float: none; display: inline !important;\">Var och en f\u00f6rpackas i en PPB, sedan i en kartong eller efter behov<\/span><\/span><\/td>\n<\/tr>\n<\/tbody>\n<\/table>\n<p>Uppt\u00e4ck Marshmallow hundb\u00e4dd av h\u00f6g kvalitet.<\/p>\n<p>H\u00e5ll dina husdjur snygga med v\u00e5r h\u00f6gkvalitativa design.<\/p>","protected":false},"featured_media":22199,"template":"","meta":{"_seopress_robots_primary_cat":"none","_seopress_titles_title":"Premium Marshmallow Dog Bed Supplier | China Manufacturer","_seopress_titles_desc":"Discovery Marshmallow Dog Bed. Ensure your customers and their pet experience the difference in quality that we provide","_seopress_robots_index":"","_uag_custom_page_level_css":""},"product_brand":[],"product_cat":[349,22],"product_tag":[71,69,70],"class_list":{"0":"post-22194","1":"product","2":"type-product","3":"status-publish","4":"has-post-thumbnail","6":"product_cat-memory-foam-dog-beds","7":"product_cat-pet-bed","8":"product_tag-cat-bed","9":"product_tag-dog-bed","10":"product_tag-pet-bed","12":"first","13":"instock","14":"shipping-taxable","15":"product-type-simple"},"uagb_featured_image_src":{"full":["https:\/\/pecpets.com\/wp-content\/uploads\/2025\/09\/generated_image_2_.png",1152,896,false],"thumbnail":["https:\/\/pecpets.com\/wp-content\/uploads\/2025\/09\/generated_image_2_-150x150.png",150,150,true],"medium":["https:\/\/pecpets.com\/wp-content\/uploads\/2025\/09\/generated_image_2_-300x233.png",300,233,true],"medium_large":["https:\/\/pecpets.com\/wp-content\/uploads\/2025\/09\/generated_image_2_-768x597.png",768,597,true],"large":["https:\/\/pecpets.com\/wp-content\/uploads\/2025\/09\/generated_image_2_-1024x796.png",800,622,true],"1536x1536":["https:\/\/pecpets.com\/wp-content\/uploads\/2025\/09\/generated_image_2_.png",1152,896,false],"2048x2048":["https:\/\/pecpets.com\/wp-content\/uploads\/2025\/09\/generated_image_2_.png",1152,896,false],"trp-custom-language-flag":["https:\/\/pecpets.com\/wp-content\/uploads\/2025\/09\/generated_image_2_-15x12.png",15,12,true],"woocommerce_thumbnail":["https:\/\/pecpets.com\/wp-content\/uploads\/2025\/09\/generated_image_2_-300x300.png",300,300,true],"woocommerce_single":["https:\/\/pecpets.com\/wp-content\/uploads\/2025\/09\/generated_image_2_-600x467.png",600,467,true],"woocommerce_gallery_thumbnail":["https:\/\/pecpets.com\/wp-content\/uploads\/2025\/09\/generated_image_2_-100x100.png",100,100,true]},"uagb_author_info":{"display_name":"Lawrence\u00a0\u52b3\u4f26\u65af","author_link":"https:\/\/pecpets.com\/se\/author\/"},"uagb_comment_info":0,"uagb_excerpt":"Marshmallow Dog Bed\u200b Products Name\u00a0 Pet Bed Item No. P-B2021 Material Fleece, wooden \u00a0Size Customized \u00a0Color Customized \u00a0Pet type \u00a0All Dog \u00a0Delivery time 1-5days\u00a0for small quantity by air and 30-35days for large quantity by sea\u00a0 \u00a0Port of shipment Xiamen\u00a0 \u00a0OEM\/ODM \u00a0Available \u00a0Package Each one is packed in a PPB, then into a Carton or per&hellip;","_links":{"self":[{"href":"https:\/\/pecpets.com\/se\/wp-json\/wp\/v2\/product\/22194","targetHints":{"allow":["GET"]}}],"collection":[{"href":"https:\/\/pecpets.com\/se\/wp-json\/wp\/v2\/product"}],"about":[{"href":"https:\/\/pecpets.com\/se\/wp-json\/wp\/v2\/types\/product"}],"wp:featuredmedia":[{"embeddable":true,"href":"https:\/\/pecpets.com\/se\/wp-json\/wp\/v2\/media\/22199"}],"wp:attachment":[{"href":"https:\/\/pecpets.com\/se\/wp-json\/wp\/v2\/media?parent=22194"}],"wp:term":[{"taxonomy":"product_brand","embeddable":true,"href":"https:\/\/pecpets.com\/se\/wp-json\/wp\/v2\/product_brand?post=22194"},{"taxonomy":"product_cat","embeddable":true,"href":"https:\/\/pecpets.com\/se\/wp-json\/wp\/v2\/product_cat?post=22194"},{"taxonomy":"product_tag","embeddable":true,"href":"https:\/\/pecpets.com\/se\/wp-json\/wp\/v2\/product_tag?post=22194"}],"curies":[{"name":"wp","href":"https:\/\/api.w.org\/{rel}","templated":true}]}}