{"id":22262,"date":"2025-09-20T10:17:17","date_gmt":"2025-09-20T02:17:17","guid":{"rendered":"https:\/\/pecpets.com\/?post_type=product&#038;p=22262"},"modified":"2025-09-20T14:24:02","modified_gmt":"2025-09-20T06:24:02","slug":"couch-dog-bed","status":"publish","type":"product","link":"https:\/\/pecpets.com\/se\/product\/couch-dog-bed\/","title":{"rendered":"Soffa Hundb\u00e4dd"},"content":{"rendered":"<h2 data-start=\"193\" data-end=\"275\">Couch Dog Bed Solutions - p\u00e5litlig hundb\u00e4ddstillverkare | husdjursb\u00e4ddstillverkare &amp; lyxig s\u00e4ngfabrikspartner<\/h2>\n<p data-start=\"237\" data-end=\"734\">Letar du efter h\u00f6gkvalitativa Couch Dog Bed-produkter f\u00f6r din grossist- eller detaljhandelsverksamhet?<\/p>\n<p data-start=\"237\" data-end=\"734\">Som en ledande tillverkare av hundb\u00e4ddar och professionell hundb\u00e4ddsfabrik i Kina erbjuder vi snygga, h\u00e5llbara och bekv\u00e4ma m\u00f6nster som h\u00e5ller husdjur mysiga samtidigt som de ger merv\u00e4rde till din produktlinje.<\/p>\n<p data-start=\"237\" data-end=\"734\">V\u00e5rt Dog Bed-f\u00f6retag arbetar med internationella varum\u00e4rken, distribut\u00f6rer och e-handelss\u00e4ljare och erbjuder ett komplett utbud av Dog Bed bulk- och Dog Bed-exportl\u00f6sningar.<\/p>\n<p data-start=\"736\" data-end=\"1061\">Vi \u00e4r specialiserade p\u00e5 anpassade projekt, inklusive Dog Bed ODM och Dog Bed OEM, med flexibla alternativ f\u00f6r Dog Bed private label-kollektioner.<\/p>\n<p data-start=\"736\" data-end=\"1061\">Oavsett om du beh\u00f6ver en p\u00e5litlig hundb\u00e4ddsleverant\u00f6r, en p\u00e5litlig hundb\u00e4ddsleverant\u00f6r eller en skalbar hundb\u00e4ddsgrossist, levererar v\u00e5r fabrik premiumkvalitet till konkurrenskraftiga priser.<\/p>\n<p data-start=\"1063\" data-end=\"1404\">Med expertisen hos en erfaren tillverkare av husdjurstr\u00f6jor och en partner f\u00f6r lyxiga tr\u00f6jfabriker f\u00f6rst\u00e5r vi balansen mellan komfort, mode och funktionalitet.<\/p>\n<p data-start=\"1063\" data-end=\"1404\">Varje Couch Dog Bed \u00e4r designad med slitstarka tyger, st\u00f6djande stoppning och anpassningsbara varum\u00e4rkesalternativ, vilket g\u00f6r den till det perfekta valet f\u00f6r globala marknader f\u00f6r husdjur.<\/p>\n<p data-start=\"1406\" data-end=\"1620\">Samarbeta med oss f\u00f6r dina Couch Dog Bed-behov och upplev f\u00f6rdelarna med att arbeta med en professionell Dog Bed-tillverkare som erbjuder snabb provtagning, p\u00e5litlig produktion och v\u00e4rldsomsp\u00e4nnande exportst\u00f6d.<\/p>","protected":false},"excerpt":{"rendered":"<h3>Soffa Hundb\u00e4dd<\/h3>\n<ul>\n<li>Tillfredsst\u00e4ller alla s\u00f6mnstilar: din hund kommer att \u00e4lska att str\u00e4cka sig, rulla sig eller luta sig i denna b\u00e4sts\u00e4ljande form<\/li>\n<li>Det tresidiga bolstret \u00e4r tillverkat av massiva, fullh\u00f6ga skumplastbitar f\u00f6r att f\u00f6rhindra att det faller \u00f6ver<\/li>\n<li>Mjukt sluttande bolster st\u00f6der din hund var den \u00e4n l\u00e4gger sitt huvud<\/li>\n<li>Bolstret ger din hund en k\u00e4nsla av trygghet, medan den \u00f6ppna sidan g\u00f6r det l\u00e4ttare f\u00f6r hunden att kliva p\u00e5 och av<\/li>\n<\/ul>\n<table width=\"288\">\n<tbody>\n<tr>\n<td width=\"137\"><span style=\"color: #333333;\">Produktens namn<\/span><\/td>\n<td width=\"151\"><span style=\"color: #333333;\">S\u00e4ng f\u00f6r husdjur<\/span><\/td>\n<\/tr>\n<tr>\n<td><span style=\"color: #333333;\">Artikel nr.<\/span><\/td>\n<td><span style=\"color: #333333;\">P-C3001<\/span><\/td>\n<\/tr>\n<tr>\n<td><span style=\"color: #333333;\">Material<\/span><\/td>\n<td>Bomull, polyester, fleece<\/td>\n<\/tr>\n<tr>\n<td><span style=\"color: #333333;\">\u00a0Storlek och f\u00e4rg<\/span><\/td>\n<td><span style=\"color: #333333;\">Anpassad<\/span><\/td>\n<\/tr>\n<tr>\n<td><span style=\"color: #333333;\">\u00a0Leveranstid<\/span><\/td>\n<td><span style=\"color: #333333;\">1- 5 dagar f\u00f6r sm\u00e5 kvantiteter med flyg och 30- 35 dagar f\u00f6r stora kvantiteter med b\u00e5t<\/span><\/td>\n<\/tr>\n<\/tbody>\n<\/table>","protected":false},"featured_media":22265,"template":"","meta":{"_seopress_robots_primary_cat":"none","_seopress_titles_title":"Couch Dog Bed | Professional China Pet Bed Factory","_seopress_titles_desc":"Looking for Couch Dog Bed? we design premium knitwear for pets worldwide. Bulk orders, OEM services. Request free cozy samples today!","_seopress_robots_index":"","_uag_custom_page_level_css":""},"product_brand":[],"product_cat":[349,22],"product_tag":[],"class_list":{"0":"post-22262","1":"product","2":"type-product","3":"status-publish","4":"has-post-thumbnail","6":"product_cat-memory-foam-dog-beds","7":"product_cat-pet-bed","9":"first","10":"instock","11":"shipping-taxable","12":"product-type-simple"},"uagb_featured_image_src":{"full":["https:\/\/pecpets.com\/wp-content\/uploads\/2025\/09\/ecae731a-980a-4795-a153-ae21d15cbc45.jpg",1280,1280,false],"thumbnail":["https:\/\/pecpets.com\/wp-content\/uploads\/2025\/09\/ecae731a-980a-4795-a153-ae21d15cbc45-150x150.jpg",150,150,true],"medium":["https:\/\/pecpets.com\/wp-content\/uploads\/2025\/09\/ecae731a-980a-4795-a153-ae21d15cbc45-300x300.jpg",300,300,true],"medium_large":["https:\/\/pecpets.com\/wp-content\/uploads\/2025\/09\/ecae731a-980a-4795-a153-ae21d15cbc45-768x768.jpg",768,768,true],"large":["https:\/\/pecpets.com\/wp-content\/uploads\/2025\/09\/ecae731a-980a-4795-a153-ae21d15cbc45-1024x1024.jpg",800,800,true],"1536x1536":["https:\/\/pecpets.com\/wp-content\/uploads\/2025\/09\/ecae731a-980a-4795-a153-ae21d15cbc45.jpg",1280,1280,false],"2048x2048":["https:\/\/pecpets.com\/wp-content\/uploads\/2025\/09\/ecae731a-980a-4795-a153-ae21d15cbc45.jpg",1280,1280,false],"trp-custom-language-flag":["https:\/\/pecpets.com\/wp-content\/uploads\/2025\/09\/ecae731a-980a-4795-a153-ae21d15cbc45-12x12.jpg",12,12,true],"woocommerce_thumbnail":["https:\/\/pecpets.com\/wp-content\/uploads\/2025\/09\/ecae731a-980a-4795-a153-ae21d15cbc45-300x300.jpg",300,300,true],"woocommerce_single":["https:\/\/pecpets.com\/wp-content\/uploads\/2025\/09\/ecae731a-980a-4795-a153-ae21d15cbc45-600x600.jpg",600,600,true],"woocommerce_gallery_thumbnail":["https:\/\/pecpets.com\/wp-content\/uploads\/2025\/09\/ecae731a-980a-4795-a153-ae21d15cbc45-100x100.jpg",100,100,true]},"uagb_author_info":{"display_name":"Lawrence\u00a0\u52b3\u4f26\u65af","author_link":"https:\/\/pecpets.com\/se\/author\/"},"uagb_comment_info":0,"uagb_excerpt":"Couch Dog Bed Satisfies all sleep styles: your dog will love to stretch, curl, or lean in this best-selling shape The three-sided bolster is made with solid, full-height foam pieces to prevent flopping over Gently sloped bolster supports your dog wherever they lay their head Bolster gives your dog a sense of security, while an&hellip;","_links":{"self":[{"href":"https:\/\/pecpets.com\/se\/wp-json\/wp\/v2\/product\/22262","targetHints":{"allow":["GET"]}}],"collection":[{"href":"https:\/\/pecpets.com\/se\/wp-json\/wp\/v2\/product"}],"about":[{"href":"https:\/\/pecpets.com\/se\/wp-json\/wp\/v2\/types\/product"}],"wp:featuredmedia":[{"embeddable":true,"href":"https:\/\/pecpets.com\/se\/wp-json\/wp\/v2\/media\/22265"}],"wp:attachment":[{"href":"https:\/\/pecpets.com\/se\/wp-json\/wp\/v2\/media?parent=22262"}],"wp:term":[{"taxonomy":"product_brand","embeddable":true,"href":"https:\/\/pecpets.com\/se\/wp-json\/wp\/v2\/product_brand?post=22262"},{"taxonomy":"product_cat","embeddable":true,"href":"https:\/\/pecpets.com\/se\/wp-json\/wp\/v2\/product_cat?post=22262"},{"taxonomy":"product_tag","embeddable":true,"href":"https:\/\/pecpets.com\/se\/wp-json\/wp\/v2\/product_tag?post=22262"}],"curies":[{"name":"wp","href":"https:\/\/api.w.org\/{rel}","templated":true}]}}