{"id":22268,"date":"2025-09-20T11:19:18","date_gmt":"2025-09-20T03:19:18","guid":{"rendered":"https:\/\/pecpets.com\/?post_type=product&#038;p=22268"},"modified":"2025-09-20T14:23:17","modified_gmt":"2025-09-20T06:23:17","slug":"memory-foam-couch-dog-bed","status":"publish","type":"product","link":"https:\/\/pecpets.com\/se\/product\/memory-foam-couch-dog-bed\/","title":{"rendered":"Hundb\u00e4dd f\u00f6r soffa med minneskum"},"content":{"rendered":"<h2 data-start=\"193\" data-end=\"275\">Memory Foam Couch Dog Bed Bed Tillverkare | P\u00e5litlig tillverkare av husdjursb\u00e4ddar och lyxig s\u00e4ngfabrikspartner<\/h2>\n<p data-start=\"196\" data-end=\"644\">Letar du efter en p\u00e5litlig partner till din grossist- eller detaljhandelsverksamhet?<\/p>\n<p data-start=\"196\" data-end=\"644\">Som en ledande tillverkare av hundb\u00e4ddar och en professionell hundb\u00e4ddsfabrik i Kina designar och producerar vi h\u00f6gkvalitativa hundb\u00e4ddar som kombinerar komfort, h\u00e5llbarhet och modern stil.<\/p>\n<p data-start=\"196\" data-end=\"644\">V\u00e5rt Dog Bed-f\u00f6retag f\u00f6rser globala marknader med Dog Bed bulk- och Dog Bed-exportl\u00f6sningar som \u00e4r skr\u00e4ddarsydda f\u00f6r ditt varum\u00e4rkes behov.<\/p>\n<p data-start=\"646\" data-end=\"989\">Vi erbjuder fullst\u00e4ndig anpassning genom Dog Bed ODM och Dog Bed OEM-tj\u00e4nster, som st\u00f6der dina Dog Bed private label-kollektioner med flexibla m\u00f6nster, tyger och varum\u00e4rkesalternativ.<\/p>\n<p data-start=\"646\" data-end=\"989\">Oavsett om du \u00e4r en distribut\u00f6r, e-handelss\u00e4ljare eller \u00e5terf\u00f6rs\u00e4ljare \u00e4r vi din p\u00e5litliga hundb\u00e4ddsleverant\u00f6r, hundb\u00e4ddsleverant\u00f6r och hundb\u00e4ddsgrossist.<\/p>\n<p data-start=\"991\" data-end=\"1228\">Som en erfaren tillverkare av s\u00e4ngar f\u00f6r husdjur och en lyxig s\u00e4ngfabrik fokuserar vi p\u00e5 f\u00f6rstklassigt hantverk - varje Dog Couch Bed \u00e4r byggd med slitstarka material, mjuka kuddar och snygga ytor som lyfter ditt sortiment av husdjursprodukter.<\/p>\n<p data-start=\"1230\" data-end=\"1397\">Samarbeta med oss f\u00f6r dina behov av hundb\u00e4ddsoffor och njut av bulkpriser, snabb provtagning, p\u00e5litliga produktionstidslinjer och fullst\u00e4ndig export av hundb\u00e4ddar \u00f6ver hela v\u00e4rlden.<\/p>","protected":false},"excerpt":{"rendered":"<h3>Hundb\u00e4dd f\u00f6r soffa med minneskum<\/h3>\n<ul>\n<li>Perfekt f\u00f6r alla sovstilar - din hund kommer att \u00e4lska att str\u00e4cka sig, rulla sig eller luta sig i denna b\u00e4sts\u00e4ljande form<\/li>\n<li>Det tresidiga bolstret \u00e4r tillverkat av bitar i full h\u00f6jd, s\u00e5 det kommer inte att falla \u00f6ver<\/li>\n<li>Bolstret ger din hund en k\u00e4nsla av trygghet, medan den \u00f6ppna sidan g\u00f6r det l\u00e4ttare f\u00f6r hunden att kliva p\u00e5 och av<\/li>\n<\/ul>\n<table width=\"288\">\n<tbody>\n<tr>\n<td width=\"137\"><span style=\"color: #333333;\">Produktens namn<\/span><\/td>\n<td width=\"151\"><span style=\"color: #333333;\">S\u00e4ng f\u00f6r husdjur<\/span><\/td>\n<\/tr>\n<tr>\n<td><span style=\"color: #333333;\">Artikel nr.<\/span><\/td>\n<td><span style=\"color: #333333;\">P-C3002<\/span><\/td>\n<\/tr>\n<tr>\n<td><span style=\"color: #333333;\">Material<\/span><\/td>\n<td>Bomull, polyester, fleece<\/td>\n<\/tr>\n<tr>\n<td><span style=\"color: #333333;\">\u00a0Storlek och f\u00e4rg<\/span><\/td>\n<td><span style=\"color: #333333;\">Anpassad<\/span><\/td>\n<\/tr>\n<tr>\n<td><span style=\"color: #333333;\">\u00a0Leveranstid<\/span><\/td>\n<td><span style=\"color: #333333;\">1- 5 dagar f\u00f6r sm\u00e5 kvantiteter med flyg och 30- 35 dagar f\u00f6r stora kvantiteter med b\u00e5t<\/span><\/td>\n<\/tr>\n<\/tbody>\n<\/table>","protected":false},"featured_media":22281,"template":"","meta":{"_seopress_robots_primary_cat":"none","_seopress_titles_title":"Memory Foam Couch Dog Bed | Professional Pet Bed Factory","_seopress_titles_desc":"Looking for Memory Foam Couch Dog Bed? we design premium knitwear for pets worldwide. Bulk orders, OEM services. Request free cozy samples today!","_seopress_robots_index":"","_uag_custom_page_level_css":""},"product_brand":[],"product_cat":[349,22],"product_tag":[],"class_list":{"0":"post-22268","1":"product","2":"type-product","3":"status-publish","4":"has-post-thumbnail","6":"product_cat-memory-foam-dog-beds","7":"product_cat-pet-bed","9":"first","10":"instock","11":"shipping-taxable","12":"product-type-simple"},"uagb_featured_image_src":{"full":["https:\/\/pecpets.com\/wp-content\/uploads\/2025\/09\/c1668def-f686-4dbc-87fa-1aaaa109085d.jpg",1280,1280,false],"thumbnail":["https:\/\/pecpets.com\/wp-content\/uploads\/2025\/09\/c1668def-f686-4dbc-87fa-1aaaa109085d-150x150.jpg",150,150,true],"medium":["https:\/\/pecpets.com\/wp-content\/uploads\/2025\/09\/c1668def-f686-4dbc-87fa-1aaaa109085d-300x300.jpg",300,300,true],"medium_large":["https:\/\/pecpets.com\/wp-content\/uploads\/2025\/09\/c1668def-f686-4dbc-87fa-1aaaa109085d-768x768.jpg",768,768,true],"large":["https:\/\/pecpets.com\/wp-content\/uploads\/2025\/09\/c1668def-f686-4dbc-87fa-1aaaa109085d-1024x1024.jpg",800,800,true],"1536x1536":["https:\/\/pecpets.com\/wp-content\/uploads\/2025\/09\/c1668def-f686-4dbc-87fa-1aaaa109085d.jpg",1280,1280,false],"2048x2048":["https:\/\/pecpets.com\/wp-content\/uploads\/2025\/09\/c1668def-f686-4dbc-87fa-1aaaa109085d.jpg",1280,1280,false],"trp-custom-language-flag":["https:\/\/pecpets.com\/wp-content\/uploads\/2025\/09\/c1668def-f686-4dbc-87fa-1aaaa109085d-12x12.jpg",12,12,true],"woocommerce_thumbnail":["https:\/\/pecpets.com\/wp-content\/uploads\/2025\/09\/c1668def-f686-4dbc-87fa-1aaaa109085d-300x300.jpg",300,300,true],"woocommerce_single":["https:\/\/pecpets.com\/wp-content\/uploads\/2025\/09\/c1668def-f686-4dbc-87fa-1aaaa109085d-600x600.jpg",600,600,true],"woocommerce_gallery_thumbnail":["https:\/\/pecpets.com\/wp-content\/uploads\/2025\/09\/c1668def-f686-4dbc-87fa-1aaaa109085d-100x100.jpg",100,100,true]},"uagb_author_info":{"display_name":"Lawrence\u00a0\u52b3\u4f26\u65af","author_link":"https:\/\/pecpets.com\/se\/author\/"},"uagb_comment_info":0,"uagb_excerpt":"Memory Foam Couch Dog Bed Perfect for all sleep styles\u2014your dog will love to stretch, curl, or lean in this best-selling shape The three-sided bolster is made with full-height pieces, so it won\u2019t flop over Bolster gives your dog a sense of security, while an open side makes it easier for them to get on&hellip;","_links":{"self":[{"href":"https:\/\/pecpets.com\/se\/wp-json\/wp\/v2\/product\/22268","targetHints":{"allow":["GET"]}}],"collection":[{"href":"https:\/\/pecpets.com\/se\/wp-json\/wp\/v2\/product"}],"about":[{"href":"https:\/\/pecpets.com\/se\/wp-json\/wp\/v2\/types\/product"}],"wp:featuredmedia":[{"embeddable":true,"href":"https:\/\/pecpets.com\/se\/wp-json\/wp\/v2\/media\/22281"}],"wp:attachment":[{"href":"https:\/\/pecpets.com\/se\/wp-json\/wp\/v2\/media?parent=22268"}],"wp:term":[{"taxonomy":"product_brand","embeddable":true,"href":"https:\/\/pecpets.com\/se\/wp-json\/wp\/v2\/product_brand?post=22268"},{"taxonomy":"product_cat","embeddable":true,"href":"https:\/\/pecpets.com\/se\/wp-json\/wp\/v2\/product_cat?post=22268"},{"taxonomy":"product_tag","embeddable":true,"href":"https:\/\/pecpets.com\/se\/wp-json\/wp\/v2\/product_tag?post=22268"}],"curies":[{"name":"wp","href":"https:\/\/api.w.org\/{rel}","templated":true}]}}