{"id":22298,"date":"2025-09-23T10:05:52","date_gmt":"2025-09-23T02:05:52","guid":{"rendered":"https:\/\/pecpets.com\/?post_type=product&#038;p=22298"},"modified":"2025-09-23T10:22:22","modified_gmt":"2025-09-23T02:22:22","slug":"chew-resistant-memory-foam-couch-dog-bed","status":"publish","type":"product","link":"https:\/\/pecpets.com\/se\/product\/chew-resistant-memory-foam-couch-dog-bed\/","title":{"rendered":"Tuggmotst\u00e5ndskraftig hundb\u00e4dd i soffa av minnesskum"},"content":{"rendered":"<h2 data-start=\"193\" data-end=\"275\">Chew-resistent Memory Foam Couch Dog Bed Leverant\u00f6r | P\u00e5litlig tillverkare av husdjursb\u00e4ddar och lyxig s\u00e4ngfabrik<\/h2>\n<p data-start=\"233\" data-end=\"657\">Letar du efter en h\u00e5llbar men \u00e4nd\u00e5 bekv\u00e4m l\u00f6sning f\u00f6r husdjur? V\u00e5r tuggmotst\u00e5ndskraftiga Memory Foam Couch Dog Bed \u00e4r utformad f\u00f6r att kombinera ortopediskt st\u00f6d med l\u00e5ngvariga material, vilket g\u00f6r den perfekt f\u00f6r grossist- och detaljhandelsmarknader.<\/p>\n<p data-start=\"233\" data-end=\"657\">Som en betrodd tillverkare av hundb\u00e4ddar och ledande hundb\u00e4ddsfabrik i Kina erbjuder vi h\u00f6gkvalitativ design som sticker ut i b\u00e5de komfort och h\u00e5llbarhet.<\/p>\n<p data-start=\"659\" data-end=\"992\">Oavsett om du \u00e4r ett f\u00f6retag, en distribut\u00f6r eller en \u00e5terf\u00f6rs\u00e4ljare av hundb\u00e4ddar \u00e4r vi specialiserade p\u00e5 exportl\u00f6sningar f\u00f6r hundb\u00e4ddar och bulk av hundb\u00e4ddar som \u00e4r skr\u00e4ddarsydda f\u00f6r ditt f\u00f6retag.<\/p>\n<p data-start=\"659\" data-end=\"992\">Med v\u00e5r starka bakgrund inom Dog Bed ODM och Dog Bed OEM-tj\u00e4nster st\u00f6der vi fullst\u00e4ndig anpassning, fr\u00e5n storlek och material till Dog Bed private label branding.<\/p>\n<p data-start=\"994\" data-end=\"1308\">Som en professionell tillverkare av husdjursb\u00e4ddar och en p\u00e5litlig fabrik f\u00f6r lyxb\u00e4ddar ser vi till att varje tuggresistent Memory Foam Couch Dog Bed \u00e4r tillverkad med premium minnesskum, tuggresistenta \u00f6verdrag och snygg design i soffstil. Detta g\u00f6r v\u00e5ra s\u00e4ngar till ett f\u00f6rstahandsval f\u00f6r grossister, djuraff\u00e4rer och globala partners.<\/p>\n<p data-start=\"1310\" data-end=\"1330\"><strong>Varf\u00f6r v\u00e4lja oss<\/strong>:<\/p>\n<ul data-start=\"1331\" data-end=\"1639\">\n<li data-start=\"1331\" data-end=\"1398\">\n<p data-start=\"1333\" data-end=\"1398\">Bulkpriser f\u00f6r hundb\u00e4ddar direkt fr\u00e5n fabrik f\u00f6r konkurrenskraftiga marginaler<\/p>\n<\/li>\n<li data-start=\"1399\" data-end=\"1459\">\n<p data-start=\"1401\" data-end=\"1459\">Flexibel hundb\u00e4dd OEM\/ODM-st\u00f6d f\u00f6r anpassade projekt<\/p>\n<\/li>\n<li data-start=\"1460\" data-end=\"1528\">\n<p data-start=\"1462\" data-end=\"1528\">Snabb provtagning och leverans i tid f\u00f6r exportorder f\u00f6r hundb\u00e4ddar<\/p>\n<\/li>\n<li data-start=\"1529\" data-end=\"1639\">\n<p data-start=\"1531\" data-end=\"1639\">P\u00e5litlig hundb\u00e4ddsleverant\u00f6r, hundb\u00e4ddsf\u00f6rs\u00e4ljare och hundb\u00e4ddsgrossist med bepr\u00f6vad kvalitetss\u00e4kring<\/p>\n<\/li>\n<\/ul>\n<p data-start=\"1641\" data-end=\"1841\">Samarbeta med oss f\u00f6r att ut\u00f6ka din produktlinje f\u00f6r husdjur med premiumkollektioner av tuggmotst\u00e5ndskraftiga soffhundb\u00e4ddar i minnesskum. L\u00e5t v\u00e5r fabriksexpertis och exporterfarenhet hj\u00e4lpa ditt varum\u00e4rke att v\u00e4xa \u00f6ver hela v\u00e4rlden.<\/p>","protected":false},"excerpt":{"rendered":"<h3>Tuggmotst\u00e5ndskraftig hundb\u00e4dd i soffa av minnesskum<\/h3>\n<p>Med samma ortopediska st\u00f6d och komfort som gjorde originalet till en b\u00e4sts\u00e4ljare har v\u00e5r nya och f\u00f6rb\u00e4ttrade ToughChew\u00ae Memory Foam Couch Dog Bed nu ett mer l\u00e5nglivat skum, st\u00f6d i full h\u00f6jd och en str\u00f6mlinjeformad design - allt med v\u00e5rt garanterat tuggmotst\u00e5ndskraftiga \u00f6verdrag.<\/p>\n<p>Din hund kommer att \u00e4lska den st\u00f6djande k\u00e4nslan, och du kommer att \u00e4lska att den f\u00f6rdelar vikten j\u00e4mnt, vilket hj\u00e4lper till att lindra trycket p\u00e5 leder och muskler f\u00f6r att fr\u00e4mja b\u00e4ttre cirkulation. Det sk\u00f6na bolstret ger din hund en mjuk plats att vila huvudet p\u00e5 eller luta sig mot, och det \u00e4r fyllt med 100% \u00e5tervunnet material f\u00f6r ett l\u00e4ttare fotavtryck.<\/p>\n<p>\u00d6verdrag av polyester\/polyester som \u00e5tervunnits efter konsumentanv\u00e4ndning. Baksida av nylon. Foder i polyester som \u00e5tervunnits efter konsumtion. Tv\u00e4tta \u00f6verdraget i maskin. Importerad.\u00a0<b>Montering kr\u00e4vs.<\/b><\/p>\n<table width=\"288\">\n<tbody>\n<tr>\n<td width=\"137\"><span style=\"color: #333333;\">Produktens namn<\/span><\/td>\n<td width=\"151\"><span style=\"color: #333333;\">S\u00e4ng f\u00f6r husdjur<\/span><\/td>\n<\/tr>\n<tr>\n<td><span style=\"color: #333333;\">Artikel nr.<\/span><\/td>\n<td><span style=\"color: #333333;\">P-C3004<\/span><\/td>\n<\/tr>\n<tr>\n<td><span style=\"color: #333333;\">Material<\/span><\/td>\n<td>Bomull, polyester, fleece<\/td>\n<\/tr>\n<tr>\n<td><span style=\"color: #333333;\">\u00a0Storlek och f\u00e4rg<\/span><\/td>\n<td><span style=\"color: #333333;\">Anpassad<\/span><\/td>\n<\/tr>\n<tr>\n<td><span style=\"color: #333333;\">\u00a0Leveranstid<\/span><\/td>\n<td><span style=\"color: #333333;\">1- 5 dagar f\u00f6r sm\u00e5 kvantiteter med flyg och 30- 35 dagar f\u00f6r stora kvantiteter med b\u00e5t<\/span><\/td>\n<\/tr>\n<\/tbody>\n<\/table>","protected":false},"featured_media":22299,"template":"","meta":{"_seopress_robots_primary_cat":"none","_seopress_titles_title":"Chew-Resistant Memory Foam Couch Dog Bed | China Factory","_seopress_titles_desc":"Looking for Chew-Resistant Memory Foam Couch Dog Bed? we design premium knitwear for pets worldwide. Bulk orders, OEM services. Request free cozy samples today!","_seopress_robots_index":"","_uag_custom_page_level_css":""},"product_brand":[],"product_cat":[349,22],"product_tag":[],"class_list":{"0":"post-22298","1":"product","2":"type-product","3":"status-publish","4":"has-post-thumbnail","6":"product_cat-memory-foam-dog-beds","7":"product_cat-pet-bed","9":"first","10":"instock","11":"shipping-taxable","12":"product-type-simple"},"uagb_featured_image_src":{"full":["https:\/\/pecpets.com\/wp-content\/uploads\/2025\/09\/a398e2d0-b7f6-477e-87dc-efb4e73b997c.jpeg",1280,1280,false],"thumbnail":["https:\/\/pecpets.com\/wp-content\/uploads\/2025\/09\/a398e2d0-b7f6-477e-87dc-efb4e73b997c-150x150.jpeg",150,150,true],"medium":["https:\/\/pecpets.com\/wp-content\/uploads\/2025\/09\/a398e2d0-b7f6-477e-87dc-efb4e73b997c-300x300.jpeg",300,300,true],"medium_large":["https:\/\/pecpets.com\/wp-content\/uploads\/2025\/09\/a398e2d0-b7f6-477e-87dc-efb4e73b997c-768x768.jpeg",768,768,true],"large":["https:\/\/pecpets.com\/wp-content\/uploads\/2025\/09\/a398e2d0-b7f6-477e-87dc-efb4e73b997c-1024x1024.jpeg",800,800,true],"1536x1536":["https:\/\/pecpets.com\/wp-content\/uploads\/2025\/09\/a398e2d0-b7f6-477e-87dc-efb4e73b997c.jpeg",1280,1280,false],"2048x2048":["https:\/\/pecpets.com\/wp-content\/uploads\/2025\/09\/a398e2d0-b7f6-477e-87dc-efb4e73b997c.jpeg",1280,1280,false],"trp-custom-language-flag":["https:\/\/pecpets.com\/wp-content\/uploads\/2025\/09\/a398e2d0-b7f6-477e-87dc-efb4e73b997c-12x12.jpeg",12,12,true],"woocommerce_thumbnail":["https:\/\/pecpets.com\/wp-content\/uploads\/2025\/09\/a398e2d0-b7f6-477e-87dc-efb4e73b997c-300x300.jpeg",300,300,true],"woocommerce_single":["https:\/\/pecpets.com\/wp-content\/uploads\/2025\/09\/a398e2d0-b7f6-477e-87dc-efb4e73b997c-600x600.jpeg",600,600,true],"woocommerce_gallery_thumbnail":["https:\/\/pecpets.com\/wp-content\/uploads\/2025\/09\/a398e2d0-b7f6-477e-87dc-efb4e73b997c-100x100.jpeg",100,100,true]},"uagb_author_info":{"display_name":"Lawrence\u00a0\u52b3\u4f26\u65af","author_link":"https:\/\/pecpets.com\/se\/author\/"},"uagb_comment_info":0,"uagb_excerpt":"Chew-Resistant Memory Foam Couch Dog Bed With the same orthopedic support and comfort that made the original a best seller, our new and improved ToughChew\u00ae Memory Foam Couch Dog Bed now has a longer-lasting foam, full-height bolsters, and a streamlined design\u2014all with our guaranteed chew-resistant cover. Your dog will love the supportive feel, and you\u2019ll&hellip;","_links":{"self":[{"href":"https:\/\/pecpets.com\/se\/wp-json\/wp\/v2\/product\/22298","targetHints":{"allow":["GET"]}}],"collection":[{"href":"https:\/\/pecpets.com\/se\/wp-json\/wp\/v2\/product"}],"about":[{"href":"https:\/\/pecpets.com\/se\/wp-json\/wp\/v2\/types\/product"}],"wp:featuredmedia":[{"embeddable":true,"href":"https:\/\/pecpets.com\/se\/wp-json\/wp\/v2\/media\/22299"}],"wp:attachment":[{"href":"https:\/\/pecpets.com\/se\/wp-json\/wp\/v2\/media?parent=22298"}],"wp:term":[{"taxonomy":"product_brand","embeddable":true,"href":"https:\/\/pecpets.com\/se\/wp-json\/wp\/v2\/product_brand?post=22298"},{"taxonomy":"product_cat","embeddable":true,"href":"https:\/\/pecpets.com\/se\/wp-json\/wp\/v2\/product_cat?post=22298"},{"taxonomy":"product_tag","embeddable":true,"href":"https:\/\/pecpets.com\/se\/wp-json\/wp\/v2\/product_tag?post=22298"}],"curies":[{"name":"wp","href":"https:\/\/api.w.org\/{rel}","templated":true}]}}