{"id":22321,"date":"2025-09-25T09:11:04","date_gmt":"2025-09-25T01:11:04","guid":{"rendered":"https:\/\/pecpets.com\/?post_type=product&#038;p=22321"},"modified":"2025-09-25T09:38:33","modified_gmt":"2025-09-25T01:38:33","slug":"dog-couch-bed","status":"publish","type":"product","link":"https:\/\/pecpets.com\/se\/product\/dog-couch-bed\/","title":{"rendered":"Hund soffa s\u00e4ng"},"content":{"rendered":"<h2 data-start=\"193\" data-end=\"275\">Hund soffa s\u00e4ng leverant\u00f6r | Premium husdjur s\u00e4ng tillverkare &amp; lyxig s\u00e4ng fabrik<\/h2>\n<p data-start=\"235\" data-end=\"716\">Letar du efter en snygg och bekv\u00e4m hundb\u00e4ddsoffa f\u00f6r din detaljhandel eller grossistverksamhet? Som en ledande Pet Bed-tillverkare och p\u00e5litlig Dog Bed-fabrik i Dog Bed China, specialiserar vi oss p\u00e5 att skapa h\u00f6gkvalitativa Dog Couch Beds designade f\u00f6r b\u00e5de lyx och komfort. Oavsett om du vill ut\u00f6ka din produktlinje med Dog Bed bulk eller k\u00e4lla Dog Bed exportl\u00f6sningar, erbjuder vi p\u00e5litliga produkter som husdjur och husdjurs\u00e4gare kommer att \u00e4lska.<\/p>\n<p data-start=\"718\" data-end=\"1097\">V\u00e5r hundb\u00e4ddsoffa kombinerar ortopediskt minneskum och slitstarka tyger, vilket s\u00e4kerst\u00e4ller att hundar f\u00e5r b\u00e4sta komfort och st\u00f6d. Med m\u00e5nga \u00e5rs erfarenhet som ett hundb\u00e4ddsf\u00f6retag tillgodoser vi ODM- och OEM-tj\u00e4nster f\u00f6r hundb\u00e4ddar, erbjuder anpassningsalternativ f\u00f6r hundb\u00e4dds privata m\u00e4rkeskollektioner samt bulkbest\u00e4llningar f\u00f6r hundb\u00e4ddsgrossister och \u00e5terf\u00f6rs\u00e4ljare.<\/p>\n<p data-start=\"1099\" data-end=\"1144\"><strong>Varf\u00f6r v\u00e4lja oss som leverant\u00f6r av hundb\u00e4ddar<\/strong>:<\/p>\n<ul data-start=\"1145\" data-end=\"1488\">\n<li data-start=\"1145\" data-end=\"1208\">\n<p data-start=\"1147\" data-end=\"1208\">Hundb\u00e4ddar med design som erbjuder b\u00e5de komfort och stil<\/p>\n<\/li>\n<li data-start=\"1209\" data-end=\"1277\">\n<p data-start=\"1211\" data-end=\"1277\">H\u00f6gkvalitativa material, inklusive memory foam och slitstarka \u00f6verdrag<\/p>\n<\/li>\n<li data-start=\"1278\" data-end=\"1343\">\n<p data-start=\"1280\" data-end=\"1343\">Konkurrenskraftiga priser f\u00f6r bulk- och grossistorder f\u00f6r hundb\u00e4ddar<\/p>\n<\/li>\n<li data-start=\"1344\" data-end=\"1423\">\n<p data-start=\"1346\" data-end=\"1423\">Anpassningsalternativ tillg\u00e4ngliga via Dog Bed ODM och Dog Bed OEM<\/p>\n<\/li>\n<li data-start=\"1424\" data-end=\"1488\">\n<p data-start=\"1426\" data-end=\"1488\">Full Dog Bed exportst\u00f6d och globala frakttj\u00e4nster<\/p>\n<\/li>\n<\/ul>\n<p data-start=\"1490\" data-end=\"1515\"><strong>F\u00f6rdelar i fabriken<\/strong>:<\/p>\n<ul data-start=\"1516\" data-end=\"1782\">\n<li data-start=\"1516\" data-end=\"1578\">\n<p data-start=\"1518\" data-end=\"1578\">Fabriksdirekt priss\u00e4ttning f\u00f6r hundb\u00e4ddsleverant\u00f6rspartnerskap<\/p>\n<\/li>\n<li data-start=\"1579\" data-end=\"1651\">\n<p data-start=\"1581\" data-end=\"1651\">Snabb handl\u00e4ggning f\u00f6r prototyper och bulkproduktion av hundb\u00e4ddsoffor<\/p>\n<\/li>\n<li data-start=\"1652\" data-end=\"1710\">\n<p data-start=\"1654\" data-end=\"1710\">P\u00e5litlig hundb\u00e4ddsgrossist med kvalitetss\u00e4kring<\/p>\n<\/li>\n<li data-start=\"1711\" data-end=\"1782\">\n<p data-start=\"1713\" data-end=\"1782\">Expertis inom global export av hundb\u00e4ddar med st\u00f6d f\u00f6r fullst\u00e4ndig efterlevnad<\/p>\n<\/li>\n<\/ul>\n<p data-start=\"1784\" data-end=\"2078\">Som en p\u00e5litlig tillverkare av hundb\u00e4ddar arbetar vi med f\u00f6retag runt om i v\u00e4rlden f\u00f6r att leverera h\u00f6gkvalitativa, bekv\u00e4ma och snygga hundb\u00e4ddskollektioner. Oavsett om du vill skapa en privat etikett eller beh\u00f6ver bulkbest\u00e4llningar, \u00e4r vi din go-to Dog Bed-leverant\u00f6r och Dog Bed-f\u00f6retag.<\/p>","protected":false},"excerpt":{"rendered":"<h3>Hund soffa s\u00e4ng<\/h3>\n<p>Memory Foam Deluxe Bed ger din hund en hel del att \u00e4lska. Den st\u00f6djande 4 \u2033 tjocka kudden med minnesskum \u00e4r kalibrerad speciellt f\u00f6r hundar - vilket hj\u00e4lper till att minska trycket p\u00e5 lederna, st\u00f6dja musklerna och f\u00f6rb\u00e4ttra cirkulationen. De plyschiga polyesterfyllda, dubbelstaplade bolstrarna hj\u00e4lper din hund att k\u00e4nna sig s\u00e4ker och bekv\u00e4m, och det sammetsmjuka \u00f6verdraget ser lika bra ut som det k\u00e4nns. Personifiera med broderi, upp till 15 tecken.<\/p>\n<p>\u00d6verdrag av polyester. \u00d6verdraget \u00e4r avtagbart och kan tv\u00e4ttas i maskin. Importerad.<\/p>\n<table width=\"288\">\n<tbody>\n<tr>\n<td width=\"137\"><span style=\"color: #333333;\">Produktens namn<\/span><\/td>\n<td width=\"151\"><span style=\"color: #333333;\">S\u00e4ng f\u00f6r husdjur<\/span><\/td>\n<\/tr>\n<tr>\n<td><span style=\"color: #333333;\">Artikel nr.<\/span><\/td>\n<td><span style=\"color: #333333;\">P-C3007<\/span><\/td>\n<\/tr>\n<tr>\n<td><span style=\"color: #333333;\">Material<\/span><\/td>\n<td>Bomull, polyester, fleece<\/td>\n<\/tr>\n<tr>\n<td><span style=\"color: #333333;\">\u00a0Storlek och f\u00e4rg<\/span><\/td>\n<td><span style=\"color: #333333;\">Anpassad<\/span><\/td>\n<\/tr>\n<tr>\n<td><span style=\"color: #333333;\">\u00a0Leveranstid<\/span><\/td>\n<td><span style=\"color: #333333;\">1- 5 dagar f\u00f6r sm\u00e5 kvantiteter med flyg och 30- 35 dagar f\u00f6r stora kvantiteter med b\u00e5t<\/span><\/td>\n<\/tr>\n<\/tbody>\n<\/table>","protected":false},"featured_media":22325,"template":"","meta":{"_seopress_robots_primary_cat":"none","_seopress_titles_title":"Dog Couch Bed\u200b | China Pet Bed Manufacturer","_seopress_titles_desc":"Looking for Dog Couch Bed\u200b\u200b? we design premium knitwear for pets worldwide. Bulk orders, OEM services. Request free cozy samples today!","_seopress_robots_index":"","_uag_custom_page_level_css":""},"product_brand":[],"product_cat":[349,22],"product_tag":[],"class_list":{"0":"post-22321","1":"product","2":"type-product","3":"status-publish","4":"has-post-thumbnail","6":"product_cat-memory-foam-dog-beds","7":"product_cat-pet-bed","9":"first","10":"instock","11":"shipping-taxable","12":"product-type-simple"},"uagb_featured_image_src":{"full":["https:\/\/pecpets.com\/wp-content\/uploads\/2025\/09\/a733f475-8446-466a-86cc-f213ebfb85a8.jpg",1280,1280,false],"thumbnail":["https:\/\/pecpets.com\/wp-content\/uploads\/2025\/09\/a733f475-8446-466a-86cc-f213ebfb85a8-150x150.jpg",150,150,true],"medium":["https:\/\/pecpets.com\/wp-content\/uploads\/2025\/09\/a733f475-8446-466a-86cc-f213ebfb85a8-300x300.jpg",300,300,true],"medium_large":["https:\/\/pecpets.com\/wp-content\/uploads\/2025\/09\/a733f475-8446-466a-86cc-f213ebfb85a8-768x768.jpg",768,768,true],"large":["https:\/\/pecpets.com\/wp-content\/uploads\/2025\/09\/a733f475-8446-466a-86cc-f213ebfb85a8-1024x1024.jpg",800,800,true],"1536x1536":["https:\/\/pecpets.com\/wp-content\/uploads\/2025\/09\/a733f475-8446-466a-86cc-f213ebfb85a8.jpg",1280,1280,false],"2048x2048":["https:\/\/pecpets.com\/wp-content\/uploads\/2025\/09\/a733f475-8446-466a-86cc-f213ebfb85a8.jpg",1280,1280,false],"trp-custom-language-flag":["https:\/\/pecpets.com\/wp-content\/uploads\/2025\/09\/a733f475-8446-466a-86cc-f213ebfb85a8-12x12.jpg",12,12,true],"woocommerce_thumbnail":["https:\/\/pecpets.com\/wp-content\/uploads\/2025\/09\/a733f475-8446-466a-86cc-f213ebfb85a8-300x300.jpg",300,300,true],"woocommerce_single":["https:\/\/pecpets.com\/wp-content\/uploads\/2025\/09\/a733f475-8446-466a-86cc-f213ebfb85a8-600x600.jpg",600,600,true],"woocommerce_gallery_thumbnail":["https:\/\/pecpets.com\/wp-content\/uploads\/2025\/09\/a733f475-8446-466a-86cc-f213ebfb85a8-100x100.jpg",100,100,true]},"uagb_author_info":{"display_name":"Lawrence\u00a0\u52b3\u4f26\u65af","author_link":"https:\/\/pecpets.com\/se\/author\/"},"uagb_comment_info":0,"uagb_excerpt":"Dog Couch Bed\u200b The Memory Foam Deluxe Bed gives your dog a whole lot to love. The supportive 4\"-thick memory foam cushion is calibrated specifically for canines\u2014helping to reduce pressure on joints, support muscles, and improve circulation. The plush polyester-filled, double-stacked bolsters help your dog feel secure and comfy, and the velvety-soft cover looks as&hellip;","_links":{"self":[{"href":"https:\/\/pecpets.com\/se\/wp-json\/wp\/v2\/product\/22321","targetHints":{"allow":["GET"]}}],"collection":[{"href":"https:\/\/pecpets.com\/se\/wp-json\/wp\/v2\/product"}],"about":[{"href":"https:\/\/pecpets.com\/se\/wp-json\/wp\/v2\/types\/product"}],"wp:featuredmedia":[{"embeddable":true,"href":"https:\/\/pecpets.com\/se\/wp-json\/wp\/v2\/media\/22325"}],"wp:attachment":[{"href":"https:\/\/pecpets.com\/se\/wp-json\/wp\/v2\/media?parent=22321"}],"wp:term":[{"taxonomy":"product_brand","embeddable":true,"href":"https:\/\/pecpets.com\/se\/wp-json\/wp\/v2\/product_brand?post=22321"},{"taxonomy":"product_cat","embeddable":true,"href":"https:\/\/pecpets.com\/se\/wp-json\/wp\/v2\/product_cat?post=22321"},{"taxonomy":"product_tag","embeddable":true,"href":"https:\/\/pecpets.com\/se\/wp-json\/wp\/v2\/product_tag?post=22321"}],"curies":[{"name":"wp","href":"https:\/\/api.w.org\/{rel}","templated":true}]}}