{"id":22331,"date":"2025-09-25T09:55:38","date_gmt":"2025-09-25T01:55:38","guid":{"rendered":"https:\/\/pecpets.com\/?post_type=product&#038;p=22331"},"modified":"2025-09-25T10:13:09","modified_gmt":"2025-09-25T02:13:09","slug":"memory-foam-deluxe-dog-bed","status":"publish","type":"product","link":"https:\/\/pecpets.com\/se\/product\/memory-foam-deluxe-dog-bed\/","title":{"rendered":"Hundb\u00e4dd Deluxe med memoryskum"},"content":{"rendered":"<h2 data-start=\"193\" data-end=\"275\">Memory Foam Deluxe hundb\u00e4dd leverant\u00f6r | Premium husdjursb\u00e4dd tillverkare &amp; lyxig s\u00e4ng fabrik<\/h2>\n<p data-start=\"247\" data-end=\"681\">Letar du efter en premium Memory Foam Deluxe Dog Bed f\u00f6r din grossist- eller detaljhandelsverksamhet? Som en topptillverkare av husdjursb\u00e4ddar och hundb\u00e4ddsfabrik i Dog Bed China, specialiserar vi oss p\u00e5 att skapa lyxiga och ortopediska hundb\u00e4ddar med minneskum som ger exceptionell komfort och st\u00f6d. V\u00e5ra h\u00f6gkvalitativa hundb\u00e4ddsamlingar \u00e4r perfekta f\u00f6r bulkbest\u00e4llningar av hundb\u00e4ddar och globala exportbehov f\u00f6r hundb\u00e4ddar.<\/p>\n<p data-start=\"683\" data-end=\"1064\">Vi erbjuder ett brett utbud av m\u00f6nster och storlekar f\u00f6r v\u00e5r Memory Foam Deluxe Dog Bed, skr\u00e4ddarsydd f\u00f6r att uppfylla husdjurens komfortkrav samtidigt som den sm\u00e4lter s\u00f6ml\u00f6st med modern heminredning. Som ett p\u00e5litligt hundb\u00e4ddsf\u00f6retag st\u00f6der vi b\u00e5de Dog Bed OEM- och Dog Bed ODM-tj\u00e4nster, s\u00e5 att du kan skapa anpassade Dog Bed private label-kollektioner med unik branding och funktioner.<\/p>\n<p data-start=\"1066\" data-end=\"1115\"><strong>Varf\u00f6r v\u00e4lja v\u00e5ra Deluxe hundb\u00e4ddar med memory foam<\/strong>:<\/p>\n<ul data-start=\"1116\" data-end=\"1447\">\n<li data-start=\"1116\" data-end=\"1172\">\n<p data-start=\"1118\" data-end=\"1172\">Memory foam med h\u00f6g densitet f\u00f6r st\u00f6d av leder och ryggrad<\/p>\n<\/li>\n<li data-start=\"1173\" data-end=\"1226\">\n<p data-start=\"1175\" data-end=\"1226\">Avtagbara \u00f6verdrag i plysch som kan tv\u00e4ttas i maskin<\/p>\n<\/li>\n<li data-start=\"1227\" data-end=\"1300\">\n<p data-start=\"1229\" data-end=\"1300\">Finns i olika storlekar, l\u00e4mplig f\u00f6r hundar av alla raser och storlekar<\/p>\n<\/li>\n<li data-start=\"1301\" data-end=\"1373\">\n<p data-start=\"1303\" data-end=\"1373\">Slitstarka, giftfria material som \u00e4r perfekta f\u00f6r b\u00e5de inomhus- och utomhusbruk<\/p>\n<\/li>\n<li data-start=\"1374\" data-end=\"1447\">\n<p data-start=\"1376\" data-end=\"1447\">Konkurrenskraftiga priser f\u00f6r bulkbest\u00e4llningar och grossistpriser f\u00f6r hundb\u00e4ddar<\/p>\n<\/li>\n<\/ul>\n<p data-start=\"1449\" data-end=\"1478\"><strong>V\u00e5ra fabriksf\u00f6rdelar<\/strong>:<\/p>\n<ul data-start=\"1479\" data-end=\"1804\">\n<li data-start=\"1479\" data-end=\"1566\">\n<p data-start=\"1481\" data-end=\"1566\">Fabriksdirekt priss\u00e4ttning f\u00f6r hundb\u00e4ddsleverant\u00f6rer och partnerskap med hundb\u00e4ddsf\u00f6rs\u00e4ljare<\/p>\n<\/li>\n<li data-start=\"1567\" data-end=\"1648\">\n<p data-start=\"1569\" data-end=\"1648\">Snabb provutveckling och bulkproduktion f\u00f6r grossistorder f\u00f6r hundb\u00e4ddar<\/p>\n<\/li>\n<li data-start=\"1649\" data-end=\"1724\">\n<p data-start=\"1651\" data-end=\"1724\">Flexibel hundb\u00e4dd ODM och hundb\u00e4dd OEM-tj\u00e4nster f\u00f6r anpassning<\/p>\n<\/li>\n<li data-start=\"1725\" data-end=\"1804\">\n<p data-start=\"1727\" data-end=\"1804\">Tillf\u00f6rlitliga exporttj\u00e4nster f\u00f6r hundb\u00e4ddar med fullst\u00e4ndig dokumentation och efterlevnad<\/p>\n<\/li>\n<\/ul>\n<p data-start=\"1806\" data-end=\"2243\">Som en ledande tillverkare av hundb\u00e4ddar erbjuder vi h\u00f6gkvalitativa Memory Foam Deluxe hundb\u00e4ddsl\u00f6sningar som kombinerar komfort, h\u00e5llbarhet och lyx. Oavsett om du letar efter en privat etikett f\u00f6r hundb\u00e4ddar eller s\u00f6ker en p\u00e5litlig leverant\u00f6r av hundb\u00e4ddar, \u00e4r v\u00e5r fabrik utrustad f\u00f6r att m\u00f6ta dina aff\u00e4rsbehov med konkurrenskraftiga priser och snabb leverans. Samarbeta med oss idag f\u00f6r att erbjuda dina kunder det b\u00e4sta inom komfort och lyx f\u00f6r sina husdjur.<\/p>","protected":false},"excerpt":{"rendered":"<h3>Hundb\u00e4dd Deluxe med memoryskum<\/h3>\n<p>Hundar \u00e4lskar den h\u00e4r s\u00e4ngens dubbelstaplade bolster - det hj\u00e4lper dem att k\u00e4nna sig trygga och st\u00f6dda. Och den superkuddade sovytan hj\u00e4lper dem att sjunka ner i komfort. Den avtagbara dynan stannar p\u00e5 plats, oavsett hur mycket din hund r\u00f6r sig. Memory Foam Deluxe Dog Bed \u00e4r fj\u00e4drande och plyschig, perfekt f\u00f6r hundar som gillar att krypa ihop och bo f\u00f6r att f\u00e5 det bekv\u00e4mt - och ett kammat foder ser till att den inte plattas ut eller klumpar ihop sig. Allt \u00e4r f\u00f6rpackat i v\u00e5rt sammetsmjuka, quiltade \u00f6verdrag med piping l\u00e4ngs de dubbla bolsterkanterna. G\u00f6r den personlig med broderi.<\/p>\n<p>Polyester\u00f6verdraget \u00e4r avtagbart och kan tv\u00e4ttas i maskin. Importerad.<\/p>\n<table width=\"288\">\n<tbody>\n<tr>\n<td width=\"137\"><span style=\"color: #333333;\">Produktens namn<\/span><\/td>\n<td width=\"151\"><span style=\"color: #333333;\">S\u00e4ng f\u00f6r husdjur<\/span><\/td>\n<\/tr>\n<tr>\n<td><span style=\"color: #333333;\">Artikel nr.<\/span><\/td>\n<td><span style=\"color: #333333;\">P-C3008<\/span><\/td>\n<\/tr>\n<tr>\n<td><span style=\"color: #333333;\">Material<\/span><\/td>\n<td>Bomull, polyester, fleece<\/td>\n<\/tr>\n<tr>\n<td><span style=\"color: #333333;\">\u00a0Storlek och f\u00e4rg<\/span><\/td>\n<td><span style=\"color: #333333;\">Anpassad<\/span><\/td>\n<\/tr>\n<tr>\n<td><span style=\"color: #333333;\">\u00a0Leveranstid<\/span><\/td>\n<td><span style=\"color: #333333;\">1- 5 dagar f\u00f6r sm\u00e5 kvantiteter med flyg och 30- 35 dagar f\u00f6r stora kvantiteter med b\u00e5t<\/span><\/td>\n<\/tr>\n<\/tbody>\n<\/table>","protected":false},"featured_media":22335,"template":"","meta":{"_seopress_robots_primary_cat":"none","_seopress_titles_title":"Memory Foam Deluxe Dog Bed | China Pet Bed Manufacturer","_seopress_titles_desc":"Looking for Memory Foam Deluxe Dog Bed? we design premium knitwear for pets worldwide. Bulk orders, OEM services. Request free cozy samples today!","_seopress_robots_index":"","_uag_custom_page_level_css":""},"product_brand":[],"product_cat":[349,22],"product_tag":[],"class_list":{"0":"post-22331","1":"product","2":"type-product","3":"status-publish","4":"has-post-thumbnail","6":"product_cat-memory-foam-dog-beds","7":"product_cat-pet-bed","9":"first","10":"instock","11":"shipping-taxable","12":"product-type-simple"},"uagb_featured_image_src":{"full":["https:\/\/pecpets.com\/wp-content\/uploads\/2025\/09\/dd003c7f-2b87-4131-934f-75770f7c6f90.jpg",1280,1280,false],"thumbnail":["https:\/\/pecpets.com\/wp-content\/uploads\/2025\/09\/dd003c7f-2b87-4131-934f-75770f7c6f90-150x150.jpg",150,150,true],"medium":["https:\/\/pecpets.com\/wp-content\/uploads\/2025\/09\/dd003c7f-2b87-4131-934f-75770f7c6f90-300x300.jpg",300,300,true],"medium_large":["https:\/\/pecpets.com\/wp-content\/uploads\/2025\/09\/dd003c7f-2b87-4131-934f-75770f7c6f90-768x768.jpg",768,768,true],"large":["https:\/\/pecpets.com\/wp-content\/uploads\/2025\/09\/dd003c7f-2b87-4131-934f-75770f7c6f90-1024x1024.jpg",800,800,true],"1536x1536":["https:\/\/pecpets.com\/wp-content\/uploads\/2025\/09\/dd003c7f-2b87-4131-934f-75770f7c6f90.jpg",1280,1280,false],"2048x2048":["https:\/\/pecpets.com\/wp-content\/uploads\/2025\/09\/dd003c7f-2b87-4131-934f-75770f7c6f90.jpg",1280,1280,false],"trp-custom-language-flag":["https:\/\/pecpets.com\/wp-content\/uploads\/2025\/09\/dd003c7f-2b87-4131-934f-75770f7c6f90-12x12.jpg",12,12,true],"woocommerce_thumbnail":["https:\/\/pecpets.com\/wp-content\/uploads\/2025\/09\/dd003c7f-2b87-4131-934f-75770f7c6f90-300x300.jpg",300,300,true],"woocommerce_single":["https:\/\/pecpets.com\/wp-content\/uploads\/2025\/09\/dd003c7f-2b87-4131-934f-75770f7c6f90-600x600.jpg",600,600,true],"woocommerce_gallery_thumbnail":["https:\/\/pecpets.com\/wp-content\/uploads\/2025\/09\/dd003c7f-2b87-4131-934f-75770f7c6f90-100x100.jpg",100,100,true]},"uagb_author_info":{"display_name":"Lawrence\u00a0\u52b3\u4f26\u65af","author_link":"https:\/\/pecpets.com\/se\/author\/"},"uagb_comment_info":0,"uagb_excerpt":"Memory Foam Deluxe Dog Bed Dogs love this bed\u2019s double-stacked bolster\u2014it helps them feel secure and supported. And the super-cushioned sleeping area helps them sink into comfort. The removable cushion stays in place, no matter how much your dog moves around. Memory Foam Deluxe Dog Bed is springy and plush, ideal for dogs who like&hellip;","_links":{"self":[{"href":"https:\/\/pecpets.com\/se\/wp-json\/wp\/v2\/product\/22331","targetHints":{"allow":["GET"]}}],"collection":[{"href":"https:\/\/pecpets.com\/se\/wp-json\/wp\/v2\/product"}],"about":[{"href":"https:\/\/pecpets.com\/se\/wp-json\/wp\/v2\/types\/product"}],"wp:featuredmedia":[{"embeddable":true,"href":"https:\/\/pecpets.com\/se\/wp-json\/wp\/v2\/media\/22335"}],"wp:attachment":[{"href":"https:\/\/pecpets.com\/se\/wp-json\/wp\/v2\/media?parent=22331"}],"wp:term":[{"taxonomy":"product_brand","embeddable":true,"href":"https:\/\/pecpets.com\/se\/wp-json\/wp\/v2\/product_brand?post=22331"},{"taxonomy":"product_cat","embeddable":true,"href":"https:\/\/pecpets.com\/se\/wp-json\/wp\/v2\/product_cat?post=22331"},{"taxonomy":"product_tag","embeddable":true,"href":"https:\/\/pecpets.com\/se\/wp-json\/wp\/v2\/product_tag?post=22331"}],"curies":[{"name":"wp","href":"https:\/\/api.w.org\/{rel}","templated":true}]}}