{"id":22369,"date":"2025-09-28T09:13:37","date_gmt":"2025-09-28T01:13:37","guid":{"rendered":"https:\/\/pecpets.com\/?post_type=product&#038;p=22369"},"modified":"2025-10-07T09:32:50","modified_gmt":"2025-10-07T01:32:50","slug":"large-dog-bed","status":"publish","type":"product","link":"https:\/\/pecpets.com\/se\/product\/large-dog-bed\/","title":{"rendered":"Stor hundb\u00e4dd"},"content":{"rendered":"<h2 data-start=\"89\" data-end=\"171\"><strong data-start=\"89\" data-end=\"169\">Stor hundb\u00e4dd - Premiumkomfort fr\u00e5n tillverkare av djurb\u00e4ddar och lyxb\u00e4ddsfabrik<\/strong><\/h2>\n<p data-start=\"192\" data-end=\"524\">Ge stora hundar det utrymme och st\u00f6d de f\u00f6rtj\u00e4nar med v\u00e5r Large Dog Bed, som \u00e4r utformad f\u00f6r h\u00e5llbarhet, komfort och stil.<\/p>\n<p data-start=\"192\" data-end=\"524\">Som en erfaren tillverkare av hundb\u00e4ddar och betrodd lyxb\u00e4ddsfabrik i Dog Bed China, specialiserar vi oss p\u00e5 att producera premiumb\u00e4ddar som uppfyller behoven hos husdjur och kraven fr\u00e5n f\u00f6retag \u00f6ver hela v\u00e4rlden.<\/p>\n<p data-start=\"526\" data-end=\"859\">V\u00e5rt hundb\u00e4ddsf\u00f6retag tillhandah\u00e5ller kompletta l\u00f6sningar f\u00f6r bulkbest\u00e4llningar av hundb\u00e4ddar och export av hundb\u00e4ddar, vilket g\u00f6r det enkelt f\u00f6r \u00e5terf\u00f6rs\u00e4ljare, distribut\u00f6rer och varum\u00e4rken att k\u00f6pa direkt fr\u00e5n v\u00e5r hundb\u00e4ddsfabrik.<\/p>\n<p data-start=\"526\" data-end=\"859\">Oavsett om du letar efter l\u00e5ngvarigt skumst\u00f6d, tv\u00e4ttbara \u00f6verdrag eller anpassningsbar design, s\u00e4kerst\u00e4ller vi kvalitet i stor skala.<\/p>\n<p data-start=\"861\" data-end=\"1167\">Vi erbjuder ocks\u00e5 Dog Bed ODM och Dog Bed OEM-tj\u00e4nster, s\u00e5 att du enkelt kan lansera din egen Dog Bed private label-kollektion.<\/p>\n<p data-start=\"861\" data-end=\"1167\">Som en p\u00e5litlig hundb\u00e4ddsleverant\u00f6r, hundb\u00e4ddsf\u00f6rs\u00e4ljare och hundb\u00e4ddsgrossist hj\u00e4lper vi f\u00f6retag att expandera produktlinjer och \u00f6ka vinstmarginalerna med f\u00f6rtroende.<\/p>\n<p data-start=\"1169\" data-end=\"1424\">Samarbeta med en ledande tillverkare av hundb\u00e4ddar f\u00f6r att erbjuda dina kunder h\u00f6gkvalitativa stora hundb\u00e4ddar.<\/p>\n<p data-start=\"1169\" data-end=\"1424\">Med stark produktionskapacitet och professionell exporterfarenhet garanterar v\u00e5r fabrik komfort f\u00f6r husdjur och p\u00e5litlig aff\u00e4rstillv\u00e4xt f\u00f6r dig.<\/p>","protected":false},"excerpt":{"rendered":"<h3>Stor hundb\u00e4dd<\/h3>\n<p>Large Dog Bed har en mysig form, en mjuk quiltad liggyta och ett str\u00f6mlinjeformat bolster. Den fj\u00e4drande och responsiva Large Dog Bed v\u00e4grar att plattas till eller klumpa ihop sig, oavsett hur mycket din hund r\u00f6r p\u00e5 sig - perfekt f\u00f6r hundar som kryper ihop, bygger bo och gr\u00e4ver ner sig f\u00f6r att f\u00e5 det bekv\u00e4mt. Det tresidiga bolstret ger trygghet och st\u00f6d f\u00f6r hundar som f\u00f6redrar en plats att luta sig mot eller vila huvudet p\u00e5, medan den ena \u00f6ppna sidan g\u00f6r s\u00e4ngen enkel att stiga i och ur f\u00f6r hundar i alla \u00e5ldrar. Det stoppningsklassade \u00f6verdraget \u00e4r b\u00e5de slitstarkt och otroligt mjukt.<\/p>\n<p>Polyester\u00f6verdraget \u00e4r avtagbart och tv\u00e4ttbart. G\u00f6r den personlig med broderi.<\/p>\n<table width=\"288\">\n<tbody>\n<tr>\n<td width=\"137\"><span style=\"color: #333333;\">Produktens namn<\/span><\/td>\n<td width=\"151\"><span style=\"color: #333333;\">S\u00e4ng f\u00f6r husdjur<\/span><\/td>\n<\/tr>\n<tr>\n<td><span style=\"color: #333333;\">Artikel nr.<\/span><\/td>\n<td><span style=\"color: #333333;\">P-C3011<\/span><\/td>\n<\/tr>\n<tr>\n<td><span style=\"color: #333333;\">Material<\/span><\/td>\n<td>Bomull, polyester, fleece<\/td>\n<\/tr>\n<tr>\n<td><span style=\"color: #333333;\">\u00a0Storlek och f\u00e4rg<\/span><\/td>\n<td><span style=\"color: #333333;\">Anpassad<\/span><\/td>\n<\/tr>\n<tr>\n<td><span style=\"color: #333333;\">\u00a0Leveranstid<\/span><\/td>\n<td><span style=\"color: #333333;\">1- 5 dagar f\u00f6r sm\u00e5 kvantiteter med flyg och 30- 35 dagar f\u00f6r stora kvantiteter med b\u00e5t<\/span><\/td>\n<\/tr>\n<\/tbody>\n<\/table>","protected":false},"featured_media":22373,"template":"","meta":{"_seopress_robots_primary_cat":"none","_seopress_titles_title":"Large Dog Bed | China Pet Bed Manufacturer","_seopress_titles_desc":"Looking for Large Dog Bed? we design premium knitwear for pets worldwide. Bulk orders, OEM services. Request free cozy samples today!","_seopress_robots_index":"","_uag_custom_page_level_css":""},"product_brand":[],"product_cat":[348,22],"product_tag":[],"class_list":{"0":"post-22369","1":"product","2":"type-product","3":"status-publish","4":"has-post-thumbnail","6":"product_cat-chew-resistant-dog-beds","7":"product_cat-pet-bed","9":"first","10":"instock","11":"shipping-taxable","12":"product-type-simple"},"uagb_featured_image_src":{"full":["https:\/\/pecpets.com\/wp-content\/uploads\/2025\/09\/964b715a-214e-4fca-84ca-b6c2b98578f6.jpg",1280,1280,false],"thumbnail":["https:\/\/pecpets.com\/wp-content\/uploads\/2025\/09\/964b715a-214e-4fca-84ca-b6c2b98578f6-150x150.jpg",150,150,true],"medium":["https:\/\/pecpets.com\/wp-content\/uploads\/2025\/09\/964b715a-214e-4fca-84ca-b6c2b98578f6-300x300.jpg",300,300,true],"medium_large":["https:\/\/pecpets.com\/wp-content\/uploads\/2025\/09\/964b715a-214e-4fca-84ca-b6c2b98578f6-768x768.jpg",768,768,true],"large":["https:\/\/pecpets.com\/wp-content\/uploads\/2025\/09\/964b715a-214e-4fca-84ca-b6c2b98578f6-1024x1024.jpg",800,800,true],"1536x1536":["https:\/\/pecpets.com\/wp-content\/uploads\/2025\/09\/964b715a-214e-4fca-84ca-b6c2b98578f6.jpg",1280,1280,false],"2048x2048":["https:\/\/pecpets.com\/wp-content\/uploads\/2025\/09\/964b715a-214e-4fca-84ca-b6c2b98578f6.jpg",1280,1280,false],"trp-custom-language-flag":["https:\/\/pecpets.com\/wp-content\/uploads\/2025\/09\/964b715a-214e-4fca-84ca-b6c2b98578f6-12x12.jpg",12,12,true],"woocommerce_thumbnail":["https:\/\/pecpets.com\/wp-content\/uploads\/2025\/09\/964b715a-214e-4fca-84ca-b6c2b98578f6-300x300.jpg",300,300,true],"woocommerce_single":["https:\/\/pecpets.com\/wp-content\/uploads\/2025\/09\/964b715a-214e-4fca-84ca-b6c2b98578f6-600x600.jpg",600,600,true],"woocommerce_gallery_thumbnail":["https:\/\/pecpets.com\/wp-content\/uploads\/2025\/09\/964b715a-214e-4fca-84ca-b6c2b98578f6-100x100.jpg",100,100,true]},"uagb_author_info":{"display_name":"Lawrence\u00a0\u52b3\u4f26\u65af","author_link":"https:\/\/pecpets.com\/se\/author\/"},"uagb_comment_info":0,"uagb_excerpt":"Large Dog Bed A cozy shape, a soft quilted sleep surface, and a streamlined bolster make the Large Dog Bed. The springy and responsive Large Dog Bed refuses to flatten or clump, no matter how much your dog moves around\u00ad\u2014perfect for dogs who nuzzle, nest, and burrow to get comfortable. The three-sided bolster provides security&hellip;","_links":{"self":[{"href":"https:\/\/pecpets.com\/se\/wp-json\/wp\/v2\/product\/22369","targetHints":{"allow":["GET"]}}],"collection":[{"href":"https:\/\/pecpets.com\/se\/wp-json\/wp\/v2\/product"}],"about":[{"href":"https:\/\/pecpets.com\/se\/wp-json\/wp\/v2\/types\/product"}],"wp:featuredmedia":[{"embeddable":true,"href":"https:\/\/pecpets.com\/se\/wp-json\/wp\/v2\/media\/22373"}],"wp:attachment":[{"href":"https:\/\/pecpets.com\/se\/wp-json\/wp\/v2\/media?parent=22369"}],"wp:term":[{"taxonomy":"product_brand","embeddable":true,"href":"https:\/\/pecpets.com\/se\/wp-json\/wp\/v2\/product_brand?post=22369"},{"taxonomy":"product_cat","embeddable":true,"href":"https:\/\/pecpets.com\/se\/wp-json\/wp\/v2\/product_cat?post=22369"},{"taxonomy":"product_tag","embeddable":true,"href":"https:\/\/pecpets.com\/se\/wp-json\/wp\/v2\/product_tag?post=22369"}],"curies":[{"name":"wp","href":"https:\/\/api.w.org\/{rel}","templated":true}]}}