{"id":22422,"date":"2025-09-29T09:32:56","date_gmt":"2025-09-29T01:32:56","guid":{"rendered":"https:\/\/pecpets.com\/?post_type=product&#038;p=22422"},"modified":"2025-10-07T09:33:04","modified_gmt":"2025-10-07T01:33:04","slug":"elevated-dog-bed","status":"publish","type":"product","link":"https:\/\/pecpets.com\/se\/product\/elevated-dog-bed\/","title":{"rendered":"F\u00f6rh\u00f6jd hundb\u00e4dd"},"content":{"rendered":"<h2 data-start=\"107\" data-end=\"201\">F\u00f6rh\u00f6jd hundb\u00e4dd - h\u00e5llbar design av tillverkare av husdjursb\u00e4ddar och lyxb\u00e4ddsfabrik<\/h2>\n<p data-start=\"199\" data-end=\"513\">Uppt\u00e4ck komforten och h\u00e5llbarheten hos v\u00e5r f\u00f6rh\u00f6jda hundb\u00e4dd, utformad f\u00f6r husdjur som beh\u00f6ver b\u00e4ttre luftfl\u00f6de, ledavlastning och anv\u00e4ndning i alla v\u00e4der.<\/p>\n<p data-start=\"199\" data-end=\"513\">Som en p\u00e5litlig tillverkare av hundb\u00e4ddar och en professionell lyxb\u00e4ddsfabrik i Kina skapar vi funktionella m\u00f6nster som kombinerar styrka med stil.<\/p>\n<p data-start=\"515\" data-end=\"816\">V\u00e5rt hundb\u00e4ddsf\u00f6retag specialiserar sig p\u00e5 h\u00f6gkvalitativ produktion f\u00f6r bulkbest\u00e4llningar av hundb\u00e4ddar och v\u00e4rldsomsp\u00e4nnande export av hundb\u00e4ddar, vilket garanterar j\u00e4mn kvalitet och snabb leverans.<\/p>\n<p data-start=\"515\" data-end=\"816\">Varje produkt tillverkas i v\u00e5r avancerade hundb\u00e4ddsfabrik och har ett f\u00f6rh\u00f6jt st\u00f6d som h\u00e5ller hunden sval, torr och bekv\u00e4m.<\/p>\n<p data-start=\"818\" data-end=\"1115\">Vi erbjuder fullst\u00e4ndig anpassning med Dog Bed ODM- och Dog Bed OEM-tj\u00e4nster, vilket hj\u00e4lper varum\u00e4rken att lansera unika Dog Bed-kollektioner under eget varum\u00e4rke.<\/p>\n<p data-start=\"818\" data-end=\"1115\">Oavsett om du \u00e4r en hundb\u00e4ddsleverant\u00f6r, hundb\u00e4ddsf\u00f6rs\u00e4ljare eller hundb\u00e4ddsgrossist tillhandah\u00e5ller vi skalbara l\u00f6sningar f\u00f6r att m\u00f6ta olika marknadskrav.<\/p>\n<p data-start=\"1117\" data-end=\"1358\">Samarbeta med en p\u00e5litlig tillverkare av hundb\u00e4ddar f\u00f6r att f\u00e5 ditt f\u00f6retag att v\u00e4xa. Fr\u00e5n bulkleveranser av hundb\u00e4ddar till skr\u00e4ddarsydda OEM\/ODM-tj\u00e4nster, v\u00e5rt sortiment av f\u00f6rh\u00f6jda hundb\u00e4ddar ger premiumkomfort f\u00f6r husdjur och l\u00f6nsamma m\u00f6jligheter f\u00f6r ditt varum\u00e4rke.<\/p>","protected":false},"excerpt":{"rendered":"<h3>F\u00f6rh\u00f6jd hundb\u00e4dd<\/h3>\n<ul>\n<li>\n<p data-start=\"62\" data-end=\"84\"><strong data-start=\"62\" data-end=\"82\">F\u00f6rh\u00f6jd komfort<\/strong><\/p>\n<ul data-start=\"85\" data-end=\"236\">\n<li data-start=\"85\" data-end=\"140\">\n<p data-start=\"87\" data-end=\"140\">100% polyesterv\u00e4v, mjukare \u00e4n n\u00e4t eller plast.<\/p>\n<\/li>\n<li data-start=\"141\" data-end=\"200\">\n<p data-start=\"143\" data-end=\"200\">7\u2033 h\u00f6jd med ventilerande tyg f\u00f6r luftgenomstr\u00f6mning p\u00e5 sommaren.<\/p>\n<\/li>\n<li data-start=\"201\" data-end=\"236\">\n<p data-start=\"203\" data-end=\"236\">H\u00e5ller v\u00e4rmen under svalare dagar.<\/p>\n<\/li>\n<\/ul>\n<p data-start=\"238\" data-end=\"256\"><strong data-start=\"238\" data-end=\"254\">Smart design<\/strong><\/p>\n<ul data-start=\"257\" data-end=\"387\">\n<li data-start=\"257\" data-end=\"305\">\n<p data-start=\"259\" data-end=\"305\">Stabil, bred h\u00e5llning med st\u00f6djande kuddar.<\/p>\n<\/li>\n<li data-start=\"306\" data-end=\"356\">\n<p data-start=\"308\" data-end=\"356\">Vatten- och rivt\u00e5ligt tyg, halkfria f\u00f6tter.<\/p>\n<\/li>\n<li data-start=\"357\" data-end=\"387\">\n<p data-start=\"359\" data-end=\"387\">Skyddsh\u00f6lje medf\u00f6ljer.<\/p>\n<\/li>\n<\/ul>\n<\/li>\n<\/ul>\n<h3 data-start=\"653\" data-end=\"664\">Storlekar<\/h3>\n<ul data-start=\"665\" data-end=\"721\">\n<li data-start=\"665\" data-end=\"694\">\n<p data-start=\"667\" data-end=\"694\"><strong data-start=\"667\" data-end=\"677\">Stor:<\/strong> 39\u2033 x 42\u2033 x 7\u2033<\/p>\n<\/li>\n<li data-start=\"695\" data-end=\"721\">\n<p data-start=\"697\" data-end=\"721\"><strong data-start=\"697\" data-end=\"704\">XL:<\/strong> 47\u2033 x 43\u2033 x 7\u2033<\/p>\n<\/li>\n<\/ul>\n<table width=\"288\">\n<tbody>\n<tr>\n<td width=\"137\"><span style=\"color: #333333;\">Produktens namn<\/span><\/td>\n<td width=\"151\"><span style=\"color: #333333;\">S\u00e4ng f\u00f6r husdjur<\/span><\/td>\n<\/tr>\n<tr>\n<td><span style=\"color: #333333;\">Artikel nr.<\/span><\/td>\n<td><span style=\"color: #333333;\">P-C3013<\/span><\/td>\n<\/tr>\n<tr>\n<td><span style=\"color: #333333;\">Material<\/span><\/td>\n<td>Bomull, polyester, fleece<\/td>\n<\/tr>\n<tr>\n<td><span style=\"color: #333333;\">\u00a0Storlek och f\u00e4rg<\/span><\/td>\n<td><span style=\"color: #333333;\">Anpassad<\/span><\/td>\n<\/tr>\n<tr>\n<td><span style=\"color: #333333;\">\u00a0Leveranstid<\/span><\/td>\n<td><span style=\"color: #333333;\">1- 5 dagar f\u00f6r sm\u00e5 kvantiteter med flyg och 30- 35 dagar f\u00f6r stora kvantiteter med b\u00e5t<\/span><\/td>\n<\/tr>\n<\/tbody>\n<\/table>","protected":false},"featured_media":22425,"template":"","meta":{"_seopress_robots_primary_cat":"none","_seopress_titles_title":"Elevated Dog Bed | China Pet Bed Manufacturer","_seopress_titles_desc":"Looking for Elevated Dog Bed? we design premium knitwear for pets worldwide. Bulk orders, OEM services. Request free cozy samples today!","_seopress_robots_index":"","_seopress_analysis_target_kw":"Elevated Dog Bed","_uag_custom_page_level_css":""},"product_brand":[],"product_cat":[348,22],"product_tag":[],"class_list":{"0":"post-22422","1":"product","2":"type-product","3":"status-publish","4":"has-post-thumbnail","6":"product_cat-chew-resistant-dog-beds","7":"product_cat-pet-bed","9":"first","10":"instock","11":"shipping-taxable","12":"product-type-simple"},"uagb_featured_image_src":{"full":["https:\/\/pecpets.com\/wp-content\/uploads\/2025\/09\/268309__69309.jpg",1280,1280,false],"thumbnail":["https:\/\/pecpets.com\/wp-content\/uploads\/2025\/09\/268309__69309-150x150.jpg",150,150,true],"medium":["https:\/\/pecpets.com\/wp-content\/uploads\/2025\/09\/268309__69309-300x300.jpg",300,300,true],"medium_large":["https:\/\/pecpets.com\/wp-content\/uploads\/2025\/09\/268309__69309-768x768.jpg",768,768,true],"large":["https:\/\/pecpets.com\/wp-content\/uploads\/2025\/09\/268309__69309-1024x1024.jpg",800,800,true],"1536x1536":["https:\/\/pecpets.com\/wp-content\/uploads\/2025\/09\/268309__69309.jpg",1280,1280,false],"2048x2048":["https:\/\/pecpets.com\/wp-content\/uploads\/2025\/09\/268309__69309.jpg",1280,1280,false],"trp-custom-language-flag":["https:\/\/pecpets.com\/wp-content\/uploads\/2025\/09\/268309__69309-12x12.jpg",12,12,true],"woocommerce_thumbnail":["https:\/\/pecpets.com\/wp-content\/uploads\/2025\/09\/268309__69309-300x300.jpg",300,300,true],"woocommerce_single":["https:\/\/pecpets.com\/wp-content\/uploads\/2025\/09\/268309__69309-600x600.jpg",600,600,true],"woocommerce_gallery_thumbnail":["https:\/\/pecpets.com\/wp-content\/uploads\/2025\/09\/268309__69309-100x100.jpg",100,100,true]},"uagb_author_info":{"display_name":"Lawrence\u00a0\u52b3\u4f26\u65af","author_link":"https:\/\/pecpets.com\/se\/author\/"},"uagb_comment_info":0,"uagb_excerpt":"Elevated Dog Bed Elevated Comfort 100% polyester fabric, softer than mesh or plastic. 7\" height with breathable fabric for airflow in summer. Retains warmth for cooler days. Smart Design Stable wide stance with supportive bolsters. Water- &amp; tear-resistant fabric, non-skid feet. Protective cover included. Sizes Large: 39\" x 42\" x 7\" XL: 47\" x 43\"&hellip;","_links":{"self":[{"href":"https:\/\/pecpets.com\/se\/wp-json\/wp\/v2\/product\/22422","targetHints":{"allow":["GET"]}}],"collection":[{"href":"https:\/\/pecpets.com\/se\/wp-json\/wp\/v2\/product"}],"about":[{"href":"https:\/\/pecpets.com\/se\/wp-json\/wp\/v2\/types\/product"}],"wp:featuredmedia":[{"embeddable":true,"href":"https:\/\/pecpets.com\/se\/wp-json\/wp\/v2\/media\/22425"}],"wp:attachment":[{"href":"https:\/\/pecpets.com\/se\/wp-json\/wp\/v2\/media?parent=22422"}],"wp:term":[{"taxonomy":"product_brand","embeddable":true,"href":"https:\/\/pecpets.com\/se\/wp-json\/wp\/v2\/product_brand?post=22422"},{"taxonomy":"product_cat","embeddable":true,"href":"https:\/\/pecpets.com\/se\/wp-json\/wp\/v2\/product_cat?post=22422"},{"taxonomy":"product_tag","embeddable":true,"href":"https:\/\/pecpets.com\/se\/wp-json\/wp\/v2\/product_tag?post=22422"}],"curies":[{"name":"wp","href":"https:\/\/api.w.org\/{rel}","templated":true}]}}