{"id":22483,"date":"2025-09-30T09:02:41","date_gmt":"2025-09-30T01:02:41","guid":{"rendered":"https:\/\/pecpets.com\/?post_type=product&#038;p=22483"},"modified":"2025-10-07T09:33:28","modified_gmt":"2025-10-07T01:33:28","slug":"dog-ramp-for-bed","status":"publish","type":"product","link":"https:\/\/pecpets.com\/se\/product\/dog-ramp-for-bed\/","title":{"rendered":"Hundramp f\u00f6r s\u00e4ng"},"content":{"rendered":"<h2 data-start=\"107\" data-end=\"201\">Hundramp f\u00f6r s\u00e4ng | Tillverkare av husdjursb\u00e4ddar och lyxb\u00e4ddsfabrik | OEM \/ ODM grossistleverant\u00f6r<\/h2>\n<p data-start=\"187\" data-end=\"485\">Letar du efter en p\u00e5litlig tillverkare av hundb\u00e4ddar f\u00f6r att f\u00e5 en robust och snygg hundramp f\u00f6r s\u00e4ngen? Som en professionell tillverkare av husdjursb\u00e4ddar och p\u00e5litlig lyxb\u00e4ddsfabrik i Dog Bed China designar och producerar vi premiumhundramper som g\u00f6r kl\u00e4ttring s\u00e4ker och enkel f\u00f6r husdjur i alla storlekar.<\/p>\n<p data-start=\"487\" data-end=\"851\">V\u00e5r hundb\u00e4ddsfabrik \u00e4r specialiserad p\u00e5 hundramp f\u00f6r s\u00e4ngl\u00f6sningar byggda av h\u00e5llbara material med halkfria ytor, som erbjuder b\u00e5de funktionalitet och stil. Oavsett om du beh\u00f6ver en Dog Bed bulkf\u00f6rs\u00f6rjning, Dog Bed OEM \/ ODM-anpassning eller Dog Bed private label branding, ger v\u00e5rt Dog Bed-f\u00f6retag komplett support fr\u00e5n design till Dog Bed-export.<\/p>\n<p data-start=\"853\" data-end=\"1156\">\u2705 Dog Bed bulkproduktion med konkurrenskraftiga priser f\u00f6r grossister<br data-start=\"923\" data-end=\"926\" \/>\u2705 Anpassningsbar hundramp f\u00f6r s\u00e4ngdesign (h\u00f6jd, material, finish)<br data-start=\"996\" data-end=\"999\" \/>\u2705 25 dagars ledtid f\u00f6r globala grossist- och leverant\u00f6rspartners f\u00f6r hundb\u00e4ddar<br data-start=\"1073\" data-end=\"1076\" \/>\u2705 Full \u00f6verensst\u00e4mmelse med internationella standarder f\u00f6r s\u00f6ml\u00f6s export av hundb\u00e4ddar<\/p>\n<p data-start=\"1158\" data-end=\"1430\">Samarbeta med en topphundb\u00e4ddsleverant\u00f6r och hundb\u00e4ddsleverant\u00f6r som levererar innovation, s\u00e4kerhet och stil. Fr\u00e5n hundb\u00e4dds OEM \/ ODM-projekt till anpassade hundb\u00e4dds privata m\u00e4rkeskollektioner, vi \u00e4r din go-to hundb\u00e4dds tillverkare f\u00f6r grossisthundramper f\u00f6r s\u00e4ngar.<\/p>","protected":false},"excerpt":{"rendered":"<h3>Hundramp f\u00f6r s\u00e4ng<\/h3>\n<ul class=\"a-unordered-list a-vertical a-spacing-mini\">\n<li class=\"a-spacing-mini\"><span class=\"a-list-item\">En bra hj\u00e4lp f\u00f6r ditt husdjur: Hundrampen hj\u00e4lper ditt husdjur att minska muskel- och ledsp\u00e4nningar som orsakas av hoppning, lindrar trycket p\u00e5 tassar och leder och hj\u00e4lper till att f\u00f6rebygga ledv\u00e4rk. Den \u00e4r s\u00e4rskilt anv\u00e4ndbar f\u00f6r sm\u00e5, svaga och \u00e4ldre hundar<\/span><\/li>\n<li class=\"a-spacing-mini\"><span class=\"a-list-item\">4 justerbara h\u00f6jder: Hundkl\u00e4tterstegen har 4 justerbara h\u00f6jder: 23 cm (9 tum), 33 cm (13 tum), 38 cm (15 tum) och 44 cm (17,3 tum). Den \u00e4r kompatibel med de flesta hemm\u00f6bler. Justera ramph\u00f6jden f\u00f6r att hj\u00e4lpa ditt lilla husdjur att komma p\u00e5 och av s\u00e4ngar, soffor och bilar<\/span><\/li>\n<li class=\"a-spacing-mini\"><span class=\"a-list-item\">Hopf\u00e4llbar och b\u00e4rbar: Vikbar design, inget behov av att montera och l\u00e4tt att f\u00f6rvara. N\u00e4r du inte anv\u00e4nder den kan du enkelt placera den under s\u00e4ngen, under soffan, inuti sk\u00e5pet och i bilens bagageutrymme. Hundrampen har handtag p\u00e5 sidan och kan enkelt b\u00e4ras n\u00e4r den \u00e4r hopf\u00e4lld<\/span><\/li>\n<\/ul>\n<table width=\"288\">\n<tbody>\n<tr>\n<td width=\"137\"><span style=\"color: #333333;\">Produktens namn<\/span><\/td>\n<td width=\"151\"><span style=\"color: #333333;\">S\u00e4ng f\u00f6r husdjur<\/span><\/td>\n<\/tr>\n<tr>\n<td><span style=\"color: #333333;\">Artikel nr.<\/span><\/td>\n<td><span style=\"color: #333333;\">P-C3015<\/span><\/td>\n<\/tr>\n<tr>\n<td><span style=\"color: #333333;\">Material<\/span><\/td>\n<td>Bomull, polyester, fleece<\/td>\n<\/tr>\n<tr>\n<td><span style=\"color: #333333;\">\u00a0Storlek och f\u00e4rg<\/span><\/td>\n<td><span style=\"color: #333333;\">Anpassad<\/span><\/td>\n<\/tr>\n<tr>\n<td><span style=\"color: #333333;\">\u00a0Leveranstid<\/span><\/td>\n<td><span style=\"color: #333333;\">1- 5 dagar f\u00f6r sm\u00e5 kvantiteter med flyg och 30- 35 dagar f\u00f6r stora kvantiteter med b\u00e5t<\/span><\/td>\n<\/tr>\n<\/tbody>\n<\/table>","protected":false},"featured_media":22488,"template":"","meta":{"_seopress_robots_primary_cat":"none","_seopress_titles_title":"Dog Ramp for Bed | China Pet Bed Manufacturer","_seopress_titles_desc":"Looking for Dog Ramp for Bed? we design premium knitwear for pets worldwide. Bulk orders, OEM services. Request free cozy samples today!","_seopress_robots_index":"","_uag_custom_page_level_css":""},"product_brand":[],"product_cat":[22,350],"product_tag":[],"class_list":{"0":"post-22483","1":"product","2":"type-product","3":"status-publish","4":"has-post-thumbnail","6":"product_cat-pet-bed","7":"product_cat-portable-dog-beds","9":"first","10":"instock","11":"shipping-taxable","12":"product-type-simple"},"uagb_featured_image_src":{"full":["https:\/\/pecpets.com\/wp-content\/uploads\/2025\/09\/Dog-Ramp-for-Bed-7.jpg",1000,1000,false],"thumbnail":["https:\/\/pecpets.com\/wp-content\/uploads\/2025\/09\/Dog-Ramp-for-Bed-7-150x150.jpg",150,150,true],"medium":["https:\/\/pecpets.com\/wp-content\/uploads\/2025\/09\/Dog-Ramp-for-Bed-7-300x300.jpg",300,300,true],"medium_large":["https:\/\/pecpets.com\/wp-content\/uploads\/2025\/09\/Dog-Ramp-for-Bed-7-768x768.jpg",768,768,true],"large":["https:\/\/pecpets.com\/wp-content\/uploads\/2025\/09\/Dog-Ramp-for-Bed-7.jpg",800,800,false],"1536x1536":["https:\/\/pecpets.com\/wp-content\/uploads\/2025\/09\/Dog-Ramp-for-Bed-7.jpg",1000,1000,false],"2048x2048":["https:\/\/pecpets.com\/wp-content\/uploads\/2025\/09\/Dog-Ramp-for-Bed-7.jpg",1000,1000,false],"trp-custom-language-flag":["https:\/\/pecpets.com\/wp-content\/uploads\/2025\/09\/Dog-Ramp-for-Bed-7-12x12.jpg",12,12,true],"woocommerce_thumbnail":["https:\/\/pecpets.com\/wp-content\/uploads\/2025\/09\/Dog-Ramp-for-Bed-7-300x300.jpg",300,300,true],"woocommerce_single":["https:\/\/pecpets.com\/wp-content\/uploads\/2025\/09\/Dog-Ramp-for-Bed-7-600x600.jpg",600,600,true],"woocommerce_gallery_thumbnail":["https:\/\/pecpets.com\/wp-content\/uploads\/2025\/09\/Dog-Ramp-for-Bed-7-100x100.jpg",100,100,true]},"uagb_author_info":{"display_name":"Lawrence\u00a0\u52b3\u4f26\u65af","author_link":"https:\/\/pecpets.com\/se\/author\/"},"uagb_comment_info":0,"uagb_excerpt":"Dog Ramp for Bed A Good Helper for Your Pet: The dog ramp helps your pet reduce muscle and joint tension caused by jumping, relieves pressure on paws and joints, and helps prevent joint pain. It is especially helpful for small, frail, and older dogs 4 Adjustable Heights: Dog Climbing Ladder has 4 adjustable heights:&hellip;","_links":{"self":[{"href":"https:\/\/pecpets.com\/se\/wp-json\/wp\/v2\/product\/22483","targetHints":{"allow":["GET"]}}],"collection":[{"href":"https:\/\/pecpets.com\/se\/wp-json\/wp\/v2\/product"}],"about":[{"href":"https:\/\/pecpets.com\/se\/wp-json\/wp\/v2\/types\/product"}],"wp:featuredmedia":[{"embeddable":true,"href":"https:\/\/pecpets.com\/se\/wp-json\/wp\/v2\/media\/22488"}],"wp:attachment":[{"href":"https:\/\/pecpets.com\/se\/wp-json\/wp\/v2\/media?parent=22483"}],"wp:term":[{"taxonomy":"product_brand","embeddable":true,"href":"https:\/\/pecpets.com\/se\/wp-json\/wp\/v2\/product_brand?post=22483"},{"taxonomy":"product_cat","embeddable":true,"href":"https:\/\/pecpets.com\/se\/wp-json\/wp\/v2\/product_cat?post=22483"},{"taxonomy":"product_tag","embeddable":true,"href":"https:\/\/pecpets.com\/se\/wp-json\/wp\/v2\/product_tag?post=22483"}],"curies":[{"name":"wp","href":"https:\/\/api.w.org\/{rel}","templated":true}]}}