{"id":22507,"date":"2025-09-30T09:21:53","date_gmt":"2025-09-30T01:21:53","guid":{"rendered":"https:\/\/pecpets.com\/?post_type=product&#038;p=22507"},"modified":"2025-10-07T09:33:36","modified_gmt":"2025-10-07T01:33:36","slug":"dog-stairs-for-bed","status":"publish","type":"product","link":"https:\/\/pecpets.com\/se\/product\/dog-stairs-for-bed\/","title":{"rendered":"Hundtrappa f\u00f6r s\u00e4ng"},"content":{"rendered":"<h2 data-start=\"107\" data-end=\"201\">Hundtrappor f\u00f6r s\u00e4ng | Tillverkare av husdjursb\u00e4ddar och lyxiga s\u00e4ngfabriker | OEM \/ ODM grossistleverant\u00f6r<\/h2>\n<p data-start=\"190\" data-end=\"441\">Letar du efter s\u00e4kra och snygga hundtrappor f\u00f6r s\u00e4ngen? Som en ledande tillverkare av husdjursb\u00e4ddar och betrodd lyxb\u00e4ddsfabrik i Dog Bed China designar vi premiumtrappor f\u00f6r husdjur som kombinerar komfort, h\u00e5llbarhet och enkel \u00e5tkomst f\u00f6r hundar i alla storlekar.<\/p>\n<p data-start=\"443\" data-end=\"835\">V\u00e5r hundb\u00e4ddsfabrik \u00e4r specialiserad p\u00e5 att producera robusta hundtrappor f\u00f6r s\u00e4ngen, med h\u00f6gkvalitativt skum, tr\u00e4 eller tyg\u00f6verdrag f\u00f6r att matcha moderna interi\u00f6rer. Oavsett om du k\u00f6per Dog Bed bulkbest\u00e4llningar, utvecklar ett anpassat Dog Bed OEM \/ ODM-projekt eller lanserar ditt eget Dog Bed private label-varum\u00e4rke, erbjuder v\u00e5rt Dog Bed-f\u00f6retag fullst\u00e4ndiga l\u00f6sningar fr\u00e5n design till Dog Bed-export.<\/p>\n<p data-start=\"837\" data-end=\"1170\">\u2705 Hundb\u00e4dd bulkf\u00f6rs\u00f6rjning med konkurrenskraftiga grossistpriser<br data-start=\"897\" data-end=\"900\" \/>\u2705 Anpassad h\u00f6jd, material och design f\u00f6r hundb\u00e4dd OEM \/ ODM<br data-start=\"961\" data-end=\"964\" \/>\u2705 St\u00f6d f\u00f6r private label-varum\u00e4rken f\u00f6r \u00e5terf\u00f6rs\u00e4ljare och distribut\u00f6rer<br data-start=\"1027\" data-end=\"1030\" \/>\u2705 Globala grossist-, leverant\u00f6rs- och s\u00e4ljartj\u00e4nster f\u00f6r hundb\u00e4ddar<br data-start=\"1092\" data-end=\"1095\" \/>\u2705 Snabb produktion och leverans fr\u00e5n en professionell tillverkare av hundb\u00e4ddar<\/p>\n<p data-start=\"1172\" data-end=\"1415\">Samarbeta med en p\u00e5litlig leverant\u00f6r av hundb\u00e4ddar som f\u00f6rst\u00e5r ditt f\u00f6retag. Fr\u00e5n funktionella hundtrappor f\u00f6r s\u00e4ngen till premium anpassade kollektioner, v\u00e5rt hundb\u00e4ddsleverant\u00f6rsteam garanterar kvalitet, stil och global hundb\u00e4dds export support.<\/p>","protected":false},"excerpt":{"rendered":"<h3>Hundtrappa f\u00f6r s\u00e4ng<\/h3>\n<ul class=\"a-unordered-list a-vertical a-spacing-mini\">\n<li class=\"a-spacing-mini\">Med extra breda steg med en stigningsh\u00f6jd p\u00e5 13 cm (5,12 tum) per steg erbjuder dessa trappor en stabil och s\u00e4ker plattform, s\u00e5 att ditt husdjur enkelt kan n\u00e5 sina favoritplatser.<\/li>\n<li class=\"a-spacing-mini\">Den h\u00e4r trappan f\u00f6r husdjur kan enkelt f\u00e4llas ihop, vilket g\u00f6r den l\u00e4tt att transportera eller f\u00f6rvara n\u00e4r den inte anv\u00e4nds. Den erbjuder ocks\u00e5 f\u00f6rvaringsutrymme f\u00f6r leksaker, godis, koppel och andra husdjurstillbeh\u00f6r, vilket bidrar till att minska r\u00f6ran och spara utrymme.<\/li>\n<li class=\"a-spacing-mini\">En mysig l\u00e4genhet under trappan \u00e4r kl\u00e4dd med en mjuk madrass i kristallsammet och erbjuder ett privat och bekv\u00e4mt g\u00f6mst\u00e4lle f\u00f6r ditt husdjur.<\/li>\n<\/ul>\n<table width=\"288\">\n<tbody>\n<tr>\n<td width=\"137\"><span style=\"color: #333333;\">Produktens namn<\/span><\/td>\n<td width=\"151\"><span style=\"color: #333333;\">S\u00e4ng f\u00f6r husdjur<\/span><\/td>\n<\/tr>\n<tr>\n<td><span style=\"color: #333333;\">Artikel nr.<\/span><\/td>\n<td><span style=\"color: #333333;\">P-C3016<\/span><\/td>\n<\/tr>\n<tr>\n<td><span style=\"color: #333333;\">Material<\/span><\/td>\n<td>Bomull, polyester, fleece<\/td>\n<\/tr>\n<tr>\n<td><span style=\"color: #333333;\">\u00a0Storlek och f\u00e4rg<\/span><\/td>\n<td><span style=\"color: #333333;\">Anpassad<\/span><\/td>\n<\/tr>\n<tr>\n<td><span style=\"color: #333333;\">\u00a0Leveranstid<\/span><\/td>\n<td><span style=\"color: #333333;\">1- 5 dagar f\u00f6r sm\u00e5 kvantiteter med flyg och 30- 35 dagar f\u00f6r stora kvantiteter med b\u00e5t<\/span><\/td>\n<\/tr>\n<\/tbody>\n<\/table>","protected":false},"featured_media":22522,"template":"","meta":{"_seopress_robots_primary_cat":"none","_seopress_titles_title":"Dog Ramp for Bed | China Pet Bed Manufacturer","_seopress_titles_desc":"Looking for Dog Ramp for Bed? we design premium knitwear for pets worldwide. Bulk orders, OEM services. Request free cozy samples today!","_seopress_robots_index":"","_uag_custom_page_level_css":""},"product_brand":[],"product_cat":[348,22],"product_tag":[],"class_list":{"0":"post-22507","1":"product","2":"type-product","3":"status-publish","4":"has-post-thumbnail","6":"product_cat-chew-resistant-dog-beds","7":"product_cat-pet-bed","9":"first","10":"instock","11":"shipping-taxable","12":"product-type-simple"},"uagb_featured_image_src":{"full":["https:\/\/pecpets.com\/wp-content\/uploads\/2025\/09\/ChessboardHandcraftedDogStairswithStorageandCondo-Napsteps_12-1.jpg",1000,1000,false],"thumbnail":["https:\/\/pecpets.com\/wp-content\/uploads\/2025\/09\/ChessboardHandcraftedDogStairswithStorageandCondo-Napsteps_12-1-150x150.jpg",150,150,true],"medium":["https:\/\/pecpets.com\/wp-content\/uploads\/2025\/09\/ChessboardHandcraftedDogStairswithStorageandCondo-Napsteps_12-1-300x300.jpg",300,300,true],"medium_large":["https:\/\/pecpets.com\/wp-content\/uploads\/2025\/09\/ChessboardHandcraftedDogStairswithStorageandCondo-Napsteps_12-1-768x768.jpg",768,768,true],"large":["https:\/\/pecpets.com\/wp-content\/uploads\/2025\/09\/ChessboardHandcraftedDogStairswithStorageandCondo-Napsteps_12-1.jpg",800,800,false],"1536x1536":["https:\/\/pecpets.com\/wp-content\/uploads\/2025\/09\/ChessboardHandcraftedDogStairswithStorageandCondo-Napsteps_12-1.jpg",1000,1000,false],"2048x2048":["https:\/\/pecpets.com\/wp-content\/uploads\/2025\/09\/ChessboardHandcraftedDogStairswithStorageandCondo-Napsteps_12-1.jpg",1000,1000,false],"trp-custom-language-flag":["https:\/\/pecpets.com\/wp-content\/uploads\/2025\/09\/ChessboardHandcraftedDogStairswithStorageandCondo-Napsteps_12-1-12x12.jpg",12,12,true],"woocommerce_thumbnail":["https:\/\/pecpets.com\/wp-content\/uploads\/2025\/09\/ChessboardHandcraftedDogStairswithStorageandCondo-Napsteps_12-1-300x300.jpg",300,300,true],"woocommerce_single":["https:\/\/pecpets.com\/wp-content\/uploads\/2025\/09\/ChessboardHandcraftedDogStairswithStorageandCondo-Napsteps_12-1-600x600.jpg",600,600,true],"woocommerce_gallery_thumbnail":["https:\/\/pecpets.com\/wp-content\/uploads\/2025\/09\/ChessboardHandcraftedDogStairswithStorageandCondo-Napsteps_12-1-100x100.jpg",100,100,true]},"uagb_author_info":{"display_name":"Lawrence\u00a0\u52b3\u4f26\u65af","author_link":"https:\/\/pecpets.com\/se\/author\/"},"uagb_comment_info":0,"uagb_excerpt":"Dog Stairs for Bed Featuring extra-wide steps with a rise height of 5.12 inches (13 cm) per step, these stairs offer a stable and secure platform, allowing your pet to easily reach their favorite spots. This pet stair can be conveniently folded, making it easy to transport or store away when not in use. It&hellip;","_links":{"self":[{"href":"https:\/\/pecpets.com\/se\/wp-json\/wp\/v2\/product\/22507","targetHints":{"allow":["GET"]}}],"collection":[{"href":"https:\/\/pecpets.com\/se\/wp-json\/wp\/v2\/product"}],"about":[{"href":"https:\/\/pecpets.com\/se\/wp-json\/wp\/v2\/types\/product"}],"wp:featuredmedia":[{"embeddable":true,"href":"https:\/\/pecpets.com\/se\/wp-json\/wp\/v2\/media\/22522"}],"wp:attachment":[{"href":"https:\/\/pecpets.com\/se\/wp-json\/wp\/v2\/media?parent=22507"}],"wp:term":[{"taxonomy":"product_brand","embeddable":true,"href":"https:\/\/pecpets.com\/se\/wp-json\/wp\/v2\/product_brand?post=22507"},{"taxonomy":"product_cat","embeddable":true,"href":"https:\/\/pecpets.com\/se\/wp-json\/wp\/v2\/product_cat?post=22507"},{"taxonomy":"product_tag","embeddable":true,"href":"https:\/\/pecpets.com\/se\/wp-json\/wp\/v2\/product_tag?post=22507"}],"curies":[{"name":"wp","href":"https:\/\/api.w.org\/{rel}","templated":true}]}}