{"id":22596,"date":"2025-10-08T09:34:37","date_gmt":"2025-10-08T01:34:37","guid":{"rendered":"https:\/\/pecpets.com\/?post_type=product&#038;p=22596"},"modified":"2025-10-08T10:47:31","modified_gmt":"2025-10-08T02:47:31","slug":"dog-beds-for-large","status":"publish","type":"product","link":"https:\/\/pecpets.com\/se\/product\/dog-beds-for-large\/","title":{"rendered":"Hundb\u00e4ddar f\u00f6r stora hundar"},"content":{"rendered":"<h2 data-start=\"91\" data-end=\"196\">Premium hundb\u00e4ddar f\u00f6r stora raser | Tillverkare av husdjursb\u00e4ddar och lyxb\u00e4ddsfabrik i Kina<\/h2>\n<p data-start=\"216\" data-end=\"496\">Letar du efter h\u00f6gkvalitativa hundb\u00e4ddar f\u00f6r stora husdjur?<\/p>\n<p data-start=\"216\" data-end=\"496\">Som en p\u00e5litlig tillverkare av husdjursb\u00e4ddar och lyxb\u00e4ddsfabrik i Kina \u00e4r vi specialiserade p\u00e5\u00a0<span style=\"box-sizing: border-box; margin: 0px; padding: 0px;\">bulkproduktion av hundb\u00e4ddar, erbjudande<\/span>\u00a0OEM-, ODM- och private label-tj\u00e4nster.<\/p>\n<p data-start=\"216\" data-end=\"496\">V\u00e5r hundb\u00e4ddsfabrik garanterar h\u00e5llbara, mysiga och snygga s\u00e4ngar som \u00e4r utformade f\u00f6r komfort och l\u00e5ng livsl\u00e4ngd.<\/p>\n<p data-start=\"216\" data-end=\"496\">Oavsett om du \u00e4r en hundb\u00e4ddsleverant\u00f6r, grossist, s\u00e4ljare eller ett internationellt hundb\u00e4ddsf\u00f6retag st\u00f6der vi globala exportorder f\u00f6r hundb\u00e4ddar.<\/p>\n<p data-start=\"216\" data-end=\"496\">Samarbeta med en ledande tillverkare av hundb\u00e4ddar och en expert p\u00e5 hundb\u00e4ddar i Kina f\u00f6r att ut\u00f6ka ditt sortiment av husdjursprodukter med tillf\u00f6rsikt.<\/p>","protected":false},"excerpt":{"rendered":"<h3>Hundb\u00e4ddar f\u00f6r stora hundar<\/h3>\n<ul>\n<li>H\u00f6gquiltad velour, tyg av stoppningskvalitet som t\u00e4cker hela s\u00e4ngen. Quiltning av tyget har den extra f\u00f6rdelen att det f\u00f6rst\u00e4rks tack vare det andra tyglagret p\u00e5 baksidan<\/li>\n<li>Tjockt vadderad bolsterkudde<\/li>\n<li>Ytterh\u00f6ljet kan tv\u00e4ttas i maskin f\u00f6r maximal bekv\u00e4mlighet<\/li>\n<li>Perfekt f\u00f6r de hundar som myser, nyper i filtar, smyger ner i s\u00e4ngen och tar \u00f6ver soffan.<\/li>\n<li>Ny och f\u00f6rb\u00e4ttrad design. Huven har ett avtagbart skumstycke som skapar ett h\u00e4rdat yttre skal<\/li>\n<\/ul>\n<table width=\"288\">\n<tbody>\n<tr>\n<td width=\"137\"><span style=\"color: #333333;\">Produktens namn<\/span><\/td>\n<td width=\"151\"><span style=\"color: #333333;\">S\u00e4ng f\u00f6r husdjur<\/span><\/td>\n<\/tr>\n<tr>\n<td><span style=\"color: #333333;\">Artikel nr.<\/span><\/td>\n<td><span style=\"color: #333333;\">P-C3020<\/span><\/td>\n<\/tr>\n<tr>\n<td><span style=\"color: #333333;\">Material<\/span><\/td>\n<td>Bomull, polyester, fleece<\/td>\n<\/tr>\n<tr>\n<td><span style=\"color: #333333;\">\u00a0Storlek och f\u00e4rg<\/span><\/td>\n<td><span style=\"color: #333333;\">Kan anpassas<\/span><\/td>\n<\/tr>\n<tr>\n<td><span style=\"color: #333333;\">\u00a0Leveranstid<\/span><\/td>\n<td><span style=\"color: #333333;\">1- 5 dagar f\u00f6r sm\u00e5 kvantiteter med flyg och 30- 35 dagar f\u00f6r stora kvantiteter med b\u00e5t<\/span><\/td>\n<\/tr>\n<\/tbody>\n<\/table>","protected":false},"featured_media":22621,"template":"","meta":{"_seopress_robots_primary_cat":"none","_seopress_titles_title":"Dog Beds for Large | China Pet Bed Manufacturer","_seopress_titles_desc":"Looking for Dog Beds for Large? we design premium knitwear for pets worldwide. Bulk orders, OEM services. Request free cozy samples today!","_seopress_robots_index":"","_uag_custom_page_level_css":""},"product_brand":[],"product_cat":[349,22],"product_tag":[],"class_list":{"0":"post-22596","1":"product","2":"type-product","3":"status-publish","4":"has-post-thumbnail","6":"product_cat-memory-foam-dog-beds","7":"product_cat-pet-bed","9":"first","10":"instock","11":"shipping-taxable","12":"product-type-simple"},"uagb_featured_image_src":{"full":["https:\/\/pecpets.com\/wp-content\/uploads\/2025\/10\/69187c7a-7ab4-43ff-8ea9-6d000e2cb5d7.jpg",700,700,false],"thumbnail":["https:\/\/pecpets.com\/wp-content\/uploads\/2025\/10\/69187c7a-7ab4-43ff-8ea9-6d000e2cb5d7-150x150.jpg",150,150,true],"medium":["https:\/\/pecpets.com\/wp-content\/uploads\/2025\/10\/69187c7a-7ab4-43ff-8ea9-6d000e2cb5d7-300x300.jpg",300,300,true],"medium_large":["https:\/\/pecpets.com\/wp-content\/uploads\/2025\/10\/69187c7a-7ab4-43ff-8ea9-6d000e2cb5d7.jpg",700,700,false],"large":["https:\/\/pecpets.com\/wp-content\/uploads\/2025\/10\/69187c7a-7ab4-43ff-8ea9-6d000e2cb5d7.jpg",700,700,false],"1536x1536":["https:\/\/pecpets.com\/wp-content\/uploads\/2025\/10\/69187c7a-7ab4-43ff-8ea9-6d000e2cb5d7.jpg",700,700,false],"2048x2048":["https:\/\/pecpets.com\/wp-content\/uploads\/2025\/10\/69187c7a-7ab4-43ff-8ea9-6d000e2cb5d7.jpg",700,700,false],"trp-custom-language-flag":["https:\/\/pecpets.com\/wp-content\/uploads\/2025\/10\/69187c7a-7ab4-43ff-8ea9-6d000e2cb5d7-12x12.jpg",12,12,true],"woocommerce_thumbnail":["https:\/\/pecpets.com\/wp-content\/uploads\/2025\/10\/69187c7a-7ab4-43ff-8ea9-6d000e2cb5d7-300x300.jpg",300,300,true],"woocommerce_single":["https:\/\/pecpets.com\/wp-content\/uploads\/2025\/10\/69187c7a-7ab4-43ff-8ea9-6d000e2cb5d7-600x600.jpg",600,600,true],"woocommerce_gallery_thumbnail":["https:\/\/pecpets.com\/wp-content\/uploads\/2025\/10\/69187c7a-7ab4-43ff-8ea9-6d000e2cb5d7-100x100.jpg",100,100,true]},"uagb_author_info":{"display_name":"Lawrence\u00a0\u52b3\u4f26\u65af","author_link":"https:\/\/pecpets.com\/se\/author\/"},"uagb_comment_info":0,"uagb_excerpt":"Dog Beds for Large High quilted Velour, upholstery-grade fabric covering the whole bed. Quilting the fabric has the added benefit of strengthening it due to the 2nd layer of fabric on the reverse Thick padded bolster pillow Fully machine-washable outer for maximum convenience Perfect for those dogs who snuggle, pinch blankets, sneak into bed, and&hellip;","_links":{"self":[{"href":"https:\/\/pecpets.com\/se\/wp-json\/wp\/v2\/product\/22596","targetHints":{"allow":["GET"]}}],"collection":[{"href":"https:\/\/pecpets.com\/se\/wp-json\/wp\/v2\/product"}],"about":[{"href":"https:\/\/pecpets.com\/se\/wp-json\/wp\/v2\/types\/product"}],"wp:featuredmedia":[{"embeddable":true,"href":"https:\/\/pecpets.com\/se\/wp-json\/wp\/v2\/media\/22621"}],"wp:attachment":[{"href":"https:\/\/pecpets.com\/se\/wp-json\/wp\/v2\/media?parent=22596"}],"wp:term":[{"taxonomy":"product_brand","embeddable":true,"href":"https:\/\/pecpets.com\/se\/wp-json\/wp\/v2\/product_brand?post=22596"},{"taxonomy":"product_cat","embeddable":true,"href":"https:\/\/pecpets.com\/se\/wp-json\/wp\/v2\/product_cat?post=22596"},{"taxonomy":"product_tag","embeddable":true,"href":"https:\/\/pecpets.com\/se\/wp-json\/wp\/v2\/product_tag?post=22596"}],"curies":[{"name":"wp","href":"https:\/\/api.w.org\/{rel}","templated":true}]}}