{"id":22682,"date":"2025-10-09T09:01:47","date_gmt":"2025-10-09T01:01:47","guid":{"rendered":"https:\/\/pecpets.com\/?post_type=product&#038;p=22682"},"modified":"2025-10-09T09:21:12","modified_gmt":"2025-10-09T01:21:12","slug":"dog-steps-for-bed","status":"publish","type":"product","link":"https:\/\/pecpets.com\/se\/product\/dog-steps-for-bed\/","title":{"rendered":"Hundtrappor till s\u00e4ngen"},"content":{"rendered":"<h2 data-start=\"91\" data-end=\"196\">Hundsteg f\u00f6r s\u00e4ng av tillverkare av husdjursb\u00e4ddar och lyxb\u00e4ddsfabrik<\/h2>\n<p data-start=\"216\" data-end=\"496\">S\u00f6ker du p\u00e5litliga hundtrappor f\u00f6r s\u00e4ngar som kombinerar s\u00e4kerhet, komfort och f\u00f6rstklassigt hantverk?<\/p>\n<p data-start=\"216\" data-end=\"496\">Som en professionell tillverkare av s\u00e4ngar f\u00f6r husdjur och en lyxig s\u00e4ngfabrik erbjuder vi h\u00f6gkvalitativa hundsteg f\u00f6r s\u00e4ngar som \u00e4r utformade f\u00f6r alla raser och storlekar.<\/p>\n<p data-start=\"216\" data-end=\"496\">V\u00e5r hundstegsfabrik i Kina tillhandah\u00e5ller OEM-, ODM- och private label-alternativ f\u00f6r att m\u00f6ta ditt varum\u00e4rkes behov.<\/p>\n<p data-start=\"216\" data-end=\"496\">Oavsett om du k\u00f6per hundtrappor i bulk eller s\u00f6ker en l\u00e5ngsiktig leverant\u00f6r av hundtrappor, levererar vi h\u00e5llbara, snygga och anpassningsbara l\u00f6sningar.<\/p>\n<p data-start=\"216\" data-end=\"496\">Samarbeta med en p\u00e5litlig tillverkare av hundsteg, hundstegsf\u00f6retag och grossist f\u00f6r hundsteg med stark exportupplevelse f\u00f6r hundsteg f\u00f6r att h\u00f6ja din produktlinje med p\u00e5litlig kvalitet.<\/p>","protected":false},"excerpt":{"rendered":"<h3>Hundtrappor till s\u00e4ngen<\/h3>\n<ul>\n<li>Det perfekta valet f\u00f6r valpar, skadade eller \u00e4ldre s\u00e4llskapsdjur<\/li>\n<li>Hj\u00e4lper husdjur att kl\u00e4ttra upp p\u00e5 m\u00f6bler utan problem<\/li>\n<li>Tillverkad av plyschmaterial och skumgummisula f\u00f6r bekv\u00e4mt fotsteg - inga stompade t\u00e5r<\/li>\n<li>Med bara 4 trappsteg - perfekt f\u00f6r s\u00e4ngar och soffor<\/li>\n<li>Tillverkad med en halkfri bas med sugproppar f\u00f6r extra stabilitet<\/li>\n<\/ul>\n<table width=\"288\">\n<tbody>\n<tr>\n<td width=\"137\"><span style=\"color: #333333;\">Produktens namn<\/span><\/td>\n<td width=\"151\"><span style=\"color: #333333;\">S\u00e4ng f\u00f6r husdjur<\/span><\/td>\n<\/tr>\n<tr>\n<td><span style=\"color: #333333;\">Artikel nr.<\/span><\/td>\n<td><span style=\"color: #333333;\">P-C3021<\/span><\/td>\n<\/tr>\n<tr>\n<td><span style=\"color: #333333;\">Material<\/span><\/td>\n<td>Bomull, polyester, fleece<\/td>\n<\/tr>\n<tr>\n<td><span style=\"color: #333333;\">\u00a0Storlek och f\u00e4rg<\/span><\/td>\n<td><span style=\"color: #333333;\">Kan anpassas<\/span><\/td>\n<\/tr>\n<tr>\n<td><span style=\"color: #333333;\">\u00a0Leveranstid<\/span><\/td>\n<td><span style=\"color: #333333;\">1- 5 dagar f\u00f6r sm\u00e5 kvantiteter med flyg och 30- 35 dagar f\u00f6r stora kvantiteter med b\u00e5t<\/span><\/td>\n<\/tr>\n<\/tbody>\n<\/table>","protected":false},"featured_media":22684,"template":"","meta":{"_seopress_robots_primary_cat":"none","_seopress_titles_title":"Dog Steps for Bed | China Pet Bed Manufacturer","_seopress_titles_desc":"Looking for Dog Steps for Bed? we design premium knitwear for pets worldwide. Bulk orders, OEM services. Request free cozy samples today!","_seopress_robots_index":"","_seopress_analysis_target_kw":"Dog Steps for Bed","_uag_custom_page_level_css":""},"product_brand":[],"product_cat":[348,22],"product_tag":[],"class_list":{"0":"post-22682","1":"product","2":"type-product","3":"status-publish","4":"has-post-thumbnail","6":"product_cat-chew-resistant-dog-beds","7":"product_cat-pet-bed","9":"first","10":"instock","11":"shipping-taxable","12":"product-type-simple"},"uagb_featured_image_src":{"full":["https:\/\/pecpets.com\/wp-content\/uploads\/2025\/10\/LL-CS-DG-CloudStepsDoveGrey002_productimage.jpg",1400,1400,false],"thumbnail":["https:\/\/pecpets.com\/wp-content\/uploads\/2025\/10\/LL-CS-DG-CloudStepsDoveGrey002_productimage-150x150.jpg",150,150,true],"medium":["https:\/\/pecpets.com\/wp-content\/uploads\/2025\/10\/LL-CS-DG-CloudStepsDoveGrey002_productimage-300x300.jpg",300,300,true],"medium_large":["https:\/\/pecpets.com\/wp-content\/uploads\/2025\/10\/LL-CS-DG-CloudStepsDoveGrey002_productimage-768x768.jpg",768,768,true],"large":["https:\/\/pecpets.com\/wp-content\/uploads\/2025\/10\/LL-CS-DG-CloudStepsDoveGrey002_productimage-1024x1024.jpg",800,800,true],"1536x1536":["https:\/\/pecpets.com\/wp-content\/uploads\/2025\/10\/LL-CS-DG-CloudStepsDoveGrey002_productimage.jpg",1400,1400,false],"2048x2048":["https:\/\/pecpets.com\/wp-content\/uploads\/2025\/10\/LL-CS-DG-CloudStepsDoveGrey002_productimage.jpg",1400,1400,false],"trp-custom-language-flag":["https:\/\/pecpets.com\/wp-content\/uploads\/2025\/10\/LL-CS-DG-CloudStepsDoveGrey002_productimage-12x12.jpg",12,12,true],"woocommerce_thumbnail":["https:\/\/pecpets.com\/wp-content\/uploads\/2025\/10\/LL-CS-DG-CloudStepsDoveGrey002_productimage-300x300.jpg",300,300,true],"woocommerce_single":["https:\/\/pecpets.com\/wp-content\/uploads\/2025\/10\/LL-CS-DG-CloudStepsDoveGrey002_productimage-600x600.jpg",600,600,true],"woocommerce_gallery_thumbnail":["https:\/\/pecpets.com\/wp-content\/uploads\/2025\/10\/LL-CS-DG-CloudStepsDoveGrey002_productimage-100x100.jpg",100,100,true]},"uagb_author_info":{"display_name":"Lawrence\u00a0\u52b3\u4f26\u65af","author_link":"https:\/\/pecpets.com\/se\/author\/"},"uagb_comment_info":0,"uagb_excerpt":"Dog Steps for Bed The perfect choice for puppies, injured or elderly pets Helps assist pets to climb onto furniture with no hassle Made with plush fabric and foam inner for comfortable stepping - No stubbed toes With just 4 steps - Perfect for beds and sofas Made with a non-slip base, featuring suction pads&hellip;","_links":{"self":[{"href":"https:\/\/pecpets.com\/se\/wp-json\/wp\/v2\/product\/22682","targetHints":{"allow":["GET"]}}],"collection":[{"href":"https:\/\/pecpets.com\/se\/wp-json\/wp\/v2\/product"}],"about":[{"href":"https:\/\/pecpets.com\/se\/wp-json\/wp\/v2\/types\/product"}],"wp:featuredmedia":[{"embeddable":true,"href":"https:\/\/pecpets.com\/se\/wp-json\/wp\/v2\/media\/22684"}],"wp:attachment":[{"href":"https:\/\/pecpets.com\/se\/wp-json\/wp\/v2\/media?parent=22682"}],"wp:term":[{"taxonomy":"product_brand","embeddable":true,"href":"https:\/\/pecpets.com\/se\/wp-json\/wp\/v2\/product_brand?post=22682"},{"taxonomy":"product_cat","embeddable":true,"href":"https:\/\/pecpets.com\/se\/wp-json\/wp\/v2\/product_cat?post=22682"},{"taxonomy":"product_tag","embeddable":true,"href":"https:\/\/pecpets.com\/se\/wp-json\/wp\/v2\/product_tag?post=22682"}],"curies":[{"name":"wp","href":"https:\/\/api.w.org\/{rel}","templated":true}]}}