{"id":22688,"date":"2025-10-09T09:25:03","date_gmt":"2025-10-09T01:25:03","guid":{"rendered":"https:\/\/pecpets.com\/?post_type=product&#038;p=22688"},"modified":"2025-10-09T09:35:24","modified_gmt":"2025-10-09T01:35:24","slug":"orthopedic-dog-bed","status":"publish","type":"product","link":"https:\/\/pecpets.com\/se\/product\/orthopedic-dog-bed\/","title":{"rendered":"Ortopedisk hundb\u00e4dd"},"content":{"rendered":"<h2 data-start=\"91\" data-end=\"196\">Ortopedisk hundb\u00e4dd av tillverkare av husdjursb\u00e4ddar och lyxb\u00e4ddsfabrik<\/h2>\n<p data-start=\"216\" data-end=\"496\">Uppt\u00e4ck ortopediska hundb\u00e4ddar i premiumklass som \u00e4r utformade f\u00f6r komfort, h\u00e5llbarhet och stil.<\/p>\n<p data-start=\"216\" data-end=\"496\">Som en ledande tillverkare av s\u00e4ngar f\u00f6r husdjur och en fabrik f\u00f6r lyxs\u00e4ngar \u00e4r vi specialiserade p\u00e5 att producera ortopediska hundb\u00e4ddar av h\u00f6g kvalitet som fr\u00e4mjar ledh\u00e4lsa och vilsam s\u00f6mn.<\/p>\n<p data-start=\"216\" data-end=\"496\">V\u00e5r hundb\u00e4ddsfabrik i Kina erbjuder OEM-, ODM- och private label-tj\u00e4nster f\u00f6r varum\u00e4rken som s\u00f6ker p\u00e5litlig produktion.<\/p>\n<p data-start=\"216\" data-end=\"496\">Oavsett om du beh\u00f6ver bulkbest\u00e4llningar av hundb\u00e4ddar eller vill samarbeta med en p\u00e5litlig hundb\u00e4ddsleverant\u00f6r, hundb\u00e4ddstillverkare eller hundb\u00e4ddsgrossist, har vi t\u00e4ckt dig.<\/p>\n<p data-start=\"216\" data-end=\"496\">Med st\u00f6d av m\u00e5nga \u00e5rs erfarenhet av export av hundb\u00e4ddar erbjuder v\u00e5rt hundb\u00e4ddsf\u00f6retag och hundb\u00e4ddsleverant\u00f6r anpassade l\u00f6sningar som uppfyller globala standarder f\u00f6r kvalitet och design.<\/p>","protected":false},"excerpt":{"rendered":"<h3>Ortopedisk hundb\u00e4dd<\/h3>\n<ul>\n<li>Tjock ortopedisk skummadrass i en snygg linnef\u00e4rg<\/li>\n<li>Perfekt f\u00f6r \u00e4ldre hundar eller hundar med ledproblem<\/li>\n<li>Bekv\u00e4mt b\u00e4rhandtag<\/li>\n<li>Avtagbart \u00f6verdrag som kan maskintv\u00e4ttas<\/li>\n<li>Mjuk p\u00e4ls f\u00f6r extra komfort<\/li>\n<li>Handgjord i Italien<\/li>\n<li>Finns i tre storlekar<\/li>\n<\/ul>\n<table width=\"288\">\n<tbody>\n<tr>\n<td width=\"137\"><span style=\"color: #333333;\">Produktens namn<\/span><\/td>\n<td width=\"151\"><span style=\"color: #333333;\">S\u00e4ng f\u00f6r husdjur<\/span><\/td>\n<\/tr>\n<tr>\n<td><span style=\"color: #333333;\">Artikel nr.<\/span><\/td>\n<td><span style=\"color: #333333;\">P-C3022<\/span><\/td>\n<\/tr>\n<tr>\n<td><span style=\"color: #333333;\">Material<\/span><\/td>\n<td>Bomull, polyester, fleece<\/td>\n<\/tr>\n<tr>\n<td><span style=\"color: #333333;\">\u00a0Storlek och f\u00e4rg<\/span><\/td>\n<td><span style=\"color: #333333;\">Kan anpassas<\/span><\/td>\n<\/tr>\n<tr>\n<td><span style=\"color: #333333;\">\u00a0Leveranstid<\/span><\/td>\n<td><span style=\"color: #333333;\">1- 5 dagar f\u00f6r sm\u00e5 kvantiteter med flyg och 30- 35 dagar f\u00f6r stora kvantiteter med b\u00e5t<\/span><\/td>\n<\/tr>\n<\/tbody>\n<\/table>","protected":false},"featured_media":22689,"template":"","meta":{"_seopress_robots_primary_cat":"none","_seopress_titles_title":"Orthopedic Dog Bed | China Pet Bed Manufacturer","_seopress_titles_desc":"Looking for Orthopedic Dog Bed? we design premium knitwear for pets worldwide. Bulk orders, OEM services. Request free cozy samples today!","_seopress_robots_index":"","_seopress_analysis_target_kw":"Orthopedic Dog Bed","_uag_custom_page_level_css":""},"product_brand":[],"product_cat":[345,22],"product_tag":[],"class_list":{"0":"post-22688","1":"product","2":"type-product","3":"status-publish","4":"has-post-thumbnail","6":"product_cat-orthopedic-dog-bed","7":"product_cat-pet-bed","9":"first","10":"instock","11":"shipping-taxable","12":"product-type-simple"},"uagb_featured_image_src":{"full":["https:\/\/pecpets.com\/wp-content\/uploads\/2025\/10\/twillorthomattresslinenLL-FOM-O.jpg",1400,1400,false],"thumbnail":["https:\/\/pecpets.com\/wp-content\/uploads\/2025\/10\/twillorthomattresslinenLL-FOM-O-150x150.jpg",150,150,true],"medium":["https:\/\/pecpets.com\/wp-content\/uploads\/2025\/10\/twillorthomattresslinenLL-FOM-O-300x300.jpg",300,300,true],"medium_large":["https:\/\/pecpets.com\/wp-content\/uploads\/2025\/10\/twillorthomattresslinenLL-FOM-O-768x768.jpg",768,768,true],"large":["https:\/\/pecpets.com\/wp-content\/uploads\/2025\/10\/twillorthomattresslinenLL-FOM-O-1024x1024.jpg",800,800,true],"1536x1536":["https:\/\/pecpets.com\/wp-content\/uploads\/2025\/10\/twillorthomattresslinenLL-FOM-O.jpg",1400,1400,false],"2048x2048":["https:\/\/pecpets.com\/wp-content\/uploads\/2025\/10\/twillorthomattresslinenLL-FOM-O.jpg",1400,1400,false],"trp-custom-language-flag":["https:\/\/pecpets.com\/wp-content\/uploads\/2025\/10\/twillorthomattresslinenLL-FOM-O-12x12.jpg",12,12,true],"woocommerce_thumbnail":["https:\/\/pecpets.com\/wp-content\/uploads\/2025\/10\/twillorthomattresslinenLL-FOM-O-300x300.jpg",300,300,true],"woocommerce_single":["https:\/\/pecpets.com\/wp-content\/uploads\/2025\/10\/twillorthomattresslinenLL-FOM-O-600x600.jpg",600,600,true],"woocommerce_gallery_thumbnail":["https:\/\/pecpets.com\/wp-content\/uploads\/2025\/10\/twillorthomattresslinenLL-FOM-O-100x100.jpg",100,100,true]},"uagb_author_info":{"display_name":"Lawrence\u00a0\u52b3\u4f26\u65af","author_link":"https:\/\/pecpets.com\/se\/author\/"},"uagb_comment_info":0,"uagb_excerpt":"Orthopedic Dog Bed Thick orthopaedic foam mattress in a stylish linen colour Perfect for older dogs or dogs with joint problems Convenient\u00a0carry handle Removable cover that can be machine-washed Plush fur top for extra comfort Handmade in Italy Available in three sizes Product Name Pet Bed Item No. P-C3022 Material Cotton, Polyester, Fleece \u00a0Size and&hellip;","_links":{"self":[{"href":"https:\/\/pecpets.com\/se\/wp-json\/wp\/v2\/product\/22688","targetHints":{"allow":["GET"]}}],"collection":[{"href":"https:\/\/pecpets.com\/se\/wp-json\/wp\/v2\/product"}],"about":[{"href":"https:\/\/pecpets.com\/se\/wp-json\/wp\/v2\/types\/product"}],"wp:featuredmedia":[{"embeddable":true,"href":"https:\/\/pecpets.com\/se\/wp-json\/wp\/v2\/media\/22689"}],"wp:attachment":[{"href":"https:\/\/pecpets.com\/se\/wp-json\/wp\/v2\/media?parent=22688"}],"wp:term":[{"taxonomy":"product_brand","embeddable":true,"href":"https:\/\/pecpets.com\/se\/wp-json\/wp\/v2\/product_brand?post=22688"},{"taxonomy":"product_cat","embeddable":true,"href":"https:\/\/pecpets.com\/se\/wp-json\/wp\/v2\/product_cat?post=22688"},{"taxonomy":"product_tag","embeddable":true,"href":"https:\/\/pecpets.com\/se\/wp-json\/wp\/v2\/product_tag?post=22688"}],"curies":[{"name":"wp","href":"https:\/\/api.w.org\/{rel}","templated":true}]}}