{"id":23135,"date":"2025-10-30T09:33:46","date_gmt":"2025-10-30T01:33:46","guid":{"rendered":"https:\/\/pecpets.com\/?post_type=product&#038;p=23135"},"modified":"2025-10-30T09:52:33","modified_gmt":"2025-10-30T01:52:33","slug":"large-memory-foam-dog-bed","status":"publish","type":"product","link":"https:\/\/pecpets.com\/se\/product\/large-memory-foam-dog-bed\/","title":{"rendered":"Hundb\u00e4dd i minnesskum"},"content":{"rendered":"<h2 data-start=\"91\" data-end=\"196\">Memory Foam Dog Bed | Pet Bed Manufacturer &amp; Luxury Bed Factory in China<\/h2>\n<article class=\"text-token-text-primary w-full focus:outline-none [--shadow-height:45px] has-data-writing-block:pointer-events-none has-data-writing-block:-mt-(--shadow-height) has-data-writing-block:pt-(--shadow-height) [&amp;:has([data-writing-block])&gt;*]:pointer-events-auto [content-visibility:auto] supports-[content-visibility:auto]:[contain-intrinsic-size:auto_100lvh] scroll-mt-[calc(var(--header-height)+min(200px,max(70px,20svh)))]\" dir=\"auto\" tabindex=\"-1\" data-turn-id=\"request-68b559f1-f1bc-8328-a3b0-0e42faba828d-1\" data-testid=\"conversation-turn-100\" data-scroll-anchor=\"true\" data-turn=\"assistant\">\n<div class=\"text-base my-auto mx-auto pb-10 [--thread-content-margin:--spacing(4)] thread-sm:[--thread-content-margin:--spacing(6)] thread-lg:[--thread-content-margin:--spacing(16)] px-(--thread-content-margin)\">\n<div class=\"[--thread-content-max-width:40rem] thread-lg:[--thread-content-max-width:48rem] mx-auto max-w-(--thread-content-max-width) flex-1 group\/turn-messages focus-visible:outline-hidden relative flex w-full min-w-0 flex-col agent-turn\" tabindex=\"-1\">\n<div class=\"flex max-w-full flex-col grow\">\n<div class=\"min-h-8 text-message relative flex w-full flex-col items-end gap-2 text-start break-words whitespace-normal [.text-message+&amp;]:mt-1\" dir=\"auto\" data-message-author-role=\"assistant\" data-message-id=\"a58e287f-5d1f-4b96-a7a9-dc26c8cb0d31\" data-message-model-slug=\"gpt-5\">\n<div class=\"flex w-full flex-col gap-1 empty:hidden first:pt-[1px]\">\n<div class=\"markdown prose dark:prose-invert w-full break-words light markdown-new-styling\">\n<p data-start=\"91\" data-end=\"441\">Experience premium comfort with our Memory Foam Dog Bed, expertly crafted by a trusted Pet Bed Manufacturer and Luxury Bed Factory in China. Designed to support every curve of your pet\u2019s body, this Memory Foam Dog Bed provides orthopedic relief and unmatched coziness \u2014 perfect for dogs of all sizes and ages.<\/p>\n<p data-start=\"443\" data-end=\"879\">As a professional Dog Bed manufacturer, we specialize in Dog Bed OEM and Dog Bed ODM production for global brands. Our Dog Bed factory offers complete customization \u2014 from fabric selection to logo design \u2014 ensuring every Dog Bed private label order matches your brand identity. Whether you\u2019re sourcing Dog Bed bulk for wholesale or launching a new product line, we deliver reliable quality and fast turnaround.<\/p>\n<p data-start=\"881\" data-end=\"1276\">With years of export experience, our Dog Bed company supports worldwide Dog Bed export, serving retailers, distributors, and e-commerce brands looking for dependable Dog Bed supplier, Dog Bed vendor, or Dog Bed wholesaler partnerships. Every Memory Foam Dog Bed is built using high-density foam and durable covers, providing lasting comfort while maintaining its shape.<\/p>\n<p data-start=\"1278\" data-end=\"1565\">Choose our Luxury Bed Factory in China to create superior-quality Memory Foam Dog Beds that combine comfort, functionality, and style. Partner with a leading Dog Bed manufacturer to elevate your pet product line and stand out in the competitive market of Dog Bed China.<\/p>\n<\/div>\n<\/div>\n<\/div>\n<\/div>\n<\/div>\n<\/div>\n<\/article>\n","protected":false},"excerpt":{"rendered":"<h3>Hundb\u00e4dd i minnesskum<\/h3>\n<p>Din h\u00e5riga v\u00e4n f\u00f6rtj\u00e4nar en bekv\u00e4m och mysig plats att koppla av p\u00e5. Memory Foam Bed ger din hund det st\u00f6d den beh\u00f6ver f\u00f6r en vilsam s\u00f6mn.<\/p>\n<ul>\n<li><strong>100% Underrede av minnesskum\u00a0<\/strong>Tillverkad utan skumfyllnad eller flisigt skum. En riktigt lyxig s\u00e4ng som ger optimalt st\u00f6d.<\/li>\n<\/ul>\n<ul>\n<li><strong>Idealisk f\u00f6r \u00e4ldre husdjur\u00a0<\/strong>Den perfekta s\u00e4ngen f\u00f6r \u00e4ldre djur eller husdjur som beh\u00f6ver ortopediskt st\u00f6d.<\/li>\n<\/ul>\n<ul>\n<li><strong>Support Cushions \u2013\u00a0<\/strong>Med st\u00f6dkuddar f\u00f6r rygg och sidor som g\u00f6r att din hund kan ligga bekv\u00e4mt i alla sovpositioner.<\/li>\n<\/ul>\n<ul>\n<li><strong>Vacker skr\u00e4ddarsydd design\u00a0<\/strong>Tillverkad med tunga gr\u00e5 v\u00e4vda tygsidor, en plyschig mjuk vit mitt och en Great &amp; Small-logotyp i brunt PU-l\u00e4der. Denna lyxiga s\u00e4ng passar i alla hem.<\/li>\n<\/ul>\n<ul>\n<li><strong>L\u00e4tt att reng\u00f6ra\u00a0<\/strong>S\u00e4ngen har ett avtagbart \u00f6verdrag f\u00f6r enkel tv\u00e4tt och ett inv\u00e4ndigt \u00f6verdrag f\u00f6r memory foam-basen.<\/li>\n<\/ul>\n<ul>\n<li><strong>Idealisk f\u00f6r h\u00f6rnplacering\u00a0<\/strong>Den h\u00e4r s\u00e4ngens design g\u00f6r den perfekt f\u00f6r placering i h\u00f6rn. Den idealiska s\u00e4ngdesignen f\u00f6r hundar som \u00e4lskar att str\u00e4cka ut sig men samtidigt ha st\u00f6d f\u00f6r huvudet. Botten \u00e4r halkfri f\u00f6r att s\u00e4kerst\u00e4lla att s\u00e4ngen st\u00e5r stadigt p\u00e5 plats.<\/li>\n<\/ul>\n<table width=\"288\">\n<tbody>\n<tr>\n<td width=\"137\"><span style=\"color: #333333;\">Produktens namn<\/span><\/td>\n<td width=\"151\"><span style=\"color: #333333;\">S\u00e4ng f\u00f6r husdjur<\/span><\/td>\n<\/tr>\n<tr>\n<td><span style=\"color: #333333;\">Artikel nr.<\/span><\/td>\n<td><span style=\"color: #333333;\">P-C3046<\/span><\/td>\n<\/tr>\n<tr>\n<td><span style=\"color: #333333;\">Material<\/span><\/td>\n<td>Bomull, polyester, fleece<\/td>\n<\/tr>\n<tr>\n<td><span style=\"color: #333333;\">\u00a0Storlek och f\u00e4rg<\/span><\/td>\n<td><span style=\"color: #333333;\">Kan anpassas<\/span><\/td>\n<\/tr>\n<tr>\n<td><span style=\"color: #333333;\">\u00a0Leveranstid<\/span><\/td>\n<td><span style=\"color: #333333;\">1- 5 dagar f\u00f6r sm\u00e5 kvantiteter med flyg och 30- 35 dagar f\u00f6r stora kvantiteter med b\u00e5t<\/span><\/td>\n<\/tr>\n<\/tbody>\n<\/table>","protected":false},"featured_media":23136,"template":"","meta":{"_seopress_robots_primary_cat":"none","_seopress_titles_title":"Memory Foam Dog Bed | China Pet Bed Manufacturer","_seopress_titles_desc":"Looking for Memory Foam Dog Bed? we design premium knitwear for pets worldwide. Bulk orders, OEM services. Request free cozy samples today!","_seopress_robots_index":"","_uag_custom_page_level_css":""},"product_brand":[],"product_cat":[349,22],"product_tag":[],"class_list":{"0":"post-23135","1":"product","2":"type-product","3":"status-publish","4":"has-post-thumbnail","6":"product_cat-memory-foam-dog-beds","7":"product_cat-pet-bed","9":"first","10":"instock","11":"shipping-taxable","12":"product-type-simple"},"uagb_featured_image_src":{"full":["https:\/\/pecpets.com\/wp-content\/uploads\/2025\/10\/gs-ss-dmemory-foam-bed-3.jpg",1000,1000,false],"thumbnail":["https:\/\/pecpets.com\/wp-content\/uploads\/2025\/10\/gs-ss-dmemory-foam-bed-3-150x150.jpg",150,150,true],"medium":["https:\/\/pecpets.com\/wp-content\/uploads\/2025\/10\/gs-ss-dmemory-foam-bed-3-300x300.jpg",300,300,true],"medium_large":["https:\/\/pecpets.com\/wp-content\/uploads\/2025\/10\/gs-ss-dmemory-foam-bed-3-768x768.jpg",768,768,true],"large":["https:\/\/pecpets.com\/wp-content\/uploads\/2025\/10\/gs-ss-dmemory-foam-bed-3.jpg",800,800,false],"1536x1536":["https:\/\/pecpets.com\/wp-content\/uploads\/2025\/10\/gs-ss-dmemory-foam-bed-3.jpg",1000,1000,false],"2048x2048":["https:\/\/pecpets.com\/wp-content\/uploads\/2025\/10\/gs-ss-dmemory-foam-bed-3.jpg",1000,1000,false],"trp-custom-language-flag":["https:\/\/pecpets.com\/wp-content\/uploads\/2025\/10\/gs-ss-dmemory-foam-bed-3-12x12.jpg",12,12,true],"woocommerce_thumbnail":["https:\/\/pecpets.com\/wp-content\/uploads\/2025\/10\/gs-ss-dmemory-foam-bed-3-300x300.jpg",300,300,true],"woocommerce_single":["https:\/\/pecpets.com\/wp-content\/uploads\/2025\/10\/gs-ss-dmemory-foam-bed-3-600x600.jpg",600,600,true],"woocommerce_gallery_thumbnail":["https:\/\/pecpets.com\/wp-content\/uploads\/2025\/10\/gs-ss-dmemory-foam-bed-3-100x100.jpg",100,100,true]},"uagb_author_info":{"display_name":"Lawrence\u00a0\u52b3\u4f26\u65af","author_link":"https:\/\/pecpets.com\/se\/author\/"},"uagb_comment_info":0,"uagb_excerpt":"Memory Foam Dog Bed Your furry friend deserves a comfortable and cosy place to relax. The Memory Foam Bed gives your dog the support they need for a restful sleep. 100% Memory Foam Base -\u00a0Made without foam filler or chipped foam. A truly luxurious bed that provides optimum support. Ideal for Older Pets -\u00a0The perfect&hellip;","_links":{"self":[{"href":"https:\/\/pecpets.com\/se\/wp-json\/wp\/v2\/product\/23135","targetHints":{"allow":["GET"]}}],"collection":[{"href":"https:\/\/pecpets.com\/se\/wp-json\/wp\/v2\/product"}],"about":[{"href":"https:\/\/pecpets.com\/se\/wp-json\/wp\/v2\/types\/product"}],"wp:featuredmedia":[{"embeddable":true,"href":"https:\/\/pecpets.com\/se\/wp-json\/wp\/v2\/media\/23136"}],"wp:attachment":[{"href":"https:\/\/pecpets.com\/se\/wp-json\/wp\/v2\/media?parent=23135"}],"wp:term":[{"taxonomy":"product_brand","embeddable":true,"href":"https:\/\/pecpets.com\/se\/wp-json\/wp\/v2\/product_brand?post=23135"},{"taxonomy":"product_cat","embeddable":true,"href":"https:\/\/pecpets.com\/se\/wp-json\/wp\/v2\/product_cat?post=23135"},{"taxonomy":"product_tag","embeddable":true,"href":"https:\/\/pecpets.com\/se\/wp-json\/wp\/v2\/product_tag?post=23135"}],"curies":[{"name":"wp","href":"https:\/\/api.w.org\/{rel}","templated":true}]}}